
{"id":60987,"date":"2023-09-18T15:38:15","date_gmt":"2023-09-18T13:38:15","guid":{"rendered":"https:\/\/stonehouse.se\/?post_type=product&#038;p=60987"},"modified":"2026-03-10T12:47:10","modified_gmt":"2026-03-10T11:47:10","slug":"siren-blixt-multiton-rod-en54-utomhus-ip65","status":"publish","type":"product","link":"https:\/\/stonehouse.se\/en\/product\/siren-blixt-multiton-rod-en54-utomhus-ip65\/","title":{"rendered":"Sir\u00e9n\/Blixt Multiton R\u00f6d EN54, Utomhus IP65 CWSS-RR-W3"},"content":{"rendered":"<div class=\"d-flex mb-2\">\n<div class=\"d-flex mb-2\">\n<h1 class=\"d-flex mb-2\">Sir\u00e9n\/Blixt Multiton R\u00f6d EN54 CWSS-RR-W3<\/h1>\n<p data-start=\"167\" data-end=\"286\"><span class=\"relative -mx-px my-[-0.2rem] rounded px-px py-[0.2rem]\">CWSS-RR-W3 kombinerar avancerad ljud- och ljussignalering i en enda enhet, vilket g\u00f6r den idealisk f\u00f6r milj\u00f6er d\u00e4r b\u00e5de akustisk och visuell varning beh\u00f6vs.<\/span><\/p>\n<p data-start=\"167\" data-end=\"286\"><span class=\"relative -mx-px my-[-0.2rem] rounded px-px py-[0.2rem]\">Den \u00e4r utrustad med en r\u00f6d LED-lampa som ger ett starkt och klart ljus, vilket kompletterar den kraftfulla ljudsignalen.<\/span>\u200b<\/p>\n<p data-start=\"288\" data-end=\"316\"><strong data-start=\"288\" data-end=\"316\">Huvudsakliga egenskaper:<\/strong><\/p>\n<ul data-start=\"318\" data-end=\"1258\">\n<li data-start=\"318\" data-end=\"438\">\n<p data-start=\"320\" data-end=\"438\"><strong data-start=\"320\" data-end=\"356\">Omnidirektionell ljusf\u00f6rdelning:<\/strong> <span class=\"relative -mx-px my-[-0.2rem] rounded px-px py-[0.2rem]\">Den innovativa linsdesignen s\u00e4kerst\u00e4ller ett j\u00e4mnt ljusfl\u00f6de i alla riktningar, vilket eliminerar behovet av att justera enheten vid installation.<\/span>\u200b<\/p>\n<\/li>\n<li data-start=\"440\" data-end=\"548\">\n<p data-start=\"442\" data-end=\"548\"><strong data-start=\"442\" data-end=\"466\">F\u00f6rsta fix-funktion:<\/strong> <span class=\"relative -mx-px my-[-0.2rem] rounded px-px py-[0.2rem]\">M\u00f6jligg\u00f6r elektrisk kontinuitetstestning innan sj\u00e4lva enheten installeras, vilket underl\u00e4ttar installationsprocessen och minskar risken f\u00f6r fel.<\/span>\u200b<\/p>\n<\/li>\n<li data-start=\"550\" data-end=\"664\">\n<p data-start=\"552\" data-end=\"664\"><strong data-start=\"552\" data-end=\"578\">Flexibel installation:<\/strong> <span class=\"relative -mx-px my-[-0.2rem] rounded px-px py-[0.2rem]\">Den djupa basen erbjuder flera kabeling\u00e5ngar, vilket ger flexibilitet vid placering och installation.<\/span>\u200b<\/p>\n<\/li>\n<li data-start=\"666\" data-end=\"792\">\n<p data-start=\"668\" data-end=\"792\"><strong data-start=\"668\" data-end=\"706\">Standardiserade monteringspunkter:<\/strong> <span class=\"relative -mx-px my-[-0.2rem] rounded px-px py-[0.2rem]\">Designad med ett komplett utbud av vanliga monteringsavst\u00e5nd, vilket f\u00f6renklar installationen och minskar behovet av anpassningar.<\/span>\u200b<\/p>\n<\/li>\n<li data-start=\"794\" data-end=\"906\">\n<p data-start=\"796\" data-end=\"906\"><strong data-start=\"796\" data-end=\"820\">Positiv baspassform:<\/strong> <span class=\"relative -mx-px my-[-0.2rem] rounded px-px py-[0.2rem]\">Enheten klickar enkelt p\u00e5 plats med basen, vilket ger en s\u00e4ker och stabil installation.<\/span>\u200b<\/p>\n<\/li>\n<li data-start=\"908\" data-end=\"1020\">\n<p data-start=\"910\" data-end=\"1020\"><strong data-start=\"910\" data-end=\"934\">Synkroniserad blixt:<\/strong> <span class=\"relative -mx-px my-[-0.2rem] rounded px-px py-[0.2rem]\">Den inbyggda synkroniseringsfunktionen s\u00e4kerst\u00e4ller att flera enheter blinkar i takt, vilket uppfyller och \u00f6vertr\u00e4ffar EN54-23-standarder.<\/span>\u200b<\/p>\n<\/li>\n<li data-start=\"1022\" data-end=\"1145\">\n<p data-start=\"1024\" data-end=\"1145\"><strong data-start=\"1024\" data-end=\"1059\">Val mellan r\u00f6d eller vit blixt:<\/strong> <span class=\"relative -mx-px my-[-0.2rem] rounded px-px py-[0.2rem]\">Erbjuder m\u00f6jlighet att v\u00e4lja mellan olika ljusf\u00e4rger f\u00f6r att passa specifika installationskrav eller estetiska preferenser.<\/span>\u200b<\/p>\n<\/li>\n<li data-start=\"1147\" data-end=\"1258\">\n<p data-start=\"1149\" data-end=\"1258\"><strong data-start=\"1149\" data-end=\"1172\">Mjukstartsfunktion:<\/strong> <span class=\"relative -mx-px my-[-0.2rem] rounded px-px py-[0.2rem]\">Reducerar str\u00f6mtoppar vid systemstart, vilket skyddar enheten och f\u00f6rl\u00e4nger dess livsl\u00e4ngd.<\/span>\u200b<\/p>\n<\/li>\n<\/ul>\n<p data-start=\"1260\" data-end=\"1280\"><strong data-start=\"1260\" data-end=\"1280\">Specifikationer:<\/strong><\/p>\n<ul data-start=\"1282\" data-end=\"2676\">\n<li data-start=\"1282\" data-end=\"1387\">\n<p data-start=\"1284\" data-end=\"1387\"><strong data-start=\"1284\" data-end=\"1301\">Modellnummer:<\/strong> <span class=\"relative -mx-px my-[-0.2rem] rounded px-px py-[0.2rem]\">CWSS-RR-W3<\/span>\u200b<\/p>\n<\/li>\n<li data-start=\"1389\" data-end=\"1491\">\n<p data-start=\"1391\" data-end=\"1491\"><strong data-start=\"1391\" data-end=\"1405\">Siren typ:<\/strong> <span class=\"relative -mx-px my-[-0.2rem] rounded px-px py-[0.2rem]\">Brand siren<\/span><\/p>\n<\/li>\n<li data-start=\"1493\" data-end=\"1603\">\n<p data-start=\"1495\" data-end=\"1603\"><strong data-start=\"1495\" data-end=\"1517\">Anv\u00e4ndningsomr\u00e5de:<\/strong> <span class=\"relative -mx-px my-[-0.2rem] rounded px-px py-[0.2rem]\">Utomhus<\/span>\u200b<\/p>\n<\/li>\n<li data-start=\"1605\" data-end=\"1713\">\n<p data-start=\"1607\" data-end=\"1713\"><strong data-start=\"1607\" data-end=\"1627\">Monteringsmetod:<\/strong> <span class=\"relative -mx-px my-[-0.2rem] rounded px-px py-[0.2rem]\">Ytmontering<\/span>\u200b<\/p>\n<\/li>\n<li data-start=\"1715\" data-end=\"1812\">\n<p data-start=\"1717\" data-end=\"1812\"><strong data-start=\"1717\" data-end=\"1726\">F\u00e4rg:<\/strong> <span class=\"relative -mx-px my-[-0.2rem] rounded px-px py-[0.2rem]\">R\u00f6d<\/span><\/p>\n<\/li>\n<li data-start=\"1814\" data-end=\"1927\">\n<p data-start=\"1816\" data-end=\"1927\"><strong data-start=\"1816\" data-end=\"1841\">F\u00f6rs\u00f6rjningssp\u00e4nning:<\/strong> <span class=\"relative -mx-px my-[-0.2rem] rounded px-px py-[0.2rem]\">12\u201329 V DC<\/span>\u200b<\/p>\n<\/li>\n<li data-start=\"1929\" data-end=\"2045\">\n<p data-start=\"1931\" data-end=\"2045\"><strong data-start=\"1931\" data-end=\"1959\">Str\u00f6mf\u00f6rbrukning (larm):<\/strong> <span class=\"relative -mx-px my-[-0.2rem] rounded px-px py-[0.2rem]\">22 mA vid 29 V DC (Ton 7)<\/span>\u200b<\/p>\n<\/li>\n<li data-start=\"2047\" data-end=\"2148\">\n<p data-start=\"2049\" data-end=\"2148\"><strong data-start=\"2049\" data-end=\"2062\">Ljudniv\u00e5:<\/strong> <span class=\"relative -mx-px my-[-0.2rem] rounded px-px py-[0.2rem]\">107 dB<\/span>\u200b<\/p>\n<\/li>\n<li data-start=\"2150\" data-end=\"2254\">\n<p data-start=\"2152\" data-end=\"2254\"><strong data-start=\"2152\" data-end=\"2168\">Dimensioner:<\/strong> <span class=\"relative -mx-px my-[-0.2rem] rounded px-px py-[0.2rem]\">100 mm (B) x 98 mm (D) x 122 mm (H)<\/span>\u200b<\/p>\n<\/li>\n<li data-start=\"2256\" data-end=\"2353\">\n<p data-start=\"2258\" data-end=\"2353\"><strong data-start=\"2258\" data-end=\"2267\">Vikt:<\/strong> <span class=\"relative -mx-px my-[-0.2rem] rounded px-px py-[0.2rem]\">242 g<\/span><\/p>\n<\/li>\n<li data-start=\"2355\" data-end=\"2464\">\n<p data-start=\"2357\" data-end=\"2464\"><strong data-start=\"2357\" data-end=\"2378\">Arbetstemperatur:<\/strong> <span class=\"relative -mx-px my-[-0.2rem] rounded px-px py-[0.2rem]\">-25 \u00b0C till 70 \u00b0C<\/span>\u200b<\/p>\n<\/li>\n<li data-start=\"2466\" data-end=\"2571\">\n<p data-start=\"2468\" data-end=\"2571\"><strong data-start=\"2468\" data-end=\"2485\">Certifiering:<\/strong> <span class=\"relative -mx-px my-[-0.2rem] rounded px-px py-[0.2rem]\">EN54<\/span>\u200b<\/p>\n<\/li>\n<li data-start=\"2573\" data-end=\"2676\">\n<p data-start=\"2575\" data-end=\"2676\"><strong data-start=\"2575\" data-end=\"2590\">Inkluderar:<\/strong> <span class=\"relative -mx-px my-[-0.2rem] rounded px-px py-[0.2rem]\">Bas<\/span>\u200b<\/p>\n<\/li>\n<\/ul>\n<p data-start=\"2678\" data-end=\"2803\"><span class=\"relative -mx-px my-[-0.2rem] rounded px-px py-[0.2rem]\">CWSS-RR-W3 \u00e4r en robust och p\u00e5litlig l\u00f6sning f\u00f6r effektiv ljud- och ljussignalering i utomhusmilj\u00f6er.<\/span><\/p>\n<p data-start=\"2678\" data-end=\"2803\"><span class=\"relative -mx-px my-[-0.2rem] rounded px-px py-[0.2rem]\">Dess avancerade design och funktioner s\u00e4kerst\u00e4ller l\u00e5ngvarig prestanda och enkel installation, vilket g\u00f6r den till ett utm\u00e4rkt val f\u00f6r b\u00e5de nya installationer och uppgraderingar av befintliga system.<\/span><\/p>\n<\/div>\n<\/div>\n","protected":false},"excerpt":{"rendered":"<p><span class=\"relative -mx-px my-[-0.2rem] rounded px-px py-[0.2rem]\">CWSS-RR-W3 \u00e4r en r\u00f6d elektronisk siren med inbyggd blinkande LED-lampa, designad f\u00f6r utomhusbruk med IP65-klassificering.<\/span><\/p>\n<p><span class=\"relative -mx-px my-[-0.2rem] rounded px-px py-[0.2rem]\">Perfekt f\u00f6r applikationer som kr\u00e4ver b\u00e5de ljud- och ljussignalering, uppfyller denna enhet EN54-3 och EN54-23 (Open Class) standarder, vilket garanterar p\u00e5litlighet och effektivitet.<\/span><\/p>\n","protected":false},"featured_media":81858,"template":"","meta":{"_acf_changed":false},"product_brand":[],"product_cat":[3802],"product_tag":[2308,2307],"class_list":{"0":"post-60987","1":"product","2":"type-product","3":"status-publish","4":"has-post-thumbnail","6":"product_cat-kombisiren-blixt-brand","7":"product_tag-certifierad-en54","8":"product_tag-kombi-siren-blixt","9":"product_shipping_class-postnord-varubrev","10":"tm-no-options","12":"first","13":"onbackorder","14":"sale","15":"featured","16":"taxable","17":"shipping-taxable","18":"product-type-simple"},"acf":[],"_links":{"self":[{"href":"https:\/\/stonehouse.se\/en\/wp-json\/wp\/v2\/product\/60987","targetHints":{"allow":["GET"]}}],"collection":[{"href":"https:\/\/stonehouse.se\/en\/wp-json\/wp\/v2\/product"}],"about":[{"href":"https:\/\/stonehouse.se\/en\/wp-json\/wp\/v2\/types\/product"}],"wp:featuredmedia":[{"embeddable":true,"href":"https:\/\/stonehouse.se\/en\/wp-json\/wp\/v2\/media\/81858"}],"wp:attachment":[{"href":"https:\/\/stonehouse.se\/en\/wp-json\/wp\/v2\/media?parent=60987"}],"wp:term":[{"taxonomy":"product_brand","embeddable":true,"href":"https:\/\/stonehouse.se\/en\/wp-json\/wp\/v2\/product_brand?post=60987"},{"taxonomy":"product_cat","embeddable":true,"href":"https:\/\/stonehouse.se\/en\/wp-json\/wp\/v2\/product_cat?post=60987"},{"taxonomy":"product_tag","embeddable":true,"href":"https:\/\/stonehouse.se\/en\/wp-json\/wp\/v2\/product_tag?post=60987"}],"curies":[{"name":"wp","href":"https:\/\/api.w.org\/{rel}","templated":true}]}}