
{"id":60991,"date":"2023-09-18T15:14:22","date_gmt":"2023-09-18T13:14:22","guid":{"rendered":"https:\/\/stonehouse.se\/?post_type=product&#038;p=60991"},"modified":"2026-03-10T12:47:17","modified_gmt":"2026-03-10T11:47:17","slug":"siren-multiton-rod-en54-utomhus-ip65-med-djup-bas","status":"publish","type":"product","link":"https:\/\/stonehouse.se\/en\/product\/siren-multiton-rod-en54-utomhus-ip65-med-djup-bas\/","title":{"rendered":"Sir\u00e9n Multiton R\u00f6d EN54, Utomhus IP65 med djup bas BS-CWSO-RR-W1"},"content":{"rendered":"<div class=\"d-flex mb-2\">\n<div class=\"d-flex mb-3\">\n<div class=\"fs_13 color1\">\n<h1>Sir\u00e9n Multiton R\u00f6d EN54, Utomhus IP65 med djup bas BS-CWSO-RR-W1<\/h1>\n<p data-start=\"167\" data-end=\"438\"><span class=\"relative -mx-px my-[-0.2rem] rounded px-px py-[0.2rem]\">KAC CWSO-RR-W1 \u00e4r en h\u00f6gkvalitativ konventionell ljudare som effektivt varnar byggnadsinnehavare vid n\u00f6dsituationer.<\/span> <span class=\"relative -mx-px my-[-0.2rem] rounded px-px py-[0.2rem]\">Med en innovativ hopf\u00e4llbar horndesign levererar den ett kraftfullt ljud med l\u00e5g str\u00f6mf\u00f6rbrukning.<\/span><\/p>\n<p data-start=\"167\" data-end=\"438\"><span class=\"relative -mx-px my-[-0.2rem] rounded px-px py-[0.2rem]\">Den moderna designen eliminerar behovet av att orientera enheten vid installation, och den djupa basen erbjuder flera kabeling\u00e5ngar f\u00f6r flexibel installation.<\/span><\/p>\n<p data-start=\"167\" data-end=\"438\"><span class=\"relative -mx-px my-[-0.2rem] rounded px-px py-[0.2rem]\">Enheten \u00e4r utrustad med 32 anv\u00e4ndarvalbara toner, inklusive en ny klockton, och har justerbara volyminst\u00e4llningar.<\/span><\/p>\n<p data-start=\"167\" data-end=\"438\"><span class=\"relative -mx-px my-[-0.2rem] rounded px-px py-[0.2rem]\">Den \u00e4r optimerad f\u00f6r 12V och 24V-system, vilket g\u00f6r den l\u00e4mplig f\u00f6r b\u00e5de brand- och s\u00e4kerhetsapplikationer.<\/span><\/p>\n<p data-start=\"167\" data-end=\"438\"><span class=\"relative -mx-px my-[-0.2rem] rounded px-px py-[0.2rem]\">CWSO-RR-W1 \u00e4r certifierad enligt EN54-3, vilket garanterar h\u00f6g kvalitet och tillf\u00f6rlitlighet.<\/span>\u200b<\/p>\n<p data-start=\"440\" data-end=\"468\"><strong data-start=\"440\" data-end=\"468\">Huvudsakliga egenskaper:<\/strong><\/p>\n<ul data-start=\"470\" data-end=\"1610\">\n<li data-start=\"470\" data-end=\"576\"><strong data-start=\"472\" data-end=\"490\">Modern design:<\/strong> <span class=\"relative -mx-px my-[-0.2rem] rounded px-px py-[0.2rem]\">Eliminerar behovet av att orientera enheten vid installation.<\/span>\u200b<\/li>\n<li data-start=\"577\" data-end=\"689\"><strong data-start=\"579\" data-end=\"603\">F\u00f6rsta fix-funktion:<\/strong> <span class=\"relative -mx-px my-[-0.2rem] rounded px-px py-[0.2rem]\">M\u00f6jligg\u00f6r elektrisk kontinuitetstestning innan enheten installeras.<\/span>\u200b<\/li>\n<li data-start=\"690\" data-end=\"815\"><strong data-start=\"692\" data-end=\"729\">Djup bas med flera kabeling\u00e5ngar:<\/strong> <span class=\"relative -mx-px my-[-0.2rem] rounded px-px py-[0.2rem]\">Erbjuder flexibel installation.<\/span>\u200b<\/li>\n<li data-start=\"816\" data-end=\"942\"><strong data-start=\"818\" data-end=\"856\">Standardiserade monteringspunkter:<\/strong> <span class=\"relative -mx-px my-[-0.2rem] rounded px-px py-[0.2rem]\">Underl\u00e4ttar installationen med vanliga monteringsavst\u00e5nd.<\/span>\u200b<\/li>\n<li data-start=\"943\" data-end=\"1052\"><strong data-start=\"945\" data-end=\"966\">Positiv passform:<\/strong> <span class=\"relative -mx-px my-[-0.2rem] rounded px-px py-[0.2rem]\">S\u00e4kerst\u00e4ller enkel och s\u00e4ker installation genom att enheten klickar p\u00e5 plats i basen.<\/span>\u200b<\/li>\n<li data-start=\"1053\" data-end=\"1165\"><strong data-start=\"1055\" data-end=\"1079\">M\u00e5ngsidig montering:<\/strong> <span class=\"relative -mx-px my-[-0.2rem] rounded px-px py-[0.2rem]\">L\u00e4mplig f\u00f6r b\u00e5de v\u00e4gg- och takmontering.<\/span>\u200b<\/li>\n<li data-start=\"1166\" data-end=\"1273\"><strong data-start=\"1168\" data-end=\"1187\">Globalt tonset:<\/strong> <span class=\"relative -mx-px my-[-0.2rem] rounded px-px py-[0.2rem]\">Inkluderar 32 toner, alla godk\u00e4nda enligt EN54-3.<\/span>\u200b<\/li>\n<li data-start=\"1274\" data-end=\"1382\"><strong data-start=\"1276\" data-end=\"1296\">Justerbar volym:<\/strong> <span class=\"relative -mx-px my-[-0.2rem] rounded px-px py-[0.2rem]\">Anv\u00e4ndaren kan anpassa ljudniv\u00e5n efter behov.<\/span>\u200b<\/li>\n<li data-start=\"1383\" data-end=\"1492\"><strong data-start=\"1385\" data-end=\"1406\">Tv\u00e5stegs ljudare:<\/strong> <span class=\"relative -mx-px my-[-0.2rem] rounded px-px py-[0.2rem]\">M\u00f6jligg\u00f6r inst\u00e4llning av varnings- och larmsekvenser f\u00f6r fasad evakuering.<\/span>\u200b<\/li>\n<li data-start=\"1493\" data-end=\"1610\"><strong data-start=\"1495\" data-end=\"1524\">Synkroniserad ljudutg\u00e5ng:<\/strong> <span class=\"relative -mx-px my-[-0.2rem] rounded px-px py-[0.2rem]\">S\u00e4kerst\u00e4ller att flera enheter fungerar i takt.<\/span>\u200b<\/li>\n<\/ul>\n<p data-start=\"1612\" data-end=\"1632\"><strong data-start=\"1612\" data-end=\"1632\">Specifikationer:<\/strong><\/p>\n<ul data-start=\"1634\" data-end=\"3016\">\n<li data-start=\"1634\" data-end=\"1739\"><strong data-start=\"1636\" data-end=\"1653\">Modellnummer:<\/strong> <span class=\"relative -mx-px my-[-0.2rem] rounded px-px py-[0.2rem]\">CWSO-RR-W1<\/span><\/li>\n<li data-start=\"1740\" data-end=\"1842\"><strong data-start=\"1742\" data-end=\"1756\">Siren typ:<\/strong> <span class=\"relative -mx-px my-[-0.2rem] rounded px-px py-[0.2rem]\">Brand siren<\/span>\u200b<\/li>\n<li data-start=\"1843\" data-end=\"1953\"><strong data-start=\"1845\" data-end=\"1867\">Anv\u00e4ndningsomr\u00e5de:<\/strong> <span class=\"relative -mx-px my-[-0.2rem] rounded px-px py-[0.2rem]\">Utomhus<\/span>\u200b<\/li>\n<li data-start=\"1954\" data-end=\"2062\"><strong data-start=\"1956\" data-end=\"1976\">Monteringsmetod:<\/strong> <span class=\"relative -mx-px my-[-0.2rem] rounded px-px py-[0.2rem]\">Ytmontering<\/span>\u200b<\/li>\n<li data-start=\"2063\" data-end=\"2160\"><strong data-start=\"2065\" data-end=\"2074\">F\u00e4rg:<\/strong> <span class=\"relative -mx-px my-[-0.2rem] rounded px-px py-[0.2rem]\">R\u00f6d<\/span>\u200b<\/li>\n<li data-start=\"2161\" data-end=\"2274\"><strong data-start=\"2163\" data-end=\"2188\">F\u00f6rs\u00f6rjningssp\u00e4nning:<\/strong> <span class=\"relative -mx-px my-[-0.2rem] rounded px-px py-[0.2rem]\">9\u201329 V DC<\/span>\u200b<\/li>\n<li data-start=\"2275\" data-end=\"2391\"><strong data-start=\"2277\" data-end=\"2305\">Str\u00f6mf\u00f6rbrukning (larm):<\/strong> <span class=\"relative -mx-px my-[-0.2rem] rounded px-px py-[0.2rem]\">31 mA vid 29 V DC (Ton 8)<\/span>\u200b<\/li>\n<li data-start=\"2392\" data-end=\"2493\"><strong data-start=\"2394\" data-end=\"2407\">Ljudniv\u00e5:<\/strong> <span class=\"relative -mx-px my-[-0.2rem] rounded px-px py-[0.2rem]\">107 dB<\/span>\u200b<\/li>\n<li data-start=\"2494\" data-end=\"2598\"><strong data-start=\"2496\" data-end=\"2512\">Dimensioner:<\/strong> <span class=\"relative -mx-px my-[-0.2rem] rounded px-px py-[0.2rem]\">100 mm (\u00d8) x 102 mm (H)<\/span>\u200b<\/li>\n<li data-start=\"2599\" data-end=\"2696\"><strong data-start=\"2601\" data-end=\"2610\">Vikt:<\/strong> <span class=\"relative -mx-px my-[-0.2rem] rounded px-px py-[0.2rem]\">197\u00a0<\/span><\/li>\n<li data-start=\"2697\" data-end=\"2806\"><strong data-start=\"2699\" data-end=\"2720\">Arbetstemperatur:<\/strong> <span class=\"relative -mx-px my-[-0.2rem] rounded px-px py-[0.2rem]\">-25 \u00b0C till +70 \u00b0C<\/span>\u200b<\/li>\n<li data-start=\"2807\" data-end=\"2912\"><strong data-start=\"2809\" data-end=\"2826\">Certifiering:<\/strong> <span class=\"relative -mx-px my-[-0.2rem] rounded px-px py-[0.2rem]\">EN54-3<\/span>\u200b<\/li>\n<li data-start=\"2913\" data-end=\"3016\" data-is-only-node=\"\"><strong data-start=\"2915\" data-end=\"2930\">Inkluderar:<\/strong> <span class=\"relative -mx-px my-[-0.2rem] rounded px-px py-[0.2rem]\">Siren med djup bas IP65<\/span><\/li>\n<\/ul>\n<\/div>\n<\/div>\n<\/div>\n","protected":false},"excerpt":{"rendered":"<p><span class=\"relative -mx-px my-[-0.2rem] rounded px-px py-[0.2rem]\">KAC CWSO-RR-W1 \u00e4r en konventionell ljudare med r\u00f6d kropp och djup bas, designad f\u00f6r utomhusbruk med IP65-klassificering.<\/span><\/p>\n<p><span class=\"relative -mx-px my-[-0.2rem] rounded px-px py-[0.2rem]\">Den erbjuder 32 anv\u00e4ndarvalbara toner, h\u00f6g ljudniv\u00e5 p\u00e5 107 dB och fungerar vid 9\u201329 V DC, vilket g\u00f6r den idealisk f\u00f6r brandlarmsystem d\u00e4r b\u00e5de ljud- och ljussignalering kr\u00e4vs.<\/span><\/p>\n","protected":false},"featured_media":81929,"template":"","meta":{"_acf_changed":false},"product_brand":[],"product_cat":[3801],"product_tag":[2308,1601],"class_list":{"0":"post-60991","1":"product","2":"type-product","3":"status-publish","4":"has-post-thumbnail","6":"product_cat-siren-brand","7":"product_tag-certifierad-en54","8":"product_tag-larmdon-siren-inomhus","9":"product_shipping_class-postnord-varubrev","10":"tm-no-options","12":"first","13":"onbackorder","14":"sale","15":"featured","16":"taxable","17":"shipping-taxable","18":"product-type-simple"},"acf":[],"_links":{"self":[{"href":"https:\/\/stonehouse.se\/en\/wp-json\/wp\/v2\/product\/60991","targetHints":{"allow":["GET"]}}],"collection":[{"href":"https:\/\/stonehouse.se\/en\/wp-json\/wp\/v2\/product"}],"about":[{"href":"https:\/\/stonehouse.se\/en\/wp-json\/wp\/v2\/types\/product"}],"wp:featuredmedia":[{"embeddable":true,"href":"https:\/\/stonehouse.se\/en\/wp-json\/wp\/v2\/media\/81929"}],"wp:attachment":[{"href":"https:\/\/stonehouse.se\/en\/wp-json\/wp\/v2\/media?parent=60991"}],"wp:term":[{"taxonomy":"product_brand","embeddable":true,"href":"https:\/\/stonehouse.se\/en\/wp-json\/wp\/v2\/product_brand?post=60991"},{"taxonomy":"product_cat","embeddable":true,"href":"https:\/\/stonehouse.se\/en\/wp-json\/wp\/v2\/product_cat?post=60991"},{"taxonomy":"product_tag","embeddable":true,"href":"https:\/\/stonehouse.se\/en\/wp-json\/wp\/v2\/product_tag?post=60991"}],"curies":[{"name":"wp","href":"https:\/\/api.w.org\/{rel}","templated":true}]}}