
{"id":60993,"date":"2023-09-18T15:09:17","date_gmt":"2023-09-18T13:09:17","guid":{"rendered":"https:\/\/stonehouse.se\/?post_type=product&#038;p=60993"},"modified":"2026-03-10T12:47:24","modified_gmt":"2026-03-10T11:47:24","slug":"siren-multiton-vit-en54-inomhus","status":"publish","type":"product","link":"https:\/\/stonehouse.se\/en\/product\/siren-multiton-vit-en54-inomhus\/","title":{"rendered":"Sir\u00e9n Multiton Vit EN54, Inomhus BS-CWSO-WW-S1"},"content":{"rendered":"<h1 class=\"d-flex mb-2\">Sir\u00e9n Multiton Vit EN54, Inomhus BS-CWSO-WW-S1<\/h1>\n<p data-start=\"205\" data-end=\"478\"><span class=\"relative -mx-px my-[-0.2rem] rounded px-px py-[0.2rem]\">KAC BS-CWSO-WW-S1 \u00e4r en h\u00f6gkvalitativ konventionell ljudare som effektivt varnar byggnadsinnehavare vid n\u00f6dsituationer.<\/span><\/p>\n<p data-start=\"205\" data-end=\"478\"><span class=\"relative -mx-px my-[-0.2rem] rounded px-px py-[0.2rem]\">Den \u00e4r utrustad med en innovativ hopf\u00e4llbar horndesign som ger ett kraftfullt ljud med l\u00e5g str\u00f6mf\u00f6rbrukning.<\/span><\/p>\n<p data-start=\"205\" data-end=\"478\"><span class=\"relative -mx-px my-[-0.2rem] rounded px-px py-[0.2rem]\">Den moderna designen eliminerar behovet av att orientera enheten vid installation, och den l\u00e5ga basen m\u00f6jligg\u00f6r enkel montering p\u00e5 b\u00e5de v\u00e4gg och tak.<\/span><\/p>\n<p data-start=\"205\" data-end=\"478\"><span class=\"relative -mx-px my-[-0.2rem] rounded px-px py-[0.2rem]\">Enheten erbjuder ett globalt tonset med 32 toner, inklusive en ny klockton, och har justerbara volyminst\u00e4llningar f\u00f6r anpassning efter specifika behov.<\/span><\/p>\n<p data-start=\"205\" data-end=\"478\"><span class=\"relative -mx-px my-[-0.2rem] rounded px-px py-[0.2rem]\">Den \u00e4r optimerad f\u00f6r 12V och 24V-system, vilket g\u00f6r den l\u00e4mplig f\u00f6r b\u00e5de brand- och s\u00e4kerhetsapplikationer.<\/span><\/p>\n<p data-start=\"205\" data-end=\"478\"><span class=\"relative -mx-px my-[-0.2rem] rounded px-px py-[0.2rem]\">CWSO-WW-S1 \u00e4r certifierad enligt EN54-3, vilket garanterar h\u00f6g kvalitet och tillf\u00f6rlitlighet.<\/span>\u200b<\/p>\n<p data-start=\"480\" data-end=\"508\"><strong data-start=\"480\" data-end=\"508\">Huvudsakliga egenskaper:<\/strong><\/p>\n<ul data-start=\"510\" data-end=\"1631\">\n<li data-start=\"510\" data-end=\"616\"><strong data-start=\"512\" data-end=\"530\">Modern design:<\/strong> <span class=\"relative -mx-px my-[-0.2rem] rounded px-px py-[0.2rem]\">Eliminerar behovet av att orientera enheten vid installation.<\/span>\u200b<\/li>\n<li data-start=\"617\" data-end=\"729\"><strong data-start=\"619\" data-end=\"643\">F\u00f6rsta fix-funktion:<\/strong> <span class=\"relative -mx-px my-[-0.2rem] rounded px-px py-[0.2rem]\">M\u00f6jligg\u00f6r elektrisk kontinuitetstestning innan enheten installeras.<\/span>\u200b<\/li>\n<li data-start=\"730\" data-end=\"836\"><strong data-start=\"732\" data-end=\"750\">L\u00e5g profilbas:<\/strong> <span class=\"relative -mx-px my-[-0.2rem] rounded px-px py-[0.2rem]\">Erbjuder flexibel installation med flera kabeling\u00e5ngar.<\/span>\u200b<\/li>\n<li data-start=\"837\" data-end=\"963\"><strong data-start=\"839\" data-end=\"877\">Standardiserade monteringspunkter:<\/strong> <span class=\"relative -mx-px my-[-0.2rem] rounded px-px py-[0.2rem]\">Underl\u00e4ttar installationen med vanliga monteringsavst\u00e5nd.<\/span>\u200b<\/li>\n<li data-start=\"964\" data-end=\"1073\"><strong data-start=\"966\" data-end=\"987\">Positiv passform:<\/strong> <span class=\"relative -mx-px my-[-0.2rem] rounded px-px py-[0.2rem]\">S\u00e4kerst\u00e4ller enkel och s\u00e4ker installation genom att enheten klickar p\u00e5 plats i basen.<\/span>\u200b<\/li>\n<li data-start=\"1074\" data-end=\"1186\"><strong data-start=\"1076\" data-end=\"1100\">M\u00e5ngsidig montering:<\/strong> <span class=\"relative -mx-px my-[-0.2rem] rounded px-px py-[0.2rem]\">L\u00e4mplig f\u00f6r b\u00e5de v\u00e4gg- och takmontering.<\/span>\u200b<\/li>\n<li data-start=\"1187\" data-end=\"1294\"><strong data-start=\"1189\" data-end=\"1208\">Globalt tonset:<\/strong> <span class=\"relative -mx-px my-[-0.2rem] rounded px-px py-[0.2rem]\">Inkluderar 32 toner, alla godk\u00e4nda enligt EN54-3.<\/span>\u200b<\/li>\n<li data-start=\"1295\" data-end=\"1403\"><strong data-start=\"1297\" data-end=\"1317\">Justerbar volym:<\/strong> <span class=\"relative -mx-px my-[-0.2rem] rounded px-px py-[0.2rem]\">Anv\u00e4ndaren kan anpassa ljudniv\u00e5n efter behov.<\/span>\u200b<\/li>\n<li data-start=\"1404\" data-end=\"1513\"><strong data-start=\"1406\" data-end=\"1427\">Tv\u00e5stegs ljudare:<\/strong> <span class=\"relative -mx-px my-[-0.2rem] rounded px-px py-[0.2rem]\">M\u00f6jligg\u00f6r inst\u00e4llning av varnings- och larmsekvenser f\u00f6r fasad evakuering.<\/span>\u200b<\/li>\n<li data-start=\"1514\" data-end=\"1631\"><strong data-start=\"1516\" data-end=\"1545\">Synkroniserad ljudutg\u00e5ng:<\/strong> <span class=\"relative -mx-px my-[-0.2rem] rounded px-px py-[0.2rem]\">S\u00e4kerst\u00e4ller att flera enheter fungerar i takt.<\/span>\u200b<\/li>\n<\/ul>\n<p data-start=\"1633\" data-end=\"1653\"><strong data-start=\"1633\" data-end=\"1653\">Specifikationer:<\/strong><\/p>\n<ul data-start=\"1655\" data-end=\"2933\">\n<li data-start=\"1655\" data-end=\"1760\"><strong data-start=\"1657\" data-end=\"1674\">Modellnummer:<\/strong> <span class=\"relative -mx-px my-[-0.2rem] rounded px-px py-[0.2rem]\">CWSO-WW-S1<\/span><\/li>\n<li data-start=\"1761\" data-end=\"1863\"><strong data-start=\"1763\" data-end=\"1777\">Siren typ:<\/strong> <span class=\"relative -mx-px my-[-0.2rem] rounded px-px py-[0.2rem]\">Brand siren<\/span>\u200b<\/li>\n<li data-start=\"1864\" data-end=\"1974\"><strong data-start=\"1866\" data-end=\"1888\">Anv\u00e4ndningsomr\u00e5de:<\/strong> <span class=\"relative -mx-px my-[-0.2rem] rounded px-px py-[0.2rem]\">Inomhus<\/span>\u200b<\/li>\n<li data-start=\"1975\" data-end=\"2083\"><strong data-start=\"1977\" data-end=\"1997\">Monteringsmetod:<\/strong> <span class=\"relative -mx-px my-[-0.2rem] rounded px-px py-[0.2rem]\">Ytmontering<\/span>\u200b<\/li>\n<li data-start=\"2084\" data-end=\"2181\"><strong data-start=\"2086\" data-end=\"2095\">F\u00e4rg:<\/strong> <span class=\"relative -mx-px my-[-0.2rem] rounded px-px py-[0.2rem]\">Vit<\/span>\u200b<\/li>\n<li data-start=\"2182\" data-end=\"2295\"><strong data-start=\"2184\" data-end=\"2209\">F\u00f6rs\u00f6rjningssp\u00e4nning:<\/strong> <span class=\"relative -mx-px my-[-0.2rem] rounded px-px py-[0.2rem]\">9\u201329 V DC<\/span><\/li>\n<li data-start=\"2296\" data-end=\"2412\"><strong data-start=\"2298\" data-end=\"2326\">Str\u00f6mf\u00f6rbrukning (larm):<\/strong> <span class=\"relative -mx-px my-[-0.2rem] rounded px-px py-[0.2rem]\">31 mA vid 29 V DC (Ton 8)<\/span>\u200b<\/li>\n<li data-start=\"2413\" data-end=\"2514\"><strong data-start=\"2415\" data-end=\"2428\">Ljudniv\u00e5:<\/strong> <span class=\"relative -mx-px my-[-0.2rem] rounded px-px py-[0.2rem]\">107 dB<\/span>\u200b<\/li>\n<li data-start=\"2515\" data-end=\"2619\"><strong data-start=\"2517\" data-end=\"2533\">Dimensioner:<\/strong> <span class=\"relative -mx-px my-[-0.2rem] rounded px-px py-[0.2rem]\">100 mm (\u00d8) x 77 mm (H)<\/span>\u200b<\/li>\n<li data-start=\"2620\" data-end=\"2717\"><strong data-start=\"2622\" data-end=\"2631\">Vikt:<\/strong> <span class=\"relative -mx-px my-[-0.2rem] rounded px-px py-[0.2rem]\">190 g<\/span>\u200b<\/li>\n<li data-start=\"2718\" data-end=\"2827\"><strong data-start=\"2720\" data-end=\"2741\">Arbetstemperatur:<\/strong> <span class=\"relative -mx-px my-[-0.2rem] rounded px-px py-[0.2rem]\">-25 \u00b0C till +70 \u00b0C<\/span>\u200b<\/li>\n<li data-start=\"2828\" data-end=\"2933\"><strong data-start=\"2830\" data-end=\"2847\">Certifiering:<\/strong> <span class=\"relative -mx-px my-[-0.2rem] rounded px-px py-[0.2rem]\">EN54-3<\/span><\/li>\n<\/ul>\n<div class=\"d-flex mb-3\">\n<div class=\"fs_13 color1\">\n<div class=\"d-flex mb-3\">\n<div class=\"fs_13 color1\"><\/div>\n<\/div>\n<\/div>\n<\/div>\n<div class=\"d-flex nb-3\">\n<div class=\"d-flex nb-3\"><\/div>\n<\/div>\n","protected":false},"excerpt":{"rendered":"<p><span class=\"relative -mx-px my-[-0.2rem] rounded px-px py-[0.2rem]\">KA CBS- CWSO-WW-S1 \u00e4r en konventionell ljudare i vitt utf\u00f6rande, avsedd f\u00f6r inomhusbruk.<\/span><\/p>\n<p><span class=\"relative -mx-px my-[-0.2rem] rounded px-px py-[0.2rem]\">Med 32 anv\u00e4ndarvalbara toner, inklusive en klockton, och justerbar volym p\u00e5 tv\u00e5 niv\u00e5er, erbjuder den flexibel och effektiv ljudsignalering f\u00f6r brandlarmsystem.<\/span><\/p>\n<p><span class=\"relative -mx-px my-[-0.2rem] rounded px-px py-[0.2rem]\">Enheten \u00e4r certifierad enligt EN54-3 och fungerar vid 9\u201329 V DC.<\/span><\/p>\n","protected":false},"featured_media":82405,"template":"","meta":{"_acf_changed":false},"product_brand":[],"product_cat":[3798,3801],"product_tag":[2308,1601],"class_list":{"0":"post-60993","1":"product","2":"type-product","3":"status-publish","4":"has-post-thumbnail","6":"product_cat-larmsirener","7":"product_cat-siren-brand","8":"product_tag-certifierad-en54","9":"product_tag-larmdon-siren-inomhus","10":"product_shipping_class-postnord-varubrev","11":"tm-no-options","13":"first","14":"onbackorder","15":"sale","16":"featured","17":"taxable","18":"shipping-taxable","19":"product-type-simple"},"acf":[],"_links":{"self":[{"href":"https:\/\/stonehouse.se\/en\/wp-json\/wp\/v2\/product\/60993","targetHints":{"allow":["GET"]}}],"collection":[{"href":"https:\/\/stonehouse.se\/en\/wp-json\/wp\/v2\/product"}],"about":[{"href":"https:\/\/stonehouse.se\/en\/wp-json\/wp\/v2\/types\/product"}],"wp:featuredmedia":[{"embeddable":true,"href":"https:\/\/stonehouse.se\/en\/wp-json\/wp\/v2\/media\/82405"}],"wp:attachment":[{"href":"https:\/\/stonehouse.se\/en\/wp-json\/wp\/v2\/media?parent=60993"}],"wp:term":[{"taxonomy":"product_brand","embeddable":true,"href":"https:\/\/stonehouse.se\/en\/wp-json\/wp\/v2\/product_brand?post=60993"},{"taxonomy":"product_cat","embeddable":true,"href":"https:\/\/stonehouse.se\/en\/wp-json\/wp\/v2\/product_cat?post=60993"},{"taxonomy":"product_tag","embeddable":true,"href":"https:\/\/stonehouse.se\/en\/wp-json\/wp\/v2\/product_tag?post=60993"}],"curies":[{"name":"wp","href":"https:\/\/api.w.org\/{rel}","templated":true}]}}