
{"id":61075,"date":"2023-09-26T13:10:08","date_gmt":"2023-09-26T11:10:08","guid":{"rendered":"https:\/\/stonehouse.se\/?post_type=product&#038;p=61075"},"modified":"2026-04-08T16:02:46","modified_gmt":"2026-04-08T14:02:46","slug":"elslutbleck-step-28e-vanster-rattvand-24v-9mm-regel","status":"publish","type":"product","link":"https:\/\/stonehouse.se\/en\/product\/elslutbleck-step-28e-vanster-rattvand-24v-9mm-regel\/","title":{"rendered":"Elslutbleck STEP 28E V\u00e4nster R\u00e4ttv\u00e4nd 24V 9mm Regel"},"content":{"rendered":"<h1>Elslutbleck STEP 28E V\u00e4nster R\u00e4ttv\u00e4nd 24V 9mm Regel<\/h1>\n<p>STEP 28E Secure \u00e4r ett brandklassat elslutbleck med r\u00e4ttv\u00e4nd funktion f\u00f6r v\u00e4nsterh\u00e4ngda d\u00f6rrar. Anpassad f\u00f6r 9 mm regell\u00e5s i Connect-serien, med h\u00f6g bryth\u00e5llfasthet och kolvkontakt. 5 m kabel ing\u00e5r.Elslutbleck STEP 28E Secure \u00e4r ett elslutbleck som f\u00f6renar s\u00e4kerhet, utrymningsfunktion och brandklassning med st\u00f6d f\u00f6r d\u00f6rrautomatik.Denna modell \u00e4r framtagen f\u00f6r anv\u00e4ndning tillsammans med regell\u00e5s i Connect-serien med 9 mm kolv och installeras ofta i d\u00f6rrmilj\u00f6er d\u00e4r brandkrav enligt E\/EI60 m\u00e5ste kombineras med snabb passage, t.ex. genom n\u00f6dutrymningsl\u00e5s enligt SS-EN 179.<\/p>\n<p class=\"\" data-start=\"911\" data-end=\"1279\">Med r\u00e4ttv\u00e4nd funktion \u00e4r elslutblecket l\u00e5st i str\u00f6ml\u00f6st l\u00e4ge och l\u00e4mpar sig s\u00e4rskilt f\u00f6r d\u00f6rrar som m\u00e5ste h\u00e5llas st\u00e4ngda vid elbortfall.<\/p>\n<p class=\"\" data-start=\"911\" data-end=\"1279\">Kolvkontakt och sp\u00e4rrkontakt m\u00f6jligg\u00f6r \u00f6vervakning av d\u00f6rrens status f\u00f6r integration i passersystem och larmanl\u00e4ggningar. Den har dessutom h\u00f6g bryth\u00e5llfasthet p\u00e5 \u00f6ver 15 kN (1500 kg) och klarar listtryck p\u00e5 upp till 500 kg.<\/p>\n<p class=\"\" data-start=\"1281\" data-end=\"1507\">STEP 28E Secure \u00e4r knacks\u00e4krad, har inbyggd skyddsdiod och levereras komplett med 5 meter halogenfri anslutningskabel.<\/p>\n<p class=\"\" data-start=\"1281\" data-end=\"1507\">Den passar v\u00e4nsterh\u00e4ngda d\u00f6rrar och erbjuder en robust l\u00f6sning f\u00f6r d\u00f6rrmilj\u00f6er med h\u00f6g s\u00e4kerhetsprofil.<\/p>\n<p class=\"\" data-start=\"1509\" data-end=\"1535\"><strong data-start=\"1509\" data-end=\"1535\">Egenskaper &amp; F\u00f6rdelar:<\/strong><\/p>\n<ul data-start=\"1536\" data-end=\"1856\">\n<li class=\"\" data-start=\"1536\" data-end=\"1588\">\n<p class=\"\" data-start=\"1538\" data-end=\"1588\">Anpassad f\u00f6r regell\u00e5s (9 mm kolv) i Connect-serien<\/p>\n<\/li>\n<li class=\"\" data-start=\"1589\" data-end=\"1632\">\n<p class=\"\" data-start=\"1591\" data-end=\"1632\">R\u00e4ttv\u00e4nd funktion \u2013 l\u00e5st i str\u00f6ml\u00f6st l\u00e4ge<\/p>\n<\/li>\n<li class=\"\" data-start=\"1633\" data-end=\"1659\">\n<p class=\"\" data-start=\"1635\" data-end=\"1659\">F\u00f6r v\u00e4nsterh\u00e4ngda d\u00f6rrar<\/p>\n<\/li>\n<li class=\"\" data-start=\"1660\" data-end=\"1706\">\n<p class=\"\" data-start=\"1662\" data-end=\"1706\">Kolv- och sp\u00e4rrkontakt f\u00f6r status\u00f6vervakning<\/p>\n<\/li>\n<li class=\"\" data-start=\"1707\" data-end=\"1726\">\n<p class=\"\" data-start=\"1709\" data-end=\"1726\">Brandklass E\/EI60<\/p>\n<\/li>\n<li class=\"\" data-start=\"1727\" data-end=\"1755\">\n<p class=\"\" data-start=\"1729\" data-end=\"1755\">Bryth\u00e5llfasthet \u00f6ver 15 kN<\/p>\n<\/li>\n<li class=\"\" data-start=\"1756\" data-end=\"1790\">\n<p class=\"\" data-start=\"1758\" data-end=\"1790\">Klarar listtryck upp till 500 kg<\/p>\n<\/li>\n<li class=\"\" data-start=\"1791\" data-end=\"1823\">\n<p class=\"\" data-start=\"1793\" data-end=\"1823\">Knacks\u00e4krad och med skyddsdiod<\/p>\n<\/li>\n<li class=\"\" data-start=\"1824\" data-end=\"1856\">\n<p class=\"\" data-start=\"1826\" data-end=\"1856\">5 meter halogenfri kabel ing\u00e5r<\/p>\n<\/li>\n<\/ul>\n<p class=\"\" data-start=\"1858\" data-end=\"2044\"><strong data-start=\"1858\" data-end=\"1881\">Areas of use:<\/strong><br data-start=\"1881\" data-end=\"1884\" \/>Perfekt f\u00f6r d\u00f6rrmilj\u00f6er d\u00e4r brandklass, utrymning och s\u00e4kerhet ska kombineras med d\u00f6rrautomatik \u2013 t.ex. i offentliga byggnader, sjukhus, skolor och myndigheter.<\/p>\n<p class=\"\" data-start=\"2046\" data-end=\"2075\"><strong data-start=\"2046\" data-end=\"2075\">Tekniska Specifikationer:<\/strong><\/p>\n<ul data-start=\"2076\" data-end=\"2422\">\n<li class=\"\" data-start=\"2076\" data-end=\"2114\">\n<p class=\"\" data-start=\"2078\" data-end=\"2114\">Driftsp\u00e4nning: 24 V DC (21,6\u201327,6 V)<\/p>\n<\/li>\n<li class=\"\" data-start=\"2115\" data-end=\"2147\">\n<p class=\"\" data-start=\"2117\" data-end=\"2147\">Str\u00f6mf\u00f6rbrukning: 500 mA ol\u00e5st<\/p>\n<\/li>\n<li class=\"\" data-start=\"2148\" data-end=\"2171\">\n<p class=\"\" data-start=\"2150\" data-end=\"2171\">D\u00f6rrh\u00e4ngning: V\u00e4nster<\/p>\n<\/li>\n<li class=\"\" data-start=\"2172\" data-end=\"2193\">\n<p class=\"\" data-start=\"2174\" data-end=\"2193\">Kabell\u00e4ngd: 5 meter<\/p>\n<\/li>\n<li class=\"\" data-start=\"2194\" data-end=\"2220\">\n<p class=\"\" data-start=\"2196\" data-end=\"2220\">Bryth\u00e5llfasthet: 1500 kg<\/p>\n<\/li>\n<li class=\"\" data-start=\"2221\" data-end=\"2240\">\n<p class=\"\" data-start=\"2223\" data-end=\"2240\">Listtryck: 500 kg<\/p>\n<\/li>\n<li class=\"\" data-start=\"2241\" data-end=\"2273\">\n<p class=\"\" data-start=\"2243\" data-end=\"2273\">M\u00e5tt (BxDxH): 35 x 40 x 230 mm<\/p>\n<\/li>\n<li class=\"\" data-start=\"2274\" data-end=\"2305\">\n<p class=\"\" data-start=\"2276\" data-end=\"2305\">L\u00e5styp: Hakregell\u00e5s, Regell\u00e5s<\/p>\n<\/li>\n<li class=\"\" data-start=\"2306\" data-end=\"2353\">\n<p class=\"\" data-start=\"2308\" data-end=\"2353\">Kolvkontakt: Mikrobrytare, max. 30 V DC \/ 1 A<\/p>\n<\/li>\n<li class=\"\" data-start=\"2354\" data-end=\"2382\">\n<p class=\"\" data-start=\"2356\" data-end=\"2382\">F\u00e4rg\/Ytbehandling: Rostfri<\/p>\n<\/li>\n<li class=\"\" data-start=\"2383\" data-end=\"2422\">\n<p class=\"\" data-start=\"2385\" data-end=\"2422\">Bed\u00f6mningar: SundaHus, Byggvarubed\u00f6md<\/p>\n<\/li>\n<\/ul>","protected":false},"excerpt":{"rendered":"<p>H\u00e4r kan se vilka stolpar och modeller som passar ihop fr\u00e5n STEP sortimentet av Elslutbleck.<\/p>\n<h5><strong><a href=\"https:\/\/steplock.com\/sv\/stolpguide\/#!?lang=sv&amp;blog_id=1&amp;paged=1&amp;number=50\" target=\"_blank\" rel=\"noopener\">STEP Stolpguide\u00a0<\/a><\/strong><\/h5>\n<h5><strong><a href=\"https:\/\/steplock.com\/sv\/projekteringsguide\/#!?lang=sv&amp;blog_id=1&amp;paged=1&amp;number=999\" target=\"_blank\" rel=\"noopener\">STEP projekteringsguide<\/a><\/strong><\/h5>","protected":false},"featured_media":82008,"template":"","meta":{"_acf_changed":false},"product_brand":[],"product_cat":[2313],"product_tag":[3421,3424],"class_list":{"0":"post-61075","1":"product","2":"type-product","3":"status-publish","4":"has-post-thumbnail","6":"product_cat-step-elslutbleck","7":"product_tag-24v","8":"product_tag-rattvand","9":"product_shipping_class-tunga-paket","10":"pa_brands-step","11":"tm-no-options","13":"first","14":"instock","15":"sale","16":"taxable","17":"shipping-taxable","18":"product-type-simple"},"acf":[],"_links":{"self":[{"href":"https:\/\/stonehouse.se\/en\/wp-json\/wp\/v2\/product\/61075","targetHints":{"allow":["GET"]}}],"collection":[{"href":"https:\/\/stonehouse.se\/en\/wp-json\/wp\/v2\/product"}],"about":[{"href":"https:\/\/stonehouse.se\/en\/wp-json\/wp\/v2\/types\/product"}],"wp:featuredmedia":[{"embeddable":true,"href":"https:\/\/stonehouse.se\/en\/wp-json\/wp\/v2\/media\/82008"}],"wp:attachment":[{"href":"https:\/\/stonehouse.se\/en\/wp-json\/wp\/v2\/media?parent=61075"}],"wp:term":[{"taxonomy":"product_brand","embeddable":true,"href":"https:\/\/stonehouse.se\/en\/wp-json\/wp\/v2\/product_brand?post=61075"},{"taxonomy":"product_cat","embeddable":true,"href":"https:\/\/stonehouse.se\/en\/wp-json\/wp\/v2\/product_cat?post=61075"},{"taxonomy":"product_tag","embeddable":true,"href":"https:\/\/stonehouse.se\/en\/wp-json\/wp\/v2\/product_tag?post=61075"}],"curies":[{"name":"wp","href":"https:\/\/api.w.org\/{rel}","templated":true}]}}