
{"id":61080,"date":"2023-09-26T13:10:10","date_gmt":"2023-09-26T11:10:10","guid":{"rendered":"https:\/\/stonehouse.se\/?post_type=product&#038;p=61080"},"modified":"2026-04-08T16:03:53","modified_gmt":"2026-04-08T14:03:53","slug":"elslutbleck-step-90-omvand-24v-kolvkontakt","status":"publish","type":"product","link":"https:\/\/stonehouse.se\/en\/product\/elslutbleck-step-90-omvand-24v-kolvkontakt\/","title":{"rendered":"Elslutbleck STEP 90 Omv\u00e4nd 24V Kolvkontakt"},"content":{"rendered":"<h1>Elslutbleck STEP 90 Omv\u00e4nd 24V Kolvkontakt<\/h1>\n<p>STEP 90 Preload \u00e4r ett kompakt elslutbleck med omv\u00e4nd funktion, kolvkontakt och brandklass E\/EI120. Med HPR-teknik klarar det listtryck upp till 250 kg och passar flera l\u00e5styper.Elslutbleck STEP 90 Preload \u00e4r ett smidigt och kraftfullt elslutbleck fr\u00e5n STEPs Preload-serie, utvecklat f\u00f6r att ge h\u00f6g drifts\u00e4kerhet i kompakta utrymmen.Med sin omv\u00e4nda funktion \u2013 vilket inneb\u00e4r att l\u00e5set \u00e4r ol\u00e5st i str\u00f6ml\u00f6st l\u00e4ge \u2013 l\u00e4mpar sig STEP 90 s\u00e4rskilt v\u00e4l i utrymningsv\u00e4gar och andra milj\u00f6er d\u00e4r s\u00e4ker evakuering \u00e4r viktig.<\/p>\n<p class=\"\" data-start=\"851\" data-end=\"1253\">Tack vare STEPs patenterade HPR\u00ae-teknik klarar elslutblecket att \u00f6ppna trots listtryck upp till 250 kg.<\/p>\n<p class=\"\" data-start=\"851\" data-end=\"1253\">Detta kombineras med en bryth\u00e5llfasthet p\u00e5 1200 kg och en konstruktion certifierad f\u00f6r brandmotst\u00e5nd upp till E\/EI120, enligt SS-EN 14846:2008.<\/p>\n<p class=\"\" data-start=\"851\" data-end=\"1253\">Kolvkontakt ger statusindikering (d\u00f6rr \u00f6ppen\/st\u00e4ngd) f\u00f6r integrering med larm eller passersystem, och inbyggd skyddsdiod skyddar elektroniken.<\/p>\n<p class=\"\" data-start=\"1255\" data-end=\"1483\">STEP 90 \u00e4r v\u00e4ndbar f\u00f6r b\u00e5de h\u00f6ger- och v\u00e4nsterd\u00f6rrar och passar l\u00e5shus i Connect-, Modul- och Smalprofilserien med enkel- eller dubbelfall\u00e5s.<\/p>\n<p class=\"\" data-start=\"1255\" data-end=\"1483\">Produkten \u00e4r ocks\u00e5 knacks\u00e4krad och har skruvh\u00e5l anpassade f\u00f6r smidig installation.<\/p>\n<p class=\"\" data-start=\"1485\" data-end=\"1511\"><strong>Egenskaper &amp; F\u00f6rdelar:<\/strong><\/p>\n<ul data-start=\"1512\" data-end=\"1822\">\n<li class=\"\" data-start=\"1512\" data-end=\"1548\">\n<p class=\"\" data-start=\"1514\" data-end=\"1548\">Omv\u00e4nd funktion \u2013 ol\u00e5st utan str\u00f6m<\/p>\n<\/li>\n<li class=\"\" data-start=\"1549\" data-end=\"1596\">\n<p class=\"\" data-start=\"1551\" data-end=\"1596\">HPR\u00ae-teknik: klarar listtryck upp till 250 kg<\/p>\n<\/li>\n<li class=\"\" data-start=\"1597\" data-end=\"1628\">\n<p class=\"\" data-start=\"1599\" data-end=\"1628\">Brandklassad upp till E\/EI120<\/p>\n<\/li>\n<li class=\"\" data-start=\"1629\" data-end=\"1664\">\n<p class=\"\" data-start=\"1631\" data-end=\"1664\">Kompakt design \u2013 endast 90 mm h\u00f6g<\/p>\n<\/li>\n<li class=\"\" data-start=\"1665\" data-end=\"1693\">\n<p class=\"\" data-start=\"1667\" data-end=\"1693\">Kolvkontakt f\u00f6r d\u00f6rrstatus<\/p>\n<\/li>\n<li class=\"\" data-start=\"1694\" data-end=\"1719\">\n<p class=\"\" data-start=\"1696\" data-end=\"1719\">V\u00e4ndbar (v\u00e4nster\/h\u00f6ger)<\/p>\n<\/li>\n<li class=\"\" data-start=\"1720\" data-end=\"1746\">\n<p class=\"\" data-start=\"1722\" data-end=\"1746\">Bryth\u00e5llfasthet: 1200 kg<\/p>\n<\/li>\n<li class=\"\" data-start=\"1747\" data-end=\"1776\">\n<p class=\"\" data-start=\"1749\" data-end=\"1776\">Skyddsdiod och knacks\u00e4kring<\/p>\n<\/li>\n<li class=\"\" data-start=\"1777\" data-end=\"1822\">\n<p class=\"\" data-start=\"1779\" data-end=\"1822\">Passar Connect, Modul och Smalprofil-l\u00e5shus<\/p>\n<\/li>\n<\/ul>\n<p class=\"\" data-start=\"1824\" data-end=\"1995\"><strong>Areas of use:<\/strong><br data-start=\"1847\" data-end=\"1850\" \/>Perfekt f\u00f6r inomhusmilj\u00f6er och utrymningsv\u00e4gar i exempelvis skolor, kontor och offentliga byggnader d\u00e4r s\u00e4kerhet och smidig funktion prioriteras.<\/p>\n<p class=\"\" data-start=\"1997\" data-end=\"2026\"><strong>Tekniska Specifikationer:<\/strong><\/p>\n<ul data-start=\"2027\" data-end=\"2400\">\n<li class=\"\" data-start=\"2027\" data-end=\"2065\">\n<p class=\"\" data-start=\"2029\" data-end=\"2065\">Driftsp\u00e4nning: 24 V DC (21,6\u201327,6 V)<\/p>\n<\/li>\n<li class=\"\" data-start=\"2066\" data-end=\"2112\">\n<p class=\"\" data-start=\"2068\" data-end=\"2112\">Str\u00f6mf\u00f6rbrukning: 110 mA (ol\u00e5st), max 300 mA<\/p>\n<\/li>\n<li class=\"\" data-start=\"2113\" data-end=\"2160\">\n<p class=\"\" data-start=\"2115\" data-end=\"2160\">Kolvkontakt: Mikrobrytare, max. 30 V DC \/ 1 A<\/p>\n<\/li>\n<li class=\"\" data-start=\"2161\" data-end=\"2200\">\n<p class=\"\" data-start=\"2163\" data-end=\"2200\">D\u00f6rrh\u00e4ngning: H\u00f6ger\/V\u00e4nster (v\u00e4ndbar)<\/p>\n<\/li>\n<li class=\"\" data-start=\"2201\" data-end=\"2232\">\n<p class=\"\" data-start=\"2203\" data-end=\"2232\">M\u00e5tt (BxDxH): 25 x 28 x 90 mm<\/p>\n<\/li>\n<li class=\"\" data-start=\"2233\" data-end=\"2259\">\n<p class=\"\" data-start=\"2235\" data-end=\"2259\">Bryth\u00e5llfasthet: 1200 kg<\/p>\n<\/li>\n<li class=\"\" data-start=\"2260\" data-end=\"2279\">\n<p class=\"\" data-start=\"2262\" data-end=\"2279\">Listtryck: 250 kg<\/p>\n<\/li>\n<li class=\"\" data-start=\"2280\" data-end=\"2313\">\n<p class=\"\" data-start=\"2282\" data-end=\"2313\">L\u00e5styp: Enkel- och dubbelfall\u00e5s<\/p>\n<\/li>\n<li class=\"\" data-start=\"2314\" data-end=\"2331\">\n<p class=\"\" data-start=\"2316\" data-end=\"2331\">Kabel: Ing\u00e5r ej<\/p>\n<\/li>\n<li class=\"\" data-start=\"2332\" data-end=\"2360\">\n<p class=\"\" data-start=\"2334\" data-end=\"2360\">F\u00e4rg\/Ytbehandling: Rostfri<\/p>\n<\/li>\n<li class=\"\" data-start=\"2361\" data-end=\"2400\">\n<p class=\"\" data-start=\"2363\" data-end=\"2400\">Bed\u00f6mningar: SundaHus, Byggvarubed\u00f6md<\/p>\n<\/li>\n<\/ul>","protected":false},"excerpt":{"rendered":"<p>H\u00e4r kan se vilka stolpar och modeller som passar ihop fr\u00e5n STEP sortimentet av Elslutbleck.<\/p>\n<h5><strong><a href=\"https:\/\/steplock.com\/sv\/stolpguide\/#!?lang=sv&amp;blog_id=1&amp;paged=1&amp;number=50\" target=\"_blank\" rel=\"noopener\">STEP Stolpguide\u00a0<\/a><\/strong><\/h5>\n<h5><strong><a href=\"https:\/\/steplock.com\/sv\/projekteringsguide\/#!?lang=sv&amp;blog_id=1&amp;paged=1&amp;number=999\" target=\"_blank\" rel=\"noopener\">STEP projekteringsguide<\/a><\/strong><\/h5>","protected":false},"featured_media":82184,"template":"","meta":{"_acf_changed":false},"product_brand":[],"product_cat":[2313],"product_tag":[3421,3425],"class_list":{"0":"post-61080","1":"product","2":"type-product","3":"status-publish","4":"has-post-thumbnail","6":"product_cat-step-elslutbleck","7":"product_tag-24v","8":"product_tag-omvand","9":"product_shipping_class-tunga-paket","10":"pa_brands-step","11":"tm-no-options","13":"first","14":"instock","15":"sale","16":"taxable","17":"shipping-taxable","18":"product-type-simple"},"acf":[],"_links":{"self":[{"href":"https:\/\/stonehouse.se\/en\/wp-json\/wp\/v2\/product\/61080","targetHints":{"allow":["GET"]}}],"collection":[{"href":"https:\/\/stonehouse.se\/en\/wp-json\/wp\/v2\/product"}],"about":[{"href":"https:\/\/stonehouse.se\/en\/wp-json\/wp\/v2\/types\/product"}],"wp:featuredmedia":[{"embeddable":true,"href":"https:\/\/stonehouse.se\/en\/wp-json\/wp\/v2\/media\/82184"}],"wp:attachment":[{"href":"https:\/\/stonehouse.se\/en\/wp-json\/wp\/v2\/media?parent=61080"}],"wp:term":[{"taxonomy":"product_brand","embeddable":true,"href":"https:\/\/stonehouse.se\/en\/wp-json\/wp\/v2\/product_brand?post=61080"},{"taxonomy":"product_cat","embeddable":true,"href":"https:\/\/stonehouse.se\/en\/wp-json\/wp\/v2\/product_cat?post=61080"},{"taxonomy":"product_tag","embeddable":true,"href":"https:\/\/stonehouse.se\/en\/wp-json\/wp\/v2\/product_tag?post=61080"}],"curies":[{"name":"wp","href":"https:\/\/api.w.org\/{rel}","templated":true}]}}