
{"id":61084,"date":"2023-09-26T13:10:11","date_gmt":"2023-09-26T11:10:11","guid":{"rendered":"https:\/\/stonehouse.se\/?post_type=product&#038;p=61084"},"modified":"2026-04-08T16:02:37","modified_gmt":"2026-04-08T14:02:37","slug":"elslutbleck-step-18-hoger-rattvand-24v-9mm-regel-connect","status":"publish","type":"product","link":"https:\/\/stonehouse.se\/en\/product\/elslutbleck-step-18-hoger-rattvand-24v-9mm-regel-connect\/","title":{"rendered":"Elslutbleck STEP 18 H\u00f6ger R\u00e4ttv\u00e4nd 24V 9mm Regel Connect"},"content":{"rendered":"<h1>Elslutbleck STEP 18 H\u00f6ger R\u00e4ttv\u00e4nd 24V 9mm Regel Connect<\/h1>\n<p>STEP 18 Secure \u00e4r ett kraftfullt elslutbleck med r\u00e4ttv\u00e4nd funktion f\u00f6r h\u00f6gerh\u00e4ngda d\u00f6rrar. Anpassad f\u00f6r 9 mm regell\u00e5s i Connect-serien. Brandklassad, h\u00f6g bryth\u00e5llfasthet och 5 m kabel ing\u00e5r.Elslutbleck STEP 18 Secure \u00e4r en p\u00e5litlig och robust l\u00f6sning f\u00f6r d\u00f6rrmilj\u00f6er med h\u00f6ga s\u00e4kerhetskrav.Denna modell \u00e4r specifikt framtagen f\u00f6r regell\u00e5s med 9 mm kolv i Connect-serien och \u00e4r anpassad f\u00f6r h\u00f6gerh\u00e4ngda d\u00f6rrar.Med r\u00e4ttv\u00e4nd funktion \u00e4r den l\u00e5st i str\u00f6ml\u00f6st l\u00e4ge, vilket ger \u00f6kad s\u00e4kerhet vid str\u00f6mavbrott.<\/p>\n<p class=\"\" data-start=\"836\" data-end=\"1110\">Den ing\u00e5r i STEPs Secure-serie och \u00e4r s\u00e4rskilt l\u00e4mpad f\u00f6r installation i exempelvis s\u00e4kerhetsd\u00f6rrar, f\u00e4ngelser, banker eller andra milj\u00f6er d\u00e4r b\u00e5de h\u00f6g frekvens av \u00f6ppningar och intr\u00e5ngsskydd kr\u00e4vs.<\/p>\n<p class=\"\" data-start=\"836\" data-end=\"1110\">Elslutblecket \u00e4r godk\u00e4nt f\u00f6r brandklass E\/EI60 och upp till RC4-skyddsniv\u00e5.<\/p>\n<p class=\"\" data-start=\"1112\" data-end=\"1451\">Med en bryth\u00e5llfasthet p\u00e5 hela 15 kN (ca 1500 kg) samt f\u00f6rm\u00e5ga att \u00f6ppna trots listtryck p\u00e5 5 kN (ca 500 kg) \u00e4r STEP 18 b\u00e5de starkt och tillf\u00f6rlitligt.<\/p>\n<p class=\"\" data-start=\"1112\" data-end=\"1451\">Inbyggda kolv- och sp\u00e4rrkontakter m\u00f6jligg\u00f6r integration med passersystem och larm, vilket ger full kontroll p\u00e5 d\u00f6rrens status. Skyddsdiod, knacks\u00e4kring och 5 meter halogenfri kabel ing\u00e5r.<\/p>\n<p class=\"\" data-start=\"1453\" data-end=\"1479\"><strong data-start=\"1453\" data-end=\"1479\">Egenskaper &amp; F\u00f6rdelar:<\/strong><\/p>\n<ul data-start=\"1480\" data-end=\"1809\">\n<li class=\"\" data-start=\"1480\" data-end=\"1532\">\n<p class=\"\" data-start=\"1482\" data-end=\"1532\">Anpassad f\u00f6r regell\u00e5s (9 mm kolv) i Connect-serien<\/p>\n<\/li>\n<li class=\"\" data-start=\"1533\" data-end=\"1570\">\n<p class=\"\" data-start=\"1535\" data-end=\"1570\">R\u00e4ttv\u00e4nd funktion (l\u00e5st utan str\u00f6m)<\/p>\n<\/li>\n<li class=\"\" data-start=\"1571\" data-end=\"1595\">\n<p class=\"\" data-start=\"1573\" data-end=\"1595\">F\u00f6r h\u00f6gerh\u00e4ngda d\u00f6rrar<\/p>\n<\/li>\n<li class=\"\" data-start=\"1596\" data-end=\"1641\">\n<p class=\"\" data-start=\"1598\" data-end=\"1641\">Kolvkontakt och sp\u00e4rrkontakt f\u00f6r indikering<\/p>\n<\/li>\n<li class=\"\" data-start=\"1642\" data-end=\"1665\">\n<p class=\"\" data-start=\"1644\" data-end=\"1665\">Bryth\u00e5llfasthet 15 kN<\/p>\n<\/li>\n<li class=\"\" data-start=\"1666\" data-end=\"1700\">\n<p class=\"\" data-start=\"1668\" data-end=\"1700\">Klarar listtryck upp till 500 kg<\/p>\n<\/li>\n<li class=\"\" data-start=\"1701\" data-end=\"1739\">\n<p class=\"\" data-start=\"1703\" data-end=\"1739\">Brandklassad E\/EI60, godk\u00e4nd f\u00f6r RC4<\/p>\n<\/li>\n<li class=\"\" data-start=\"1740\" data-end=\"1768\">\n<p class=\"\" data-start=\"1742\" data-end=\"1768\">Skyddsdiod och knacks\u00e4krad<\/p>\n<\/li>\n<li class=\"\" data-start=\"1769\" data-end=\"1809\">\n<p class=\"\" data-start=\"1771\" data-end=\"1809\">Levereras med 5 meter halogenfri kabel<\/p>\n<\/li>\n<\/ul>\n<p class=\"\" data-start=\"1811\" data-end=\"1972\"><strong data-start=\"1811\" data-end=\"1834\">Areas of use:<\/strong><br data-start=\"1834\" data-end=\"1837\" \/>Passar s\u00e4kerhetsd\u00f6rrar i f\u00e4ngelser, banker, myndigheter, samt andra d\u00f6rrmilj\u00f6er med h\u00f6ga krav p\u00e5 frekvent passage och maximal s\u00e4kerhet.<\/p>\n<p class=\"\" data-start=\"1974\" data-end=\"2003\"><strong data-start=\"1974\" data-end=\"2003\">Tekniska Specifikationer:<\/strong><\/p>\n<ul data-start=\"2004\" data-end=\"2345\">\n<li class=\"\" data-start=\"2004\" data-end=\"2042\">\n<p class=\"\" data-start=\"2006\" data-end=\"2042\">Driftsp\u00e4nning: 24 V DC (21,6\u201327,6 V)<\/p>\n<\/li>\n<li class=\"\" data-start=\"2043\" data-end=\"2075\">\n<p class=\"\" data-start=\"2045\" data-end=\"2075\">Str\u00f6mf\u00f6rbrukning: 313 mA ol\u00e5st<\/p>\n<\/li>\n<li class=\"\" data-start=\"2076\" data-end=\"2097\">\n<p class=\"\" data-start=\"2078\" data-end=\"2097\">D\u00f6rrh\u00e4ngning: H\u00f6ger<\/p>\n<\/li>\n<li class=\"\" data-start=\"2098\" data-end=\"2119\">\n<p class=\"\" data-start=\"2100\" data-end=\"2119\">Kabell\u00e4ngd: 5 meter<\/p>\n<\/li>\n<li class=\"\" data-start=\"2120\" data-end=\"2139\">\n<p class=\"\" data-start=\"2122\" data-end=\"2139\">Listtryck: 500 kg<\/p>\n<\/li>\n<li class=\"\" data-start=\"2140\" data-end=\"2166\">\n<p class=\"\" data-start=\"2142\" data-end=\"2166\">Bryth\u00e5llfasthet: 1500 kg<\/p>\n<\/li>\n<li class=\"\" data-start=\"2167\" data-end=\"2199\">\n<p class=\"\" data-start=\"2169\" data-end=\"2199\">M\u00e5tt (BxDxH): 35 x 40 x 230 mm<\/p>\n<\/li>\n<li class=\"\" data-start=\"2200\" data-end=\"2228\">\n<p class=\"\" data-start=\"2202\" data-end=\"2228\">L\u00e5styp: Hakregel, Regell\u00e5s<\/p>\n<\/li>\n<li class=\"\" data-start=\"2229\" data-end=\"2276\">\n<p class=\"\" data-start=\"2231\" data-end=\"2276\">Kolvkontakt: Mikrobrytare, max. 30 V DC \/ 1 A<\/p>\n<\/li>\n<li class=\"\" data-start=\"2277\" data-end=\"2305\">\n<p class=\"\" data-start=\"2279\" data-end=\"2305\">F\u00e4rg\/Ytbehandling: Rostfri<\/p>\n<\/li>\n<li class=\"\" data-start=\"2306\" data-end=\"2345\">\n<p class=\"\" data-start=\"2308\" data-end=\"2345\">Bed\u00f6mningar: SundaHus, Byggvarubed\u00f6md<\/p>\n<\/li>\n<\/ul>","protected":false},"excerpt":{"rendered":"<p>H\u00e4r kan se vilka stolpar och modeller som passar ihop fr\u00e5n STEP sortimentet av Elslutbleck.<\/p>\n<h5><strong><a href=\"https:\/\/steplock.com\/sv\/stolpguide\/#!?lang=sv&amp;blog_id=1&amp;paged=1&amp;number=50\" target=\"_blank\" rel=\"noopener\">STEP Stolpguide\u00a0<\/a><\/strong><\/h5>\n<h5><strong><a href=\"https:\/\/steplock.com\/sv\/projekteringsguide\/#!?lang=sv&amp;blog_id=1&amp;paged=1&amp;number=999\" target=\"_blank\" rel=\"noopener\">STEP projekteringsguide<\/a><\/strong><\/h5>","protected":false},"featured_media":81774,"template":"","meta":{"_acf_changed":false},"product_brand":[],"product_cat":[2313],"product_tag":[3421,3424],"class_list":{"0":"post-61084","1":"product","2":"type-product","3":"status-publish","4":"has-post-thumbnail","6":"product_cat-step-elslutbleck","7":"product_tag-24v","8":"product_tag-rattvand","9":"product_shipping_class-tunga-paket","10":"pa_brands-step","11":"tm-no-options","13":"first","14":"instock","15":"sale","16":"taxable","17":"shipping-taxable","18":"product-type-simple"},"acf":[],"_links":{"self":[{"href":"https:\/\/stonehouse.se\/en\/wp-json\/wp\/v2\/product\/61084","targetHints":{"allow":["GET"]}}],"collection":[{"href":"https:\/\/stonehouse.se\/en\/wp-json\/wp\/v2\/product"}],"about":[{"href":"https:\/\/stonehouse.se\/en\/wp-json\/wp\/v2\/types\/product"}],"wp:featuredmedia":[{"embeddable":true,"href":"https:\/\/stonehouse.se\/en\/wp-json\/wp\/v2\/media\/81774"}],"wp:attachment":[{"href":"https:\/\/stonehouse.se\/en\/wp-json\/wp\/v2\/media?parent=61084"}],"wp:term":[{"taxonomy":"product_brand","embeddable":true,"href":"https:\/\/stonehouse.se\/en\/wp-json\/wp\/v2\/product_brand?post=61084"},{"taxonomy":"product_cat","embeddable":true,"href":"https:\/\/stonehouse.se\/en\/wp-json\/wp\/v2\/product_cat?post=61084"},{"taxonomy":"product_tag","embeddable":true,"href":"https:\/\/stonehouse.se\/en\/wp-json\/wp\/v2\/product_tag?post=61084"}],"curies":[{"name":"wp","href":"https:\/\/api.w.org\/{rel}","templated":true}]}}