
{"id":61089,"date":"2023-09-26T13:10:12","date_gmt":"2023-09-26T11:10:12","guid":{"rendered":"https:\/\/stonehouse.se\/?post_type=product&#038;p=61089"},"modified":"2026-04-08T16:02:34","modified_gmt":"2026-04-08T14:02:34","slug":"elslutbleck-step-48-rattvand-24v","status":"publish","type":"product","link":"https:\/\/stonehouse.se\/en\/product\/elslutbleck-step-48-rattvand-24v\/","title":{"rendered":"Elslutbleck STEP 48 R\u00e4ttv\u00e4nd 24V"},"content":{"rendered":"<h1>Elslutbleck STEP 48 R\u00e4ttv\u00e4nd 24V<\/h1>\n<p>STEP 48 Preload \u00e4r ett kompakt och s\u00e4kert elslutbleck med r\u00e4ttv\u00e4nd funktion och STEPs listtrycksteknik. Klarar listtryck upp till 40 kg och \u00e4r v\u00e4ndbart f\u00f6r h\u00f6ger\/v\u00e4nsterd\u00f6rrar.Elslutbleck STEP 48 Preload \u00e4r ett smidigt och drifts\u00e4kert elslutbleck med r\u00e4ttv\u00e4nd funktion, designat f\u00f6r milj\u00f6er d\u00e4r d\u00f6rren ska l\u00e5sas med nyckel eller vred.Det \u00e4r en del av STEPs Preload-serie och erbjuder en kompakt konstruktion i kombination med avancerad teknik f\u00f6r att s\u00e4kerst\u00e4lla tillf\u00f6rlitlig funktion \u2013 \u00e4ven vid tryck mot d\u00f6rren.<\/p>\n<p class=\"\" data-start=\"812\" data-end=\"1088\">Tack vare STEPs patenterade listtrycksteknik kan d\u00f6rren l\u00e5sas upp \u00e4ven om den uts\u00e4tts f\u00f6r listtryck upp till 40 kg.<\/p>\n<p class=\"\" data-start=\"812\" data-end=\"1088\">Detta g\u00f6r produkten s\u00e4rskilt l\u00e4mplig i utrymmen med krav p\u00e5 smidig \u00f6ppning \u00e4ven under belastning, som i kontorslokaler, flerbostadshus eller offentliga milj\u00f6er.<\/p>\n<p class=\"\" data-start=\"1090\" data-end=\"1454\">Elslutblecket \u00e4r v\u00e4ndbart f\u00f6r b\u00e5de h\u00f6ger- och v\u00e4nsterh\u00e4ngda d\u00f6rrar och \u00e4r knacks\u00e4krat samt utrustat med inbyggd skyddsdiod.<\/p>\n<p class=\"\" data-start=\"1090\" data-end=\"1454\">Det har en bryth\u00e5llfasthet p\u00e5 9 kN (ca 900 kg) och kan anv\u00e4ndas med b\u00e5de enkel- och dubbelfall\u00e5s.<\/p>\n<p class=\"\" data-start=\"1090\" data-end=\"1454\">M\u00f6jlighet finns \u00e4ven att komplettera med regelindikering (ST4880) som blockerar passersystemet n\u00e4r mekanisk l\u00e5sning skett \u2013 f\u00f6r \u00f6kad s\u00e4kerhet.<\/p>\n<p class=\"\" data-start=\"1456\" data-end=\"1482\"><strong data-start=\"1456\" data-end=\"1482\">Egenskaper &amp; F\u00f6rdelar:<\/strong><\/p>\n<ul data-start=\"1483\" data-end=\"1754\">\n<li class=\"\" data-start=\"1483\" data-end=\"1520\">\n<p class=\"\" data-start=\"1485\" data-end=\"1520\">R\u00e4ttv\u00e4nd funktion (l\u00e5st utan str\u00f6m)<\/p>\n<\/li>\n<li class=\"\" data-start=\"1521\" data-end=\"1560\">\n<p class=\"\" data-start=\"1523\" data-end=\"1560\">Kompatibel med hakregel och rak regel<\/p>\n<\/li>\n<li class=\"\" data-start=\"1561\" data-end=\"1592\">\n<p class=\"\" data-start=\"1563\" data-end=\"1592\">Bryth\u00e5llfasthet 9 kN (900 kg)<\/p>\n<\/li>\n<li class=\"\" data-start=\"1593\" data-end=\"1626\">\n<p class=\"\" data-start=\"1595\" data-end=\"1626\">Klarar listtryck upp till 40 kg<\/p>\n<\/li>\n<li class=\"\" data-start=\"1627\" data-end=\"1675\">\n<p class=\"\" data-start=\"1629\" data-end=\"1675\">V\u00e4ndbar \u2013 passar b\u00e5de h\u00f6ger- och v\u00e4nsterd\u00f6rrar<\/p>\n<\/li>\n<li class=\"\" data-start=\"1676\" data-end=\"1708\">\n<p class=\"\" data-start=\"1678\" data-end=\"1708\">Knacks\u00e4krad och med skyddsdiod<\/p>\n<\/li>\n<li class=\"\" data-start=\"1709\" data-end=\"1754\">\n<p class=\"\" data-start=\"1711\" data-end=\"1754\">Kan kompletteras med regelindikering ST4880<\/p>\n<\/li>\n<\/ul>\n<p class=\"\" data-start=\"1756\" data-end=\"1910\"><strong data-start=\"1756\" data-end=\"1779\">Areas of use:<\/strong><br data-start=\"1779\" data-end=\"1782\" \/>L\u00e4mplig f\u00f6r flerbostadshus, kontor, passaged\u00f6rrar och andra inomhusmilj\u00f6er d\u00e4r en s\u00e4ker, smidig och kompakt l\u00f6sning efterfr\u00e5gas.<\/p>\n<p class=\"\" data-start=\"1912\" data-end=\"1941\"><strong data-start=\"1912\" data-end=\"1941\">Tekniska Specifikationer:<\/strong><\/p>\n<ul data-start=\"1942\" data-end=\"2284\">\n<li class=\"\" data-start=\"1942\" data-end=\"1980\">\n<p class=\"\" data-start=\"1944\" data-end=\"1980\">Driftsp\u00e4nning: 24 V DC (21,6\u201327,6 V)<\/p>\n<\/li>\n<li class=\"\" data-start=\"1981\" data-end=\"2027\">\n<p class=\"\" data-start=\"1983\" data-end=\"2027\">Str\u00f6mf\u00f6rbrukning: 110 mA (ol\u00e5st), max 300 mA<\/p>\n<\/li>\n<li class=\"\" data-start=\"2028\" data-end=\"2067\">\n<p class=\"\" data-start=\"2030\" data-end=\"2067\">D\u00f6rrh\u00e4ngning: H\u00f6ger\/V\u00e4nster (v\u00e4ndbar)<\/p>\n<\/li>\n<li class=\"\" data-start=\"2068\" data-end=\"2099\">\n<p class=\"\" data-start=\"2070\" data-end=\"2099\">M\u00e5tt (BxDxH): 25 x 35 x 90 mm<\/p>\n<\/li>\n<li class=\"\" data-start=\"2100\" data-end=\"2125\">\n<p class=\"\" data-start=\"2102\" data-end=\"2125\">Bryth\u00e5llfasthet: 900 kg<\/p>\n<\/li>\n<li class=\"\" data-start=\"2126\" data-end=\"2144\">\n<p class=\"\" data-start=\"2128\" data-end=\"2144\">Listtryck: 40 kg<\/p>\n<\/li>\n<li class=\"\" data-start=\"2145\" data-end=\"2178\">\n<p class=\"\" data-start=\"2147\" data-end=\"2178\">L\u00e5styp: Enkel- och dubbelfall\u00e5s<\/p>\n<\/li>\n<li class=\"\" data-start=\"2179\" data-end=\"2197\">\n<p class=\"\" data-start=\"2181\" data-end=\"2197\">Kolvkontakt: Nej<\/p>\n<\/li>\n<li class=\"\" data-start=\"2198\" data-end=\"2226\">\n<p class=\"\" data-start=\"2200\" data-end=\"2226\">F\u00e4rg\/Ytbehandling: Rostfri<\/p>\n<\/li>\n<li class=\"\" data-start=\"2227\" data-end=\"2244\">\n<p class=\"\" data-start=\"2229\" data-end=\"2244\">Kabel: Ing\u00e5r ej<\/p>\n<\/li>\n<li class=\"\" data-start=\"2245\" data-end=\"2284\">\n<p class=\"\" data-start=\"2247\" data-end=\"2284\">Bed\u00f6mningar: SundaHus, Byggvarubed\u00f6md<\/p>\n<\/li>\n<\/ul>","protected":false},"excerpt":{"rendered":"<p>H\u00e4r kan se vilka stolpar och modeller som passar ihop fr\u00e5n STEP sortimentet av Elslutbleck.<\/p>\n<h5><strong><a href=\"https:\/\/steplock.com\/sv\/stolpguide\/#!?lang=sv&amp;blog_id=1&amp;paged=1&amp;number=50\" target=\"_blank\" rel=\"noopener\">STEP Stolpguide\u00a0<\/a><\/strong><\/h5>\n<h5><strong><a href=\"https:\/\/steplock.com\/sv\/projekteringsguide\/#!?lang=sv&amp;blog_id=1&amp;paged=1&amp;number=999\" target=\"_blank\" rel=\"noopener\">STEP projekteringsguide<\/a><\/strong><\/h5>","protected":false},"featured_media":82005,"template":"","meta":{"_acf_changed":false},"product_brand":[],"product_cat":[2313],"product_tag":[3421,3424],"class_list":{"0":"post-61089","1":"product","2":"type-product","3":"status-publish","4":"has-post-thumbnail","6":"product_cat-step-elslutbleck","7":"product_tag-24v","8":"product_tag-rattvand","9":"product_shipping_class-tunga-paket","10":"pa_brands-step","11":"tm-no-options","13":"first","14":"instock","15":"sale","16":"taxable","17":"shipping-taxable","18":"product-type-simple"},"acf":[],"_links":{"self":[{"href":"https:\/\/stonehouse.se\/en\/wp-json\/wp\/v2\/product\/61089","targetHints":{"allow":["GET"]}}],"collection":[{"href":"https:\/\/stonehouse.se\/en\/wp-json\/wp\/v2\/product"}],"about":[{"href":"https:\/\/stonehouse.se\/en\/wp-json\/wp\/v2\/types\/product"}],"wp:featuredmedia":[{"embeddable":true,"href":"https:\/\/stonehouse.se\/en\/wp-json\/wp\/v2\/media\/82005"}],"wp:attachment":[{"href":"https:\/\/stonehouse.se\/en\/wp-json\/wp\/v2\/media?parent=61089"}],"wp:term":[{"taxonomy":"product_brand","embeddable":true,"href":"https:\/\/stonehouse.se\/en\/wp-json\/wp\/v2\/product_brand?post=61089"},{"taxonomy":"product_cat","embeddable":true,"href":"https:\/\/stonehouse.se\/en\/wp-json\/wp\/v2\/product_cat?post=61089"},{"taxonomy":"product_tag","embeddable":true,"href":"https:\/\/stonehouse.se\/en\/wp-json\/wp\/v2\/product_tag?post=61089"}],"curies":[{"name":"wp","href":"https:\/\/api.w.org\/{rel}","templated":true}]}}