
{"id":61095,"date":"2023-09-26T13:10:15","date_gmt":"2023-09-26T11:10:15","guid":{"rendered":"https:\/\/stonehouse.se\/?post_type=product&#038;p=61095"},"modified":"2026-04-08T16:03:41","modified_gmt":"2026-04-08T14:03:41","slug":"elslutbleck-step-40-omvand-24v-kolvkontakt","status":"publish","type":"product","link":"https:\/\/stonehouse.se\/en\/product\/elslutbleck-step-40-omvand-24v-kolvkontakt\/","title":{"rendered":"Elslutbleck STEP 40 Omv\u00e4nd 24V Kolvkontakt"},"content":{"rendered":"<h1>Elslutbleck STEP 40 Omv\u00e4nd 24V Kolvkontakt<\/h1>\n<p>STEP 40 Preload \u00e4r ett kompakt och drifts\u00e4kert elslutbleck med omv\u00e4nd funktion, kolvkontakt och HPR-teknik. Klarar listtryck upp till 250 kg och passar b\u00e5de enkel- och dubbelfall\u00e5s.Elslutbleck STEP 40 Preload s\u00e4tter en ny standard inom dagl\u00e5sning med sin kompakta design och h\u00f6ga drifts\u00e4kerhet.Den \u00e4r en del av STEPs Preload-serie som \u00e4r k\u00e4nd f\u00f6r sin kombination av sm\u00e5 m\u00e5tt, h\u00f6g kvalitet och flexibilitet.Perfekt f\u00f6r d\u00f6rrar som \u00f6ppnas ofta men d\u00e4r tillf\u00f6rlitlig funktion \u00e4nd\u00e5 \u00e4r ett krav.<\/p>\n<p class=\"\" data-start=\"809\" data-end=\"1135\">Denna modell \u00e4r omv\u00e4nd, vilket inneb\u00e4r att den \u00e4r ol\u00e5st i str\u00f6ml\u00f6st l\u00e4ge \u2013 ett vanligt krav i milj\u00f6er d\u00e4r s\u00e4ker evakuering eller felfri passage \u00e4r prioriterat.<\/p>\n<p class=\"\" data-start=\"809\" data-end=\"1135\">Tack vare den patenterade HPR\u00ae-tekniken garanteras uppl\u00e5sning \u00e4ven vid listtryck upp till 250 kg, vilket g\u00f6r STEP 40 till ett p\u00e5litligt val i kr\u00e4vande installationer.<\/p>\n<p class=\"\" data-start=\"1137\" data-end=\"1479\">Med en bryth\u00e5llfasthet p\u00e5 1 200 kg och testad f\u00f6r 1,5 miljoner cykler \u00e4r STEP 40 byggd f\u00f6r l\u00e5ngvarig drift. Den \u00e4r v\u00e4ndbar och kan installeras i b\u00e5de h\u00f6ger- och v\u00e4nsterh\u00e4ngda d\u00f6rrar.<\/p>\n<p class=\"\" data-start=\"1137\" data-end=\"1479\">Kolvkontakt ger indikering om d\u00f6rren \u00e4r st\u00e4ngd eller \u00f6ppen, vilket m\u00f6jligg\u00f6r integration med passersystem. Den \u00e4r \u00e4ven knacks\u00e4krad och utrustad med skyddsdiod.<\/p>\n<p class=\"\" data-start=\"1481\" data-end=\"1507\"><strong data-start=\"1481\" data-end=\"1507\">Egenskaper &amp; F\u00f6rdelar:<\/strong><\/p>\n<ul data-start=\"1508\" data-end=\"1821\">\n<li class=\"\" data-start=\"1508\" data-end=\"1544\">\n<p class=\"\" data-start=\"1510\" data-end=\"1544\">Omv\u00e4nd funktion (ol\u00e5st utan str\u00f6m)<\/p>\n<\/li>\n<li class=\"\" data-start=\"1545\" data-end=\"1590\">\n<p class=\"\" data-start=\"1547\" data-end=\"1590\">HPR\u00ae-teknik \u2013 \u00f6ppnar trots 250 kg listtryck<\/p>\n<\/li>\n<li class=\"\" data-start=\"1591\" data-end=\"1619\">\n<p class=\"\" data-start=\"1593\" data-end=\"1619\">Kolvkontakt f\u00f6r d\u00f6rrstatus<\/p>\n<\/li>\n<li class=\"\" data-start=\"1620\" data-end=\"1654\">\n<p class=\"\" data-start=\"1622\" data-end=\"1654\">Kompakt design: endast 90 mm h\u00f6g<\/p>\n<\/li>\n<li class=\"\" data-start=\"1655\" data-end=\"1681\">\n<p class=\"\" data-start=\"1657\" data-end=\"1681\">Bryth\u00e5llfasthet 1 200 kg<\/p>\n<\/li>\n<li class=\"\" data-start=\"1682\" data-end=\"1719\">\n<p class=\"\" data-start=\"1684\" data-end=\"1719\">Testad f\u00f6r 1 500 000 \u00f6ppningscykler<\/p>\n<\/li>\n<li class=\"\" data-start=\"1720\" data-end=\"1752\">\n<p class=\"\" data-start=\"1722\" data-end=\"1752\">Knacks\u00e4krad och med skyddsdiod<\/p>\n<\/li>\n<li class=\"\" data-start=\"1753\" data-end=\"1791\">\n<p class=\"\" data-start=\"1755\" data-end=\"1791\">Passar b\u00e5de h\u00f6ger- och v\u00e4nsterd\u00f6rrar<\/p>\n<\/li>\n<li class=\"\" data-start=\"1792\" data-end=\"1821\">\n<p class=\"\" data-start=\"1794\" data-end=\"1821\">F\u00f6r enkel- och dubbelfall\u00e5s<\/p>\n<\/li>\n<\/ul>\n<p class=\"\" data-start=\"1823\" data-end=\"1979\"><strong data-start=\"1823\" data-end=\"1846\">Areas of use:<\/strong><br data-start=\"1846\" data-end=\"1849\" \/>L\u00e4mplig f\u00f6r offentliga lokaler, kontor, innerd\u00f6rrar eller utrymningsv\u00e4gar d\u00e4r h\u00f6g drifts\u00e4kerhet och l\u00e5ga bullerniv\u00e5er efterfr\u00e5gas.<\/p>\n<p class=\"\" data-start=\"1981\" data-end=\"2010\"><strong data-start=\"1981\" data-end=\"2010\">Tekniska Specifikationer:<\/strong><\/p>\n<ul data-start=\"2011\" data-end=\"2386\">\n<li class=\"\" data-start=\"2011\" data-end=\"2049\">\n<p class=\"\" data-start=\"2013\" data-end=\"2049\">Driftsp\u00e4nning: 24 V DC (21,6\u201327,6 V)<\/p>\n<\/li>\n<li class=\"\" data-start=\"2050\" data-end=\"2096\">\n<p class=\"\" data-start=\"2052\" data-end=\"2096\">Str\u00f6mf\u00f6rbrukning: 110 mA (ol\u00e5st), max 300 mA<\/p>\n<\/li>\n<li class=\"\" data-start=\"2097\" data-end=\"2144\">\n<p class=\"\" data-start=\"2099\" data-end=\"2144\">Kolvkontakt: Mikrobrytare, max. 30 V DC \/ 1 A<\/p>\n<\/li>\n<li class=\"\" data-start=\"2145\" data-end=\"2184\">\n<p class=\"\" data-start=\"2147\" data-end=\"2184\">D\u00f6rrh\u00e4ngning: H\u00f6ger\/V\u00e4nster (v\u00e4ndbar)<\/p>\n<\/li>\n<li class=\"\" data-start=\"2185\" data-end=\"2216\">\n<p class=\"\" data-start=\"2187\" data-end=\"2216\">M\u00e5tt (BxDxH): 25 x 28 x 90 mm<\/p>\n<\/li>\n<li class=\"\" data-start=\"2217\" data-end=\"2243\">\n<p class=\"\" data-start=\"2219\" data-end=\"2243\">Bryth\u00e5llfasthet: 1200 kg<\/p>\n<\/li>\n<li class=\"\" data-start=\"2244\" data-end=\"2263\">\n<p class=\"\" data-start=\"2246\" data-end=\"2263\">Listtryck: 250 kg<\/p>\n<\/li>\n<li class=\"\" data-start=\"2264\" data-end=\"2299\">\n<p class=\"\" data-start=\"2266\" data-end=\"2299\">L\u00e5styp: Enkel- eller dubbelfall\u00e5s<\/p>\n<\/li>\n<li class=\"\" data-start=\"2300\" data-end=\"2328\">\n<p class=\"\" data-start=\"2302\" data-end=\"2328\">F\u00e4rg\/Ytbehandling: Rostfri<\/p>\n<\/li>\n<li class=\"\" data-start=\"2329\" data-end=\"2346\">\n<p class=\"\" data-start=\"2331\" data-end=\"2346\">Kabel: Ing\u00e5r ej<\/p>\n<\/li>\n<li class=\"\" data-start=\"2347\" data-end=\"2386\">\n<p class=\"\" data-start=\"2349\" data-end=\"2386\">Bed\u00f6mningar: SundaHus, Byggvarubed\u00f6md<\/p>\n<\/li>\n<\/ul>","protected":false},"excerpt":{"rendered":"<p>H\u00e4r kan se vilka stolpar och modeller som passar ihop fr\u00e5n STEP sortimentet av Elslutbleck.<\/p>\n<h5><strong><a href=\"https:\/\/steplock.com\/sv\/stolpguide\/#!?lang=sv&amp;blog_id=1&amp;paged=1&amp;number=50\" target=\"_blank\" rel=\"noopener\">STEP Stolpguide\u00a0<\/a><\/strong><\/h5>\n<h5><strong><a href=\"https:\/\/steplock.com\/sv\/projekteringsguide\/#!?lang=sv&amp;blog_id=1&amp;paged=1&amp;number=999\" target=\"_blank\" rel=\"noopener\">STEP projekteringsguide<\/a><\/strong><\/h5>","protected":false},"featured_media":81723,"template":"","meta":{"_acf_changed":false},"product_brand":[],"product_cat":[2313],"product_tag":[3421,3425],"class_list":{"0":"post-61095","1":"product","2":"type-product","3":"status-publish","4":"has-post-thumbnail","6":"product_cat-step-elslutbleck","7":"product_tag-24v","8":"product_tag-omvand","9":"product_shipping_class-tunga-paket","10":"pa_brands-step","11":"tm-no-options","13":"first","14":"instock","15":"sale","16":"taxable","17":"shipping-taxable","18":"product-type-simple"},"acf":[],"_links":{"self":[{"href":"https:\/\/stonehouse.se\/en\/wp-json\/wp\/v2\/product\/61095","targetHints":{"allow":["GET"]}}],"collection":[{"href":"https:\/\/stonehouse.se\/en\/wp-json\/wp\/v2\/product"}],"about":[{"href":"https:\/\/stonehouse.se\/en\/wp-json\/wp\/v2\/types\/product"}],"wp:featuredmedia":[{"embeddable":true,"href":"https:\/\/stonehouse.se\/en\/wp-json\/wp\/v2\/media\/81723"}],"wp:attachment":[{"href":"https:\/\/stonehouse.se\/en\/wp-json\/wp\/v2\/media?parent=61095"}],"wp:term":[{"taxonomy":"product_brand","embeddable":true,"href":"https:\/\/stonehouse.se\/en\/wp-json\/wp\/v2\/product_brand?post=61095"},{"taxonomy":"product_cat","embeddable":true,"href":"https:\/\/stonehouse.se\/en\/wp-json\/wp\/v2\/product_cat?post=61095"},{"taxonomy":"product_tag","embeddable":true,"href":"https:\/\/stonehouse.se\/en\/wp-json\/wp\/v2\/product_tag?post=61095"}],"curies":[{"name":"wp","href":"https:\/\/api.w.org\/{rel}","templated":true}]}}