
{"id":61102,"date":"2023-09-26T13:10:20","date_gmt":"2023-09-26T11:10:20","guid":{"rendered":"https:\/\/stonehouse.se\/?post_type=product&#038;p=61102"},"modified":"2026-04-08T16:02:09","modified_gmt":"2026-04-08T14:02:09","slug":"elslutbleck-step-18-vanster-rattvand-24v-9mm-regel-connect","status":"publish","type":"product","link":"https:\/\/stonehouse.se\/en\/product\/elslutbleck-step-18-vanster-rattvand-24v-9mm-regel-connect\/","title":{"rendered":"Elslutbleck STEP 18 V\u00e4nster R\u00e4ttv\u00e4nd 24V 9mm Regel Connect"},"content":{"rendered":"<h1>Elslutbleck STEP 18 V\u00e4nster R\u00e4ttv\u00e4nd 24V 9mm Regel Connect<\/h1>\n<p>STEP 18 Secure \u00e4r ett h\u00f6gs\u00e4kerhetselslutbleck med r\u00e4ttv\u00e4nd funktion f\u00f6r v\u00e4nsterh\u00e4ngda d\u00f6rrar. Med snabb l\u00e5sning, 9 mm regelfunktion och 5 m kabel passar den d\u00f6rrmilj\u00f6er med h\u00f6ga krav som s\u00e4kerhetsd\u00f6rrar och utrymningsv\u00e4gar.Elslutbleck STEP 18 Secure \u00e4r ett elektriskt h\u00f6gs\u00e4kerhetsl\u00e5s utformat f\u00f6r milj\u00f6er med extrema krav p\u00e5 b\u00e5de intr\u00e5ngsskydd och drifts\u00e4kerhet.Det \u00e4r optimerat f\u00f6r regell\u00e5s med 9 mm kolv inom Connect-serien och har en r\u00e4ttv\u00e4nd funktion \u2013 det vill s\u00e4ga, l\u00e5st i str\u00f6ml\u00f6st l\u00e4ge \u2013 vilket ger \u00f6kad s\u00e4kerhet.<\/p>\n<p class=\"\" data-start=\"861\" data-end=\"1122\">Med en bryth\u00e5llfasthet p\u00e5 hela 15 kN (ca 1500 kg) \u00e4r STEP 18 Secure godk\u00e4nt f\u00f6r s\u00e4kerhetsd\u00f6rrar upp till RC4 samt brandklassat E\/EI60.<\/p>\n<p class=\"\" data-start=\"861\" data-end=\"1122\">Den kraftiga konstruktionen \u00e4r t\u00e5lig nog f\u00f6r d\u00f6rrar med frekvent anv\u00e4ndning, som i banker, f\u00e4ngelser och andra h\u00f6griskmilj\u00f6er.<\/p>\n<p class=\"\" data-start=\"1124\" data-end=\"1431\">Produktens integrerade kolv- och sp\u00e4rrkontakter m\u00f6jligg\u00f6r statusindikering (l\u00e5st\/ol\u00e5st, \u00f6ppen\/st\u00e4ngd) f\u00f6r anslutning till passersystem och larm.<\/p>\n<p class=\"\" data-start=\"1124\" data-end=\"1431\">Trots listtryck upp till 500 kg fungerar \u00f6ppningen felfritt. Produkten \u00e4r dessutom knacks\u00e4krad, f\u00f6rsedd med skyddsdiod och levereras med 5 meter halogenfri kabel.<\/p>\n<p class=\"\" data-start=\"1433\" data-end=\"1459\"><strong data-start=\"1433\" data-end=\"1459\">Egenskaper &amp; F\u00f6rdelar:<\/strong><\/p>\n<ul data-start=\"1460\" data-end=\"1727\">\n<li class=\"\" data-start=\"1460\" data-end=\"1497\">\n<p class=\"\" data-start=\"1462\" data-end=\"1497\">R\u00e4ttv\u00e4nd funktion (l\u00e5st utan str\u00f6m)<\/p>\n<\/li>\n<li class=\"\" data-start=\"1498\" data-end=\"1527\">\n<p class=\"\" data-start=\"1500\" data-end=\"1527\">Passar v\u00e4nsterh\u00e4ngda d\u00f6rrar<\/p>\n<\/li>\n<li class=\"\" data-start=\"1528\" data-end=\"1567\">\n<p class=\"\" data-start=\"1530\" data-end=\"1567\">9 mm regelfunktion f\u00f6r Connect-serien<\/p>\n<\/li>\n<li class=\"\" data-start=\"1568\" data-end=\"1613\">\n<p class=\"\" data-start=\"1570\" data-end=\"1613\">Kolv- och sp\u00e4rrkontakt f\u00f6r statusindikering<\/p>\n<\/li>\n<li class=\"\" data-start=\"1614\" data-end=\"1637\">\n<p class=\"\" data-start=\"1616\" data-end=\"1637\">Bryth\u00e5llfasthet 15 kN<\/p>\n<\/li>\n<li class=\"\" data-start=\"1638\" data-end=\"1659\">\n<p class=\"\" data-start=\"1640\" data-end=\"1659\">Brandklassad E\/EI60<\/p>\n<\/li>\n<li class=\"\" data-start=\"1660\" data-end=\"1689\">\n<p class=\"\" data-start=\"1662\" data-end=\"1689\">Skyddsdiod och knacks\u00e4kring<\/p>\n<\/li>\n<li class=\"\" data-start=\"1690\" data-end=\"1727\">\n<p class=\"\" data-start=\"1692\" data-end=\"1727\">5 meter halogenfri anslutningskabel<\/p>\n<\/li>\n<\/ul>\n<p class=\"\" data-start=\"1729\" data-end=\"1907\"><strong data-start=\"1729\" data-end=\"1752\">Areas of use:<\/strong><br data-start=\"1752\" data-end=\"1755\" \/>Perfekt f\u00f6r h\u00f6gs\u00e4kerhetsmilj\u00f6er som f\u00e4ngelser, banker, myndighetslokaler och andra utrymmen med h\u00f6ga krav p\u00e5 s\u00e4kerhet och tillf\u00f6rlitlig passagekontroll.<\/p>\n<p class=\"\" data-start=\"1909\" data-end=\"1938\"><strong data-start=\"1909\" data-end=\"1938\">Tekniska Specifikationer:<\/strong><\/p>\n<ul data-start=\"1939\" data-end=\"2234\">\n<li class=\"\" data-start=\"1939\" data-end=\"1977\">\n<p class=\"\" data-start=\"1941\" data-end=\"1977\">Driftsp\u00e4nning: 24 V DC (21,6\u201327,6 V)<\/p>\n<\/li>\n<li class=\"\" data-start=\"1978\" data-end=\"2010\">\n<p class=\"\" data-start=\"1980\" data-end=\"2010\">Str\u00f6mf\u00f6rbrukning: 313 mA ol\u00e5st<\/p>\n<\/li>\n<li class=\"\" data-start=\"2011\" data-end=\"2034\">\n<p class=\"\" data-start=\"2013\" data-end=\"2034\">D\u00f6rrh\u00e4ngning: V\u00e4nster<\/p>\n<\/li>\n<li class=\"\" data-start=\"2035\" data-end=\"2056\">\n<p class=\"\" data-start=\"2037\" data-end=\"2056\">Kabell\u00e4ngd: 5 meter<\/p>\n<\/li>\n<li class=\"\" data-start=\"2057\" data-end=\"2083\">\n<p class=\"\" data-start=\"2059\" data-end=\"2083\">Bryth\u00e5llfasthet: 1500 kg<\/p>\n<\/li>\n<li class=\"\" data-start=\"2084\" data-end=\"2103\">\n<p class=\"\" data-start=\"2086\" data-end=\"2103\">Listtryck: 500 kg<\/p>\n<\/li>\n<li class=\"\" data-start=\"2104\" data-end=\"2136\">\n<p class=\"\" data-start=\"2106\" data-end=\"2136\">M\u00e5tt (BxDxH): 35 x 40 x 230 mm<\/p>\n<\/li>\n<li class=\"\" data-start=\"2137\" data-end=\"2165\">\n<p class=\"\" data-start=\"2139\" data-end=\"2165\">F\u00e4rg\/Ytbehandling: Rostfri<\/p>\n<\/li>\n<li class=\"\" data-start=\"2166\" data-end=\"2194\">\n<p class=\"\" data-start=\"2168\" data-end=\"2194\">L\u00e5styp: Hakregel, Regell\u00e5s<\/p>\n<\/li>\n<li class=\"\" data-start=\"2195\" data-end=\"2234\">\n<p class=\"\" data-start=\"2197\" data-end=\"2234\">Bed\u00f6mningar: SundaHus, Byggvarubed\u00f6md<\/p>\n<\/li>\n<\/ul>","protected":false},"excerpt":{"rendered":"<p>H\u00e4r kan se vilka stolpar och modeller som passar ihop fr\u00e5n STEP sortimentet av Elslutbleck.<\/p>\n<h5><strong><a href=\"https:\/\/steplock.com\/sv\/stolpguide\/#!?lang=sv&amp;blog_id=1&amp;paged=1&amp;number=50\" target=\"_blank\" rel=\"noopener\">STEP Stolpguide\u00a0<\/a><\/strong><\/h5>\n<h5><strong><a href=\"https:\/\/steplock.com\/sv\/projekteringsguide\/#!?lang=sv&amp;blog_id=1&amp;paged=1&amp;number=999\" target=\"_blank\" rel=\"noopener\">STEP projekteringsguide<\/a><\/strong><\/h5>","protected":false},"featured_media":81864,"template":"","meta":{"_acf_changed":false},"product_brand":[],"product_cat":[2313],"product_tag":[3421,3424],"class_list":{"0":"post-61102","1":"product","2":"type-product","3":"status-publish","4":"has-post-thumbnail","6":"product_cat-step-elslutbleck","7":"product_tag-24v","8":"product_tag-rattvand","9":"product_shipping_class-tunga-paket","10":"pa_brands-step","11":"tm-no-options","13":"first","14":"instock","15":"sale","16":"taxable","17":"shipping-taxable","18":"product-type-simple"},"acf":[],"_links":{"self":[{"href":"https:\/\/stonehouse.se\/en\/wp-json\/wp\/v2\/product\/61102","targetHints":{"allow":["GET"]}}],"collection":[{"href":"https:\/\/stonehouse.se\/en\/wp-json\/wp\/v2\/product"}],"about":[{"href":"https:\/\/stonehouse.se\/en\/wp-json\/wp\/v2\/types\/product"}],"wp:featuredmedia":[{"embeddable":true,"href":"https:\/\/stonehouse.se\/en\/wp-json\/wp\/v2\/media\/81864"}],"wp:attachment":[{"href":"https:\/\/stonehouse.se\/en\/wp-json\/wp\/v2\/media?parent=61102"}],"wp:term":[{"taxonomy":"product_brand","embeddable":true,"href":"https:\/\/stonehouse.se\/en\/wp-json\/wp\/v2\/product_brand?post=61102"},{"taxonomy":"product_cat","embeddable":true,"href":"https:\/\/stonehouse.se\/en\/wp-json\/wp\/v2\/product_cat?post=61102"},{"taxonomy":"product_tag","embeddable":true,"href":"https:\/\/stonehouse.se\/en\/wp-json\/wp\/v2\/product_tag?post=61102"}],"curies":[{"name":"wp","href":"https:\/\/api.w.org\/{rel}","templated":true}]}}