
{"id":61110,"date":"2023-09-26T13:10:22","date_gmt":"2023-09-26T11:10:22","guid":{"rendered":"https:\/\/stonehouse.se\/?post_type=product&#038;p=61110"},"modified":"2026-04-08T16:07:30","modified_gmt":"2026-04-08T14:07:30","slug":"elslutbleck-step-18-vanster-rattvand-24v-for-assa-511","status":"publish","type":"product","link":"https:\/\/stonehouse.se\/en\/product\/elslutbleck-step-18-vanster-rattvand-24v-for-assa-511\/","title":{"rendered":"Elslutbleck STEP 18 V\u00e4nster R\u00e4ttv\u00e4nd 24V f\u00f6r Assa 511"},"content":{"rendered":"<h1>Elslutbleck STEP 18 V\u00e4nster R\u00e4ttv\u00e4nd 24V f\u00f6r Assa 511<\/h1>\n<p>STEP 18 Secure \u00e4r ett h\u00f6gs\u00e4kerhets elslutbleck f\u00f6r Assa 511 hakregell\u00e5s, designat f\u00f6r v\u00e4nsterh\u00e4ngda d\u00f6rrar. Brandgodk\u00e4nt upp till E\/EI 60 och med en bryth\u00e5llfasthet p\u00e5 1500 kg, perfekt f\u00f6r h\u00f6gs\u00e4kerhetsmilj\u00f6er.Elslutbleck<\/p>\n<p class=\"\" data-start=\"380\" data-end=\"770\">STEP 18 Secure \u00e4r ett h\u00f6gkvalitativt elslutbleck som erbjuder h\u00f6gsta s\u00e4kerhet f\u00f6r d\u00f6rrar med h\u00f6g in- och utpasseringstrafik.<\/p>\n<p class=\"\" data-start=\"380\" data-end=\"770\">Det \u00e4r s\u00e4rskilt designat f\u00f6r Assa 511 hakregell\u00e5s med 10 mm kolv och passar f\u00f6r v\u00e4nsterh\u00e4ngda d\u00f6rrar.<\/p>\n<p class=\"\" data-start=\"380\" data-end=\"770\">Med en slitstark och snabb l\u00e5sning och uppl\u00e5sning \u00e4r det idealiskt f\u00f6r s\u00e4kerhetsd\u00f6rrar som uts\u00e4tts f\u00f6r frekventa \u00f6ppningar och st\u00e4ngningar.<\/p>\n<p class=\"\" data-start=\"772\" data-end=\"1171\">STEP 18 Secure \u00e4r godk\u00e4nt f\u00f6r s\u00e4kerhetsklass RC4 och brandgodk\u00e4nt upp till E\/EI 60, vilket g\u00f6r det till en p\u00e5litlig l\u00f6sning f\u00f6r s\u00e4kerhetsd\u00f6rrar i milj\u00f6er med h\u00f6ga krav som f\u00e4ngelser, banker och andra s\u00e4kerhetsanl\u00e4ggningar.<\/p>\n<p class=\"\" data-start=\"772\" data-end=\"1171\">Den inbyggda kolvkontakten ger indikation f\u00f6r d\u00f6rrstatus (st\u00e4ngd\/\u00f6ppen) samt l\u00e5sstatus (l\u00e5st\/ol\u00e5st), vilket g\u00f6r det enkelt att integrera med passersystem och larmanl\u00e4ggningar.<\/p>\n<p class=\"\" data-start=\"1173\" data-end=\"1457\">Med en bryth\u00e5llfasthet p\u00e5 15 kN (ca 1500 kg) och f\u00f6rm\u00e5ga att \u00f6ppna trots ett listtryck p\u00e5 5 kN (ca 500 kg) i b\u00e5de r\u00e4ttv\u00e4nd och omv\u00e4nd funktion, erbjuder STEP 18 Secure exceptionell s\u00e4kerhet och p\u00e5litlighet.<\/p>\n<p class=\"\" data-start=\"1173\" data-end=\"1457\">Dessutom ing\u00e5r en 5 meter halogenfri anslutningskabel f\u00f6r enkel installation.<\/p>\n<p class=\"\" data-start=\"1459\" data-end=\"1474\"><strong data-start=\"1459\" data-end=\"1474\">Egenskaper:<\/strong><\/p>\n<ul data-start=\"1475\" data-end=\"1947\">\n<li class=\"\" data-start=\"1475\" data-end=\"1516\">\n<p class=\"\" data-start=\"1477\" data-end=\"1516\">F\u00f6r hakregell\u00e5s Assa 511 med 10 mm kolv<\/p>\n<\/li>\n<li class=\"\" data-start=\"1517\" data-end=\"1560\">\n<p class=\"\" data-start=\"1519\" data-end=\"1560\">R\u00e4ttv\u00e4nd funktion (l\u00e5st i str\u00f6ml\u00f6st l\u00e4ge)<\/p>\n<\/li>\n<li class=\"\" data-start=\"1561\" data-end=\"1587\">\n<p class=\"\" data-start=\"1563\" data-end=\"1587\">F\u00f6r v\u00e4nsterh\u00e4ngda d\u00f6rrar<\/p>\n<\/li>\n<li class=\"\" data-start=\"1588\" data-end=\"1619\">\n<p class=\"\" data-start=\"1590\" data-end=\"1619\">Brandgodk\u00e4nd upp till E\/EI 60<\/p>\n<\/li>\n<li class=\"\" data-start=\"1620\" data-end=\"1722\">\n<p class=\"\" data-start=\"1622\" data-end=\"1722\">Indikering f\u00f6r d\u00f6rrstatus (st\u00e4ngd\/\u00f6ppen) och l\u00e5sstatus (l\u00e5st\/ol\u00e5st) via kolvkontakt och sp\u00e4rrkontakt<\/p>\n<\/li>\n<li class=\"\" data-start=\"1723\" data-end=\"1761\">\n<p class=\"\" data-start=\"1725\" data-end=\"1761\">Skyddsdiod inbyggd f\u00f6r \u00f6kad s\u00e4kerhet<\/p>\n<\/li>\n<li class=\"\" data-start=\"1762\" data-end=\"1801\">\n<p class=\"\" data-start=\"1764\" data-end=\"1801\">Bryth\u00e5llfasthet p\u00e5 15 kN (ca 1500 kg)<\/p>\n<\/li>\n<li class=\"\" data-start=\"1802\" data-end=\"1882\">\n<p class=\"\" data-start=\"1804\" data-end=\"1882\">\u00d6ppnar trots listtryck p\u00e5 5 kN (ca 500 kg) i b\u00e5de r\u00e4ttv\u00e4nd och omv\u00e4nd funktion<\/p>\n<\/li>\n<li class=\"\" data-start=\"1883\" data-end=\"1947\">\n<p class=\"\" data-start=\"1885\" data-end=\"1947\">Knacks\u00e4krad och inkluderar 5 meter halogenfri anslutningskabel<\/p>\n<\/li>\n<\/ul>\n<p class=\"\" data-start=\"1949\" data-end=\"1978\"><strong data-start=\"1949\" data-end=\"1978\">Tekniska specifikationer:<\/strong><\/p>\n<ul data-start=\"1979\" data-end=\"2619\">\n<li class=\"\" data-start=\"1979\" data-end=\"2070\">\n<p class=\"\" data-start=\"1981\" data-end=\"2070\">Sp\u00e4nningsmatning: 12 V DC (+15% -10%) 639 mA ol\u00e5st eller 24 V DC (+15% -10%) 313 mA ol\u00e5st<\/p>\n<\/li>\n<li class=\"\" data-start=\"2071\" data-end=\"2134\">\n<p class=\"\" data-start=\"2073\" data-end=\"2134\">Kolvkontakt: Mikrobrytare enpoligt v\u00e4xlande, max. 30 V DC, 1A<\/p>\n<\/li>\n<li class=\"\" data-start=\"2135\" data-end=\"2175\">\n<p class=\"\" data-start=\"2137\" data-end=\"2175\">Durability: Grade Y enligt SS-EN 14846<\/p>\n<\/li>\n<li class=\"\" data-start=\"2176\" data-end=\"2215\">\n<p class=\"\" data-start=\"2178\" data-end=\"2215\">Corrosion: Grade M enligt SS-EN 14846<\/p>\n<\/li>\n<li class=\"\" data-start=\"2216\" data-end=\"2254\">\n<p class=\"\" data-start=\"2218\" data-end=\"2254\">Security: Grade 7 enligt SS-EN 14846<\/p>\n<\/li>\n<li class=\"\" data-start=\"2255\" data-end=\"2345\">\n<p class=\"\" data-start=\"2257\" data-end=\"2345\">Security electrical manipulation: Grade 3 (r\u00e4ttv\u00e4nd) Grade 1 (omv\u00e4nd) enligt SS-EN 14846<\/p>\n<\/li>\n<li class=\"\" data-start=\"2346\" data-end=\"2367\">\n<p class=\"\" data-start=\"2348\" data-end=\"2367\">Brandtestad: 60 min<\/p>\n<\/li>\n<li class=\"\" data-start=\"2368\" data-end=\"2394\">\n<p class=\"\" data-start=\"2370\" data-end=\"2394\">Bryth\u00e5llfasthet: 1500 kg<\/p>\n<\/li>\n<li class=\"\" data-start=\"2395\" data-end=\"2418\">\n<p class=\"\" data-start=\"2397\" data-end=\"2418\">D\u00f6rrh\u00e4ngning: V\u00e4nster<\/p>\n<\/li>\n<li class=\"\" data-start=\"2419\" data-end=\"2473\">\n<p class=\"\" data-start=\"2421\" data-end=\"2473\">Kabel ing\u00e5r: Ja, 5 meter halogenfri anslutningskabel<\/p>\n<\/li>\n<li class=\"\" data-start=\"2474\" data-end=\"2493\">\n<p class=\"\" data-start=\"2476\" data-end=\"2493\">Listtryck: 500 kg<\/p>\n<\/li>\n<li class=\"\" data-start=\"2494\" data-end=\"2525\">\n<p class=\"\" data-start=\"2496\" data-end=\"2525\">L\u00e5styp: Hakregell\u00e5s, Regell\u00e5s<\/p>\n<\/li>\n<li class=\"\" data-start=\"2526\" data-end=\"2580\">\n<p class=\"\" data-start=\"2528\" data-end=\"2580\">Produktm\u00e5tt: Bredd: 35 mm, Djup: 40 mm, H\u00f6jd: 230 mm<\/p>\n<\/li>\n<li class=\"\" data-start=\"2581\" data-end=\"2598\">\n<p class=\"\" data-start=\"2583\" data-end=\"2598\">Kolvkontakt: Ja<\/p>\n<\/li>\n<li class=\"\" data-start=\"2599\" data-end=\"2619\">\n<p class=\"\" data-start=\"2601\" data-end=\"2619\">Sp\u00e4nning AC\/DC: DC<\/p>\n<\/li>\n<\/ul>","protected":false},"excerpt":{"rendered":"<p>H\u00e4r kan se vilka stolpar och modeller som passar ihop fr\u00e5n STEP sortimentet av Elslutbleck.<\/p>\n<h5><strong><a href=\"https:\/\/steplock.com\/sv\/stolpguide\/#!?lang=sv&amp;blog_id=1&amp;paged=1&amp;number=50\" target=\"_blank\" rel=\"noopener\">STEP Stolpguide\u00a0<\/a><\/strong><\/h5>\n<h5><strong><a href=\"https:\/\/steplock.com\/sv\/projekteringsguide\/#!?lang=sv&amp;blog_id=1&amp;paged=1&amp;number=999\" target=\"_blank\" rel=\"noopener\">STEP projekteringsguide<\/a><\/strong><\/h5>","protected":false},"featured_media":82177,"template":"","meta":{"_acf_changed":false},"product_brand":[],"product_cat":[2313],"product_tag":[3421,3424],"class_list":{"0":"post-61110","1":"product","2":"type-product","3":"status-publish","4":"has-post-thumbnail","6":"product_cat-step-elslutbleck","7":"product_tag-24v","8":"product_tag-rattvand","9":"product_shipping_class-tunga-paket","10":"pa_brands-step","11":"tm-no-options","13":"first","14":"instock","15":"sale","16":"taxable","17":"shipping-taxable","18":"product-type-simple"},"acf":[],"_links":{"self":[{"href":"https:\/\/stonehouse.se\/en\/wp-json\/wp\/v2\/product\/61110","targetHints":{"allow":["GET"]}}],"collection":[{"href":"https:\/\/stonehouse.se\/en\/wp-json\/wp\/v2\/product"}],"about":[{"href":"https:\/\/stonehouse.se\/en\/wp-json\/wp\/v2\/types\/product"}],"wp:featuredmedia":[{"embeddable":true,"href":"https:\/\/stonehouse.se\/en\/wp-json\/wp\/v2\/media\/82177"}],"wp:attachment":[{"href":"https:\/\/stonehouse.se\/en\/wp-json\/wp\/v2\/media?parent=61110"}],"wp:term":[{"taxonomy":"product_brand","embeddable":true,"href":"https:\/\/stonehouse.se\/en\/wp-json\/wp\/v2\/product_brand?post=61110"},{"taxonomy":"product_cat","embeddable":true,"href":"https:\/\/stonehouse.se\/en\/wp-json\/wp\/v2\/product_cat?post=61110"},{"taxonomy":"product_tag","embeddable":true,"href":"https:\/\/stonehouse.se\/en\/wp-json\/wp\/v2\/product_tag?post=61110"}],"curies":[{"name":"wp","href":"https:\/\/api.w.org\/{rel}","templated":true}]}}