
{"id":61113,"date":"2023-09-26T13:10:24","date_gmt":"2023-09-26T11:10:24","guid":{"rendered":"https:\/\/stonehouse.se\/?post_type=product&#038;p=61113"},"modified":"2026-04-08T16:01:55","modified_gmt":"2026-04-08T14:01:55","slug":"elslutbleck-step-90-omstallbar-24v","status":"publish","type":"product","link":"https:\/\/stonehouse.se\/en\/product\/elslutbleck-step-90-omstallbar-24v\/","title":{"rendered":"Elslutbleck STEP 90 Omst\u00e4llbar 24V"},"content":{"rendered":"<h1>Elslutbleck STEP 90 Omst\u00e4llbar 24V<\/h1>\n<p>STEP 90 \u00e4r ett brandgodk\u00e4nt elslutbleck med omst\u00e4llbar funktion och h\u00f6g s\u00e4kerhet. Utrustat med HPR\u00ae-teknik och bryth\u00e5llfasthet p\u00e5 1 200 kg, designat f\u00f6r att klara h\u00f6g \u00f6ppningsfrekvens och brandmotst\u00e5nd upp till E\/EI120.Elslutbleck<\/p>\n<p class=\"\" data-start=\"368\" data-end=\"786\">STEP 90 Preload HPR \u00e4r ett h\u00f6gkvalitativt elslutbleck som kombinerar minimala m\u00e5tt med \u00f6verl\u00e4gsen s\u00e4kerhet och l\u00e5ng livsl\u00e4ngd.<\/p>\n<p class=\"\" data-start=\"368\" data-end=\"786\">Det \u00e4r brandgodk\u00e4nt f\u00f6r anv\u00e4ndning upp till E\/EI120 enligt SS-EN 14846:2008 och har genomg\u00e5tt rigor\u00f6sa tester f\u00f6r att klara brandmotst\u00e5nd och s\u00e4kerst\u00e4lla p\u00e5litlig drift.<\/p>\n<p class=\"\" data-start=\"368\" data-end=\"786\">Den patenterade HPR\u00ae-tekniken g\u00f6r att d\u00f6rren \u00f6ppnas \u00e4ven under h\u00f6gt listtryck p\u00e5 upp till 250 kg.<\/p>\n<p class=\"\" data-start=\"788\" data-end=\"1116\">Den omst\u00e4llbara funktionen g\u00f6r att STEP 90 kan vara antingen r\u00e4ttv\u00e4nd eller omv\u00e4nd (l\u00e5st eller ol\u00e5st i str\u00f6ml\u00f6st l\u00e4ge), vilket g\u00f6r det flexibelt f\u00f6r installation i olika d\u00f6rrsystem.<\/p>\n<p class=\"\" data-start=\"788\" data-end=\"1116\">Med en bryth\u00e5llfasthet p\u00e5 1 200 kg (ca 12 kN) och fabrikstestad f\u00f6r upp till 1 500 000 cykler, erbjuder STEP 90 l\u00e5ngvarig och drifts\u00e4ker funktion.<\/p>\n<p class=\"\" data-start=\"1118\" data-end=\"1133\"><strong data-start=\"1118\" data-end=\"1133\">Egenskaper:<\/strong><\/p>\n<ul data-start=\"1134\" data-end=\"1634\">\n<li class=\"\" data-start=\"1134\" data-end=\"1213\">\n<p class=\"\" data-start=\"1136\" data-end=\"1213\">Omst\u00e4llbar r\u00e4ttv\u00e4nd eller omv\u00e4nd funktion (l\u00e5st eller ol\u00e5st i str\u00f6ml\u00f6st l\u00e4ge)<\/p>\n<\/li>\n<li class=\"\" data-start=\"1214\" data-end=\"1287\">\n<p class=\"\" data-start=\"1216\" data-end=\"1287\">Certifierad f\u00f6r brandmotst\u00e5nd upp till E\/EI 120 enligt SS-EN 14846:2008<\/p>\n<\/li>\n<li class=\"\" data-start=\"1288\" data-end=\"1336\">\n<p class=\"\" data-start=\"1290\" data-end=\"1336\">Skyddsdiod inbyggd f\u00f6r \u00f6kad elektrisk s\u00e4kerhet<\/p>\n<\/li>\n<li class=\"\" data-start=\"1337\" data-end=\"1407\">\n<p class=\"\" data-start=\"1339\" data-end=\"1407\">HPR\u00ae-teknik garanterar \u00f6ppning trots listtryck p\u00e5 250 kg (ca 2,5 kN)<\/p>\n<\/li>\n<li class=\"\" data-start=\"1408\" data-end=\"1448\">\n<p class=\"\" data-start=\"1410\" data-end=\"1448\">Bryth\u00e5llfasthet p\u00e5 1 200 kg (ca 12 kN)<\/p>\n<\/li>\n<li class=\"\" data-start=\"1449\" data-end=\"1508\">\n<p class=\"\" data-start=\"1451\" data-end=\"1508\">Knacks\u00e4krad och v\u00e4ndbar f\u00f6r b\u00e5de h\u00f6ger- och v\u00e4nsterd\u00f6rrar<\/p>\n<\/li>\n<li class=\"\" data-start=\"1509\" data-end=\"1553\">\n<p class=\"\" data-start=\"1511\" data-end=\"1553\">Skruvh\u00e5l f\u00f6r snedst\u00e4llda skruvar i bakkant<\/p>\n<\/li>\n<li class=\"\" data-start=\"1554\" data-end=\"1634\">\n<p class=\"\" data-start=\"1556\" data-end=\"1634\">Passar f\u00f6r enkelfall\u00e5s och dubbelfall\u00e5s i Connect, Modul och Smalprofil-serien<\/p>\n<\/li>\n<\/ul>\n<p class=\"\" data-start=\"1636\" data-end=\"1665\"><strong data-start=\"1636\" data-end=\"1665\">Tekniska specifikationer:<\/strong><\/p>\n<ul data-start=\"1666\" data-end=\"2206\">\n<li class=\"\" data-start=\"1666\" data-end=\"1773\">\n<p class=\"\" data-start=\"1668\" data-end=\"1773\">Sp\u00e4nningsmatning: 12 V DC (+15% -10%) 220 mAh \/ max 600 mA eller 24 V DC (+15% -10%) 110 mAh \/ max 300 mA<\/p>\n<\/li>\n<li class=\"\" data-start=\"1774\" data-end=\"1814\">\n<p class=\"\" data-start=\"1776\" data-end=\"1814\">Durability: Grade X enligt SS-EN 14846<\/p>\n<\/li>\n<li class=\"\" data-start=\"1815\" data-end=\"1854\">\n<p class=\"\" data-start=\"1817\" data-end=\"1854\">Corrosion: Grade M enligt SS-EN 14846<\/p>\n<\/li>\n<li class=\"\" data-start=\"1855\" data-end=\"1893\">\n<p class=\"\" data-start=\"1857\" data-end=\"1893\">Security: Grade 3 enligt SS-EN 14846<\/p>\n<\/li>\n<li class=\"\" data-start=\"1894\" data-end=\"1956\">\n<p class=\"\" data-start=\"1896\" data-end=\"1956\">Security electrical manipulation: Grade 1 enligt SS-EN 14846<\/p>\n<\/li>\n<li class=\"\" data-start=\"1957\" data-end=\"1979\">\n<p class=\"\" data-start=\"1959\" data-end=\"1979\">Brandtestad: 120 min<\/p>\n<\/li>\n<li class=\"\" data-start=\"1980\" data-end=\"2006\">\n<p class=\"\" data-start=\"1982\" data-end=\"2006\">Bryth\u00e5llfasthet: 1200 kg<\/p>\n<\/li>\n<li class=\"\" data-start=\"2007\" data-end=\"2037\">\n<p class=\"\" data-start=\"2009\" data-end=\"2037\">D\u00f6rrh\u00e4ngning: H\u00f6ger, V\u00e4nster<\/p>\n<\/li>\n<li class=\"\" data-start=\"2038\" data-end=\"2056\">\n<p class=\"\" data-start=\"2040\" data-end=\"2056\">Kabel ing\u00e5r: Nej<\/p>\n<\/li>\n<li class=\"\" data-start=\"2057\" data-end=\"2076\">\n<p class=\"\" data-start=\"2059\" data-end=\"2076\">Listtryck: 250 kg<\/p>\n<\/li>\n<li class=\"\" data-start=\"2077\" data-end=\"2112\">\n<p class=\"\" data-start=\"2079\" data-end=\"2112\">L\u00e5styp: Enkelfall\u00e5s, Dubbelfall\u00e5s<\/p>\n<\/li>\n<li class=\"\" data-start=\"2113\" data-end=\"2166\">\n<p class=\"\" data-start=\"2115\" data-end=\"2166\">Produktm\u00e5tt: Bredd: 25 mm, Djup: 28 mm, H\u00f6jd: 90 mm<\/p>\n<\/li>\n<li class=\"\" data-start=\"2167\" data-end=\"2185\">\n<p class=\"\" data-start=\"2169\" data-end=\"2185\">Kolvkontakt: Nej<\/p>\n<\/li>\n<li class=\"\" data-start=\"2186\" data-end=\"2206\">\n<p class=\"\" data-start=\"2188\" data-end=\"2206\">Sp\u00e4nning AC\/DC: DC<\/p>\n<\/li>\n<\/ul>","protected":false},"excerpt":{"rendered":"<p>H\u00e4r kan se vilka stolpar och modeller som passar ihop fr\u00e5n STEP sortimentet av Elslutbleck.<\/p>\n<h5><strong><a href=\"https:\/\/steplock.com\/sv\/stolpguide\/#!?lang=sv&amp;blog_id=1&amp;paged=1&amp;number=50\" target=\"_blank\" rel=\"noopener\">STEP Stolpguide\u00a0<\/a><\/strong><\/h5>\n<h5><strong><a href=\"https:\/\/steplock.com\/sv\/projekteringsguide\/#!?lang=sv&amp;blog_id=1&amp;paged=1&amp;number=999\" target=\"_blank\" rel=\"noopener\">STEP projekteringsguide<\/a><\/strong><\/h5>","protected":false},"featured_media":81718,"template":"","meta":{"_acf_changed":false},"product_brand":[],"product_cat":[2313],"product_tag":[3421,3426],"class_list":{"0":"post-61113","1":"product","2":"type-product","3":"status-publish","4":"has-post-thumbnail","6":"product_cat-step-elslutbleck","7":"product_tag-24v","8":"product_tag-omstallbar-rattvand-omvand","9":"product_shipping_class-tunga-paket","10":"pa_brands-step","11":"tm-no-options","13":"first","14":"instock","15":"sale","16":"taxable","17":"shipping-taxable","18":"product-type-simple"},"acf":[],"_links":{"self":[{"href":"https:\/\/stonehouse.se\/en\/wp-json\/wp\/v2\/product\/61113","targetHints":{"allow":["GET"]}}],"collection":[{"href":"https:\/\/stonehouse.se\/en\/wp-json\/wp\/v2\/product"}],"about":[{"href":"https:\/\/stonehouse.se\/en\/wp-json\/wp\/v2\/types\/product"}],"wp:featuredmedia":[{"embeddable":true,"href":"https:\/\/stonehouse.se\/en\/wp-json\/wp\/v2\/media\/81718"}],"wp:attachment":[{"href":"https:\/\/stonehouse.se\/en\/wp-json\/wp\/v2\/media?parent=61113"}],"wp:term":[{"taxonomy":"product_brand","embeddable":true,"href":"https:\/\/stonehouse.se\/en\/wp-json\/wp\/v2\/product_brand?post=61113"},{"taxonomy":"product_cat","embeddable":true,"href":"https:\/\/stonehouse.se\/en\/wp-json\/wp\/v2\/product_cat?post=61113"},{"taxonomy":"product_tag","embeddable":true,"href":"https:\/\/stonehouse.se\/en\/wp-json\/wp\/v2\/product_tag?post=61113"}],"curies":[{"name":"wp","href":"https:\/\/api.w.org\/{rel}","templated":true}]}}