
{"id":61125,"date":"2023-09-26T13:10:28","date_gmt":"2023-09-26T11:10:28","guid":{"rendered":"https:\/\/stonehouse.se\/?post_type=product&#038;p=61125"},"modified":"2026-04-08T16:00:47","modified_gmt":"2026-04-08T14:00:47","slug":"elslutbleck-step-40-omvand-24v","status":"publish","type":"product","link":"https:\/\/stonehouse.se\/en\/product\/elslutbleck-step-40-omvand-24v\/","title":{"rendered":"Elslutbleck STEP 40 Omv\u00e4nd 24V"},"content":{"rendered":"<div><\/div>\n<div>\n<h1>Elslutbleck STEP 40 Omv\u00e4nd 24V<\/h1>\n<p>STEP 40 \u00e4r ett elslutbleck med omv\u00e4nd funktion, designat f\u00f6r s\u00e4ker dagl\u00e5sning. Utrustat med HPR\u00ae-teknik och en bryth\u00e5llfasthet p\u00e5 1 200 kg, klarar det h\u00f6gt listtryck och \u00e4r fabrikstestad f\u00f6r l\u00e5ng h\u00e5llbarhet.<\/p>\n<p class=\"\" data-start=\"348\" data-end=\"712\">Elslutbleck\u00a0 STEP 40 Preload HPR \u00e4r ett h\u00f6gkvalitativt elslutbleck som erbjuder p\u00e5litlig s\u00e4kerhet och l\u00e5ng h\u00e5llbarhet. Den omv\u00e4nda funktionen g\u00f6r att elslutblecket \u00e4r ol\u00e5st i str\u00f6ml\u00f6st l\u00e4ge, vilket ger en s\u00e4ker och flexibel l\u00f6sning f\u00f6r dagl\u00e5sning. STEP 40 \u00e4r en del av STEPs Preload-serie och kombinerar minimala m\u00e5tt med h\u00f6g kvalitet och flexibilitet.<\/p>\n<p class=\"\" data-start=\"714\" data-end=\"1105\">Med den patenterade HPR\u00ae-tekniken s\u00e4kerst\u00e4lls att d\u00f6rren \u00f6ppnas \u00e4ven vid ett tryck p\u00e5 upp till 250 kg. Elslutblecket har en fabrikstestad livsl\u00e4ngd p\u00e5 1 500 000 cykler, vilket g\u00f6r det till en p\u00e5litlig och l\u00e5ngvarig l\u00f6sning f\u00f6r b\u00e5de enkelfall\u00e5s och dubbelfall\u00e5s. Den \u00e4r knacks\u00e4krad och v\u00e4ndbar f\u00f6r b\u00e5de h\u00f6ger- och v\u00e4nsterd\u00f6rrar och har skruvh\u00e5l f\u00f6r snedst\u00e4llda skruvar f\u00f6r enkel installation.<\/p>\n<p class=\"\" data-start=\"1107\" data-end=\"1122\"><strong data-start=\"1107\" data-end=\"1122\">Egenskaper:<\/strong><\/p>\n<ul data-start=\"1123\" data-end=\"1512\">\n<li class=\"\" data-start=\"1123\" data-end=\"1165\">\n<p class=\"\" data-start=\"1125\" data-end=\"1165\">Omv\u00e4nd funktion (ol\u00e5st i str\u00f6ml\u00f6st l\u00e4ge)<\/p>\n<\/li>\n<li class=\"\" data-start=\"1166\" data-end=\"1215\">\n<p class=\"\" data-start=\"1168\" data-end=\"1215\">Skyddsdiod inbyggd f\u00f6r extra elektrisk s\u00e4kerhet<\/p>\n<\/li>\n<li class=\"\" data-start=\"1216\" data-end=\"1286\">\n<p class=\"\" data-start=\"1218\" data-end=\"1286\">HPR\u00ae-teknik garanterar \u00f6ppning trots listtryck p\u00e5 250 kg (ca 2,5 kN)<\/p>\n<\/li>\n<li class=\"\" data-start=\"1287\" data-end=\"1327\">\n<p class=\"\" data-start=\"1289\" data-end=\"1327\">Bryth\u00e5llfasthet p\u00e5 1 200 kg (ca 12 kN)<\/p>\n<\/li>\n<li class=\"\" data-start=\"1328\" data-end=\"1365\">\n<p class=\"\" data-start=\"1330\" data-end=\"1365\">Fabrikstestad till 1 500 000 cykler<\/p>\n<\/li>\n<li class=\"\" data-start=\"1366\" data-end=\"1425\">\n<p class=\"\" data-start=\"1368\" data-end=\"1425\">Knacks\u00e4krad och v\u00e4ndbar f\u00f6r b\u00e5de h\u00f6ger- och v\u00e4nsterd\u00f6rrar<\/p>\n<\/li>\n<li class=\"\" data-start=\"1426\" data-end=\"1470\">\n<p class=\"\" data-start=\"1428\" data-end=\"1470\">Skruvh\u00e5l f\u00f6r snedst\u00e4llda skruvar i bakkant<\/p>\n<\/li>\n<li class=\"\" data-start=\"1471\" data-end=\"1512\">\n<p class=\"\" data-start=\"1473\" data-end=\"1512\">Passar f\u00f6r enkelfall\u00e5s och dubbelfall\u00e5s<\/p>\n<\/li>\n<\/ul>\n<p class=\"\" data-start=\"1514\" data-end=\"1543\"><strong data-start=\"1514\" data-end=\"1543\">Tekniska specifikationer:<\/strong><\/p>\n<ul data-start=\"1544\" data-end=\"2061\">\n<li class=\"\" data-start=\"1544\" data-end=\"1651\">\n<p class=\"\" data-start=\"1546\" data-end=\"1651\">Sp\u00e4nningsmatning: 12 V DC (+15% -10%) 220 mAh \/ max 600 mA eller 24 V DC (+15% -10%) 110 mAh \/ max 300 mA<\/p>\n<\/li>\n<li class=\"\" data-start=\"1652\" data-end=\"1692\">\n<p class=\"\" data-start=\"1654\" data-end=\"1692\">Durability: Grade X enligt SS-EN 14846<\/p>\n<\/li>\n<li class=\"\" data-start=\"1693\" data-end=\"1732\">\n<p class=\"\" data-start=\"1695\" data-end=\"1732\">Corrosion: Grade M enligt SS-EN 14846<\/p>\n<\/li>\n<li class=\"\" data-start=\"1733\" data-end=\"1771\">\n<p class=\"\" data-start=\"1735\" data-end=\"1771\">Security: Grade 3 enligt SS-EN 14846<\/p>\n<\/li>\n<li class=\"\" data-start=\"1772\" data-end=\"1834\">\n<p class=\"\" data-start=\"1774\" data-end=\"1834\">Security electrical manipulation: Grade 1 enligt SS-EN 14846<\/p>\n<\/li>\n<li class=\"\" data-start=\"1835\" data-end=\"1861\">\n<p class=\"\" data-start=\"1837\" data-end=\"1861\">Bryth\u00e5llfasthet: 1200 kg<\/p>\n<\/li>\n<li class=\"\" data-start=\"1862\" data-end=\"1892\">\n<p class=\"\" data-start=\"1864\" data-end=\"1892\">D\u00f6rrh\u00e4ngning: H\u00f6ger, V\u00e4nster<\/p>\n<\/li>\n<li class=\"\" data-start=\"1893\" data-end=\"1911\">\n<p class=\"\" data-start=\"1895\" data-end=\"1911\">Kabel ing\u00e5r: Nej<\/p>\n<\/li>\n<li class=\"\" data-start=\"1912\" data-end=\"1931\">\n<p class=\"\" data-start=\"1914\" data-end=\"1931\">Listtryck: 250 kg<\/p>\n<\/li>\n<li class=\"\" data-start=\"1932\" data-end=\"1967\">\n<p class=\"\" data-start=\"1934\" data-end=\"1967\">L\u00e5styp: Enkelfall\u00e5s, Dubbelfall\u00e5s<\/p>\n<\/li>\n<li class=\"\" data-start=\"1968\" data-end=\"2021\">\n<p class=\"\" data-start=\"1970\" data-end=\"2021\">Produktm\u00e5tt: Bredd: 25 mm, Djup: 28 mm, H\u00f6jd: 90 mm<\/p>\n<\/li>\n<li class=\"\" data-start=\"2022\" data-end=\"2040\">\n<p class=\"\" data-start=\"2024\" data-end=\"2040\">Kolvkontakt: Nej<\/p>\n<\/li>\n<li class=\"\" data-start=\"2041\" data-end=\"2061\">\n<p class=\"\" data-start=\"2043\" data-end=\"2061\">Sp\u00e4nning AC\/DC: DC<\/p>\n<\/li>\n<\/ul>\n<\/div>\n<div><\/div>","protected":false},"excerpt":{"rendered":"<p>H\u00e4r kan se vilka stolpar och modeller som passar ihop fr\u00e5n STEP sortimentet av Elslutbleck.<\/p>\n<h5><strong><a href=\"https:\/\/steplock.com\/sv\/stolpguide\/#!?lang=sv&amp;blog_id=1&amp;paged=1&amp;number=50\" target=\"_blank\" rel=\"noopener\">STEP Stolpguide\u00a0<\/a><\/strong><\/h5>\n<h5><strong><a href=\"https:\/\/steplock.com\/sv\/projekteringsguide\/#!?lang=sv&amp;blog_id=1&amp;paged=1&amp;number=999\" target=\"_blank\" rel=\"noopener\">STEP projekteringsguide<\/a><\/strong><\/h5>","protected":false},"featured_media":82172,"template":"","meta":{"_acf_changed":false},"product_brand":[],"product_cat":[2313],"product_tag":[3421,3425],"class_list":{"0":"post-61125","1":"product","2":"type-product","3":"status-publish","4":"has-post-thumbnail","6":"product_cat-step-elslutbleck","7":"product_tag-24v","8":"product_tag-omvand","9":"product_shipping_class-tunga-paket","10":"pa_brands-step","11":"tm-no-options","13":"first","14":"instock","15":"sale","16":"taxable","17":"shipping-taxable","18":"product-type-simple"},"acf":[],"_links":{"self":[{"href":"https:\/\/stonehouse.se\/en\/wp-json\/wp\/v2\/product\/61125","targetHints":{"allow":["GET"]}}],"collection":[{"href":"https:\/\/stonehouse.se\/en\/wp-json\/wp\/v2\/product"}],"about":[{"href":"https:\/\/stonehouse.se\/en\/wp-json\/wp\/v2\/types\/product"}],"wp:featuredmedia":[{"embeddable":true,"href":"https:\/\/stonehouse.se\/en\/wp-json\/wp\/v2\/media\/82172"}],"wp:attachment":[{"href":"https:\/\/stonehouse.se\/en\/wp-json\/wp\/v2\/media?parent=61125"}],"wp:term":[{"taxonomy":"product_brand","embeddable":true,"href":"https:\/\/stonehouse.se\/en\/wp-json\/wp\/v2\/product_brand?post=61125"},{"taxonomy":"product_cat","embeddable":true,"href":"https:\/\/stonehouse.se\/en\/wp-json\/wp\/v2\/product_cat?post=61125"},{"taxonomy":"product_tag","embeddable":true,"href":"https:\/\/stonehouse.se\/en\/wp-json\/wp\/v2\/product_tag?post=61125"}],"curies":[{"name":"wp","href":"https:\/\/api.w.org\/{rel}","templated":true}]}}