
{"id":61138,"date":"2023-09-26T13:10:32","date_gmt":"2023-09-26T11:10:32","guid":{"rendered":"https:\/\/stonehouse.se\/?post_type=product&#038;p=61138"},"modified":"2026-04-08T16:06:11","modified_gmt":"2026-04-08T14:06:11","slug":"elslutbleck-step-40-rattvand-24v-kolvkontakt","status":"publish","type":"product","link":"https:\/\/stonehouse.se\/en\/product\/elslutbleck-step-40-rattvand-24v-kolvkontakt\/","title":{"rendered":"Elslutbleck STEP 40 R\u00e4ttv\u00e4nd 24V Kolvkontakt"},"content":{"rendered":"<h1>Elslutbleck STEP 40 R\u00e4ttv\u00e4nd 24V Kolvkontakt<\/h1>\n<p>STEP 40 \u00e4r ett h\u00f6gkvalitativt elslutbleck med HPR\u00ae-teknik och kolvkontakt, perfekt f\u00f6r s\u00e4ker dagl\u00e5sning. Det \u00e4r kompakt, drifts\u00e4kert och kan hantera listtryck upp till 250 kg.<\/p>\n<p class=\"\" data-start=\"339\" data-end=\"704\">Elslutbleck STEP 40 Preload HPR \u00e4r ett elslutbleck som s\u00e4tter en h\u00f6g standard f\u00f6r s\u00e4kerhet och p\u00e5litlighet. Det \u00e4r designat f\u00f6r anv\u00e4ndning som dagl\u00e5sning och kombinerar minimala m\u00e5tt med h\u00f6gkvalitativ teknik. STEP 40 \u00e4r en del av STEPs Preload-serie och \u00e4r provat f\u00f6r att t\u00e5la h\u00f6g \u00f6ppningsfrekvens, vilket g\u00f6r det till en l\u00e5ngsiktig och h\u00e5llbar l\u00f6sning.<\/p>\n<p class=\"\" data-start=\"706\" data-end=\"1100\">Med sin patenterade HPR\u00ae-teknik kan d\u00f6rren l\u00e5sas upp \u00e4ven om den uts\u00e4tts f\u00f6r ett tryck p\u00e5 upp till 250 kg, vilket s\u00e4kerst\u00e4ller funktion under sv\u00e5ra f\u00f6rh\u00e5llanden. Kolvkontakten m\u00f6jligg\u00f6r indikation p\u00e5 om d\u00f6rren \u00e4r st\u00e4ngd eller \u00f6ppen. Elslutblecket har en bryth\u00e5llfasthet p\u00e5 1 200 kg (ca 12 kN) och \u00e4r fabrikstestad f\u00f6r att klara upp till 1 500 000 cykler, vilket garanterar l\u00e5ngvarig h\u00e5llbarhet.<\/p>\n<p class=\"\" data-start=\"1102\" data-end=\"1241\">STEP 40 \u00e4r ocks\u00e5 knacks\u00e4krad och v\u00e4ndbar f\u00f6r b\u00e5de h\u00f6ger- och v\u00e4nsterh\u00e4ngda d\u00f6rrar, vilket g\u00f6r det enkelt att installera i olika d\u00f6rrsystem.<\/p>\n<p class=\"\" data-start=\"1243\" data-end=\"1258\"><strong data-start=\"1243\" data-end=\"1258\">Egenskaper:<\/strong><\/p>\n<ul data-start=\"1259\" data-end=\"1692\">\n<li class=\"\" data-start=\"1259\" data-end=\"1302\">\n<p class=\"\" data-start=\"1261\" data-end=\"1302\">R\u00e4ttv\u00e4nd funktion (l\u00e5st i str\u00f6ml\u00f6st l\u00e4ge)<\/p>\n<\/li>\n<li class=\"\" data-start=\"1303\" data-end=\"1361\">\n<p class=\"\" data-start=\"1305\" data-end=\"1361\">Kolvkontakt med indikation f\u00f6r d\u00f6rrstatus (st\u00e4ngd\/\u00f6ppen)<\/p>\n<\/li>\n<li class=\"\" data-start=\"1362\" data-end=\"1405\">\n<p class=\"\" data-start=\"1364\" data-end=\"1405\">Skyddsdiod inbyggd f\u00f6r elektrisk s\u00e4kerhet<\/p>\n<\/li>\n<li class=\"\" data-start=\"1406\" data-end=\"1471\">\n<p class=\"\" data-start=\"1408\" data-end=\"1471\">HPR\u00ae-teknik som garanterar \u00f6ppning \u00e4ven vid listtryck p\u00e5 250 kg<\/p>\n<\/li>\n<li class=\"\" data-start=\"1472\" data-end=\"1512\">\n<p class=\"\" data-start=\"1474\" data-end=\"1512\">Bryth\u00e5llfasthet p\u00e5 1 200 kg (ca 12 kN)<\/p>\n<\/li>\n<li class=\"\" data-start=\"1513\" data-end=\"1550\">\n<p class=\"\" data-start=\"1515\" data-end=\"1550\">Fabrikstestad till 1 500 000 cykler<\/p>\n<\/li>\n<li class=\"\" data-start=\"1551\" data-end=\"1610\">\n<p class=\"\" data-start=\"1553\" data-end=\"1610\">Knacks\u00e4krad och v\u00e4ndbar f\u00f6r b\u00e5de h\u00f6ger- och v\u00e4nsterd\u00f6rrar<\/p>\n<\/li>\n<li class=\"\" data-start=\"1611\" data-end=\"1655\">\n<p class=\"\" data-start=\"1613\" data-end=\"1655\">Skruvh\u00e5l f\u00f6r snedst\u00e4llda skruvar i bakkant<\/p>\n<\/li>\n<li class=\"\" data-start=\"1656\" data-end=\"1692\">\n<p class=\"\" data-start=\"1658\" data-end=\"1692\">Passar f\u00f6r enkel- och dubbelfall\u00e5s<\/p>\n<\/li>\n<\/ul>\n<p class=\"\" data-start=\"1694\" data-end=\"1723\"><strong data-start=\"1694\" data-end=\"1723\">Tekniska specifikationer:<\/strong><\/p>\n<ul data-start=\"1724\" data-end=\"2303\">\n<li class=\"\" data-start=\"1724\" data-end=\"1831\">\n<p class=\"\" data-start=\"1726\" data-end=\"1831\">Sp\u00e4nningsmatning: 12 V DC (+15% -10%) 220 mAh \/ max 600 mA eller 24 V DC (+15% -10%) 110 mAh \/ max 300 mA<\/p>\n<\/li>\n<li class=\"\" data-start=\"1832\" data-end=\"1895\">\n<p class=\"\" data-start=\"1834\" data-end=\"1895\">Kolvkontakt: Mikrobrytare enpoligt v\u00e4xlande, max. 30 V DC, 1A<\/p>\n<\/li>\n<li class=\"\" data-start=\"1896\" data-end=\"1936\">\n<p class=\"\" data-start=\"1898\" data-end=\"1936\">Durability: Grade X enligt SS-EN 14846<\/p>\n<\/li>\n<li class=\"\" data-start=\"1937\" data-end=\"1976\">\n<p class=\"\" data-start=\"1939\" data-end=\"1976\">Corrosion: Grade M enligt SS-EN 14846<\/p>\n<\/li>\n<li class=\"\" data-start=\"1977\" data-end=\"2015\">\n<p class=\"\" data-start=\"1979\" data-end=\"2015\">Security: Grade 3 enligt SS-EN 14846<\/p>\n<\/li>\n<li class=\"\" data-start=\"2016\" data-end=\"2078\">\n<p class=\"\" data-start=\"2018\" data-end=\"2078\">Security electrical manipulation: Grade 1 enligt SS-EN 14846<\/p>\n<\/li>\n<li class=\"\" data-start=\"2079\" data-end=\"2105\">\n<p class=\"\" data-start=\"2081\" data-end=\"2105\">Bryth\u00e5llfasthet: 1200 kg<\/p>\n<\/li>\n<li class=\"\" data-start=\"2106\" data-end=\"2136\">\n<p class=\"\" data-start=\"2108\" data-end=\"2136\">D\u00f6rrh\u00e4ngning: H\u00f6ger, V\u00e4nster<\/p>\n<\/li>\n<li class=\"\" data-start=\"2137\" data-end=\"2155\">\n<p class=\"\" data-start=\"2139\" data-end=\"2155\">Kabel ing\u00e5r: Nej<\/p>\n<\/li>\n<li class=\"\" data-start=\"2156\" data-end=\"2174\">\n<p class=\"\" data-start=\"2158\" data-end=\"2174\">Listtryck: 40 kg<\/p>\n<\/li>\n<li class=\"\" data-start=\"2175\" data-end=\"2210\">\n<p class=\"\" data-start=\"2177\" data-end=\"2210\">L\u00e5styp: Enkelfall\u00e5s, Dubbelfall\u00e5s<\/p>\n<\/li>\n<li class=\"\" data-start=\"2211\" data-end=\"2264\">\n<p class=\"\" data-start=\"2213\" data-end=\"2264\">Produktm\u00e5tt: Bredd: 25 mm, Djup: 28 mm, H\u00f6jd: 90 mm<\/p>\n<\/li>\n<li class=\"\" data-start=\"2265\" data-end=\"2282\">\n<p class=\"\" data-start=\"2267\" data-end=\"2282\">Kolvkontakt: Ja<\/p>\n<\/li>\n<li class=\"\" data-start=\"2283\" data-end=\"2303\">\n<p class=\"\" data-start=\"2285\" data-end=\"2303\">Sp\u00e4nning AC\/DC: DC<\/p>\n<\/li>\n<\/ul>","protected":false},"excerpt":{"rendered":"<p>H\u00e4r kan se vilka stolpar och modeller som passar ihop fr\u00e5n STEP sortimentet av Elslutbleck.<\/p>\n<h5><strong><a href=\"https:\/\/steplock.com\/sv\/stolpguide\/#!?lang=sv&amp;blog_id=1&amp;paged=1&amp;number=50\" target=\"_blank\" rel=\"noopener\">STEP Stolpguide\u00a0<\/a><\/strong><\/h5>\n<h5><strong><a href=\"https:\/\/steplock.com\/sv\/projekteringsguide\/#!?lang=sv&amp;blog_id=1&amp;paged=1&amp;number=999\" target=\"_blank\" rel=\"noopener\">STEP projekteringsguide<\/a><\/strong><\/h5>","protected":false},"featured_media":81764,"template":"","meta":{"_acf_changed":false},"product_brand":[],"product_cat":[2313],"product_tag":[3421,3424],"class_list":{"0":"post-61138","1":"product","2":"type-product","3":"status-publish","4":"has-post-thumbnail","6":"product_cat-step-elslutbleck","7":"product_tag-24v","8":"product_tag-rattvand","9":"product_shipping_class-tunga-paket","10":"pa_brands-step","11":"tm-no-options","13":"first","14":"instock","15":"sale","16":"taxable","17":"shipping-taxable","18":"product-type-simple"},"acf":[],"_links":{"self":[{"href":"https:\/\/stonehouse.se\/en\/wp-json\/wp\/v2\/product\/61138","targetHints":{"allow":["GET"]}}],"collection":[{"href":"https:\/\/stonehouse.se\/en\/wp-json\/wp\/v2\/product"}],"about":[{"href":"https:\/\/stonehouse.se\/en\/wp-json\/wp\/v2\/types\/product"}],"wp:featuredmedia":[{"embeddable":true,"href":"https:\/\/stonehouse.se\/en\/wp-json\/wp\/v2\/media\/81764"}],"wp:attachment":[{"href":"https:\/\/stonehouse.se\/en\/wp-json\/wp\/v2\/media?parent=61138"}],"wp:term":[{"taxonomy":"product_brand","embeddable":true,"href":"https:\/\/stonehouse.se\/en\/wp-json\/wp\/v2\/product_brand?post=61138"},{"taxonomy":"product_cat","embeddable":true,"href":"https:\/\/stonehouse.se\/en\/wp-json\/wp\/v2\/product_cat?post=61138"},{"taxonomy":"product_tag","embeddable":true,"href":"https:\/\/stonehouse.se\/en\/wp-json\/wp\/v2\/product_tag?post=61138"}],"curies":[{"name":"wp","href":"https:\/\/api.w.org\/{rel}","templated":true}]}}