
{"id":61142,"date":"2023-09-26T13:10:34","date_gmt":"2023-09-26T11:10:34","guid":{"rendered":"https:\/\/stonehouse.se\/?post_type=product&#038;p=61142"},"modified":"2026-04-08T16:05:51","modified_gmt":"2026-04-08T14:05:51","slug":"elslutbleck-step-90-rattvand-24v","status":"publish","type":"product","link":"https:\/\/stonehouse.se\/en\/product\/elslutbleck-step-90-rattvand-24v\/","title":{"rendered":"Elslutbleck STEP 90 R\u00e4ttv\u00e4nd 24V"},"content":{"rendered":"<h1>Elslutbleck STEP 90 R\u00e4ttv\u00e4nd 24V<\/h1>\n<p class=\"\" data-start=\"121\" data-end=\"327\">STEP 90 \u00e4r ett brandgodk\u00e4nt elslutbleck med minimala m\u00e5tt och h\u00f6g drifts\u00e4kerhet. Perfekt f\u00f6r anv\u00e4ndning i h\u00f6gs\u00e4kerhetsmilj\u00f6er och brandcellsgr\u00e4nser, med en bryth\u00e5llfasthet p\u00e5 1 200 kg.<\/p>\n<p class=\"\" data-start=\"329\" data-end=\"758\">STEP 90 Preload HPR \u00e4r ett h\u00f6gkvalitativt elslutbleck som kombinerar minimala m\u00e5tt med \u00f6verl\u00e4gsen drifts\u00e4kerhet och l\u00e5ng livsl\u00e4ngd.<\/p>\n<p class=\"\" data-start=\"329\" data-end=\"758\">Det \u00e4r brandgodk\u00e4nt upp till E\/EI120 enligt SS-EN 14846:2008, vilket g\u00f6r det till ett utm\u00e4rkt val f\u00f6r s\u00e4kerhetsl\u00f6sningar i brandcellsgr\u00e4nser.<\/p>\n<p class=\"\" data-start=\"329\" data-end=\"758\">Detta elslutbleck \u00e4r ocks\u00e5 utrustat med STEPs patenterade HPR\u00ae-teknik som garanterar \u00f6ppning \u00e4ven vid ett tryck p\u00e5 upp till 250 kg.<\/p>\n<p class=\"\" data-start=\"760\" data-end=\"1164\">Med sina sm\u00e5 m\u00e5tt och v\u00e4ndbara design passar det b\u00e5de h\u00f6ger- och v\u00e4nsterh\u00e4ngda d\u00f6rrar och kan enkelt installeras i d\u00f6rrsystem med enkel- eller dubbelfall\u00e5s.<\/p>\n<p class=\"\" data-start=\"760\" data-end=\"1164\">STEP 90 \u00e4r \u00e4ven provat och certifierat f\u00f6r brandmotst\u00e5nd och har en bryth\u00e5llfasthet p\u00e5 1 200 kg (ca 12 kN), vilket s\u00e4kerst\u00e4ller att det t\u00e5l h\u00e5rda p\u00e5frestningar.<\/p>\n<p class=\"\" data-start=\"760\" data-end=\"1164\">Dessutom \u00e4r det knacks\u00e4kert och har en inbyggd skyddsdiod f\u00f6r \u00f6kad elektrisk s\u00e4kerhet.<\/p>\n<p class=\"\" data-start=\"1166\" data-end=\"1181\"><strong data-start=\"1166\" data-end=\"1181\">Egenskaper:<\/strong><\/p>\n<ul data-start=\"1182\" data-end=\"1702\">\n<li class=\"\" data-start=\"1182\" data-end=\"1225\">\n<p class=\"\" data-start=\"1184\" data-end=\"1225\">R\u00e4ttv\u00e4nd funktion (l\u00e5st i str\u00f6ml\u00f6st l\u00e4ge)<\/p>\n<\/li>\n<li class=\"\" data-start=\"1226\" data-end=\"1292\">\n<p class=\"\" data-start=\"1228\" data-end=\"1292\">Brandgodk\u00e4nt f\u00f6r upp till klass E\/EI 120 enligt SS-EN 14846:2008<\/p>\n<\/li>\n<li class=\"\" data-start=\"1293\" data-end=\"1332\">\n<p class=\"\" data-start=\"1295\" data-end=\"1332\">Skyddsdiod inbyggd f\u00f6r extra s\u00e4kerhet<\/p>\n<\/li>\n<li class=\"\" data-start=\"1333\" data-end=\"1404\">\n<p class=\"\" data-start=\"1335\" data-end=\"1404\">Indikering f\u00f6r d\u00f6rrstatus (st\u00e4ngd\/\u00f6ppen) p\u00e5 produkter med kolvkontakt<\/p>\n<\/li>\n<li class=\"\" data-start=\"1405\" data-end=\"1445\">\n<p class=\"\" data-start=\"1407\" data-end=\"1445\">Bryth\u00e5llfasthet p\u00e5 1 200 kg (ca 12 kN)<\/p>\n<\/li>\n<li class=\"\" data-start=\"1446\" data-end=\"1516\">\n<p class=\"\" data-start=\"1448\" data-end=\"1516\">HPR\u00ae-teknik garanterar \u00f6ppning trots listtryck p\u00e5 250 kg (ca 2,5 kN)<\/p>\n<\/li>\n<li class=\"\" data-start=\"1517\" data-end=\"1576\">\n<p class=\"\" data-start=\"1519\" data-end=\"1576\">Knacks\u00e4krad och v\u00e4ndbar f\u00f6r b\u00e5de h\u00f6ger- och v\u00e4nsterd\u00f6rrar<\/p>\n<\/li>\n<li class=\"\" data-start=\"1577\" data-end=\"1621\">\n<p class=\"\" data-start=\"1579\" data-end=\"1621\">Skruvh\u00e5l f\u00f6r snedst\u00e4llda skruvar i bakkant<\/p>\n<\/li>\n<li class=\"\" data-start=\"1622\" data-end=\"1702\">\n<p class=\"\" data-start=\"1624\" data-end=\"1702\">Passar f\u00f6r enkelfall\u00e5s och dubbelfall\u00e5s i Connect, Modul och Smalprofil-serien<\/p>\n<\/li>\n<\/ul>\n<p class=\"\" data-start=\"1704\" data-end=\"1733\"><strong data-start=\"1704\" data-end=\"1733\">Tekniska specifikationer:<\/strong><\/p>\n<ul data-start=\"1734\" data-end=\"2274\">\n<li class=\"\" data-start=\"1734\" data-end=\"1841\">\n<p class=\"\" data-start=\"1736\" data-end=\"1841\">Sp\u00e4nningsmatning: 12 V DC (+15% -10%) 220 mAh \/ max 600 mA eller 24 V DC (+15% -10%) 110 mAh \/ max 300 mA<\/p>\n<\/li>\n<li class=\"\" data-start=\"1842\" data-end=\"1882\">\n<p class=\"\" data-start=\"1844\" data-end=\"1882\">Durability: Grade X enligt SS-EN 14846<\/p>\n<\/li>\n<li class=\"\" data-start=\"1883\" data-end=\"1922\">\n<p class=\"\" data-start=\"1885\" data-end=\"1922\">Corrosion: Grade M enligt SS-EN 14846<\/p>\n<\/li>\n<li class=\"\" data-start=\"1923\" data-end=\"1961\">\n<p class=\"\" data-start=\"1925\" data-end=\"1961\">Security: Grade 3 enligt SS-EN 14846<\/p>\n<\/li>\n<li class=\"\" data-start=\"1962\" data-end=\"2024\">\n<p class=\"\" data-start=\"1964\" data-end=\"2024\">Security electrical manipulation: Grade 1 enligt SS-EN 14846<\/p>\n<\/li>\n<li class=\"\" data-start=\"2025\" data-end=\"2047\">\n<p class=\"\" data-start=\"2027\" data-end=\"2047\">Brandtestad: 120 min<\/p>\n<\/li>\n<li class=\"\" data-start=\"2048\" data-end=\"2074\">\n<p class=\"\" data-start=\"2050\" data-end=\"2074\">Bryth\u00e5llfasthet: 1200 kg<\/p>\n<\/li>\n<li class=\"\" data-start=\"2075\" data-end=\"2105\">\n<p class=\"\" data-start=\"2077\" data-end=\"2105\">D\u00f6rrh\u00e4ngning: H\u00f6ger, V\u00e4nster<\/p>\n<\/li>\n<li class=\"\" data-start=\"2106\" data-end=\"2124\">\n<p class=\"\" data-start=\"2108\" data-end=\"2124\">Kabel ing\u00e5r: Nej<\/p>\n<\/li>\n<li class=\"\" data-start=\"2125\" data-end=\"2144\">\n<p class=\"\" data-start=\"2127\" data-end=\"2144\">Listtryck: 250 kg<\/p>\n<\/li>\n<li class=\"\" data-start=\"2145\" data-end=\"2180\">\n<p class=\"\" data-start=\"2147\" data-end=\"2180\">L\u00e5styp: Enkelfall\u00e5s, Dubbelfall\u00e5s<\/p>\n<\/li>\n<li class=\"\" data-start=\"2181\" data-end=\"2234\">\n<p class=\"\" data-start=\"2183\" data-end=\"2234\">Produktm\u00e5tt: Bredd: 25 mm, Djup: 28 mm, H\u00f6jd: 90 mm<\/p>\n<\/li>\n<li class=\"\" data-start=\"2235\" data-end=\"2253\">\n<p class=\"\" data-start=\"2237\" data-end=\"2253\">Kolvkontakt: Nej<\/p>\n<\/li>\n<li class=\"\" data-start=\"2254\" data-end=\"2274\">\n<p class=\"\" data-start=\"2256\" data-end=\"2274\">Sp\u00e4nning AC\/DC: D<\/p>\n<\/li>\n<\/ul>\n<p data-start=\"329\" data-end=\"561\">","protected":false},"excerpt":{"rendered":"<p>H\u00e4r kan se vilka stolpar och modeller som passar ihop fr\u00e5n STEP sortimentet av Elslutbleck.<\/p>\n<h5><strong><a href=\"https:\/\/steplock.com\/sv\/stolpguide\/#!?lang=sv&amp;blog_id=1&amp;paged=1&amp;number=50\" target=\"_blank\" rel=\"noopener\">STEP Stolpguide\u00a0<\/a><\/strong><\/h5>\n<h5><strong><a href=\"https:\/\/steplock.com\/sv\/projekteringsguide\/#!?lang=sv&amp;blog_id=1&amp;paged=1&amp;number=999\" target=\"_blank\" rel=\"noopener\">STEP projekteringsguide<\/a><\/strong><\/h5>","protected":false},"featured_media":81761,"template":"","meta":{"_acf_changed":false},"product_brand":[],"product_cat":[2313],"product_tag":[3421,3424],"class_list":{"0":"post-61142","1":"product","2":"type-product","3":"status-publish","4":"has-post-thumbnail","6":"product_cat-step-elslutbleck","7":"product_tag-24v","8":"product_tag-rattvand","9":"product_shipping_class-tunga-paket","10":"pa_brands-step","11":"tm-no-options","13":"first","14":"instock","15":"sale","16":"taxable","17":"shipping-taxable","18":"product-type-simple"},"acf":[],"_links":{"self":[{"href":"https:\/\/stonehouse.se\/en\/wp-json\/wp\/v2\/product\/61142","targetHints":{"allow":["GET"]}}],"collection":[{"href":"https:\/\/stonehouse.se\/en\/wp-json\/wp\/v2\/product"}],"about":[{"href":"https:\/\/stonehouse.se\/en\/wp-json\/wp\/v2\/types\/product"}],"wp:featuredmedia":[{"embeddable":true,"href":"https:\/\/stonehouse.se\/en\/wp-json\/wp\/v2\/media\/81761"}],"wp:attachment":[{"href":"https:\/\/stonehouse.se\/en\/wp-json\/wp\/v2\/media?parent=61142"}],"wp:term":[{"taxonomy":"product_brand","embeddable":true,"href":"https:\/\/stonehouse.se\/en\/wp-json\/wp\/v2\/product_brand?post=61142"},{"taxonomy":"product_cat","embeddable":true,"href":"https:\/\/stonehouse.se\/en\/wp-json\/wp\/v2\/product_cat?post=61142"},{"taxonomy":"product_tag","embeddable":true,"href":"https:\/\/stonehouse.se\/en\/wp-json\/wp\/v2\/product_tag?post=61142"}],"curies":[{"name":"wp","href":"https:\/\/api.w.org\/{rel}","templated":true}]}}