
{"id":61146,"date":"2023-09-26T13:10:35","date_gmt":"2023-09-26T11:10:35","guid":{"rendered":"https:\/\/stonehouse.se\/?post_type=product&#038;p=61146"},"modified":"2026-04-08T16:00:04","modified_gmt":"2026-04-08T14:00:04","slug":"elslutbleck-step-40-rattvand-24v","status":"publish","type":"product","link":"https:\/\/stonehouse.se\/en\/product\/elslutbleck-step-40-rattvand-24v\/","title":{"rendered":"Elslutbleck STEP 40 R\u00e4ttv\u00e4nd 24V"},"content":{"rendered":"<h1>Elslutbleck STEP 40 R\u00e4ttv\u00e4nd 24V<\/h1>\n<p>Elslutbleck STEP 40 \u00e4r ett h\u00f6gkvalitativt elslutbleck med r\u00e4ttv\u00e4nd funktion och patenterad HPR\u00ae-teknik. Det \u00e4r designat f\u00f6r s\u00e4ker och p\u00e5litlig dagl\u00e5sning, \u00e4ven vid h\u00f6gt tryck p\u00e5 d\u00f6rren.<\/p>\n<p class=\"\" data-start=\"318\" data-end=\"772\">STEP 40 Preload HPR s\u00e4tter en h\u00f6g standard f\u00f6r elslutbleck med sina kompakta m\u00e5tt och patenterade HPR\u00ae-teknik. Detta elslutbleck \u00e4r perfekt f\u00f6r anv\u00e4ndning som dagl\u00e5sning i olika s\u00e4kerhetsapplikationer och garanterar h\u00f6g drifts\u00e4kerhet och h\u00e5llbarhet.<\/p>\n<p class=\"\" data-start=\"318\" data-end=\"772\">Med minimal storlek och listtryckstekniken, som g\u00f6r att d\u00f6rren kan l\u00e5sa upp \u00e4ven vid ett tryck p\u00e5 upp till 250 kg, erbjuder STEP 40 p\u00e5litlig funktion \u00e4ven under tuffa f\u00f6rh\u00e5llanden.<\/p>\n<p class=\"\" data-start=\"774\" data-end=\"1111\">Produkten \u00e4r fabrikstestad till 1 500 000 cykler, vilket g\u00f6r den till en l\u00e5ngvarig l\u00f6sning f\u00f6r b\u00e5de enkel- och dubbelfall\u00e5s. Den v\u00e4ndbara designen passar b\u00e5de h\u00f6ger- och v\u00e4nsterh\u00e4ngda d\u00f6rrar, och skyddsdioden f\u00f6rhindrar elektriska skador.<\/p>\n<p class=\"\" data-start=\"774\" data-end=\"1111\">STEP 40 \u00e4r \u00e4ven knacks\u00e4krad och uppfyller h\u00f6ga krav p\u00e5 s\u00e4kerhet och h\u00e5llbarhet enligt SS-EN 14846.<\/p>\n<p class=\"\" data-start=\"1113\" data-end=\"1128\"><strong data-start=\"1113\" data-end=\"1128\">Egenskaper:<\/strong><\/p>\n<ul data-start=\"1129\" data-end=\"1462\">\n<li class=\"\" data-start=\"1129\" data-end=\"1172\">\n<p class=\"\" data-start=\"1131\" data-end=\"1172\">R\u00e4ttv\u00e4nd funktion (l\u00e5st i str\u00f6ml\u00f6st l\u00e4ge)<\/p>\n<\/li>\n<li class=\"\" data-start=\"1173\" data-end=\"1247\">\n<p class=\"\" data-start=\"1175\" data-end=\"1247\">HPR\u00ae-teknik som g\u00f6r att d\u00f6rren \u00f6ppnas trots ett tryck p\u00e5 upp till 250 kg<\/p>\n<\/li>\n<li class=\"\" data-start=\"1248\" data-end=\"1288\">\n<p class=\"\" data-start=\"1250\" data-end=\"1288\">Bryth\u00e5llfasthet p\u00e5 1 200 kg (ca 12 kN)<\/p>\n<\/li>\n<li class=\"\" data-start=\"1289\" data-end=\"1326\">\n<p class=\"\" data-start=\"1291\" data-end=\"1326\">Fabrikstestad till 1 500 000 cykler<\/p>\n<\/li>\n<li class=\"\" data-start=\"1327\" data-end=\"1386\">\n<p class=\"\" data-start=\"1329\" data-end=\"1386\">Knacks\u00e4krad och v\u00e4ndbar f\u00f6r b\u00e5de h\u00f6ger- och v\u00e4nsterd\u00f6rrar<\/p>\n<\/li>\n<li class=\"\" data-start=\"1387\" data-end=\"1417\">\n<p class=\"\" data-start=\"1389\" data-end=\"1417\">F\u00f6r enkel eller dubbelfall\u00e5s<\/p>\n<\/li>\n<li class=\"\" data-start=\"1418\" data-end=\"1462\">\n<p class=\"\" data-start=\"1420\" data-end=\"1462\">Skruvh\u00e5l f\u00f6r snedst\u00e4llda skruvar i bakkant<\/p>\n<\/li>\n<\/ul>\n<p class=\"\" data-start=\"1464\" data-end=\"1493\"><strong data-start=\"1464\" data-end=\"1493\">Tekniska specifikationer:<\/strong><\/p>\n<ul data-start=\"1494\" data-end=\"2011\">\n<li class=\"\" data-start=\"1494\" data-end=\"1601\">\n<p class=\"\" data-start=\"1496\" data-end=\"1601\">Sp\u00e4nningsmatning: 12 V DC (+15% -10%) 220 mAh \/ max 600 mA eller 24 V DC (+15% -10%) 110 mAh \/ max 300 mA<\/p>\n<\/li>\n<li class=\"\" data-start=\"1602\" data-end=\"1642\">\n<p class=\"\" data-start=\"1604\" data-end=\"1642\">Durability: Grade X enligt SS-EN 14846<\/p>\n<\/li>\n<li class=\"\" data-start=\"1643\" data-end=\"1682\">\n<p class=\"\" data-start=\"1645\" data-end=\"1682\">Corrosion: Grade M enligt SS-EN 14846<\/p>\n<\/li>\n<li class=\"\" data-start=\"1683\" data-end=\"1721\">\n<p class=\"\" data-start=\"1685\" data-end=\"1721\">Security: Grade 3 enligt SS-EN 14846<\/p>\n<\/li>\n<li class=\"\" data-start=\"1722\" data-end=\"1784\">\n<p class=\"\" data-start=\"1724\" data-end=\"1784\">Security electrical manipulation: Grade 1 enligt SS-EN 14846<\/p>\n<\/li>\n<li class=\"\" data-start=\"1785\" data-end=\"1811\">\n<p class=\"\" data-start=\"1787\" data-end=\"1811\">Bryth\u00e5llfasthet: 1200 kg<\/p>\n<\/li>\n<li class=\"\" data-start=\"1812\" data-end=\"1842\">\n<p class=\"\" data-start=\"1814\" data-end=\"1842\">D\u00f6rrh\u00e4ngning: H\u00f6ger, V\u00e4nster<\/p>\n<\/li>\n<li class=\"\" data-start=\"1843\" data-end=\"1861\">\n<p class=\"\" data-start=\"1845\" data-end=\"1861\">Kabel ing\u00e5r: Nej<\/p>\n<\/li>\n<li class=\"\" data-start=\"1862\" data-end=\"1881\">\n<p class=\"\" data-start=\"1864\" data-end=\"1881\">Listtryck: 250 kg<\/p>\n<\/li>\n<li class=\"\" data-start=\"1882\" data-end=\"1917\">\n<p class=\"\" data-start=\"1884\" data-end=\"1917\">L\u00e5styp: Enkelfall\u00e5s, Dubbelfall\u00e5s<\/p>\n<\/li>\n<li class=\"\" data-start=\"1918\" data-end=\"1971\">\n<p class=\"\" data-start=\"1920\" data-end=\"1971\">Produktm\u00e5tt: Bredd: 25 mm, Djup: 28 mm, H\u00f6jd: 90 mm<\/p>\n<\/li>\n<li class=\"\" data-start=\"1972\" data-end=\"1990\">\n<p class=\"\" data-start=\"1974\" data-end=\"1990\">Kolvkontakt: Nej<\/p>\n<\/li>\n<li class=\"\" data-start=\"1991\" data-end=\"2011\">\n<p class=\"\" data-start=\"1993\" data-end=\"2011\">Sp\u00e4nning AC\/DC: DC<\/p>\n<\/li>\n<\/ul>","protected":false},"excerpt":{"rendered":"<p>H\u00e4r kan se vilka stolpar och modeller som passar ihop fr\u00e5n STEP sortimentet av Elslutbleck.<\/p>\n<h5><strong><a href=\"https:\/\/steplock.com\/sv\/stolpguide\/#!?lang=sv&amp;blog_id=1&amp;paged=1&amp;number=50\" target=\"_blank\" rel=\"noopener\">STEP Stolpguide\u00a0<\/a><\/strong><\/h5>\n<h5><strong><a href=\"https:\/\/steplock.com\/sv\/projekteringsguide\/#!?lang=sv&amp;blog_id=1&amp;paged=1&amp;number=999\" target=\"_blank\" rel=\"noopener\">STEP projekteringsguide<\/a><\/strong><\/h5>","protected":false},"featured_media":82167,"template":"","meta":{"_acf_changed":false},"product_brand":[],"product_cat":[2313],"product_tag":[3421,3424],"class_list":{"0":"post-61146","1":"product","2":"type-product","3":"status-publish","4":"has-post-thumbnail","6":"product_cat-step-elslutbleck","7":"product_tag-24v","8":"product_tag-rattvand","9":"product_shipping_class-tunga-paket","10":"pa_brands-step","11":"tm-no-options","13":"first","14":"instock","15":"sale","16":"taxable","17":"shipping-taxable","18":"product-type-simple"},"acf":[],"_links":{"self":[{"href":"https:\/\/stonehouse.se\/en\/wp-json\/wp\/v2\/product\/61146","targetHints":{"allow":["GET"]}}],"collection":[{"href":"https:\/\/stonehouse.se\/en\/wp-json\/wp\/v2\/product"}],"about":[{"href":"https:\/\/stonehouse.se\/en\/wp-json\/wp\/v2\/types\/product"}],"wp:featuredmedia":[{"embeddable":true,"href":"https:\/\/stonehouse.se\/en\/wp-json\/wp\/v2\/media\/82167"}],"wp:attachment":[{"href":"https:\/\/stonehouse.se\/en\/wp-json\/wp\/v2\/media?parent=61146"}],"wp:term":[{"taxonomy":"product_brand","embeddable":true,"href":"https:\/\/stonehouse.se\/en\/wp-json\/wp\/v2\/product_brand?post=61146"},{"taxonomy":"product_cat","embeddable":true,"href":"https:\/\/stonehouse.se\/en\/wp-json\/wp\/v2\/product_cat?post=61146"},{"taxonomy":"product_tag","embeddable":true,"href":"https:\/\/stonehouse.se\/en\/wp-json\/wp\/v2\/product_tag?post=61146"}],"curies":[{"name":"wp","href":"https:\/\/api.w.org\/{rel}","templated":true}]}}