
{"id":61161,"date":"2023-09-26T13:05:58","date_gmt":"2023-09-26T11:05:58","guid":{"rendered":"https:\/\/stonehouse.se\/produkt\/elslutbleck-step-28e-hoger-omvand-12v-12mm-regel\/"},"modified":"2026-04-08T16:27:45","modified_gmt":"2026-04-08T14:27:45","slug":"elslutbleck-step-28e-hoger-omvand-12v-12mm-regel","status":"publish","type":"product","link":"https:\/\/stonehouse.se\/en\/product\/elslutbleck-step-28e-hoger-omvand-12v-12mm-regel\/","title":{"rendered":"Elslutbleck STEP 28E H\u00f6ger Omv\u00e4nd 12V 12mm Regel"},"content":{"rendered":"<h1>Elslutbleck STEP 28E H\u00f6ger Omv\u00e4nd 12V 12mm Regel<\/h1>\n<p>STEP 28E Secure elslutbleck f\u00f6r h\u00f6gerh\u00e4ngda d\u00f6rrar, brandgodk\u00e4nt och perfekt f\u00f6r s\u00e4kerhets- och utrymningskrav.Kompatibelt med regell\u00e5s med 12mm kolv och inkluderar 5 meter kabel.<\/p>\n<div>STEP 28E Secure kombinerar s\u00e4kerhet, brandkrav och utrymningsfunktioner med d\u00f6rrautomation eller draghandtag, vilket g\u00f6r det perfekt f\u00f6r d\u00f6rrar som kr\u00e4ver h\u00f6g intr\u00e5ngss\u00e4kerhet och samtidigt beaktar brandkrav.Detta elslutbleck anv\u00e4nds ofta med fallhakregell\u00e5s eller regell\u00e5s, vilket s\u00e4kerst\u00e4ller b\u00e5de en h\u00f6g s\u00e4kerhet och en effektiv d\u00f6rrigenh\u00e5llande funktion genom tryckesfallen.Elslutbleck\u00a0 STEP 28E Secure \u00e4r designat f\u00f6r anv\u00e4ndning i milj\u00f6er d\u00e4r b\u00e5de brand- och utrymningskrav m\u00e5ste uppfyllas, och det \u00e4r certifierat f\u00f6r brandmotst\u00e5nd upp till E\/EI 60.5 meter halogenfri anslutningskabel ing\u00e5r f\u00f6r enkel installation.<\/p>\n<p class=\"\" data-start=\"997\" data-end=\"1014\"><strong data-start=\"997\" data-end=\"1011\">Egenskaper<\/strong>:<\/p>\n<ul data-start=\"1015\" data-end=\"1517\">\n<li class=\"\" data-start=\"1015\" data-end=\"1060\">\n<p class=\"\" data-start=\"1017\" data-end=\"1060\">F\u00f6r regell\u00e5s med 12mm kolv i Modul-serien<\/p>\n<\/li>\n<li class=\"\" data-start=\"1061\" data-end=\"1104\">\n<p class=\"\" data-start=\"1063\" data-end=\"1104\">Omv\u00e4nd funktion (l\u00e5st i str\u00f6ml\u00f6st l\u00e4ge)<\/p>\n<\/li>\n<li class=\"\" data-start=\"1105\" data-end=\"1131\">\n<p class=\"\" data-start=\"1107\" data-end=\"1131\">F\u00f6r h\u00f6gerh\u00e4ngda d\u00f6rrar<\/p>\n<\/li>\n<li class=\"\" data-start=\"1132\" data-end=\"1184\">\n<p class=\"\" data-start=\"1134\" data-end=\"1184\">Brandgodk\u00e4nd upp till brandteknisk klass E\/EI 60<\/p>\n<\/li>\n<li class=\"\" data-start=\"1185\" data-end=\"1238\">\n<p class=\"\" data-start=\"1187\" data-end=\"1238\">Mikrobrytare enpoligt v\u00e4xlande, max. 30 V DC, 1 A<\/p>\n<\/li>\n<li class=\"\" data-start=\"1239\" data-end=\"1317\">\n<p class=\"\" data-start=\"1241\" data-end=\"1317\">Inbyggd indikering f\u00f6r avk\u00e4nning att d\u00f6rren \u00e4r st\u00e4ngd\/\u00f6ppen och l\u00e5st\/ol\u00e5st<\/p>\n<\/li>\n<li class=\"\" data-start=\"1318\" data-end=\"1361\">\n<p class=\"\" data-start=\"1320\" data-end=\"1361\">Bryth\u00e5llfasthet \u00f6ver 15 kN (ca 1500 kg)<\/p>\n<\/li>\n<li class=\"\" data-start=\"1362\" data-end=\"1451\">\n<p class=\"\" data-start=\"1364\" data-end=\"1451\">Garanterar \u00f6ppning trots listtryck p\u00e5 5 kN (ca 500 kg) i r\u00e4ttv\u00e4nd och omv\u00e4nd funktion<\/p>\n<\/li>\n<li class=\"\" data-start=\"1452\" data-end=\"1467\">\n<p class=\"\" data-start=\"1454\" data-end=\"1467\">Knacks\u00e4krad<\/p>\n<\/li>\n<li class=\"\" data-start=\"1468\" data-end=\"1517\">\n<p class=\"\" data-start=\"1470\" data-end=\"1517\">Inklusive 5 meter halogenfri anslutningskabel<\/p>\n<\/li>\n<\/ul>\n<p class=\"\" data-start=\"1519\" data-end=\"1550\"><strong data-start=\"1519\" data-end=\"1547\">Tekniska specifikationer<\/strong>:<\/p>\n<ul data-start=\"1551\" data-end=\"2157\">\n<li class=\"\" data-start=\"1551\" data-end=\"1587\">\n<p class=\"\" data-start=\"1553\" data-end=\"1587\"><strong data-start=\"1553\" data-end=\"1576\">Bryth\u00e5llfasthet max<\/strong>: 1500 kg<\/p>\n<\/li>\n<li class=\"\" data-start=\"1588\" data-end=\"1615\">\n<p class=\"\" data-start=\"1590\" data-end=\"1615\"><strong data-start=\"1590\" data-end=\"1606\">D\u00f6rrh\u00e4ngning<\/strong>: H\u00f6ger<\/p>\n<\/li>\n<li class=\"\" data-start=\"1616\" data-end=\"1639\">\n<p class=\"\" data-start=\"1618\" data-end=\"1639\"><strong data-start=\"1618\" data-end=\"1633\">Kabel ing\u00e5r<\/strong>: Ja<\/p>\n<\/li>\n<li class=\"\" data-start=\"1640\" data-end=\"1665\">\n<p class=\"\" data-start=\"1642\" data-end=\"1665\"><strong data-start=\"1642\" data-end=\"1655\">Listtryck<\/strong>: 500 kg<\/p>\n<\/li>\n<li class=\"\" data-start=\"1666\" data-end=\"1703\">\n<p class=\"\" data-start=\"1668\" data-end=\"1703\"><strong data-start=\"1668\" data-end=\"1678\">L\u00e5styp<\/strong>: Hakregell\u00e5s, Regell\u00e5s<\/p>\n<\/li>\n<li class=\"\" data-start=\"1704\" data-end=\"1732\">\n<p class=\"\" data-start=\"1706\" data-end=\"1732\"><strong data-start=\"1706\" data-end=\"1723\">Bredd produkt<\/strong>: 35 mm<\/p>\n<\/li>\n<li class=\"\" data-start=\"1733\" data-end=\"1759\">\n<p class=\"\" data-start=\"1735\" data-end=\"1759\"><strong data-start=\"1735\" data-end=\"1753\">Byggvarubed\u00f6md<\/strong>: Ja<\/p>\n<\/li>\n<li class=\"\" data-start=\"1760\" data-end=\"1787\">\n<p class=\"\" data-start=\"1762\" data-end=\"1787\"><strong data-start=\"1762\" data-end=\"1778\">Djup produkt<\/strong>: 40 mm<\/p>\n<\/li>\n<li class=\"\" data-start=\"1788\" data-end=\"1822\">\n<p class=\"\" data-start=\"1790\" data-end=\"1822\"><strong data-start=\"1790\" data-end=\"1815\">Driftsp\u00e4nning 12V\/24V<\/strong>: 12V<\/p>\n<\/li>\n<li class=\"\" data-start=\"1823\" data-end=\"1850\">\n<p class=\"\" data-start=\"1825\" data-end=\"1850\"><strong data-start=\"1825\" data-end=\"1844\">Dubbel vridfall<\/strong>: Ja<\/p>\n<\/li>\n<li class=\"\" data-start=\"1851\" data-end=\"1878\">\n<p class=\"\" data-start=\"1853\" data-end=\"1878\"><strong data-start=\"1853\" data-end=\"1871\">EPD-Verifierad<\/strong>: Nej<\/p>\n<\/li>\n<li class=\"\" data-start=\"1879\" data-end=\"1897\">\n<p class=\"\" data-start=\"1881\" data-end=\"1897\"><strong data-start=\"1881\" data-end=\"1890\">FINFO<\/strong>: Nej<\/p>\n<\/li>\n<li class=\"\" data-start=\"1898\" data-end=\"1932\">\n<p class=\"\" data-start=\"1900\" data-end=\"1932\"><strong data-start=\"1900\" data-end=\"1921\">F\u00e4rg\/Ytbehandling<\/strong>: Rostfri<\/p>\n<\/li>\n<li class=\"\" data-start=\"1933\" data-end=\"1961\">\n<p class=\"\" data-start=\"1935\" data-end=\"1961\"><strong data-start=\"1935\" data-end=\"1951\">H\u00f6jd produkt<\/strong>: 230 mm<\/p>\n<\/li>\n<li class=\"\" data-start=\"1962\" data-end=\"1989\">\n<p class=\"\" data-start=\"1964\" data-end=\"1989\"><strong data-start=\"1964\" data-end=\"1978\">Kabell\u00e4ngd<\/strong>: 5 meter<\/p>\n<\/li>\n<li class=\"\" data-start=\"1990\" data-end=\"2013\">\n<p class=\"\" data-start=\"1992\" data-end=\"2013\"><strong data-start=\"1992\" data-end=\"2007\">Kolvkontakt<\/strong>: Ja<\/p>\n<\/li>\n<li class=\"\" data-start=\"2014\" data-end=\"2045\">\n<p class=\"\" data-start=\"2016\" data-end=\"2045\"><strong data-start=\"2016\" data-end=\"2035\">R\u00e4ttv\u00e4nd\/Omv\u00e4nd<\/strong>: Omv\u00e4nd<\/p>\n<\/li>\n<li class=\"\" data-start=\"2046\" data-end=\"2072\">\n<p class=\"\" data-start=\"2048\" data-end=\"2072\"><strong data-start=\"2048\" data-end=\"2066\">Sp\u00e4nning AC\/DC<\/strong>: DC<\/p>\n<\/li>\n<li class=\"\" data-start=\"2073\" data-end=\"2101\">\n<p class=\"\" data-start=\"2075\" data-end=\"2101\"><strong data-start=\"2075\" data-end=\"2091\">Sp\u00e4nning max<\/strong>: 13,8 V<\/p>\n<\/li>\n<li class=\"\" data-start=\"2102\" data-end=\"2130\">\n<p class=\"\" data-start=\"2104\" data-end=\"2130\"><strong data-start=\"2104\" data-end=\"2120\">Sp\u00e4nning min<\/strong>: 10,8 V<\/p>\n<\/li>\n<li class=\"\" data-start=\"2131\" data-end=\"2157\">\n<p class=\"\" data-start=\"2133\" data-end=\"2157\"><strong data-start=\"2133\" data-end=\"2151\">SundaHusbed\u00f6md<\/strong>: Ja<\/p>\n<\/li>\n<\/ul>\n<\/div>","protected":false},"excerpt":{"rendered":"<p>H\u00e4r kan se vilka stolpar och modeller som passar ihop fr\u00e5n STEP sortimentet av Elslutbleck.<\/p>\n<h5><strong><a href=\"https:\/\/steplock.com\/sv\/stolpguide\/#!?lang=sv&amp;blog_id=1&amp;paged=1&amp;number=50\" target=\"_blank\" rel=\"noopener\">STEP Stolpguide\u00a0<\/a><\/strong><\/h5>\n<h5><strong><a href=\"https:\/\/steplock.com\/sv\/projekteringsguide\/#!?lang=sv&amp;blog_id=1&amp;paged=1&amp;number=999\" target=\"_blank\" rel=\"noopener\">STEP projekteringsguide<\/a><\/strong><\/h5>","protected":false},"featured_media":82384,"template":"","meta":{"_acf_changed":false},"product_brand":[],"product_cat":[2313],"product_tag":[3422,3425],"class_list":{"0":"post-61161","1":"product","2":"type-product","3":"status-publish","4":"has-post-thumbnail","6":"product_cat-step-elslutbleck","7":"product_tag-12v","8":"product_tag-omvand","9":"product_shipping_class-tunga-paket","10":"pa_brands-step","11":"tm-no-options","13":"first","14":"onbackorder","15":"sale","16":"taxable","17":"shipping-taxable","18":"product-type-simple"},"acf":[],"_links":{"self":[{"href":"https:\/\/stonehouse.se\/en\/wp-json\/wp\/v2\/product\/61161","targetHints":{"allow":["GET"]}}],"collection":[{"href":"https:\/\/stonehouse.se\/en\/wp-json\/wp\/v2\/product"}],"about":[{"href":"https:\/\/stonehouse.se\/en\/wp-json\/wp\/v2\/types\/product"}],"wp:featuredmedia":[{"embeddable":true,"href":"https:\/\/stonehouse.se\/en\/wp-json\/wp\/v2\/media\/82384"}],"wp:attachment":[{"href":"https:\/\/stonehouse.se\/en\/wp-json\/wp\/v2\/media?parent=61161"}],"wp:term":[{"taxonomy":"product_brand","embeddable":true,"href":"https:\/\/stonehouse.se\/en\/wp-json\/wp\/v2\/product_brand?post=61161"},{"taxonomy":"product_cat","embeddable":true,"href":"https:\/\/stonehouse.se\/en\/wp-json\/wp\/v2\/product_cat?post=61161"},{"taxonomy":"product_tag","embeddable":true,"href":"https:\/\/stonehouse.se\/en\/wp-json\/wp\/v2\/product_tag?post=61161"}],"curies":[{"name":"wp","href":"https:\/\/api.w.org\/{rel}","templated":true}]}}