
{"id":61164,"date":"2023-09-26T13:06:02","date_gmt":"2023-09-26T11:06:02","guid":{"rendered":"https:\/\/stonehouse.se\/produkt\/elslutbleck-step-28e-vanster-rattvand-12v-12mm-regel\/"},"modified":"2026-04-08T16:36:26","modified_gmt":"2026-04-08T14:36:26","slug":"elslutbleck-step-28e-vanster-rattvand-12v-12mm-regel","status":"publish","type":"product","link":"https:\/\/stonehouse.se\/en\/product\/elslutbleck-step-28e-vanster-rattvand-12v-12mm-regel\/","title":{"rendered":"Elslutbleck STEP 28E V\u00e4nster R\u00e4ttv\u00e4nd 12V 12mm Regel"},"content":{"rendered":"<h1>Elslutbleck STEP 28E V\u00e4nster R\u00e4ttv\u00e4nd 12V 12mm Regel<\/h1>\n<p>STEP 28E Secure \u00e4r ett brandgodk\u00e4nt elslutbleck med h\u00f6g intr\u00e5ngss\u00e4kerhet, certifierat f\u00f6r brandmotst\u00e5nd upp till E\/EI 60. 5 meter kabel ing\u00e5r, perfekt f\u00f6r d\u00f6rrar med h\u00f6ga krav p\u00e5 s\u00e4kerhet och utrymning.<\/p>\n<p class=\"\" data-start=\"400\" data-end=\"747\">STEP 28E Secure erbjuder en kombination av s\u00e4kerhet, brandkrav och utrymning i ett litet och robust elslutbleck.<\/p>\n<p class=\"\" data-start=\"400\" data-end=\"747\">Designat f\u00f6r anv\u00e4ndning med regell\u00e5s med 12mm kolv i Modul-serien, detta elslutbleck passar perfekt i d\u00f6rrar d\u00e4r det \u00e4r n\u00f6dv\u00e4ndigt att s\u00e4kerst\u00e4lla b\u00e5de intr\u00e5ngss\u00e4kerhet och en smidig d\u00f6rrigenh\u00e5llande funktion.<\/p>\n<p class=\"\" data-start=\"749\" data-end=\"1161\">Det \u00e4r idealiskt f\u00f6r applikationer d\u00e4r d\u00f6rrautomatik eller draghandtag kombineras med brandkrav, och anv\u00e4nds ofta vid installation av n\u00f6dutrymningsl\u00e5s enligt SS-EN 179.<\/p>\n<p class=\"\" data-start=\"749\" data-end=\"1161\">Brandgodk\u00e4nt upp till E\/EI 60 och med en h\u00e5llfasthet p\u00e5 \u00f6ver 1500 kg, s\u00e4kerst\u00e4ller detta elslutbleck att d\u00f6rren f\u00f6rblir s\u00e4ker \u00e4ven under h\u00f6gt tryck.<\/p>\n<p class=\"\" data-start=\"749\" data-end=\"1161\">Inklusive 5 meter halogenfri anslutningskabel, det \u00e4r b\u00e5de h\u00e5llbart och enkelt att installera.<\/p>\n<p class=\"\" data-start=\"1163\" data-end=\"1180\"><strong data-start=\"1163\" data-end=\"1177\">Egenskaper<\/strong>:<\/p>\n<ul data-start=\"1181\" data-end=\"1687\">\n<li class=\"\" data-start=\"1181\" data-end=\"1226\">\n<p class=\"\" data-start=\"1183\" data-end=\"1226\">F\u00f6r regell\u00e5s med 12mm kolv i Modul-serien<\/p>\n<\/li>\n<li class=\"\" data-start=\"1227\" data-end=\"1272\">\n<p class=\"\" data-start=\"1229\" data-end=\"1272\">R\u00e4ttv\u00e4nd funktion (l\u00e5st i str\u00f6ml\u00f6st l\u00e4ge)<\/p>\n<\/li>\n<li class=\"\" data-start=\"1273\" data-end=\"1301\">\n<p class=\"\" data-start=\"1275\" data-end=\"1301\">F\u00f6r v\u00e4nsterh\u00e4ngda d\u00f6rrar<\/p>\n<\/li>\n<li class=\"\" data-start=\"1302\" data-end=\"1354\">\n<p class=\"\" data-start=\"1304\" data-end=\"1354\">Brandgodk\u00e4nd upp till brandteknisk klass E\/EI 60<\/p>\n<\/li>\n<li class=\"\" data-start=\"1355\" data-end=\"1408\">\n<p class=\"\" data-start=\"1357\" data-end=\"1408\">Mikrobrytare enpoligt v\u00e4xlande, max. 30 V DC, 1 A<\/p>\n<\/li>\n<li class=\"\" data-start=\"1409\" data-end=\"1487\">\n<p class=\"\" data-start=\"1411\" data-end=\"1487\">Inbyggd indikering f\u00f6r avk\u00e4nning att d\u00f6rren \u00e4r st\u00e4ngd\/\u00f6ppen och l\u00e5st\/ol\u00e5st<\/p>\n<\/li>\n<li class=\"\" data-start=\"1488\" data-end=\"1531\">\n<p class=\"\" data-start=\"1490\" data-end=\"1531\">Bryth\u00e5llfasthet \u00f6ver 15 kN (ca 1500 kg)<\/p>\n<\/li>\n<li class=\"\" data-start=\"1532\" data-end=\"1621\">\n<p class=\"\" data-start=\"1534\" data-end=\"1621\">Garanterar \u00f6ppning trots listtryck p\u00e5 5 kN (ca 500 kg) i r\u00e4ttv\u00e4nd och omv\u00e4nd funktion<\/p>\n<\/li>\n<li class=\"\" data-start=\"1622\" data-end=\"1637\">\n<p class=\"\" data-start=\"1624\" data-end=\"1637\">Knacks\u00e4krad<\/p>\n<\/li>\n<li class=\"\" data-start=\"1638\" data-end=\"1687\">\n<p class=\"\" data-start=\"1640\" data-end=\"1687\">Inklusive 5 meter halogenfri anslutningskabel<\/p>\n<\/li>\n<\/ul>\n<p class=\"\" data-start=\"1689\" data-end=\"1720\"><strong data-start=\"1689\" data-end=\"1717\">Tekniska specifikationer<\/strong>:<\/p>\n<ul data-start=\"1721\" data-end=\"2331\">\n<li class=\"\" data-start=\"1721\" data-end=\"1757\">\n<p class=\"\" data-start=\"1723\" data-end=\"1757\"><strong data-start=\"1723\" data-end=\"1746\">Bryth\u00e5llfasthet max<\/strong>: 1500 kg<\/p>\n<\/li>\n<li class=\"\" data-start=\"1758\" data-end=\"1787\">\n<p class=\"\" data-start=\"1760\" data-end=\"1787\"><strong data-start=\"1760\" data-end=\"1776\">D\u00f6rrh\u00e4ngning<\/strong>: V\u00e4nster<\/p>\n<\/li>\n<li class=\"\" data-start=\"1788\" data-end=\"1811\">\n<p class=\"\" data-start=\"1790\" data-end=\"1811\"><strong data-start=\"1790\" data-end=\"1805\">Kabel ing\u00e5r<\/strong>: Ja<\/p>\n<\/li>\n<li class=\"\" data-start=\"1812\" data-end=\"1837\">\n<p class=\"\" data-start=\"1814\" data-end=\"1837\"><strong data-start=\"1814\" data-end=\"1827\">Listtryck<\/strong>: 500 kg<\/p>\n<\/li>\n<li class=\"\" data-start=\"1838\" data-end=\"1875\">\n<p class=\"\" data-start=\"1840\" data-end=\"1875\"><strong data-start=\"1840\" data-end=\"1850\">L\u00e5styp<\/strong>: Hakregell\u00e5s, Regell\u00e5s<\/p>\n<\/li>\n<li class=\"\" data-start=\"1876\" data-end=\"1904\">\n<p class=\"\" data-start=\"1878\" data-end=\"1904\"><strong data-start=\"1878\" data-end=\"1895\">Bredd produkt<\/strong>: 35 mm<\/p>\n<\/li>\n<li class=\"\" data-start=\"1905\" data-end=\"1931\">\n<p class=\"\" data-start=\"1907\" data-end=\"1931\"><strong data-start=\"1907\" data-end=\"1925\">Byggvarubed\u00f6md<\/strong>: Ja<\/p>\n<\/li>\n<li class=\"\" data-start=\"1932\" data-end=\"1959\">\n<p class=\"\" data-start=\"1934\" data-end=\"1959\"><strong data-start=\"1934\" data-end=\"1950\">Djup produkt<\/strong>: 40 mm<\/p>\n<\/li>\n<li class=\"\" data-start=\"1960\" data-end=\"1994\">\n<p class=\"\" data-start=\"1962\" data-end=\"1994\"><strong data-start=\"1962\" data-end=\"1987\">Driftsp\u00e4nning 12V\/24V<\/strong>: 12V<\/p>\n<\/li>\n<li class=\"\" data-start=\"1995\" data-end=\"2022\">\n<p class=\"\" data-start=\"1997\" data-end=\"2022\"><strong data-start=\"1997\" data-end=\"2016\">Dubbel vridfall<\/strong>: Ja<\/p>\n<\/li>\n<li class=\"\" data-start=\"2023\" data-end=\"2050\">\n<p class=\"\" data-start=\"2025\" data-end=\"2050\"><strong data-start=\"2025\" data-end=\"2043\">EPD-Verifierad<\/strong>: Nej<\/p>\n<\/li>\n<li class=\"\" data-start=\"2051\" data-end=\"2069\">\n<p class=\"\" data-start=\"2053\" data-end=\"2069\"><strong data-start=\"2053\" data-end=\"2062\">FINFO<\/strong>: Nej<\/p>\n<\/li>\n<li class=\"\" data-start=\"2070\" data-end=\"2104\">\n<p class=\"\" data-start=\"2072\" data-end=\"2104\"><strong data-start=\"2072\" data-end=\"2093\">F\u00e4rg\/Ytbehandling<\/strong>: Rostfri<\/p>\n<\/li>\n<li class=\"\" data-start=\"2105\" data-end=\"2133\">\n<p class=\"\" data-start=\"2107\" data-end=\"2133\"><strong data-start=\"2107\" data-end=\"2123\">H\u00f6jd produkt<\/strong>: 230 mm<\/p>\n<\/li>\n<li class=\"\" data-start=\"2134\" data-end=\"2161\">\n<p class=\"\" data-start=\"2136\" data-end=\"2161\"><strong data-start=\"2136\" data-end=\"2150\">Kabell\u00e4ngd<\/strong>: 5 meter<\/p>\n<\/li>\n<li class=\"\" data-start=\"2162\" data-end=\"2185\">\n<p class=\"\" data-start=\"2164\" data-end=\"2185\"><strong data-start=\"2164\" data-end=\"2179\">Kolvkontakt<\/strong>: Ja<\/p>\n<\/li>\n<li class=\"\" data-start=\"2186\" data-end=\"2219\">\n<p class=\"\" data-start=\"2188\" data-end=\"2219\"><strong data-start=\"2188\" data-end=\"2207\">R\u00e4ttv\u00e4nd\/Omv\u00e4nd<\/strong>: R\u00e4ttv\u00e4nd<\/p>\n<\/li>\n<li class=\"\" data-start=\"2220\" data-end=\"2246\">\n<p class=\"\" data-start=\"2222\" data-end=\"2246\"><strong data-start=\"2222\" data-end=\"2240\">Sp\u00e4nning AC\/DC<\/strong>: DC<\/p>\n<\/li>\n<li class=\"\" data-start=\"2247\" data-end=\"2275\">\n<p class=\"\" data-start=\"2249\" data-end=\"2275\"><strong data-start=\"2249\" data-end=\"2265\">Sp\u00e4nning max<\/strong>: 13,8 V<\/p>\n<\/li>\n<li class=\"\" data-start=\"2276\" data-end=\"2304\">\n<p class=\"\" data-start=\"2278\" data-end=\"2304\"><strong data-start=\"2278\" data-end=\"2294\">Sp\u00e4nning min<\/strong>: 10,8 V<\/p>\n<\/li>\n<li class=\"\" data-start=\"2305\" data-end=\"2331\">\n<p class=\"\" data-start=\"2307\" data-end=\"2331\"><strong data-start=\"2307\" data-end=\"2325\">SundaHusbed\u00f6md<\/strong>: Ja<\/p>\n<\/li>\n<\/ul>\n<div>&nbsp;<\/div>","protected":false},"excerpt":{"rendered":"<p>H\u00e4r kan se vilka stolpar och modeller som passar ihop fr\u00e5n STEP sortimentet av Elslutbleck.<\/p>\n<h5><strong><a href=\"https:\/\/steplock.com\/sv\/stolpguide\/#!?lang=sv&amp;blog_id=1&amp;paged=1&amp;number=50\" target=\"_blank\" rel=\"noopener\">STEP Stolpguide\u00a0<\/a><\/strong><\/h5>\n<h5><strong><a href=\"https:\/\/steplock.com\/sv\/projekteringsguide\/#!?lang=sv&amp;blog_id=1&amp;paged=1&amp;number=999\" target=\"_blank\" rel=\"noopener\">STEP projekteringsguide<\/a><\/strong><\/h5>","protected":false},"featured_media":82017,"template":"","meta":{"_acf_changed":false},"product_brand":[],"product_cat":[2313],"product_tag":[3422,3424],"class_list":{"0":"post-61164","1":"product","2":"type-product","3":"status-publish","4":"has-post-thumbnail","6":"product_cat-step-elslutbleck","7":"product_tag-12v","8":"product_tag-rattvand","9":"product_shipping_class-tunga-paket","10":"pa_brands-step","11":"tm-no-options","13":"first","14":"onbackorder","15":"sale","16":"taxable","17":"shipping-taxable","18":"product-type-simple"},"acf":[],"_links":{"self":[{"href":"https:\/\/stonehouse.se\/en\/wp-json\/wp\/v2\/product\/61164","targetHints":{"allow":["GET"]}}],"collection":[{"href":"https:\/\/stonehouse.se\/en\/wp-json\/wp\/v2\/product"}],"about":[{"href":"https:\/\/stonehouse.se\/en\/wp-json\/wp\/v2\/types\/product"}],"wp:featuredmedia":[{"embeddable":true,"href":"https:\/\/stonehouse.se\/en\/wp-json\/wp\/v2\/media\/82017"}],"wp:attachment":[{"href":"https:\/\/stonehouse.se\/en\/wp-json\/wp\/v2\/media?parent=61164"}],"wp:term":[{"taxonomy":"product_brand","embeddable":true,"href":"https:\/\/stonehouse.se\/en\/wp-json\/wp\/v2\/product_brand?post=61164"},{"taxonomy":"product_cat","embeddable":true,"href":"https:\/\/stonehouse.se\/en\/wp-json\/wp\/v2\/product_cat?post=61164"},{"taxonomy":"product_tag","embeddable":true,"href":"https:\/\/stonehouse.se\/en\/wp-json\/wp\/v2\/product_tag?post=61164"}],"curies":[{"name":"wp","href":"https:\/\/api.w.org\/{rel}","templated":true}]}}