
{"id":61170,"date":"2023-09-26T13:06:06","date_gmt":"2023-09-26T11:06:06","guid":{"rendered":"https:\/\/stonehouse.se\/produkt\/elslutbleck-step-60-omvand-12v-kolvkontakt-10m-kabel\/"},"modified":"2026-04-08T16:25:02","modified_gmt":"2026-04-08T14:25:02","slug":"elslutbleck-step-60-omvand-12v-kolvkontakt-10m-kabel","status":"publish","type":"product","link":"https:\/\/stonehouse.se\/en\/product\/elslutbleck-step-60-omvand-12v-kolvkontakt-10m-kabel\/","title":{"rendered":"Elslutbleck STEP 60 Omv\u00e4nd 12V Kolvkontakt 10m Kabel"},"content":{"rendered":"<h1>Elslutbleck STEP 60 Omv\u00e4nd 12V Kolvkontakt 10m Kabel<\/h1>\n<p>STEP 60 Silent ger en mjuk och tyst g\u00e5ng, perfekt f\u00f6r d\u00f6rrar med h\u00f6g \u00f6ppningsfrekvens och krav p\u00e5 minskat ljud.Brandgodk\u00e4nd upp till E\/EI120, med en robust konstruktion och h\u00f6g intr\u00e5ngss\u00e4kerhet.<\/p>\n<p class=\"\" data-start=\"393\" data-end=\"777\">STEP 60 Silent \u00e4r designad f\u00f6r att ge en n\u00e4stan ljudl\u00f6s g\u00e5ng vid \u00f6ppning och st\u00e4ngning, vilket g\u00f6r den idealisk f\u00f6r anv\u00e4ndning i milj\u00f6er med h\u00f6g trafik, eller d\u00e4r minskat ljud \u00e4r ett krav.<\/p>\n<p class=\"\" data-start=\"393\" data-end=\"777\">Produkten \u00e4r byggd f\u00f6r att klara tuffa milj\u00f6er och \u00e4r certifierad f\u00f6r brandmotst\u00e5nd upp till E\/EI120 enligt SS-EN 14846:2008.<\/p>\n<p class=\"\" data-start=\"393\" data-end=\"777\">Den passar b\u00e5de enkelfall\u00e5s och dubbelfall\u00e5s.<\/p>\n<p class=\"\" data-start=\"779\" data-end=\"1160\">En patenterad STEP-silentteknik garanterar en mjuk g\u00e5ng, samtidigt som den bibeh\u00e5ller en h\u00f6g niv\u00e5 av s\u00e4kerhet och brytstyrka.<\/p>\n<p class=\"\" data-start=\"779\" data-end=\"1160\">Den \u00e4r dessutom f\u00f6rsedd med en kolvkontakt f\u00f6r indikering av d\u00f6rrens st\u00e4ngda\/\u00f6ppna och l\u00e5st\/ol\u00e5st status, vilket g\u00f6r det enkelt att koppla till passersystem eller larmanl\u00e4ggningar.<\/p>\n<p class=\"\" data-start=\"779\" data-end=\"1160\">En 10 meter l\u00e5ng halogenfri anslutningskabel ing\u00e5r f\u00f6r enkel installation.<\/p>\n<div>\n<p class=\"\" data-start=\"1162\" data-end=\"1179\"><strong data-start=\"1162\" data-end=\"1176\">Egenskaper<\/strong>:<\/p>\n<ul data-start=\"1180\" data-end=\"1693\">\n<li class=\"\" data-start=\"1180\" data-end=\"1224\">\n<p class=\"\" data-start=\"1182\" data-end=\"1224\">Omv\u00e4nd funktion (ol\u00e5st i str\u00f6ml\u00f6st l\u00e4ge)<\/p>\n<\/li>\n<li class=\"\" data-start=\"1225\" data-end=\"1283\">\n<p class=\"\" data-start=\"1227\" data-end=\"1283\">Brandgodk\u00e4nd upp till E\/EI 120 enligt SS-EN 14846:2008<\/p>\n<\/li>\n<li class=\"\" data-start=\"1284\" data-end=\"1336\">\n<p class=\"\" data-start=\"1286\" data-end=\"1336\">Mikrobrytare enpoligt v\u00e4xlande, max 30 V DC, 1 A<\/p>\n<\/li>\n<li class=\"\" data-start=\"1337\" data-end=\"1421\">\n<p class=\"\" data-start=\"1339\" data-end=\"1421\">Inbyggd kolvkontakt f\u00f6r indikering av d\u00f6rrens st\u00e4ngd\/\u00f6ppen och l\u00e5st\/ol\u00e5st status<\/p>\n<\/li>\n<li class=\"\" data-start=\"1422\" data-end=\"1490\">\n<p class=\"\" data-start=\"1424\" data-end=\"1490\">Sp\u00e4rrkontakt f\u00f6r koppling till passersystem, larmanl\u00e4ggning etc.<\/p>\n<\/li>\n<li class=\"\" data-start=\"1491\" data-end=\"1529\">\n<p class=\"\" data-start=\"1493\" data-end=\"1529\">Bryth\u00e5llfasthet 16 kN (ca 1600 kg)<\/p>\n<\/li>\n<li class=\"\" data-start=\"1530\" data-end=\"1619\">\n<p class=\"\" data-start=\"1532\" data-end=\"1619\">Garanterar \u00f6ppning trots listtryck p\u00e5 1 kN (ca 100 kg) i r\u00e4ttv\u00e4nd och omv\u00e4nd funktion<\/p>\n<\/li>\n<li class=\"\" data-start=\"1620\" data-end=\"1642\">\n<p class=\"\" data-start=\"1622\" data-end=\"1642\">Skyddsdiod inbyggd<\/p>\n<\/li>\n<li class=\"\" data-start=\"1643\" data-end=\"1658\">\n<p class=\"\" data-start=\"1645\" data-end=\"1658\">Knacks\u00e4krad<\/p>\n<\/li>\n<li class=\"\" data-start=\"1659\" data-end=\"1693\">\n<p class=\"\" data-start=\"1661\" data-end=\"1693\">10 meter halogenfrikabel ing\u00e5r<\/p>\n<\/li>\n<\/ul>\n<p class=\"\" data-start=\"1695\" data-end=\"1726\"><strong data-start=\"1695\" data-end=\"1723\">Tekniska specifikationer<\/strong>:<\/p>\n<ul data-start=\"1727\" data-end=\"2350\">\n<li class=\"\" data-start=\"1727\" data-end=\"1763\">\n<p class=\"\" data-start=\"1729\" data-end=\"1763\"><strong data-start=\"1729\" data-end=\"1752\">Bryth\u00e5llfasthet max<\/strong>: 1600 kg<\/p>\n<\/li>\n<li class=\"\" data-start=\"1764\" data-end=\"1800\">\n<p class=\"\" data-start=\"1766\" data-end=\"1800\"><strong data-start=\"1766\" data-end=\"1782\">D\u00f6rrh\u00e4ngning<\/strong>: H\u00f6ger, V\u00e4nster<\/p>\n<\/li>\n<li class=\"\" data-start=\"1801\" data-end=\"1824\">\n<p class=\"\" data-start=\"1803\" data-end=\"1824\"><strong data-start=\"1803\" data-end=\"1818\">Kabel ing\u00e5r<\/strong>: Ja<\/p>\n<\/li>\n<li class=\"\" data-start=\"1825\" data-end=\"1850\">\n<p class=\"\" data-start=\"1827\" data-end=\"1850\"><strong data-start=\"1827\" data-end=\"1840\">Listtryck<\/strong>: 100 kg<\/p>\n<\/li>\n<li class=\"\" data-start=\"1851\" data-end=\"1892\">\n<p class=\"\" data-start=\"1853\" data-end=\"1892\"><strong data-start=\"1853\" data-end=\"1863\">L\u00e5styp<\/strong>: Enkelfall\u00e5s, Dubbelfall\u00e5s<\/p>\n<\/li>\n<li class=\"\" data-start=\"1893\" data-end=\"1921\">\n<p class=\"\" data-start=\"1895\" data-end=\"1921\"><strong data-start=\"1895\" data-end=\"1912\">Bredd produkt<\/strong>: 28 mm<\/p>\n<\/li>\n<li class=\"\" data-start=\"1922\" data-end=\"1948\">\n<p class=\"\" data-start=\"1924\" data-end=\"1948\"><strong data-start=\"1924\" data-end=\"1942\">Byggvarubed\u00f6md<\/strong>: Ja<\/p>\n<\/li>\n<li class=\"\" data-start=\"1949\" data-end=\"1976\">\n<p class=\"\" data-start=\"1951\" data-end=\"1976\"><strong data-start=\"1951\" data-end=\"1967\">Djup produkt<\/strong>: 35 mm<\/p>\n<\/li>\n<li class=\"\" data-start=\"1977\" data-end=\"2011\">\n<p class=\"\" data-start=\"1979\" data-end=\"2011\"><strong data-start=\"1979\" data-end=\"2004\">Driftsp\u00e4nning 12V\/24V<\/strong>: 24V<\/p>\n<\/li>\n<li class=\"\" data-start=\"2012\" data-end=\"2040\">\n<p class=\"\" data-start=\"2014\" data-end=\"2040\"><strong data-start=\"2014\" data-end=\"2033\">Dubbel vridfall<\/strong>: Nej<\/p>\n<\/li>\n<li class=\"\" data-start=\"2041\" data-end=\"2068\">\n<p class=\"\" data-start=\"2043\" data-end=\"2068\"><strong data-start=\"2043\" data-end=\"2061\">EPD-Verifierad<\/strong>: Nej<\/p>\n<\/li>\n<li class=\"\" data-start=\"2069\" data-end=\"2087\">\n<p class=\"\" data-start=\"2071\" data-end=\"2087\"><strong data-start=\"2071\" data-end=\"2080\">FINFO<\/strong>: Nej<\/p>\n<\/li>\n<li class=\"\" data-start=\"2088\" data-end=\"2122\">\n<p class=\"\" data-start=\"2090\" data-end=\"2122\"><strong data-start=\"2090\" data-end=\"2111\">F\u00e4rg\/Ytbehandling<\/strong>: Rostfri<\/p>\n<\/li>\n<li class=\"\" data-start=\"2123\" data-end=\"2153\">\n<p class=\"\" data-start=\"2125\" data-end=\"2153\"><strong data-start=\"2125\" data-end=\"2141\">H\u00f6jd produkt<\/strong>: 149,5 mm<\/p>\n<\/li>\n<li class=\"\" data-start=\"2154\" data-end=\"2182\">\n<p class=\"\" data-start=\"2156\" data-end=\"2182\"><strong data-start=\"2156\" data-end=\"2170\">Kabell\u00e4ngd<\/strong>: 10 meter<\/p>\n<\/li>\n<li class=\"\" data-start=\"2183\" data-end=\"2206\">\n<p class=\"\" data-start=\"2185\" data-end=\"2206\"><strong data-start=\"2185\" data-end=\"2200\">Kolvkontakt<\/strong>: Ja<\/p>\n<\/li>\n<li class=\"\" data-start=\"2207\" data-end=\"2238\">\n<p class=\"\" data-start=\"2209\" data-end=\"2238\"><strong data-start=\"2209\" data-end=\"2228\">R\u00e4ttv\u00e4nd\/Omv\u00e4nd<\/strong>: Omv\u00e4nd<\/p>\n<\/li>\n<li class=\"\" data-start=\"2239\" data-end=\"2265\">\n<p class=\"\" data-start=\"2241\" data-end=\"2265\"><strong data-start=\"2241\" data-end=\"2259\">Sp\u00e4nning AC\/DC<\/strong>: DC<\/p>\n<\/li>\n<li class=\"\" data-start=\"2266\" data-end=\"2294\">\n<p class=\"\" data-start=\"2268\" data-end=\"2294\"><strong data-start=\"2268\" data-end=\"2284\">Sp\u00e4nning max<\/strong>: 13,8 V<\/p>\n<\/li>\n<li class=\"\" data-start=\"2295\" data-end=\"2323\">\n<p class=\"\" data-start=\"2297\" data-end=\"2323\"><strong data-start=\"2297\" data-end=\"2313\">Sp\u00e4nning min<\/strong>: 10,8 V<\/p>\n<\/li>\n<li class=\"\" data-start=\"2324\" data-end=\"2350\">\n<p class=\"\" data-start=\"2326\" data-end=\"2350\"><strong data-start=\"2326\" data-end=\"2344\">SundaHusbed\u00f6md<\/strong>: Ja<\/p>\n<\/li>\n<\/ul>\n<\/div>","protected":false},"excerpt":{"rendered":"<p>H\u00e4r kan se vilka stolpar och modeller som passar ihop fr\u00e5n STEP sortimentet av Elslutbleck.<\/p>\n<h5><strong><a href=\"https:\/\/steplock.com\/sv\/stolpguide\/#!?lang=sv&amp;blog_id=1&amp;paged=1&amp;number=50\" target=\"_blank\" rel=\"noopener\">STEP Stolpguide\u00a0<\/a><\/strong><\/h5>\n<h5><strong><a href=\"https:\/\/steplock.com\/sv\/projekteringsguide\/#!?lang=sv&amp;blog_id=1&amp;paged=1&amp;number=999\" target=\"_blank\" rel=\"noopener\">STEP projekteringsguide<\/a><\/strong><\/h5>","protected":false},"featured_media":82010,"template":"","meta":{"_acf_changed":false},"product_brand":[],"product_cat":[2313],"product_tag":[3421,3425],"class_list":{"0":"post-61170","1":"product","2":"type-product","3":"status-publish","4":"has-post-thumbnail","6":"product_cat-step-elslutbleck","7":"product_tag-24v","8":"product_tag-omvand","9":"product_shipping_class-tunga-paket","10":"pa_brands-step","11":"tm-no-options","13":"first","14":"onbackorder","15":"sale","16":"taxable","17":"shipping-taxable","18":"product-type-simple"},"acf":[],"_links":{"self":[{"href":"https:\/\/stonehouse.se\/en\/wp-json\/wp\/v2\/product\/61170","targetHints":{"allow":["GET"]}}],"collection":[{"href":"https:\/\/stonehouse.se\/en\/wp-json\/wp\/v2\/product"}],"about":[{"href":"https:\/\/stonehouse.se\/en\/wp-json\/wp\/v2\/types\/product"}],"wp:featuredmedia":[{"embeddable":true,"href":"https:\/\/stonehouse.se\/en\/wp-json\/wp\/v2\/media\/82010"}],"wp:attachment":[{"href":"https:\/\/stonehouse.se\/en\/wp-json\/wp\/v2\/media?parent=61170"}],"wp:term":[{"taxonomy":"product_brand","embeddable":true,"href":"https:\/\/stonehouse.se\/en\/wp-json\/wp\/v2\/product_brand?post=61170"},{"taxonomy":"product_cat","embeddable":true,"href":"https:\/\/stonehouse.se\/en\/wp-json\/wp\/v2\/product_cat?post=61170"},{"taxonomy":"product_tag","embeddable":true,"href":"https:\/\/stonehouse.se\/en\/wp-json\/wp\/v2\/product_tag?post=61170"}],"curies":[{"name":"wp","href":"https:\/\/api.w.org\/{rel}","templated":true}]}}