
{"id":61178,"date":"2023-09-26T13:06:11","date_gmt":"2023-09-26T11:06:11","guid":{"rendered":"https:\/\/stonehouse.se\/produkt\/elslutbleck-step-18-hoger-omvand-24v-for-assa-511\/"},"modified":"2026-04-08T16:27:33","modified_gmt":"2026-04-08T14:27:33","slug":"elslutbleck-step-18-hoger-omvand-24v-for-assa-511","status":"publish","type":"product","link":"https:\/\/stonehouse.se\/en\/product\/elslutbleck-step-18-hoger-omvand-24v-for-assa-511\/","title":{"rendered":"Elslutbleck STEP 18 H\u00f6ger Omv\u00e4nd 24V f\u00f6r Assa 511"},"content":{"rendered":"<h1>Elslutbleck STEP 18 H\u00f6ger Omv\u00e4nd 24V f\u00f6r Assa 511<\/h1>\n<p>Elslutbleck STEP 18 Secure f\u00f6r Assa 511 erbjuder h\u00f6g s\u00e4kerhet och \u00e4r brandgodk\u00e4nt upp till E\/EI 60. Perfekt f\u00f6r d\u00f6rrar med h\u00f6ga krav p\u00e5 intr\u00e5ngsskydd och h\u00f6g \u00f6ppningsfrekvens.<\/p>\n<p class=\"\" data-start=\"417\" data-end=\"793\">STEP 18 Secure \u00e4r ett elektriskt h\u00f6gs\u00e4kerhetsl\u00e5s som \u00e4r s\u00e4rskilt utformat f\u00f6r att anv\u00e4ndas i d\u00f6rrar med h\u00f6ga s\u00e4kerhetskrav, s\u00e5som f\u00e4ngelser, banker och s\u00e4kerhetsd\u00f6rrar.<\/p>\n<p class=\"\" data-start=\"417\" data-end=\"793\">Med en bryth\u00e5llfasthet p\u00e5 15 kN (ca 1500 kg) \u00e4r detta elslutbleck byggt f\u00f6r att motst\u00e5 kraftigt listtryck och s\u00e4kerst\u00e4lla en p\u00e5litlig l\u00e5sning och uppl\u00e5sning \u00e4ven under h\u00f6g belastning.<\/p>\n<p class=\"\" data-start=\"795\" data-end=\"1252\">Detta elslutbleck \u00e4r godk\u00e4nt f\u00f6r l\u00e5sning av s\u00e4kerhetsd\u00f6rrar upp till RC4 och \u00e4r brandgodk\u00e4nt upp till E\/EI 60.<\/p>\n<p class=\"\" data-start=\"795\" data-end=\"1252\">Det passar f\u00f6r hakregell\u00e5s Assa 511 med 10 mm kolv och har en omv\u00e4nd funktion (ol\u00e5st i str\u00f6ml\u00f6st l\u00e4ge), vilket g\u00f6r det s\u00e4rskilt l\u00e4mpligt f\u00f6r d\u00f6rrar d\u00e4r \u00f6ppning och st\u00e4ngning sker ofta.<\/p>\n<p class=\"\" data-start=\"795\" data-end=\"1252\">Med en inbyggd kolvkontakt som indikerar om d\u00f6rren \u00e4r st\u00e4ngd\/\u00f6ppen och l\u00e5st\/ol\u00e5st, kan detta elslutbleck enkelt integreras med passersystem och larmanl\u00e4ggningar.<\/p>\n<p class=\"\" data-start=\"1254\" data-end=\"1271\"><strong data-start=\"1254\" data-end=\"1268\">Egenskaper<\/strong>:<\/p>\n<ul data-start=\"1272\" data-end=\"1713\">\n<li class=\"\" data-start=\"1272\" data-end=\"1315\">\n<p class=\"\" data-start=\"1274\" data-end=\"1315\">F\u00f6r hakregell\u00e5s Assa 511 med 10 mm kolv<\/p>\n<\/li>\n<li class=\"\" data-start=\"1316\" data-end=\"1360\">\n<p class=\"\" data-start=\"1318\" data-end=\"1360\">Omv\u00e4nd funktion (Ol\u00e5st i str\u00f6ml\u00f6st l\u00e4ge)<\/p>\n<\/li>\n<li class=\"\" data-start=\"1361\" data-end=\"1387\">\n<p class=\"\" data-start=\"1363\" data-end=\"1387\">F\u00f6r h\u00f6gerh\u00e4ngda d\u00f6rrar<\/p>\n<\/li>\n<li class=\"\" data-start=\"1388\" data-end=\"1421\">\n<p class=\"\" data-start=\"1390\" data-end=\"1421\">Brandgodk\u00e4nd upp till E\/EI 60<\/p>\n<\/li>\n<li class=\"\" data-start=\"1422\" data-end=\"1506\">\n<p class=\"\" data-start=\"1424\" data-end=\"1506\">Inbyggd kolvkontakt f\u00f6r indikering av d\u00f6rrens st\u00e4ngd\/\u00f6ppen och l\u00e5st\/ol\u00e5st status<\/p>\n<\/li>\n<li class=\"\" data-start=\"1507\" data-end=\"1529\">\n<p class=\"\" data-start=\"1509\" data-end=\"1529\">Skyddsdiod inbyggd<\/p>\n<\/li>\n<li class=\"\" data-start=\"1530\" data-end=\"1568\">\n<p class=\"\" data-start=\"1532\" data-end=\"1568\">Bryth\u00e5llfasthet 15 kN (ca 1500 kg)<\/p>\n<\/li>\n<li class=\"\" data-start=\"1569\" data-end=\"1651\">\n<p class=\"\" data-start=\"1571\" data-end=\"1651\">\u00d6ppnar trots listtryck p\u00e5 5 kN (ca 500 kg) i b\u00e5de r\u00e4ttv\u00e4nd och omv\u00e4nd funktion<\/p>\n<\/li>\n<li class=\"\" data-start=\"1652\" data-end=\"1667\">\n<p class=\"\" data-start=\"1654\" data-end=\"1667\">Knacks\u00e4krad<\/p>\n<\/li>\n<li class=\"\" data-start=\"1668\" data-end=\"1713\">\n<p class=\"\" data-start=\"1670\" data-end=\"1713\">5 meter halogenfri anslutningskabel ing\u00e5r<\/p>\n<\/li>\n<\/ul>\n<p class=\"\" data-start=\"1715\" data-end=\"1746\"><strong data-start=\"1715\" data-end=\"1743\">Tekniska specifikationer<\/strong>:<\/p>\n<ul data-start=\"1747\" data-end=\"2354\">\n<li class=\"\" data-start=\"1747\" data-end=\"1783\">\n<p class=\"\" data-start=\"1749\" data-end=\"1783\"><strong data-start=\"1749\" data-end=\"1772\">Bryth\u00e5llfasthet max<\/strong>: 1500 kg<\/p>\n<\/li>\n<li class=\"\" data-start=\"1784\" data-end=\"1811\">\n<p class=\"\" data-start=\"1786\" data-end=\"1811\"><strong data-start=\"1786\" data-end=\"1802\">D\u00f6rrh\u00e4ngning<\/strong>: H\u00f6ger<\/p>\n<\/li>\n<li class=\"\" data-start=\"1812\" data-end=\"1835\">\n<p class=\"\" data-start=\"1814\" data-end=\"1835\"><strong data-start=\"1814\" data-end=\"1829\">Kabel ing\u00e5r<\/strong>: Ja<\/p>\n<\/li>\n<li class=\"\" data-start=\"1836\" data-end=\"1861\">\n<p class=\"\" data-start=\"1838\" data-end=\"1861\"><strong data-start=\"1838\" data-end=\"1851\">Listtryck<\/strong>: 500 kg<\/p>\n<\/li>\n<li class=\"\" data-start=\"1862\" data-end=\"1899\">\n<p class=\"\" data-start=\"1864\" data-end=\"1899\"><strong data-start=\"1864\" data-end=\"1874\">L\u00e5styp<\/strong>: Hakregell\u00e5s, Regell\u00e5s<\/p>\n<\/li>\n<li class=\"\" data-start=\"1900\" data-end=\"1928\">\n<p class=\"\" data-start=\"1902\" data-end=\"1928\"><strong data-start=\"1902\" data-end=\"1919\">Bredd produkt<\/strong>: 35 mm<\/p>\n<\/li>\n<li class=\"\" data-start=\"1929\" data-end=\"1955\">\n<p class=\"\" data-start=\"1931\" data-end=\"1955\"><strong data-start=\"1931\" data-end=\"1949\">Byggvarubed\u00f6md<\/strong>: Ja<\/p>\n<\/li>\n<li class=\"\" data-start=\"1956\" data-end=\"1983\">\n<p class=\"\" data-start=\"1958\" data-end=\"1983\"><strong data-start=\"1958\" data-end=\"1974\">Djup produkt<\/strong>: 40 mm<\/p>\n<\/li>\n<li class=\"\" data-start=\"1984\" data-end=\"2018\">\n<p class=\"\" data-start=\"1986\" data-end=\"2018\"><strong data-start=\"1986\" data-end=\"2011\">Driftsp\u00e4nning 12V\/24V<\/strong>: 24V<\/p>\n<\/li>\n<li class=\"\" data-start=\"2019\" data-end=\"2047\">\n<p class=\"\" data-start=\"2021\" data-end=\"2047\"><strong data-start=\"2021\" data-end=\"2040\">Dubbel vridfall<\/strong>: Nej<\/p>\n<\/li>\n<li class=\"\" data-start=\"2048\" data-end=\"2075\">\n<p class=\"\" data-start=\"2050\" data-end=\"2075\"><strong data-start=\"2050\" data-end=\"2068\">EPD-Verifierad<\/strong>: Nej<\/p>\n<\/li>\n<li class=\"\" data-start=\"2076\" data-end=\"2094\">\n<p class=\"\" data-start=\"2078\" data-end=\"2094\"><strong data-start=\"2078\" data-end=\"2087\">FINFO<\/strong>: Nej<\/p>\n<\/li>\n<li class=\"\" data-start=\"2095\" data-end=\"2129\">\n<p class=\"\" data-start=\"2097\" data-end=\"2129\"><strong data-start=\"2097\" data-end=\"2118\">F\u00e4rg\/Ytbehandling<\/strong>: Rostfri<\/p>\n<\/li>\n<li class=\"\" data-start=\"2130\" data-end=\"2158\">\n<p class=\"\" data-start=\"2132\" data-end=\"2158\"><strong data-start=\"2132\" data-end=\"2148\">H\u00f6jd produkt<\/strong>: 230 mm<\/p>\n<\/li>\n<li class=\"\" data-start=\"2159\" data-end=\"2186\">\n<p class=\"\" data-start=\"2161\" data-end=\"2186\"><strong data-start=\"2161\" data-end=\"2175\">Kabell\u00e4ngd<\/strong>: 5 meter<\/p>\n<\/li>\n<li class=\"\" data-start=\"2187\" data-end=\"2210\">\n<p class=\"\" data-start=\"2189\" data-end=\"2210\"><strong data-start=\"2189\" data-end=\"2204\">Kolvkontakt<\/strong>: Ja<\/p>\n<\/li>\n<li class=\"\" data-start=\"2211\" data-end=\"2242\">\n<p class=\"\" data-start=\"2213\" data-end=\"2242\"><strong data-start=\"2213\" data-end=\"2232\">R\u00e4ttv\u00e4nd\/Omv\u00e4nd<\/strong>: Omv\u00e4nd<\/p>\n<\/li>\n<li class=\"\" data-start=\"2243\" data-end=\"2269\">\n<p class=\"\" data-start=\"2245\" data-end=\"2269\"><strong data-start=\"2245\" data-end=\"2263\">Sp\u00e4nning AC\/DC<\/strong>: DC<\/p>\n<\/li>\n<li class=\"\" data-start=\"2270\" data-end=\"2298\">\n<p class=\"\" data-start=\"2272\" data-end=\"2298\"><strong data-start=\"2272\" data-end=\"2288\">Sp\u00e4nning max<\/strong>: 27,6 V<\/p>\n<\/li>\n<li class=\"\" data-start=\"2299\" data-end=\"2327\">\n<p class=\"\" data-start=\"2301\" data-end=\"2327\"><strong data-start=\"2301\" data-end=\"2317\">Sp\u00e4nning min<\/strong>: 21,6 V<\/p>\n<\/li>\n<li class=\"\" data-start=\"2328\" data-end=\"2354\">\n<p class=\"\" data-start=\"2330\" data-end=\"2354\"><strong data-start=\"2330\" data-end=\"2348\">SundaHusbed\u00f6md<\/strong>: Ja<\/p>\n<\/li>\n<\/ul>","protected":false},"excerpt":{"rendered":"<p>H\u00e4r kan se vilka stolpar och modeller som passar ihop fr\u00e5n STEP sortimentet av Elslutbleck.<\/p>\n<h5><strong><a href=\"https:\/\/steplock.com\/sv\/stolpguide\/#!?lang=sv&amp;blog_id=1&amp;paged=1&amp;number=50\" target=\"_blank\" rel=\"noopener\">STEP Stolpguide\u00a0<\/a><\/strong><\/h5>\n<h5><strong><a href=\"https:\/\/steplock.com\/sv\/projekteringsguide\/#!?lang=sv&amp;blog_id=1&amp;paged=1&amp;number=999\" target=\"_blank\" rel=\"noopener\">STEP projekteringsguide<\/a><\/strong><\/h5>","protected":false},"featured_media":82112,"template":"","meta":{"_acf_changed":false},"product_brand":[],"product_cat":[2313],"product_tag":[3421,3425],"class_list":{"0":"post-61178","1":"product","2":"type-product","3":"status-publish","4":"has-post-thumbnail","6":"product_cat-step-elslutbleck","7":"product_tag-24v","8":"product_tag-omvand","9":"product_shipping_class-tunga-paket","10":"pa_brands-step","11":"tm-no-options","13":"first","14":"onbackorder","15":"sale","16":"taxable","17":"shipping-taxable","18":"product-type-simple"},"acf":[],"_links":{"self":[{"href":"https:\/\/stonehouse.se\/en\/wp-json\/wp\/v2\/product\/61178","targetHints":{"allow":["GET"]}}],"collection":[{"href":"https:\/\/stonehouse.se\/en\/wp-json\/wp\/v2\/product"}],"about":[{"href":"https:\/\/stonehouse.se\/en\/wp-json\/wp\/v2\/types\/product"}],"wp:featuredmedia":[{"embeddable":true,"href":"https:\/\/stonehouse.se\/en\/wp-json\/wp\/v2\/media\/82112"}],"wp:attachment":[{"href":"https:\/\/stonehouse.se\/en\/wp-json\/wp\/v2\/media?parent=61178"}],"wp:term":[{"taxonomy":"product_brand","embeddable":true,"href":"https:\/\/stonehouse.se\/en\/wp-json\/wp\/v2\/product_brand?post=61178"},{"taxonomy":"product_cat","embeddable":true,"href":"https:\/\/stonehouse.se\/en\/wp-json\/wp\/v2\/product_cat?post=61178"},{"taxonomy":"product_tag","embeddable":true,"href":"https:\/\/stonehouse.se\/en\/wp-json\/wp\/v2\/product_tag?post=61178"}],"curies":[{"name":"wp","href":"https:\/\/api.w.org\/{rel}","templated":true}]}}