
{"id":61183,"date":"2023-09-26T13:06:13","date_gmt":"2023-09-26T11:06:13","guid":{"rendered":"https:\/\/stonehouse.se\/produkt\/elslutbleck-step-18-hoger-rattvand-12v-for-assa-511\/"},"modified":"2026-04-08T16:30:50","modified_gmt":"2026-04-08T14:30:50","slug":"elslutbleck-step-18-hoger-rattvand-12v-for-assa-511","status":"publish","type":"product","link":"https:\/\/stonehouse.se\/en\/product\/elslutbleck-step-18-hoger-rattvand-12v-for-assa-511\/","title":{"rendered":"Elslutbleck STEP 18 H\u00f6ger R\u00e4ttv\u00e4nd 12V f\u00f6r Assa 511"},"content":{"rendered":"<h1>Elslutbleck STEP 18 H\u00f6ger R\u00e4ttv\u00e4nd 12V f\u00f6r Assa 511<\/h1>\n<p>Elslutbleck STEP 18 Secure f\u00f6r Assa 511 \u00e4r ett brandgodk\u00e4nt h\u00f6gs\u00e4kerhetsl\u00e5s med h\u00f6g bryth\u00e5llfasthet. Designat f\u00f6r d\u00f6rrar med h\u00f6gt antal in- och utpasseringar.<\/p>\n<p class=\"\" data-start=\"346\" data-end=\"752\">STEP 18 Secure \u00e4r ett h\u00f6gs\u00e4kerhets elslutbleck som l\u00e4mpar sig f\u00f6r d\u00f6rrar med h\u00f6ga krav p\u00e5 intr\u00e5ngss\u00e4kerhet, s\u00e5som s\u00e4kerhetsd\u00f6rrar eller d\u00f6rrar i f\u00e4ngelser och banker.<\/p>\n<p class=\"\" data-start=\"346\" data-end=\"752\">Detta elslutbleck \u00e4r godk\u00e4nt f\u00f6r l\u00e5sning av s\u00e4kerhetsd\u00f6rrar upp till RC4 och \u00e4r brandgodk\u00e4nt upp till E\/EI 60. Det passar f\u00f6r hakregell\u00e5s Assa 511 med 10 mm kolv och har en r\u00e4ttv\u00e4nd funktion (l\u00e5st i str\u00f6ml\u00f6st l\u00e4ge).<\/p>\n<p class=\"\" data-start=\"754\" data-end=\"1121\">STEP 18 Secure har en bryth\u00e5llfasthet p\u00e5 15 kN (ca 1500 kg) och \u00f6ppnar \u00e4ven vid listtryck p\u00e5 upp till 5 kN (ca 500 kg) i b\u00e5de r\u00e4ttv\u00e4nd och omv\u00e4nd funktion.<\/p>\n<p class=\"\" data-start=\"754\" data-end=\"1121\">Det inkluderar en kolvkontakt f\u00f6r att indikera om d\u00f6rren \u00e4r st\u00e4ngd\/\u00f6ppen och l\u00e5st\/ol\u00e5st, vilket g\u00f6r det l\u00e4mpligt f\u00f6r anv\u00e4ndning med passersystem eller larmanl\u00e4ggningar. 5 meter halogenfri anslutningskabel ing\u00e5r.<\/p>\n<p class=\"\" data-start=\"1123\" data-end=\"1140\"><strong data-start=\"1123\" data-end=\"1137\">Egenskaper<\/strong>:<\/p>\n<ul data-start=\"1141\" data-end=\"1583\">\n<li class=\"\" data-start=\"1141\" data-end=\"1184\">\n<p class=\"\" data-start=\"1143\" data-end=\"1184\">F\u00f6r hakregell\u00e5s Assa 511 med 10 mm kolv<\/p>\n<\/li>\n<li class=\"\" data-start=\"1185\" data-end=\"1230\">\n<p class=\"\" data-start=\"1187\" data-end=\"1230\">R\u00e4ttv\u00e4nd funktion (l\u00e5st i str\u00f6ml\u00f6st l\u00e4ge)<\/p>\n<\/li>\n<li class=\"\" data-start=\"1231\" data-end=\"1257\">\n<p class=\"\" data-start=\"1233\" data-end=\"1257\">F\u00f6r h\u00f6gerh\u00e4ngda d\u00f6rrar<\/p>\n<\/li>\n<li class=\"\" data-start=\"1258\" data-end=\"1291\">\n<p class=\"\" data-start=\"1260\" data-end=\"1291\">Brandgodk\u00e4nd upp till E\/EI 60<\/p>\n<\/li>\n<li class=\"\" data-start=\"1292\" data-end=\"1376\">\n<p class=\"\" data-start=\"1294\" data-end=\"1376\">Inbyggd kolvkontakt f\u00f6r indikering av d\u00f6rrens st\u00e4ngd\/\u00f6ppen och l\u00e5st\/ol\u00e5st status<\/p>\n<\/li>\n<li class=\"\" data-start=\"1377\" data-end=\"1399\">\n<p class=\"\" data-start=\"1379\" data-end=\"1399\">Skyddsdiod inbyggd<\/p>\n<\/li>\n<li class=\"\" data-start=\"1400\" data-end=\"1438\">\n<p class=\"\" data-start=\"1402\" data-end=\"1438\">Bryth\u00e5llfasthet 15 kN (ca 1500 kg)<\/p>\n<\/li>\n<li class=\"\" data-start=\"1439\" data-end=\"1521\">\n<p class=\"\" data-start=\"1441\" data-end=\"1521\">\u00d6ppnar trots listtryck p\u00e5 5 kN (ca 500 kg) i b\u00e5de r\u00e4ttv\u00e4nd och omv\u00e4nd funktion<\/p>\n<\/li>\n<li class=\"\" data-start=\"1522\" data-end=\"1537\">\n<p class=\"\" data-start=\"1524\" data-end=\"1537\">Knacks\u00e4krad<\/p>\n<\/li>\n<li class=\"\" data-start=\"1538\" data-end=\"1583\">\n<p class=\"\" data-start=\"1540\" data-end=\"1583\">5 meter halogenfri anslutningskabel ing\u00e5r<\/p>\n<\/li>\n<\/ul>\n<p class=\"\" data-start=\"1585\" data-end=\"1616\"><strong data-start=\"1585\" data-end=\"1613\">Tekniska specifikationer<\/strong>:<\/p>\n<ul data-start=\"1617\" data-end=\"2198\">\n<li class=\"\" data-start=\"1617\" data-end=\"1653\">\n<p class=\"\" data-start=\"1619\" data-end=\"1653\"><strong data-start=\"1619\" data-end=\"1642\">Bryth\u00e5llfasthet max<\/strong>: 1500 kg<\/p>\n<\/li>\n<li class=\"\" data-start=\"1654\" data-end=\"1681\">\n<p class=\"\" data-start=\"1656\" data-end=\"1681\"><strong data-start=\"1656\" data-end=\"1672\">D\u00f6rrh\u00e4ngning<\/strong>: H\u00f6ger<\/p>\n<\/li>\n<li class=\"\" data-start=\"1682\" data-end=\"1705\">\n<p class=\"\" data-start=\"1684\" data-end=\"1705\"><strong data-start=\"1684\" data-end=\"1699\">Kabel ing\u00e5r<\/strong>: Ja<\/p>\n<\/li>\n<li class=\"\" data-start=\"1706\" data-end=\"1731\">\n<p class=\"\" data-start=\"1708\" data-end=\"1731\"><strong data-start=\"1708\" data-end=\"1721\">Listtryck<\/strong>: 500 kg<\/p>\n<\/li>\n<li class=\"\" data-start=\"1732\" data-end=\"1769\">\n<p class=\"\" data-start=\"1734\" data-end=\"1769\"><strong data-start=\"1734\" data-end=\"1744\">L\u00e5styp<\/strong>: Hakregell\u00e5s, Regell\u00e5s<\/p>\n<\/li>\n<li class=\"\" data-start=\"1770\" data-end=\"1798\">\n<p class=\"\" data-start=\"1772\" data-end=\"1798\"><strong data-start=\"1772\" data-end=\"1789\">Bredd produkt<\/strong>: 35 mm<\/p>\n<\/li>\n<li class=\"\" data-start=\"1799\" data-end=\"1825\">\n<p class=\"\" data-start=\"1801\" data-end=\"1825\"><strong data-start=\"1801\" data-end=\"1819\">Byggvarubed\u00f6md<\/strong>: Ja<\/p>\n<\/li>\n<li class=\"\" data-start=\"1826\" data-end=\"1853\">\n<p class=\"\" data-start=\"1828\" data-end=\"1853\"><strong data-start=\"1828\" data-end=\"1844\">Djup produkt<\/strong>: 40 mm<\/p>\n<\/li>\n<li class=\"\" data-start=\"1854\" data-end=\"1888\">\n<p class=\"\" data-start=\"1856\" data-end=\"1888\"><strong data-start=\"1856\" data-end=\"1881\">Driftsp\u00e4nning 12V\/24V<\/strong>: 12V<\/p>\n<\/li>\n<li class=\"\" data-start=\"1889\" data-end=\"1917\">\n<p class=\"\" data-start=\"1891\" data-end=\"1917\"><strong data-start=\"1891\" data-end=\"1910\">Dubbel vridfall<\/strong>: Nej<\/p>\n<\/li>\n<li class=\"\" data-start=\"1918\" data-end=\"1945\">\n<p class=\"\" data-start=\"1920\" data-end=\"1945\"><strong data-start=\"1920\" data-end=\"1938\">EPD-Verifierad<\/strong>: Nej<\/p>\n<\/li>\n<li class=\"\" data-start=\"1946\" data-end=\"1964\">\n<p class=\"\" data-start=\"1948\" data-end=\"1964\"><strong data-start=\"1948\" data-end=\"1957\">FINFO<\/strong>: Nej<\/p>\n<\/li>\n<li class=\"\" data-start=\"1965\" data-end=\"1999\">\n<p class=\"\" data-start=\"1967\" data-end=\"1999\"><strong data-start=\"1967\" data-end=\"1988\">F\u00e4rg\/Ytbehandling<\/strong>: Rostfri<\/p>\n<\/li>\n<li class=\"\" data-start=\"2000\" data-end=\"2028\">\n<p class=\"\" data-start=\"2002\" data-end=\"2028\"><strong data-start=\"2002\" data-end=\"2018\">H\u00f6jd produkt<\/strong>: 230 mm<\/p>\n<\/li>\n<li class=\"\" data-start=\"2029\" data-end=\"2052\">\n<p class=\"\" data-start=\"2031\" data-end=\"2052\"><strong data-start=\"2031\" data-end=\"2046\">Kolvkontakt<\/strong>: Ja<\/p>\n<\/li>\n<li class=\"\" data-start=\"2053\" data-end=\"2086\">\n<p class=\"\" data-start=\"2055\" data-end=\"2086\"><strong data-start=\"2055\" data-end=\"2074\">R\u00e4ttv\u00e4nd\/Omv\u00e4nd<\/strong>: R\u00e4ttv\u00e4nd<\/p>\n<\/li>\n<li class=\"\" data-start=\"2087\" data-end=\"2113\">\n<p class=\"\" data-start=\"2089\" data-end=\"2113\"><strong data-start=\"2089\" data-end=\"2107\">Sp\u00e4nning AC\/DC<\/strong>: DC<\/p>\n<\/li>\n<li class=\"\" data-start=\"2114\" data-end=\"2142\">\n<p class=\"\" data-start=\"2116\" data-end=\"2142\"><strong data-start=\"2116\" data-end=\"2132\">Sp\u00e4nning max<\/strong>: 13,8 V<\/p>\n<\/li>\n<li class=\"\" data-start=\"2143\" data-end=\"2171\">\n<p class=\"\" data-start=\"2145\" data-end=\"2171\"><strong data-start=\"2145\" data-end=\"2161\">Sp\u00e4nning min<\/strong>: 10,8 V<\/p>\n<\/li>\n<li class=\"\" data-start=\"2172\" data-end=\"2198\">\n<p class=\"\" data-start=\"2174\" data-end=\"2198\"><strong data-start=\"2174\" data-end=\"2192\">SundaHusbed\u00f6md<\/strong>: Ja<\/p>\n<\/li>\n<\/ul>","protected":false},"excerpt":{"rendered":"<p>H\u00e4r kan se vilka stolpar och modeller som passar ihop fr\u00e5n STEP sortimentet av Elslutbleck.<\/p>\n<h5><strong><a href=\"https:\/\/steplock.com\/sv\/stolpguide\/#!?lang=sv&amp;blog_id=1&amp;paged=1&amp;number=50\" target=\"_blank\" rel=\"noopener\">STEP Stolpguide\u00a0<\/a><\/strong><\/h5>\n<h5><strong><a href=\"https:\/\/steplock.com\/sv\/projekteringsguide\/#!?lang=sv&amp;blog_id=1&amp;paged=1&amp;number=999\" target=\"_blank\" rel=\"noopener\">STEP projekteringsguide<\/a><\/strong><\/h5>","protected":false},"featured_media":82000,"template":"","meta":{"_acf_changed":false},"product_brand":[],"product_cat":[2313],"product_tag":[3422,3424],"class_list":{"0":"post-61183","1":"product","2":"type-product","3":"status-publish","4":"has-post-thumbnail","6":"product_cat-step-elslutbleck","7":"product_tag-12v","8":"product_tag-rattvand","9":"product_shipping_class-tunga-paket","10":"pa_brands-step","11":"tm-no-options","13":"first","14":"onbackorder","15":"sale","16":"taxable","17":"shipping-taxable","18":"product-type-simple"},"acf":[],"_links":{"self":[{"href":"https:\/\/stonehouse.se\/en\/wp-json\/wp\/v2\/product\/61183","targetHints":{"allow":["GET"]}}],"collection":[{"href":"https:\/\/stonehouse.se\/en\/wp-json\/wp\/v2\/product"}],"about":[{"href":"https:\/\/stonehouse.se\/en\/wp-json\/wp\/v2\/types\/product"}],"wp:featuredmedia":[{"embeddable":true,"href":"https:\/\/stonehouse.se\/en\/wp-json\/wp\/v2\/media\/82000"}],"wp:attachment":[{"href":"https:\/\/stonehouse.se\/en\/wp-json\/wp\/v2\/media?parent=61183"}],"wp:term":[{"taxonomy":"product_brand","embeddable":true,"href":"https:\/\/stonehouse.se\/en\/wp-json\/wp\/v2\/product_brand?post=61183"},{"taxonomy":"product_cat","embeddable":true,"href":"https:\/\/stonehouse.se\/en\/wp-json\/wp\/v2\/product_cat?post=61183"},{"taxonomy":"product_tag","embeddable":true,"href":"https:\/\/stonehouse.se\/en\/wp-json\/wp\/v2\/product_tag?post=61183"}],"curies":[{"name":"wp","href":"https:\/\/api.w.org\/{rel}","templated":true}]}}