
{"id":61187,"date":"2023-09-26T13:06:14","date_gmt":"2023-09-26T11:06:14","guid":{"rendered":"https:\/\/stonehouse.se\/produkt\/elslutbleck-step-18-vanster-rattvand-12v-for-assa-511\/"},"modified":"2026-04-08T16:27:24","modified_gmt":"2026-04-08T14:27:24","slug":"elslutbleck-step-18-vanster-rattvand-12v-for-assa-511","status":"publish","type":"product","link":"https:\/\/stonehouse.se\/en\/product\/elslutbleck-step-18-vanster-rattvand-12v-for-assa-511\/","title":{"rendered":"Elslutbleck STEP 18 V\u00e4nster R\u00e4ttv\u00e4nd 12V f\u00f6r Assa 511"},"content":{"rendered":"<h1>Elslutbleck STEP 18 V\u00e4nster R\u00e4ttv\u00e4nd 12V f\u00f6r Assa 511<\/h1>\n<p>Elslutbleck STEP 18 Secure erbjuder h\u00f6g intr\u00e5ngss\u00e4kerhet och brandgodk\u00e4nd funktion. Designat f\u00f6r hakregell\u00e5s Assa 511 med 10 mm kolv, l\u00e4mpligt f\u00f6r s\u00e4kerhetsd\u00f6rrar.<\/p>\n<p class=\"\" data-start=\"355\" data-end=\"752\">STEP 18 Secure \u00e4r ett elektriskt h\u00f6gs\u00e4kerhetsl\u00e5s designat f\u00f6r installation i d\u00f6rrar med h\u00f6gt antal in- och utpasseringar, som exempelvis i f\u00e4ngelser och banker.<\/p>\n<p class=\"\" data-start=\"355\" data-end=\"752\">L\u00e5set \u00e4r godk\u00e4nt f\u00f6r l\u00e5sning av s\u00e4kerhetsd\u00f6rrar upp till RC4 och \u00e4r brandgodk\u00e4nt upp till E\/EI 60. STEP 18 Secure \u00e4r s\u00e4rskilt l\u00e4mpligt f\u00f6r d\u00f6rrar med utrymningskrav och de som ska t\u00e5la att \u00f6ppnas ofta och snabbt.<\/p>\n<p class=\"\" data-start=\"754\" data-end=\"1156\">F\u00f6r hakregell\u00e5s Assa 511 med 10 mm kolv, och har en r\u00e4ttv\u00e4nd funktion (l\u00e5st i str\u00f6ml\u00f6st l\u00e4ge).<\/p>\n<p class=\"\" data-start=\"754\" data-end=\"1156\">Det erbjuder h\u00f6g s\u00e4kerhet, med en bryth\u00e5llfasthet p\u00e5 15 kN (ca 1500 kg), och fungerar \u00e4ven vid listtryck upp till 5 kN (ca 500 kg).<\/p>\n<p class=\"\" data-start=\"754\" data-end=\"1156\">Det \u00e4r dessutom utrustat med kolvkontakt och indikatorer f\u00f6r att visa om d\u00f6rren \u00e4r st\u00e4ngd\/\u00f6ppen och l\u00e5st\/ol\u00e5st, vilket g\u00f6r det idealiskt f\u00f6r passersystem och larmanl\u00e4ggningar.<\/p>\n<p class=\"\" data-start=\"1158\" data-end=\"1175\"><strong data-start=\"1158\" data-end=\"1172\">Egenskaper<\/strong>:<\/p>\n<ul data-start=\"1176\" data-end=\"1620\">\n<li class=\"\" data-start=\"1176\" data-end=\"1219\">\n<p class=\"\" data-start=\"1178\" data-end=\"1219\">F\u00f6r hakregell\u00e5s Assa 511 med 10 mm kolv<\/p>\n<\/li>\n<li class=\"\" data-start=\"1220\" data-end=\"1265\">\n<p class=\"\" data-start=\"1222\" data-end=\"1265\">R\u00e4ttv\u00e4nd funktion (l\u00e5st i str\u00f6ml\u00f6st l\u00e4ge)<\/p>\n<\/li>\n<li class=\"\" data-start=\"1266\" data-end=\"1294\">\n<p class=\"\" data-start=\"1268\" data-end=\"1294\">F\u00f6r v\u00e4nsterh\u00e4ngda d\u00f6rrar<\/p>\n<\/li>\n<li class=\"\" data-start=\"1295\" data-end=\"1328\">\n<p class=\"\" data-start=\"1297\" data-end=\"1328\">Brandgodk\u00e4nd upp till E\/EI 60<\/p>\n<\/li>\n<li class=\"\" data-start=\"1329\" data-end=\"1413\">\n<p class=\"\" data-start=\"1331\" data-end=\"1413\">Inbyggd kolvkontakt f\u00f6r indikering av d\u00f6rrens st\u00e4ngd\/\u00f6ppen och l\u00e5st\/ol\u00e5st status<\/p>\n<\/li>\n<li class=\"\" data-start=\"1414\" data-end=\"1436\">\n<p class=\"\" data-start=\"1416\" data-end=\"1436\">Skyddsdiod inbyggd<\/p>\n<\/li>\n<li class=\"\" data-start=\"1437\" data-end=\"1475\">\n<p class=\"\" data-start=\"1439\" data-end=\"1475\">Bryth\u00e5llfasthet 15 kN (ca 1500 kg)<\/p>\n<\/li>\n<li class=\"\" data-start=\"1476\" data-end=\"1558\">\n<p class=\"\" data-start=\"1478\" data-end=\"1558\">\u00d6ppnar trots listtryck p\u00e5 5 kN (ca 500 kg) i b\u00e5de r\u00e4ttv\u00e4nd och omv\u00e4nd funktion<\/p>\n<\/li>\n<li class=\"\" data-start=\"1559\" data-end=\"1574\">\n<p class=\"\" data-start=\"1561\" data-end=\"1574\">Knacks\u00e4krad<\/p>\n<\/li>\n<li class=\"\" data-start=\"1575\" data-end=\"1620\">\n<p class=\"\" data-start=\"1577\" data-end=\"1620\">5 meter halogenfri anslutningskabel ing\u00e5r<\/p>\n<\/li>\n<\/ul>\n<p class=\"\" data-start=\"1622\" data-end=\"1653\"><strong data-start=\"1622\" data-end=\"1650\">Tekniska specifikationer<\/strong>:<\/p>\n<ul data-start=\"1654\" data-end=\"2237\">\n<li class=\"\" data-start=\"1654\" data-end=\"1690\">\n<p class=\"\" data-start=\"1656\" data-end=\"1690\"><strong data-start=\"1656\" data-end=\"1679\">Bryth\u00e5llfasthet max<\/strong>: 1500 kg<\/p>\n<\/li>\n<li class=\"\" data-start=\"1691\" data-end=\"1720\">\n<p class=\"\" data-start=\"1693\" data-end=\"1720\"><strong data-start=\"1693\" data-end=\"1709\">D\u00f6rrh\u00e4ngning<\/strong>: V\u00e4nster<\/p>\n<\/li>\n<li class=\"\" data-start=\"1721\" data-end=\"1744\">\n<p class=\"\" data-start=\"1723\" data-end=\"1744\"><strong data-start=\"1723\" data-end=\"1738\">Kabel ing\u00e5r<\/strong>: Ja<\/p>\n<\/li>\n<li class=\"\" data-start=\"1745\" data-end=\"1770\">\n<p class=\"\" data-start=\"1747\" data-end=\"1770\"><strong data-start=\"1747\" data-end=\"1760\">Listtryck<\/strong>: 500 kg<\/p>\n<\/li>\n<li class=\"\" data-start=\"1771\" data-end=\"1808\">\n<p class=\"\" data-start=\"1773\" data-end=\"1808\"><strong data-start=\"1773\" data-end=\"1783\">L\u00e5styp<\/strong>: Hakregell\u00e5s, Regell\u00e5s<\/p>\n<\/li>\n<li class=\"\" data-start=\"1809\" data-end=\"1837\">\n<p class=\"\" data-start=\"1811\" data-end=\"1837\"><strong data-start=\"1811\" data-end=\"1828\">Bredd produkt<\/strong>: 35 mm<\/p>\n<\/li>\n<li class=\"\" data-start=\"1838\" data-end=\"1864\">\n<p class=\"\" data-start=\"1840\" data-end=\"1864\"><strong data-start=\"1840\" data-end=\"1858\">Byggvarubed\u00f6md<\/strong>: Ja<\/p>\n<\/li>\n<li class=\"\" data-start=\"1865\" data-end=\"1892\">\n<p class=\"\" data-start=\"1867\" data-end=\"1892\"><strong data-start=\"1867\" data-end=\"1883\">Djup produkt<\/strong>: 40 mm<\/p>\n<\/li>\n<li class=\"\" data-start=\"1893\" data-end=\"1927\">\n<p class=\"\" data-start=\"1895\" data-end=\"1927\"><strong data-start=\"1895\" data-end=\"1920\">Driftsp\u00e4nning 12V\/24V<\/strong>: 12V<\/p>\n<\/li>\n<li class=\"\" data-start=\"1928\" data-end=\"1956\">\n<p class=\"\" data-start=\"1930\" data-end=\"1956\"><strong data-start=\"1930\" data-end=\"1949\">Dubbel vridfall<\/strong>: Nej<\/p>\n<\/li>\n<li class=\"\" data-start=\"1957\" data-end=\"1984\">\n<p class=\"\" data-start=\"1959\" data-end=\"1984\"><strong data-start=\"1959\" data-end=\"1977\">EPD-Verifierad<\/strong>: Nej<\/p>\n<\/li>\n<li class=\"\" data-start=\"1985\" data-end=\"2003\">\n<p class=\"\" data-start=\"1987\" data-end=\"2003\"><strong data-start=\"1987\" data-end=\"1996\">FINFO<\/strong>: Nej<\/p>\n<\/li>\n<li class=\"\" data-start=\"2004\" data-end=\"2038\">\n<p class=\"\" data-start=\"2006\" data-end=\"2038\"><strong data-start=\"2006\" data-end=\"2027\">F\u00e4rg\/Ytbehandling<\/strong>: Rostfri<\/p>\n<\/li>\n<li class=\"\" data-start=\"2039\" data-end=\"2067\">\n<p class=\"\" data-start=\"2041\" data-end=\"2067\"><strong data-start=\"2041\" data-end=\"2057\">H\u00f6jd produkt<\/strong>: 230 mm<\/p>\n<\/li>\n<li class=\"\" data-start=\"2068\" data-end=\"2091\">\n<p class=\"\" data-start=\"2070\" data-end=\"2091\"><strong data-start=\"2070\" data-end=\"2085\">Kolvkontakt<\/strong>: Ja<\/p>\n<\/li>\n<li class=\"\" data-start=\"2092\" data-end=\"2125\">\n<p class=\"\" data-start=\"2094\" data-end=\"2125\"><strong data-start=\"2094\" data-end=\"2113\">R\u00e4ttv\u00e4nd\/Omv\u00e4nd<\/strong>: R\u00e4ttv\u00e4nd<\/p>\n<\/li>\n<li class=\"\" data-start=\"2126\" data-end=\"2152\">\n<p class=\"\" data-start=\"2128\" data-end=\"2152\"><strong data-start=\"2128\" data-end=\"2146\">Sp\u00e4nning AC\/DC<\/strong>: DC<\/p>\n<\/li>\n<li class=\"\" data-start=\"2153\" data-end=\"2181\">\n<p class=\"\" data-start=\"2155\" data-end=\"2181\"><strong data-start=\"2155\" data-end=\"2171\">Sp\u00e4nning max<\/strong>: 13,8 V<\/p>\n<\/li>\n<li class=\"\" data-start=\"2182\" data-end=\"2210\">\n<p class=\"\" data-start=\"2184\" data-end=\"2210\"><strong data-start=\"2184\" data-end=\"2200\">Sp\u00e4nning min<\/strong>: 10,8 V<\/p>\n<\/li>\n<li class=\"\" data-start=\"2211\" data-end=\"2237\">\n<p class=\"\" data-start=\"2213\" data-end=\"2237\"><strong data-start=\"2213\" data-end=\"2231\">SundaHusbed\u00f6md<\/strong>: Ja<\/p>\n<\/li>\n<\/ul>","protected":false},"excerpt":{"rendered":"<p>H\u00e4r kan se vilka stolpar och modeller som passar ihop fr\u00e5n STEP sortimentet av Elslutbleck.<\/p>\n<h5><strong><a href=\"https:\/\/steplock.com\/sv\/stolpguide\/#!?lang=sv&amp;blog_id=1&amp;paged=1&amp;number=50\" target=\"_blank\" rel=\"noopener\">STEP Stolpguide\u00a0<\/a><\/strong><\/h5>\n<h5><strong><a href=\"https:\/\/steplock.com\/sv\/projekteringsguide\/#!?lang=sv&amp;blog_id=1&amp;paged=1&amp;number=999\" target=\"_blank\" rel=\"noopener\">STEP projekteringsguide<\/a><\/strong><\/h5>","protected":false},"featured_media":81827,"template":"","meta":{"_acf_changed":false},"product_brand":[],"product_cat":[2313],"product_tag":[3422,3424],"class_list":{"0":"post-61187","1":"product","2":"type-product","3":"status-publish","4":"has-post-thumbnail","6":"product_cat-step-elslutbleck","7":"product_tag-12v","8":"product_tag-rattvand","9":"product_shipping_class-tunga-paket","10":"pa_brands-step","11":"tm-no-options","13":"first","14":"onbackorder","15":"sale","16":"taxable","17":"shipping-taxable","18":"product-type-simple"},"acf":[],"_links":{"self":[{"href":"https:\/\/stonehouse.se\/en\/wp-json\/wp\/v2\/product\/61187","targetHints":{"allow":["GET"]}}],"collection":[{"href":"https:\/\/stonehouse.se\/en\/wp-json\/wp\/v2\/product"}],"about":[{"href":"https:\/\/stonehouse.se\/en\/wp-json\/wp\/v2\/types\/product"}],"wp:featuredmedia":[{"embeddable":true,"href":"https:\/\/stonehouse.se\/en\/wp-json\/wp\/v2\/media\/81827"}],"wp:attachment":[{"href":"https:\/\/stonehouse.se\/en\/wp-json\/wp\/v2\/media?parent=61187"}],"wp:term":[{"taxonomy":"product_brand","embeddable":true,"href":"https:\/\/stonehouse.se\/en\/wp-json\/wp\/v2\/product_brand?post=61187"},{"taxonomy":"product_cat","embeddable":true,"href":"https:\/\/stonehouse.se\/en\/wp-json\/wp\/v2\/product_cat?post=61187"},{"taxonomy":"product_tag","embeddable":true,"href":"https:\/\/stonehouse.se\/en\/wp-json\/wp\/v2\/product_tag?post=61187"}],"curies":[{"name":"wp","href":"https:\/\/api.w.org\/{rel}","templated":true}]}}