
{"id":61198,"date":"2023-09-26T13:06:17","date_gmt":"2023-09-26T11:06:17","guid":{"rendered":"https:\/\/stonehouse.se\/produkt\/elslutbleck-step-98-rattvand-12v\/"},"modified":"2026-04-08T16:36:04","modified_gmt":"2026-04-08T14:36:04","slug":"elslutbleck-step-98-rattvand-12v","status":"publish","type":"product","link":"https:\/\/stonehouse.se\/en\/product\/elslutbleck-step-98-rattvand-12v\/","title":{"rendered":"Elslutbleck STEP 98 R\u00e4ttv\u00e4nd 12V"},"content":{"rendered":"<h1>Elslutbleck STEP 98 R\u00e4ttv\u00e4nd 12V<\/h1>\n<p>Elslutbleck STEP 98 Preload \u00e4r brandgodk\u00e4nt med h\u00f6g bryth\u00e5llfasthet och f\u00f6rm\u00e5ga att \u00f6ppna trots listtryck. Idealisk f\u00f6r d\u00f6rrar som kr\u00e4ver h\u00f6g s\u00e4kerhet.<\/p>\n<p class=\"\" data-start=\"301\" data-end=\"692\">STEP 98 Preload \u00e4r ett brandgodk\u00e4nt elslutbleck designat f\u00f6r att ge s\u00e4kerhet och p\u00e5litlighet i d\u00f6rrmilj\u00f6er som kr\u00e4ver extra funktionalitet.<\/p>\n<p class=\"\" data-start=\"301\" data-end=\"692\">Certifierat f\u00f6r brandmotst\u00e5nd upp till E\/EI 120 (120 minuter), \u00e4r detta elslutbleck ocks\u00e5 utrustat med STEPs patenterade listtrycksteknik.<\/p>\n<p class=\"\" data-start=\"301\" data-end=\"692\">Denna teknologi g\u00f6r att d\u00f6rren kan \u00f6ppnas \u00e4ven n\u00e4r den uts\u00e4tts f\u00f6r tryck upp till 40 kg.<\/p>\n<p class=\"\" data-start=\"694\" data-end=\"1115\">Med en r\u00e4ttv\u00e4nd funktion (l\u00e5st i str\u00f6ml\u00f6st l\u00e4ge) och v\u00e4ndbar design, passar detta elslutbleck b\u00e5de f\u00f6r h\u00f6ger- och v\u00e4nsterd\u00f6rrar.<\/p>\n<p class=\"\" data-start=\"694\" data-end=\"1115\">Den \u00e4r ocks\u00e5 knacks\u00e4krad f\u00f6r att s\u00e4kerst\u00e4lla l\u00e5ngvarig funktion och p\u00e5litlighet. Elslutblecket har en bryth\u00e5llfasthet p\u00e5 900 kg och ger en \u00f6ppen funktion \u00e4ven under extrema tryckf\u00f6rh\u00e5llanden.<\/p>\n<p class=\"\" data-start=\"694\" data-end=\"1115\">Det \u00e4r ocks\u00e5 l\u00e4tt att installera och fungerar bra tillsammans med passersystem och larmanl\u00e4ggningar.<\/p>\n<p class=\"\" data-start=\"1117\" data-end=\"1134\"><strong data-start=\"1117\" data-end=\"1131\">Egenskaper<\/strong>:<\/p>\n<ul data-start=\"1135\" data-end=\"1503\">\n<li class=\"\" data-start=\"1135\" data-end=\"1180\">\n<p class=\"\" data-start=\"1137\" data-end=\"1180\">R\u00e4ttv\u00e4nd funktion (l\u00e5st i str\u00f6ml\u00f6st l\u00e4ge)<\/p>\n<\/li>\n<li class=\"\" data-start=\"1181\" data-end=\"1239\">\n<p class=\"\" data-start=\"1183\" data-end=\"1239\">Brandgodk\u00e4nd upp till E\/EI 120 enligt SS-EN 14846:2008<\/p>\n<\/li>\n<li class=\"\" data-start=\"1240\" data-end=\"1276\">\n<p class=\"\" data-start=\"1242\" data-end=\"1276\">Bryth\u00e5llfasthet 9 kN (ca 900 kg)<\/p>\n<\/li>\n<li class=\"\" data-start=\"1277\" data-end=\"1364\">\n<p class=\"\" data-start=\"1279\" data-end=\"1364\">Garanterar \u00f6ppning trots listtryck p\u00e5 upp till 40 kg i r\u00e4ttv\u00e4nd och omv\u00e4nd funktion<\/p>\n<\/li>\n<li class=\"\" data-start=\"1365\" data-end=\"1387\">\n<p class=\"\" data-start=\"1367\" data-end=\"1387\">Skyddsdiod inbyggd<\/p>\n<\/li>\n<li class=\"\" data-start=\"1388\" data-end=\"1403\">\n<p class=\"\" data-start=\"1390\" data-end=\"1403\">Knacks\u00e4krad<\/p>\n<\/li>\n<li class=\"\" data-start=\"1404\" data-end=\"1454\">\n<p class=\"\" data-start=\"1406\" data-end=\"1454\">V\u00e4ndbar f\u00f6r att passa h\u00f6ger- och v\u00e4nsterd\u00f6rrar<\/p>\n<\/li>\n<li class=\"\" data-start=\"1455\" data-end=\"1503\">\n<p class=\"\" data-start=\"1457\" data-end=\"1503\">Klarar utl\u00e5sning av hakregel eller rak regel<\/p>\n<\/li>\n<\/ul>\n<p class=\"\" data-start=\"1505\" data-end=\"1536\"><strong data-start=\"1505\" data-end=\"1533\">Tekniska specifikationer<\/strong>:<\/p>\n<ul data-start=\"1537\" data-end=\"2130\">\n<li class=\"\" data-start=\"1537\" data-end=\"1572\">\n<p class=\"\" data-start=\"1539\" data-end=\"1572\"><strong data-start=\"1539\" data-end=\"1562\">Bryth\u00e5llfasthet max<\/strong>: 900 kg<\/p>\n<\/li>\n<li class=\"\" data-start=\"1573\" data-end=\"1609\">\n<p class=\"\" data-start=\"1575\" data-end=\"1609\"><strong data-start=\"1575\" data-end=\"1591\">D\u00f6rrh\u00e4ngning<\/strong>: H\u00f6ger, V\u00e4nster<\/p>\n<\/li>\n<li class=\"\" data-start=\"1610\" data-end=\"1634\">\n<p class=\"\" data-start=\"1612\" data-end=\"1634\"><strong data-start=\"1612\" data-end=\"1627\">Kabel ing\u00e5r<\/strong>: Nej<\/p>\n<\/li>\n<li class=\"\" data-start=\"1635\" data-end=\"1659\">\n<p class=\"\" data-start=\"1637\" data-end=\"1659\"><strong data-start=\"1637\" data-end=\"1650\">Listtryck<\/strong>: 40 kg<\/p>\n<\/li>\n<li class=\"\" data-start=\"1660\" data-end=\"1701\">\n<p class=\"\" data-start=\"1662\" data-end=\"1701\"><strong data-start=\"1662\" data-end=\"1672\">L\u00e5styp<\/strong>: Enkelfall\u00e5s, Dubbelfall\u00e5s<\/p>\n<\/li>\n<li class=\"\" data-start=\"1702\" data-end=\"1730\">\n<p class=\"\" data-start=\"1704\" data-end=\"1730\"><strong data-start=\"1704\" data-end=\"1721\">Bredd produkt<\/strong>: 25 mm<\/p>\n<\/li>\n<li class=\"\" data-start=\"1731\" data-end=\"1757\">\n<p class=\"\" data-start=\"1733\" data-end=\"1757\"><strong data-start=\"1733\" data-end=\"1751\">Byggvarubed\u00f6md<\/strong>: Ja<\/p>\n<\/li>\n<li class=\"\" data-start=\"1758\" data-end=\"1785\">\n<p class=\"\" data-start=\"1760\" data-end=\"1785\"><strong data-start=\"1760\" data-end=\"1776\">Djup produkt<\/strong>: 35 mm<\/p>\n<\/li>\n<li class=\"\" data-start=\"1786\" data-end=\"1820\">\n<p class=\"\" data-start=\"1788\" data-end=\"1820\"><strong data-start=\"1788\" data-end=\"1813\">Driftsp\u00e4nning 12V\/24V<\/strong>: 12V<\/p>\n<\/li>\n<li class=\"\" data-start=\"1821\" data-end=\"1849\">\n<p class=\"\" data-start=\"1823\" data-end=\"1849\"><strong data-start=\"1823\" data-end=\"1842\">Dubbel vridfall<\/strong>: Nej<\/p>\n<\/li>\n<li class=\"\" data-start=\"1850\" data-end=\"1877\">\n<p class=\"\" data-start=\"1852\" data-end=\"1877\"><strong data-start=\"1852\" data-end=\"1870\">EPD-Verifierad<\/strong>: Nej<\/p>\n<\/li>\n<li class=\"\" data-start=\"1878\" data-end=\"1896\">\n<p class=\"\" data-start=\"1880\" data-end=\"1896\"><strong data-start=\"1880\" data-end=\"1889\">FINFO<\/strong>: Nej<\/p>\n<\/li>\n<li class=\"\" data-start=\"1897\" data-end=\"1931\">\n<p class=\"\" data-start=\"1899\" data-end=\"1931\"><strong data-start=\"1899\" data-end=\"1920\">F\u00e4rg\/Ytbehandling<\/strong>: Rostfri<\/p>\n<\/li>\n<li class=\"\" data-start=\"1932\" data-end=\"1959\">\n<p class=\"\" data-start=\"1934\" data-end=\"1959\"><strong data-start=\"1934\" data-end=\"1950\">H\u00f6jd produkt<\/strong>: 90 mm<\/p>\n<\/li>\n<li class=\"\" data-start=\"1960\" data-end=\"1984\">\n<p class=\"\" data-start=\"1962\" data-end=\"1984\"><strong data-start=\"1962\" data-end=\"1977\">Kolvkontakt<\/strong>: Nej<\/p>\n<\/li>\n<li class=\"\" data-start=\"1985\" data-end=\"2018\">\n<p class=\"\" data-start=\"1987\" data-end=\"2018\"><strong data-start=\"1987\" data-end=\"2006\">R\u00e4ttv\u00e4nd\/Omv\u00e4nd<\/strong>: R\u00e4ttv\u00e4nd<\/p>\n<\/li>\n<li class=\"\" data-start=\"2019\" data-end=\"2045\">\n<p class=\"\" data-start=\"2021\" data-end=\"2045\"><strong data-start=\"2021\" data-end=\"2039\">Sp\u00e4nning AC\/DC<\/strong>: DC<\/p>\n<\/li>\n<li class=\"\" data-start=\"2046\" data-end=\"2074\">\n<p class=\"\" data-start=\"2048\" data-end=\"2074\"><strong data-start=\"2048\" data-end=\"2064\">Sp\u00e4nning max<\/strong>: 13,8 V<\/p>\n<\/li>\n<li class=\"\" data-start=\"2075\" data-end=\"2103\">\n<p class=\"\" data-start=\"2077\" data-end=\"2103\"><strong data-start=\"2077\" data-end=\"2093\">Sp\u00e4nning min<\/strong>: 10,8 V<\/p>\n<\/li>\n<li class=\"\" data-start=\"2104\" data-end=\"2130\">\n<p class=\"\" data-start=\"2106\" data-end=\"2130\"><strong data-start=\"2106\" data-end=\"2124\">SundaHusbed\u00f6md<\/strong>: Ja<\/p>\n<\/li>\n<\/ul>","protected":false},"excerpt":{"rendered":"<p>H\u00e4r kan se vilka stolpar och modeller som passar ihop fr\u00e5n STEP sortimentet av Elslutbleck.<\/p>\n<h5><strong><a href=\"https:\/\/steplock.com\/sv\/stolpguide\/#!?lang=sv&amp;blog_id=1&amp;paged=1&amp;number=50\" target=\"_blank\" rel=\"noopener\">STEP Stolpguide\u00a0<\/a><\/strong><\/h5>\n<h5><strong><a href=\"https:\/\/steplock.com\/sv\/projekteringsguide\/#!?lang=sv&amp;blog_id=1&amp;paged=1&amp;number=999\" target=\"_blank\" rel=\"noopener\">STEP projekteringsguide<\/a><\/strong><\/h5>","protected":false},"featured_media":82365,"template":"","meta":{"_acf_changed":false},"product_brand":[],"product_cat":[2313],"product_tag":[3422,3424],"class_list":{"0":"post-61198","1":"product","2":"type-product","3":"status-publish","4":"has-post-thumbnail","6":"product_cat-step-elslutbleck","7":"product_tag-12v","8":"product_tag-rattvand","9":"product_shipping_class-tunga-paket","10":"pa_brands-step","11":"tm-no-options","13":"first","14":"onbackorder","15":"sale","16":"taxable","17":"shipping-taxable","18":"product-type-simple"},"acf":[],"_links":{"self":[{"href":"https:\/\/stonehouse.se\/en\/wp-json\/wp\/v2\/product\/61198","targetHints":{"allow":["GET"]}}],"collection":[{"href":"https:\/\/stonehouse.se\/en\/wp-json\/wp\/v2\/product"}],"about":[{"href":"https:\/\/stonehouse.se\/en\/wp-json\/wp\/v2\/types\/product"}],"wp:featuredmedia":[{"embeddable":true,"href":"https:\/\/stonehouse.se\/en\/wp-json\/wp\/v2\/media\/82365"}],"wp:attachment":[{"href":"https:\/\/stonehouse.se\/en\/wp-json\/wp\/v2\/media?parent=61198"}],"wp:term":[{"taxonomy":"product_brand","embeddable":true,"href":"https:\/\/stonehouse.se\/en\/wp-json\/wp\/v2\/product_brand?post=61198"},{"taxonomy":"product_cat","embeddable":true,"href":"https:\/\/stonehouse.se\/en\/wp-json\/wp\/v2\/product_cat?post=61198"},{"taxonomy":"product_tag","embeddable":true,"href":"https:\/\/stonehouse.se\/en\/wp-json\/wp\/v2\/product_tag?post=61198"}],"curies":[{"name":"wp","href":"https:\/\/api.w.org\/{rel}","templated":true}]}}