
{"id":61210,"date":"2023-09-26T13:06:20","date_gmt":"2023-09-26T11:06:20","guid":{"rendered":"https:\/\/stonehouse.se\/produkt\/elslutbleck-step-98-omstallbar-12v\/"},"modified":"2026-04-08T16:30:24","modified_gmt":"2026-04-08T14:30:24","slug":"elslutbleck-step-98-omstallbar-12v","status":"publish","type":"product","link":"https:\/\/stonehouse.se\/en\/product\/elslutbleck-step-98-omstallbar-12v\/","title":{"rendered":"Elslutbleck STEP 98 Omst\u00e4llbar 12V"},"content":{"rendered":"<div>\n<h1>Elslutbleck STEP 98 Omst\u00e4llbar 12V<\/h1>\n<p>Elslutbleck STEP 98 Preload HPR \u00e4r ett brandgodk\u00e4nt elslutbleck som kombinerar h\u00f6g s\u00e4kerhet och p\u00e5litlig funktion f\u00f6r d\u00f6rrar som kr\u00e4ver b\u00e5de brandmotst\u00e5nd och h\u00f6g intr\u00e5ngss\u00e4kerhet.<\/p>\n<p class=\"\" data-start=\"334\" data-end=\"824\">STEP 98 Preload \u00e4r ett brandgodk\u00e4nt elslutbleck designat f\u00f6r utrymmen som ska l\u00e5sas med vred eller nyckel.<\/p>\n<p class=\"\" data-start=\"334\" data-end=\"824\">Till STEP 98 Preload finns m\u00f6jlighet att installera en regelindikering ST4880, som kan anv\u00e4ndas f\u00f6r att blockera d\u00f6rrens passersystem eller kodl\u00e5s automatiskt n\u00e4r l\u00e5shusets hakregel eller raka regel har l\u00e5sts ut mekaniskt.<\/p>\n<p class=\"\" data-start=\"334\" data-end=\"824\">Detta elslutbleck \u00e4r utrustat med STEPs patenterade listtrycksteknik, som g\u00f6r att d\u00f6rren alltid kan \u00f6ppna \u00e4ven vid tryck upp till 40 kg.<\/p>\n<p class=\"\" data-start=\"826\" data-end=\"1078\">STEP 98 Preload erbjuder b\u00e5de r\u00e4ttv\u00e4nd och omv\u00e4nd funktion (l\u00e5st eller ol\u00e5st i str\u00f6ml\u00f6st l\u00e4ge) och \u00e4r certifierat f\u00f6r brandmotst\u00e5nd upp till E\/EI 120 (120 min).<\/p>\n<p class=\"\" data-start=\"826\" data-end=\"1078\">Elslutblecket \u00e4r \u00e4ven knacks\u00e4krat och v\u00e4ndbart f\u00f6r att passa b\u00e5de h\u00f6ger- och v\u00e4nsterd\u00f6rrar.<\/p>\n<div>\n<div>\n<p class=\"\" data-start=\"1080\" data-end=\"1097\"><strong data-start=\"1080\" data-end=\"1094\">Egenskaper<\/strong>:<\/p>\n<ul data-start=\"1098\" data-end=\"1555\">\n<li class=\"\" data-start=\"1098\" data-end=\"1151\">\n<p class=\"\" data-start=\"1100\" data-end=\"1151\">Omst\u00e4llbar funktion (l\u00e5st\/ol\u00e5st i str\u00f6ml\u00f6st l\u00e4ge)<\/p>\n<\/li>\n<li class=\"\" data-start=\"1152\" data-end=\"1210\">\n<p class=\"\" data-start=\"1154\" data-end=\"1210\">Brandgodk\u00e4nd upp till E\/EI 120 enligt SS-EN 14846:2008<\/p>\n<\/li>\n<li class=\"\" data-start=\"1211\" data-end=\"1247\">\n<p class=\"\" data-start=\"1213\" data-end=\"1247\">Bryth\u00e5llfasthet 9 kN (ca 900 kg)<\/p>\n<\/li>\n<li class=\"\" data-start=\"1248\" data-end=\"1335\">\n<p class=\"\" data-start=\"1250\" data-end=\"1335\">Garanterar \u00f6ppning trots listtryck p\u00e5 upp till 40 kg i r\u00e4ttv\u00e4nd och omv\u00e4nd funktion<\/p>\n<\/li>\n<li class=\"\" data-start=\"1336\" data-end=\"1358\">\n<p class=\"\" data-start=\"1338\" data-end=\"1358\">Skyddsdiod inbyggd<\/p>\n<\/li>\n<li class=\"\" data-start=\"1359\" data-end=\"1455\">\n<p class=\"\" data-start=\"1361\" data-end=\"1455\">Indikering f\u00f6r avk\u00e4nning om d\u00f6rren \u00e4r st\u00e4ngd\/\u00f6ppen (g\u00e4ller f\u00f6r de produkter med kolvkontakt)<\/p>\n<\/li>\n<li class=\"\" data-start=\"1456\" data-end=\"1506\">\n<p class=\"\" data-start=\"1458\" data-end=\"1506\">V\u00e4ndbar f\u00f6r att passa h\u00f6ger- och v\u00e4nsterd\u00f6rrar<\/p>\n<\/li>\n<li class=\"\" data-start=\"1507\" data-end=\"1555\">\n<p class=\"\" data-start=\"1509\" data-end=\"1555\">Klarar utl\u00e5sning av hakregel eller rak regel<\/p>\n<\/li>\n<\/ul>\n<p class=\"\" data-start=\"1557\" data-end=\"1588\"><strong data-start=\"1557\" data-end=\"1585\">Tekniska specifikationer<\/strong>:<\/p>\n<ul data-start=\"1589\" data-end=\"2200\">\n<li class=\"\" data-start=\"1589\" data-end=\"1624\">\n<p class=\"\" data-start=\"1591\" data-end=\"1624\"><strong data-start=\"1591\" data-end=\"1614\">Bryth\u00e5llfasthet max<\/strong>: 900 kg<\/p>\n<\/li>\n<li class=\"\" data-start=\"1625\" data-end=\"1661\">\n<p class=\"\" data-start=\"1627\" data-end=\"1661\"><strong data-start=\"1627\" data-end=\"1643\">D\u00f6rrh\u00e4ngning<\/strong>: H\u00f6ger, V\u00e4nster<\/p>\n<\/li>\n<li class=\"\" data-start=\"1662\" data-end=\"1686\">\n<p class=\"\" data-start=\"1664\" data-end=\"1686\"><strong data-start=\"1664\" data-end=\"1679\">Kabel ing\u00e5r<\/strong>: Nej<\/p>\n<\/li>\n<li class=\"\" data-start=\"1687\" data-end=\"1711\">\n<p class=\"\" data-start=\"1689\" data-end=\"1711\"><strong data-start=\"1689\" data-end=\"1702\">Listtryck<\/strong>: 40 kg<\/p>\n<\/li>\n<li class=\"\" data-start=\"1712\" data-end=\"1753\">\n<p class=\"\" data-start=\"1714\" data-end=\"1753\"><strong data-start=\"1714\" data-end=\"1724\">L\u00e5styp<\/strong>: Enkelfall\u00e5s, Dubbelfall\u00e5s<\/p>\n<\/li>\n<li class=\"\" data-start=\"1754\" data-end=\"1782\">\n<p class=\"\" data-start=\"1756\" data-end=\"1782\"><strong data-start=\"1756\" data-end=\"1773\">Bredd produkt<\/strong>: 25 mm<\/p>\n<\/li>\n<li class=\"\" data-start=\"1783\" data-end=\"1809\">\n<p class=\"\" data-start=\"1785\" data-end=\"1809\"><strong data-start=\"1785\" data-end=\"1803\">Byggvarubed\u00f6md<\/strong>: Ja<\/p>\n<\/li>\n<li class=\"\" data-start=\"1810\" data-end=\"1837\">\n<p class=\"\" data-start=\"1812\" data-end=\"1837\"><strong data-start=\"1812\" data-end=\"1828\">Djup produkt<\/strong>: 35 mm<\/p>\n<\/li>\n<li class=\"\" data-start=\"1838\" data-end=\"1872\">\n<p class=\"\" data-start=\"1840\" data-end=\"1872\"><strong data-start=\"1840\" data-end=\"1865\">Driftsp\u00e4nning 12V\/24V<\/strong>: 12V<\/p>\n<\/li>\n<li class=\"\" data-start=\"1873\" data-end=\"1901\">\n<p class=\"\" data-start=\"1875\" data-end=\"1901\"><strong data-start=\"1875\" data-end=\"1894\">Dubbel vridfall<\/strong>: Nej<\/p>\n<\/li>\n<li class=\"\" data-start=\"1902\" data-end=\"1929\">\n<p class=\"\" data-start=\"1904\" data-end=\"1929\"><strong data-start=\"1904\" data-end=\"1922\">EPD-Verifierad<\/strong>: Nej<\/p>\n<\/li>\n<li class=\"\" data-start=\"1930\" data-end=\"1948\">\n<p class=\"\" data-start=\"1932\" data-end=\"1948\"><strong data-start=\"1932\" data-end=\"1941\">FINFO<\/strong>: Nej<\/p>\n<\/li>\n<li class=\"\" data-start=\"1949\" data-end=\"1983\">\n<p class=\"\" data-start=\"1951\" data-end=\"1983\"><strong data-start=\"1951\" data-end=\"1972\">F\u00e4rg\/Ytbehandling<\/strong>: Rostfri<\/p>\n<\/li>\n<li class=\"\" data-start=\"1984\" data-end=\"2011\">\n<p class=\"\" data-start=\"1986\" data-end=\"2011\"><strong data-start=\"1986\" data-end=\"2002\">H\u00f6jd produkt<\/strong>: 90 mm<\/p>\n<\/li>\n<li class=\"\" data-start=\"2012\" data-end=\"2036\">\n<p class=\"\" data-start=\"2014\" data-end=\"2036\"><strong data-start=\"2014\" data-end=\"2029\">Kolvkontakt<\/strong>: Nej<\/p>\n<\/li>\n<li class=\"\" data-start=\"2037\" data-end=\"2088\">\n<p class=\"\" data-start=\"2039\" data-end=\"2088\"><strong data-start=\"2039\" data-end=\"2058\">R\u00e4ttv\u00e4nd\/Omv\u00e4nd<\/strong>: Omst\u00e4llbar R\u00e4ttv\u00e4nd\/Omv\u00e4nd<\/p>\n<\/li>\n<li class=\"\" data-start=\"2089\" data-end=\"2115\">\n<p class=\"\" data-start=\"2091\" data-end=\"2115\"><strong data-start=\"2091\" data-end=\"2109\">Sp\u00e4nning AC\/DC<\/strong>: DC<\/p>\n<\/li>\n<li class=\"\" data-start=\"2116\" data-end=\"2144\">\n<p class=\"\" data-start=\"2118\" data-end=\"2144\"><strong data-start=\"2118\" data-end=\"2134\">Sp\u00e4nning max<\/strong>: 13,8 V<\/p>\n<\/li>\n<li class=\"\" data-start=\"2145\" data-end=\"2173\">\n<p class=\"\" data-start=\"2147\" data-end=\"2173\"><strong data-start=\"2147\" data-end=\"2163\">Sp\u00e4nning min<\/strong>: 10,8 V<\/p>\n<\/li>\n<li class=\"\" data-start=\"2174\" data-end=\"2200\">\n<p class=\"\" data-start=\"2176\" data-end=\"2200\"><strong data-start=\"2176\" data-end=\"2194\">SundaHusbed\u00f6md<\/strong>: Ja<\/p>\n<\/li>\n<\/ul>\n<\/div>\n<\/div>\n<\/div>","protected":false},"excerpt":{"rendered":"<p>H\u00e4r kan se vilka stolpar och modeller som passar ihop fr\u00e5n STEP sortimentet av Elslutbleck.<\/p>\n<h5><strong><a href=\"https:\/\/steplock.com\/sv\/stolpguide\/#!?lang=sv&amp;blog_id=1&amp;paged=1&amp;number=50\" target=\"_blank\" rel=\"noopener\">STEP Stolpguide\u00a0<\/a><\/strong><\/h5>\n<h5><strong><a href=\"https:\/\/steplock.com\/sv\/projekteringsguide\/#!?lang=sv&amp;blog_id=1&amp;paged=1&amp;number=999\" target=\"_blank\" rel=\"noopener\">STEP projekteringsguide<\/a><\/strong><\/h5>","protected":false},"featured_media":81914,"template":"","meta":{"_acf_changed":false},"product_brand":[],"product_cat":[2313],"product_tag":[3422,3426],"class_list":{"0":"post-61210","1":"product","2":"type-product","3":"status-publish","4":"has-post-thumbnail","6":"product_cat-step-elslutbleck","7":"product_tag-12v","8":"product_tag-omstallbar-rattvand-omvand","9":"product_shipping_class-tunga-paket","10":"pa_brands-step","11":"tm-no-options","13":"first","14":"onbackorder","15":"sale","16":"taxable","17":"shipping-taxable","18":"product-type-simple"},"acf":[],"_links":{"self":[{"href":"https:\/\/stonehouse.se\/en\/wp-json\/wp\/v2\/product\/61210","targetHints":{"allow":["GET"]}}],"collection":[{"href":"https:\/\/stonehouse.se\/en\/wp-json\/wp\/v2\/product"}],"about":[{"href":"https:\/\/stonehouse.se\/en\/wp-json\/wp\/v2\/types\/product"}],"wp:featuredmedia":[{"embeddable":true,"href":"https:\/\/stonehouse.se\/en\/wp-json\/wp\/v2\/media\/81914"}],"wp:attachment":[{"href":"https:\/\/stonehouse.se\/en\/wp-json\/wp\/v2\/media?parent=61210"}],"wp:term":[{"taxonomy":"product_brand","embeddable":true,"href":"https:\/\/stonehouse.se\/en\/wp-json\/wp\/v2\/product_brand?post=61210"},{"taxonomy":"product_cat","embeddable":true,"href":"https:\/\/stonehouse.se\/en\/wp-json\/wp\/v2\/product_cat?post=61210"},{"taxonomy":"product_tag","embeddable":true,"href":"https:\/\/stonehouse.se\/en\/wp-json\/wp\/v2\/product_tag?post=61210"}],"curies":[{"name":"wp","href":"https:\/\/api.w.org\/{rel}","templated":true}]}}