
{"id":61216,"date":"2023-09-26T13:07:38","date_gmt":"2023-09-26T11:07:38","guid":{"rendered":"https:\/\/stonehouse.se\/produkt\/elslutbleck-step-18-vanster-omvand-12v-7mm-regel-connect\/"},"modified":"2026-04-08T16:25:23","modified_gmt":"2026-04-08T14:25:23","slug":"elslutbleck-step-18-vanster-omvand-12v-7mm-regel-connect","status":"publish","type":"product","link":"https:\/\/stonehouse.se\/en\/product\/elslutbleck-step-18-vanster-omvand-12v-7mm-regel-connect\/","title":{"rendered":"Elslutbleck STEP 18 V\u00e4nster Omv\u00e4nd 12V 7mm Regel Connect"},"content":{"rendered":"<h1>Elslutbleck STEP 18 V\u00e4nster Omv\u00e4nd 12V 7mm Regel Connect<\/h1>\n<p>STEP 18 Secure f\u00f6r v\u00e4nsterh\u00e4ngda d\u00f6rrar med 7 mm Connect-regel. Omv\u00e4nd funktion, h\u00f6g s\u00e4kerhet, brandklass E\/EI60, kolvkontakt och 5 m halogenfri kabel.Elslutbleck\u00a0 STEP 18 Secure \u00e4r ett h\u00f6gs\u00e4kerhetselslutbleck utformat f\u00f6r milj\u00f6er med h\u00f6ga krav p\u00e5 s\u00e4kerhet och tillf\u00f6rlitlighet.Med sin slitstarka konstruktion och snabba funktion \u00e4r den idealisk f\u00f6r d\u00f6rrar med intensiv anv\u00e4ndning, som i f\u00e4ngelser, banker eller andra s\u00e4kerhetsklassade lokaler.Denna modell \u00e4r avsedd f\u00f6r v\u00e4nsterh\u00e4ngda d\u00f6rrar med 7 mm kolv i Connect-serien och har omv\u00e4nd funktion, vilket inneb\u00e4r att blecket \u00e4r ol\u00e5st vid str\u00f6mbortfall \u2013 en funktion ofta \u00f6nskad i utrymningsmilj\u00f6er.<\/p>\n<p class=\"\" data-start=\"778\" data-end=\"1032\">STEP 18 \u00e4r godk\u00e4nd f\u00f6r s\u00e4kerhetsd\u00f6rrar upp till RC4 och brandklass E\/EI60. Den \u00e4r utrustad med kolvkontakt och sp\u00e4rrkontakt som ger indikation om d\u00f6rrens status (\u00f6ppen\/st\u00e4ngd, l\u00e5st\/ol\u00e5st), vilket g\u00f6r den utm\u00e4rkt f\u00f6r integration i passersystem eller larm.<\/p>\n<p class=\"\" data-start=\"1034\" data-end=\"1266\">Blecket klarar en bryth\u00e5llfasthet p\u00e5 hela 15 kN och listtryck upp till 500 kg, vilket g\u00f6r att det \u00f6ppnar \u00e4ven under tryck. Medf\u00f6ljande halogenfri 5 meters anslutningskabel och skyddsdiod f\u00f6renklar installationen och \u00f6kar s\u00e4kerheten.<\/p>\n<p class=\"\" data-start=\"1268\" data-end=\"1296\"><strong data-start=\"1268\" data-end=\"1294\">Egenskaper &amp; F\u00f6rdelar:<\/strong><\/p>\n<ul data-start=\"1297\" data-end=\"1596\">\n<li class=\"\" data-start=\"1297\" data-end=\"1326\">\n<p class=\"\" data-start=\"1299\" data-end=\"1326\">Passar 7 mm Connect-regel<\/p>\n<\/li>\n<li class=\"\" data-start=\"1327\" data-end=\"1355\">\n<p class=\"\" data-start=\"1329\" data-end=\"1355\">F\u00f6r v\u00e4nsterh\u00e4ngda d\u00f6rrar<\/p>\n<\/li>\n<li class=\"\" data-start=\"1356\" data-end=\"1394\">\n<p class=\"\" data-start=\"1358\" data-end=\"1394\">Omv\u00e4nd funktion \u2013 ol\u00e5st utan str\u00f6m<\/p>\n<\/li>\n<li class=\"\" data-start=\"1395\" data-end=\"1427\">\n<p class=\"\" data-start=\"1397\" data-end=\"1427\">Brandgodk\u00e4nd upp till E\/EI60<\/p>\n<\/li>\n<li class=\"\" data-start=\"1428\" data-end=\"1471\">\n<p class=\"\" data-start=\"1430\" data-end=\"1471\">Kolv- och sp\u00e4rrkontakt f\u00f6r passersystem<\/p>\n<\/li>\n<li class=\"\" data-start=\"1472\" data-end=\"1498\">\n<p class=\"\" data-start=\"1474\" data-end=\"1498\">Bryth\u00e5llfasthet: 15 kN<\/p>\n<\/li>\n<li class=\"\" data-start=\"1499\" data-end=\"1535\">\n<p class=\"\" data-start=\"1501\" data-end=\"1535\">Klarar listtryck upp till 500 kg<\/p>\n<\/li>\n<li class=\"\" data-start=\"1536\" data-end=\"1566\">\n<p class=\"\" data-start=\"1538\" data-end=\"1566\">5 m halogenfri kabel ing\u00e5r<\/p>\n<\/li>\n<li class=\"\" data-start=\"1567\" data-end=\"1596\">\n<p class=\"\" data-start=\"1569\" data-end=\"1596\">Skyddsdiod och knacks\u00e4kring<\/p>\n<\/li>\n<\/ul>","protected":false},"excerpt":{"rendered":"<p>H\u00e4r kan se vilka stolpar och modeller som passar ihop fr\u00e5n STEP sortimentet av Elslutbleck.<\/p>\n<h5><strong><a href=\"https:\/\/steplock.com\/sv\/stolpguide\/#!?lang=sv&amp;blog_id=1&amp;paged=1&amp;number=50\" target=\"_blank\" rel=\"noopener\">STEP Stolpguide\u00a0<\/a><\/strong><\/h5>\n<h5><strong><a href=\"https:\/\/steplock.com\/sv\/projekteringsguide\/#!?lang=sv&amp;blog_id=1&amp;paged=1&amp;number=999\" target=\"_blank\" rel=\"noopener\">STEP projekteringsguide<\/a><\/strong><\/h5>","protected":false},"featured_media":81927,"template":"","meta":{"_acf_changed":false},"product_brand":[],"product_cat":[2313],"product_tag":[3422,3425],"class_list":{"0":"post-61216","1":"product","2":"type-product","3":"status-publish","4":"has-post-thumbnail","6":"product_cat-step-elslutbleck","7":"product_tag-12v","8":"product_tag-omvand","9":"product_shipping_class-tunga-paket","10":"pa_brands-step","11":"tm-no-options","13":"first","14":"onbackorder","15":"sale","16":"taxable","17":"shipping-taxable","18":"product-type-simple"},"acf":[],"_links":{"self":[{"href":"https:\/\/stonehouse.se\/en\/wp-json\/wp\/v2\/product\/61216","targetHints":{"allow":["GET"]}}],"collection":[{"href":"https:\/\/stonehouse.se\/en\/wp-json\/wp\/v2\/product"}],"about":[{"href":"https:\/\/stonehouse.se\/en\/wp-json\/wp\/v2\/types\/product"}],"wp:featuredmedia":[{"embeddable":true,"href":"https:\/\/stonehouse.se\/en\/wp-json\/wp\/v2\/media\/81927"}],"wp:attachment":[{"href":"https:\/\/stonehouse.se\/en\/wp-json\/wp\/v2\/media?parent=61216"}],"wp:term":[{"taxonomy":"product_brand","embeddable":true,"href":"https:\/\/stonehouse.se\/en\/wp-json\/wp\/v2\/product_brand?post=61216"},{"taxonomy":"product_cat","embeddable":true,"href":"https:\/\/stonehouse.se\/en\/wp-json\/wp\/v2\/product_cat?post=61216"},{"taxonomy":"product_tag","embeddable":true,"href":"https:\/\/stonehouse.se\/en\/wp-json\/wp\/v2\/product_tag?post=61216"}],"curies":[{"name":"wp","href":"https:\/\/api.w.org\/{rel}","templated":true}]}}