
{"id":61227,"date":"2023-09-26T13:06:25","date_gmt":"2023-09-26T11:06:25","guid":{"rendered":"https:\/\/stonehouse.se\/produkt\/elslutbleck-step-98-rattvand-12v-kolvkontakt\/"},"modified":"2026-04-08T16:35:36","modified_gmt":"2026-04-08T14:35:36","slug":"elslutbleck-step-98-rattvand-12v-kolvkontakt","status":"publish","type":"product","link":"https:\/\/stonehouse.se\/en\/product\/elslutbleck-step-98-rattvand-12v-kolvkontakt\/","title":{"rendered":"Elslutbleck STEP 98 R\u00e4ttv\u00e4nd 12V Kolvkontakt"},"content":{"rendered":"<div>\n<h1>Elslutbleck STEP 98 R\u00e4ttv\u00e4nd 12V Kolvkontakt<\/h1>\n<p>Elslutbleck STEP 98 Preload HPR \u00e4r ett brandgodk\u00e4nt elslutbleck med h\u00f6g s\u00e4kerhet och funktionalitet, designat f\u00f6r att passa h\u00f6gfrekventa d\u00f6rrar och utrymmen med s\u00e4kerhetskrav.<\/p>\n<p class=\"\" data-start=\"349\" data-end=\"871\">STEP 98 Preload \u00e4r ett brandgodk\u00e4nt elslutbleck, perfekt f\u00f6r d\u00f6rrar som ska l\u00e5sas med vred eller nyckel.<\/p>\n<p class=\"\" data-start=\"349\" data-end=\"871\">Produkten \u00e4r certifierad f\u00f6r brandmotst\u00e5nd upp till E\/EI 120 och har en patenterad listtrycksteknik som s\u00e4kerst\u00e4ller att d\u00f6rren kan \u00f6ppnas \u00e4ven vid tryck p\u00e5 upp till 40 kg.<\/p>\n<p class=\"\" data-start=\"349\" data-end=\"871\">STEP 98 Preload \u00e4r en del av STEPs Preload-serie och passar f\u00f6r installation i b\u00e5de v\u00e4nster- och h\u00f6gerh\u00e4ngda d\u00f6rrar. Med den omst\u00e4llbara funktionen kan den anv\u00e4ndas f\u00f6r att passa b\u00e5de r\u00e4ttv\u00e4nda och omv\u00e4nda applikationer.<\/p>\n<p class=\"\" data-start=\"873\" data-end=\"1156\">Elslutblecket \u00e4r utrustat med en kolvkontakt som g\u00f6r det m\u00f6jligt att indikera n\u00e4r d\u00f6rren \u00e4r st\u00e4ngd\/\u00f6ppen och l\u00e5st\/ol\u00e5st, vilket g\u00f6r den idealisk f\u00f6r integration i passersystem och larmanl\u00e4ggningar.<\/p>\n<p class=\"\" data-start=\"873\" data-end=\"1156\">Produkten \u00e4r \u00e4ven knacks\u00e4krad och v\u00e4ndbar f\u00f6r enkel installation i olika d\u00f6rrsystem.<\/p>\n<p class=\"\" data-start=\"1158\" data-end=\"1175\"><strong data-start=\"1158\" data-end=\"1172\">Egenskaper<\/strong>:<\/p>\n<ul data-start=\"1176\" data-end=\"1692\">\n<li class=\"\" data-start=\"1176\" data-end=\"1221\">\n<p class=\"\" data-start=\"1178\" data-end=\"1221\">R\u00e4ttv\u00e4nd funktion (l\u00e5st i str\u00f6ml\u00f6st l\u00e4ge)<\/p>\n<\/li>\n<li class=\"\" data-start=\"1222\" data-end=\"1274\">\n<p class=\"\" data-start=\"1224\" data-end=\"1274\">Mikrobrytare enpoligt v\u00e4xlande (max 30 V DC, 1A)<\/p>\n<\/li>\n<li class=\"\" data-start=\"1275\" data-end=\"1330\">\n<p class=\"\" data-start=\"1277\" data-end=\"1330\">Indikering f\u00f6r avk\u00e4nning att d\u00f6rren \u00e4r st\u00e4ngd\/\u00f6ppen<\/p>\n<\/li>\n<li class=\"\" data-start=\"1331\" data-end=\"1410\">\n<p class=\"\" data-start=\"1333\" data-end=\"1410\">Certifierad f\u00f6r brandmotst\u00e5nd upp till F (E\/EI 120) enligt SS-EN 14846:2008<\/p>\n<\/li>\n<li class=\"\" data-start=\"1411\" data-end=\"1444\">\n<p class=\"\" data-start=\"1413\" data-end=\"1444\">Bryth\u00e5llfasthet 900 kg (9 kN)<\/p>\n<\/li>\n<li class=\"\" data-start=\"1445\" data-end=\"1529\">\n<p class=\"\" data-start=\"1447\" data-end=\"1529\">Garanterar \u00f6ppning trots listtryck upp till 40 kg i r\u00e4ttv\u00e4nd och omv\u00e4nd funktion<\/p>\n<\/li>\n<li class=\"\" data-start=\"1530\" data-end=\"1545\">\n<p class=\"\" data-start=\"1532\" data-end=\"1545\">Knacks\u00e4krad<\/p>\n<\/li>\n<li class=\"\" data-start=\"1546\" data-end=\"1596\">\n<p class=\"\" data-start=\"1548\" data-end=\"1596\">V\u00e4ndbar f\u00f6r att passa h\u00f6ger- och v\u00e4nsterd\u00f6rrar<\/p>\n<\/li>\n<li class=\"\" data-start=\"1597\" data-end=\"1645\">\n<p class=\"\" data-start=\"1599\" data-end=\"1645\">Klarar utl\u00e5sning av hakregel eller rak regel<\/p>\n<\/li>\n<li class=\"\" data-start=\"1646\" data-end=\"1692\">\n<p class=\"\" data-start=\"1648\" data-end=\"1692\">10 meter halogenfri anslutningskabel ing\u00e5r<\/p>\n<\/li>\n<\/ul>\n<p class=\"\" data-start=\"1694\" data-end=\"1725\"><strong data-start=\"1694\" data-end=\"1722\">Tekniska specifikationer<\/strong>:<\/p>\n<ul data-start=\"1726\" data-end=\"2318\">\n<li class=\"\" data-start=\"1726\" data-end=\"1761\">\n<p class=\"\" data-start=\"1728\" data-end=\"1761\"><strong data-start=\"1728\" data-end=\"1751\">Bryth\u00e5llfasthet max<\/strong>: 900 kg<\/p>\n<\/li>\n<li class=\"\" data-start=\"1762\" data-end=\"1798\">\n<p class=\"\" data-start=\"1764\" data-end=\"1798\"><strong data-start=\"1764\" data-end=\"1780\">D\u00f6rrh\u00e4ngning<\/strong>: H\u00f6ger, V\u00e4nster<\/p>\n<\/li>\n<li class=\"\" data-start=\"1799\" data-end=\"1823\">\n<p class=\"\" data-start=\"1801\" data-end=\"1823\"><strong data-start=\"1801\" data-end=\"1816\">Kabel ing\u00e5r<\/strong>: Nej<\/p>\n<\/li>\n<li class=\"\" data-start=\"1824\" data-end=\"1848\">\n<p class=\"\" data-start=\"1826\" data-end=\"1848\"><strong data-start=\"1826\" data-end=\"1839\">Listtryck<\/strong>: 40 kg<\/p>\n<\/li>\n<li class=\"\" data-start=\"1849\" data-end=\"1890\">\n<p class=\"\" data-start=\"1851\" data-end=\"1890\"><strong data-start=\"1851\" data-end=\"1861\">L\u00e5styp<\/strong>: Enkelfall\u00e5s, Dubbelfall\u00e5s<\/p>\n<\/li>\n<li class=\"\" data-start=\"1891\" data-end=\"1919\">\n<p class=\"\" data-start=\"1893\" data-end=\"1919\"><strong data-start=\"1893\" data-end=\"1910\">Bredd produkt<\/strong>: 25 mm<\/p>\n<\/li>\n<li class=\"\" data-start=\"1920\" data-end=\"1946\">\n<p class=\"\" data-start=\"1922\" data-end=\"1946\"><strong data-start=\"1922\" data-end=\"1940\">Byggvarubed\u00f6md<\/strong>: Ja<\/p>\n<\/li>\n<li class=\"\" data-start=\"1947\" data-end=\"1974\">\n<p class=\"\" data-start=\"1949\" data-end=\"1974\"><strong data-start=\"1949\" data-end=\"1965\">Djup produkt<\/strong>: 35 mm<\/p>\n<\/li>\n<li class=\"\" data-start=\"1975\" data-end=\"2009\">\n<p class=\"\" data-start=\"1977\" data-end=\"2009\"><strong data-start=\"1977\" data-end=\"2002\">Driftsp\u00e4nning 12V\/24V<\/strong>: 12V<\/p>\n<\/li>\n<li class=\"\" data-start=\"2010\" data-end=\"2038\">\n<p class=\"\" data-start=\"2012\" data-end=\"2038\"><strong data-start=\"2012\" data-end=\"2031\">Dubbel vridfall<\/strong>: Nej<\/p>\n<\/li>\n<li class=\"\" data-start=\"2039\" data-end=\"2066\">\n<p class=\"\" data-start=\"2041\" data-end=\"2066\"><strong data-start=\"2041\" data-end=\"2059\">EPD-Verifierad<\/strong>: Nej<\/p>\n<\/li>\n<li class=\"\" data-start=\"2067\" data-end=\"2085\">\n<p class=\"\" data-start=\"2069\" data-end=\"2085\"><strong data-start=\"2069\" data-end=\"2078\">FINFO<\/strong>: Nej<\/p>\n<\/li>\n<li class=\"\" data-start=\"2086\" data-end=\"2120\">\n<p class=\"\" data-start=\"2088\" data-end=\"2120\"><strong data-start=\"2088\" data-end=\"2109\">F\u00e4rg\/Ytbehandling<\/strong>: Rostfri<\/p>\n<\/li>\n<li class=\"\" data-start=\"2121\" data-end=\"2148\">\n<p class=\"\" data-start=\"2123\" data-end=\"2148\"><strong data-start=\"2123\" data-end=\"2139\">H\u00f6jd produkt<\/strong>: 90 mm<\/p>\n<\/li>\n<li class=\"\" data-start=\"2149\" data-end=\"2172\">\n<p class=\"\" data-start=\"2151\" data-end=\"2172\"><strong data-start=\"2151\" data-end=\"2166\">Kolvkontakt<\/strong>: Ja<\/p>\n<\/li>\n<li class=\"\" data-start=\"2173\" data-end=\"2206\">\n<p class=\"\" data-start=\"2175\" data-end=\"2206\"><strong data-start=\"2175\" data-end=\"2194\">R\u00e4ttv\u00e4nd\/Omv\u00e4nd<\/strong>: R\u00e4ttv\u00e4nd<\/p>\n<\/li>\n<li class=\"\" data-start=\"2207\" data-end=\"2233\">\n<p class=\"\" data-start=\"2209\" data-end=\"2233\"><strong data-start=\"2209\" data-end=\"2227\">Sp\u00e4nning AC\/DC<\/strong>: DC<\/p>\n<\/li>\n<li class=\"\" data-start=\"2234\" data-end=\"2262\">\n<p class=\"\" data-start=\"2236\" data-end=\"2262\"><strong data-start=\"2236\" data-end=\"2252\">Sp\u00e4nning max<\/strong>: 13,8 V<\/p>\n<\/li>\n<li class=\"\" data-start=\"2263\" data-end=\"2291\">\n<p class=\"\" data-start=\"2265\" data-end=\"2291\"><strong data-start=\"2265\" data-end=\"2281\">Sp\u00e4nning min<\/strong>: 10,8 V<\/p>\n<\/li>\n<li class=\"\" data-start=\"2292\" data-end=\"2318\">\n<p class=\"\" data-start=\"2294\" data-end=\"2318\"><strong data-start=\"2294\" data-end=\"2312\">SundaHusbed\u00f6md<\/strong>: Ja<\/p>\n<\/li>\n<\/ul>\n<div>\n<div>&nbsp;<\/div>\n<\/div>\n<\/div>","protected":false},"excerpt":{"rendered":"<p>H\u00e4r kan se vilka stolpar och modeller som passar ihop fr\u00e5n STEP sortimentet av Elslutbleck.<\/p>\n<h5><strong><a href=\"https:\/\/steplock.com\/sv\/stolpguide\/#!?lang=sv&amp;blog_id=1&amp;paged=1&amp;number=50\" target=\"_blank\" rel=\"noopener\">STEP Stolpguide\u00a0<\/a><\/strong><\/h5>\n<h5><strong><a href=\"https:\/\/steplock.com\/sv\/projekteringsguide\/#!?lang=sv&amp;blog_id=1&amp;paged=1&amp;number=999\" target=\"_blank\" rel=\"noopener\">STEP projekteringsguide<\/a><\/strong><\/h5>","protected":false},"featured_media":81909,"template":"","meta":{"_acf_changed":false},"product_brand":[],"product_cat":[2313],"product_tag":[3422,3424],"class_list":{"0":"post-61227","1":"product","2":"type-product","3":"status-publish","4":"has-post-thumbnail","6":"product_cat-step-elslutbleck","7":"product_tag-12v","8":"product_tag-rattvand","9":"product_shipping_class-tunga-paket","10":"pa_brands-step","11":"tm-no-options","13":"first","14":"onbackorder","15":"sale","16":"taxable","17":"shipping-taxable","18":"product-type-simple"},"acf":[],"_links":{"self":[{"href":"https:\/\/stonehouse.se\/en\/wp-json\/wp\/v2\/product\/61227","targetHints":{"allow":["GET"]}}],"collection":[{"href":"https:\/\/stonehouse.se\/en\/wp-json\/wp\/v2\/product"}],"about":[{"href":"https:\/\/stonehouse.se\/en\/wp-json\/wp\/v2\/types\/product"}],"wp:featuredmedia":[{"embeddable":true,"href":"https:\/\/stonehouse.se\/en\/wp-json\/wp\/v2\/media\/81909"}],"wp:attachment":[{"href":"https:\/\/stonehouse.se\/en\/wp-json\/wp\/v2\/media?parent=61227"}],"wp:term":[{"taxonomy":"product_brand","embeddable":true,"href":"https:\/\/stonehouse.se\/en\/wp-json\/wp\/v2\/product_brand?post=61227"},{"taxonomy":"product_cat","embeddable":true,"href":"https:\/\/stonehouse.se\/en\/wp-json\/wp\/v2\/product_cat?post=61227"},{"taxonomy":"product_tag","embeddable":true,"href":"https:\/\/stonehouse.se\/en\/wp-json\/wp\/v2\/product_tag?post=61227"}],"curies":[{"name":"wp","href":"https:\/\/api.w.org\/{rel}","templated":true}]}}