
{"id":61233,"date":"2023-09-26T13:06:27","date_gmt":"2023-09-26T11:06:27","guid":{"rendered":"https:\/\/stonehouse.se\/produkt\/elslutbleck-step-90-omstallbar-12v\/"},"modified":"2026-04-08T16:30:00","modified_gmt":"2026-04-08T14:30:00","slug":"elslutbleck-step-90-omstallbar-12v","status":"publish","type":"product","link":"https:\/\/stonehouse.se\/en\/product\/elslutbleck-step-90-omstallbar-12v\/","title":{"rendered":"Elslutbleck STEP 90 Omst\u00e4llbar 12V"},"content":{"rendered":"<h1>Elslutbleck STEP 90 Omst\u00e4llbar 12V<\/h1>\n<p>Elslutbleck STEP 90 Preload HPR \u00e4r ett kompakt och brandgodk\u00e4nt elslutbleck med h\u00f6g s\u00e4kerhet, l\u00e5ng livsl\u00e4ngd och p\u00e5litlig funktion \u00e4ven under tuffa f\u00f6rh\u00e5llanden.Passar d\u00f6rrar med h\u00f6g \u00f6ppningsfrekvens.<\/p>\n<p class=\"\" data-start=\"355\" data-end=\"810\">STEP 90 Preload HPR \u00e4r ett brandgodk\u00e4nt elslutbleck designat f\u00f6r att uppfylla de h\u00f6ga kraven p\u00e5 b\u00e5de s\u00e4kerhet och funktion.<\/p>\n<p class=\"\" data-start=\"355\" data-end=\"810\">Det \u00e4r certifierat f\u00f6r brandmotst\u00e5nd upp till E\/EI120 enligt SS-EN 14846 och erbjuder en p\u00e5litlig och l\u00e5ngvarig l\u00f6sning f\u00f6r d\u00f6rrar som uts\u00e4tts f\u00f6r frekvent anv\u00e4ndning.<\/p>\n<p class=\"\" data-start=\"355\" data-end=\"810\">STEP 90 har den patenterade HPR\u00ae-tekniken, vilket s\u00e4kerst\u00e4ller att d\u00f6rren \u00f6ppnas \u00e4ven n\u00e4r den uts\u00e4tts f\u00f6r ett listtryck p\u00e5 upp till 250 kg.<\/p>\n<p class=\"\" data-start=\"812\" data-end=\"1133\">Elslutblecket har en omst\u00e4llbar funktion f\u00f6r b\u00e5de r\u00e4ttv\u00e4nd och omv\u00e4nd l\u00e4ge, vilket g\u00f6r att det kan anv\u00e4ndas f\u00f6r olika l\u00e5ssystem.<\/p>\n<p class=\"\" data-start=\"812\" data-end=\"1133\">Produkten \u00e4r designad f\u00f6r att passa b\u00e5de h\u00f6ger- och v\u00e4nsterh\u00e4ngda d\u00f6rrar och kan installeras enkelt i d\u00f6rrsystem med enkel- eller dubbelfall\u00e5s, s\u00e4rskilt i Connect, Modul och Smalprofil-serier.<\/p>\n<p class=\"\" data-start=\"1135\" data-end=\"1152\"><strong data-start=\"1135\" data-end=\"1149\">Egenskaper<\/strong>:<\/p>\n<ul data-start=\"1153\" data-end=\"1691\">\n<li class=\"\" data-start=\"1153\" data-end=\"1234\">\n<p class=\"\" data-start=\"1155\" data-end=\"1234\">Omst\u00e4llbar r\u00e4ttv\u00e4nd eller omv\u00e4nd funktion (l\u00e5st eller ol\u00e5st i str\u00f6ml\u00f6st l\u00e4ge)<\/p>\n<\/li>\n<li class=\"\" data-start=\"1235\" data-end=\"1310\">\n<p class=\"\" data-start=\"1237\" data-end=\"1310\">Certifierad f\u00f6r brandmotst\u00e5nd upp till E\/EI 120 enligt SS-EN 14846:2008<\/p>\n<\/li>\n<li class=\"\" data-start=\"1311\" data-end=\"1333\">\n<p class=\"\" data-start=\"1313\" data-end=\"1333\">Inbyggd skyddsdiod<\/p>\n<\/li>\n<li class=\"\" data-start=\"1334\" data-end=\"1428\">\n<p class=\"\" data-start=\"1336\" data-end=\"1428\">Indikering f\u00f6r avk\u00e4nning att d\u00f6rren \u00e4r st\u00e4ngd\/\u00f6ppen (g\u00e4ller f\u00f6r produkter med kolvkontakt)<\/p>\n<\/li>\n<li class=\"\" data-start=\"1429\" data-end=\"1467\">\n<p class=\"\" data-start=\"1431\" data-end=\"1467\">Bryth\u00e5llfasthet 1200 kg (ca 12 kN)<\/p>\n<\/li>\n<li class=\"\" data-start=\"1468\" data-end=\"1549\">\n<p class=\"\" data-start=\"1470\" data-end=\"1549\">HPR\u00ae-teknik garanterar \u00f6ppning trots listtryck p\u00e5 upp till 250 kg (ca 2,5 kN)<\/p>\n<\/li>\n<li class=\"\" data-start=\"1550\" data-end=\"1606\">\n<p class=\"\" data-start=\"1552\" data-end=\"1606\">Knacks\u00e4krad och v\u00e4ndbar f\u00f6r h\u00f6ger- och v\u00e4nsterd\u00f6rrar<\/p>\n<\/li>\n<li class=\"\" data-start=\"1607\" data-end=\"1691\">\n<p class=\"\" data-start=\"1609\" data-end=\"1691\">Passar l\u00e5shus med enkel- eller dubbelfall\u00e5s i Connect, Modul och Smalprofil-serien<\/p>\n<\/li>\n<\/ul>\n<p class=\"\" data-start=\"1693\" data-end=\"1724\"><strong data-start=\"1693\" data-end=\"1721\">Tekniska specifikationer<\/strong>:<\/p>\n<ul data-start=\"1725\" data-end=\"2338\">\n<li class=\"\" data-start=\"1725\" data-end=\"1761\">\n<p class=\"\" data-start=\"1727\" data-end=\"1761\"><strong data-start=\"1727\" data-end=\"1750\">Bryth\u00e5llfasthet max<\/strong>: 1200 kg<\/p>\n<\/li>\n<li class=\"\" data-start=\"1762\" data-end=\"1798\">\n<p class=\"\" data-start=\"1764\" data-end=\"1798\"><strong data-start=\"1764\" data-end=\"1780\">D\u00f6rrh\u00e4ngning<\/strong>: H\u00f6ger, V\u00e4nster<\/p>\n<\/li>\n<li class=\"\" data-start=\"1799\" data-end=\"1823\">\n<p class=\"\" data-start=\"1801\" data-end=\"1823\"><strong data-start=\"1801\" data-end=\"1816\">Kabel ing\u00e5r<\/strong>: Nej<\/p>\n<\/li>\n<li class=\"\" data-start=\"1824\" data-end=\"1849\">\n<p class=\"\" data-start=\"1826\" data-end=\"1849\"><strong data-start=\"1826\" data-end=\"1839\">Listtryck<\/strong>: 250 kg<\/p>\n<\/li>\n<li class=\"\" data-start=\"1850\" data-end=\"1891\">\n<p class=\"\" data-start=\"1852\" data-end=\"1891\"><strong data-start=\"1852\" data-end=\"1862\">L\u00e5styp<\/strong>: Enkelfall\u00e5s, Dubbelfall\u00e5s<\/p>\n<\/li>\n<li class=\"\" data-start=\"1892\" data-end=\"1920\">\n<p class=\"\" data-start=\"1894\" data-end=\"1920\"><strong data-start=\"1894\" data-end=\"1911\">Bredd produkt<\/strong>: 25 mm<\/p>\n<\/li>\n<li class=\"\" data-start=\"1921\" data-end=\"1947\">\n<p class=\"\" data-start=\"1923\" data-end=\"1947\"><strong data-start=\"1923\" data-end=\"1941\">Byggvarubed\u00f6md<\/strong>: Ja<\/p>\n<\/li>\n<li class=\"\" data-start=\"1948\" data-end=\"1975\">\n<p class=\"\" data-start=\"1950\" data-end=\"1975\"><strong data-start=\"1950\" data-end=\"1966\">Djup produkt<\/strong>: 28 mm<\/p>\n<\/li>\n<li class=\"\" data-start=\"1976\" data-end=\"2010\">\n<p class=\"\" data-start=\"1978\" data-end=\"2010\"><strong data-start=\"1978\" data-end=\"2003\">Driftsp\u00e4nning 12V\/24V<\/strong>: 12V<\/p>\n<\/li>\n<li class=\"\" data-start=\"2011\" data-end=\"2039\">\n<p class=\"\" data-start=\"2013\" data-end=\"2039\"><strong data-start=\"2013\" data-end=\"2032\">Dubbel vridfall<\/strong>: Nej<\/p>\n<\/li>\n<li class=\"\" data-start=\"2040\" data-end=\"2067\">\n<p class=\"\" data-start=\"2042\" data-end=\"2067\"><strong data-start=\"2042\" data-end=\"2060\">EPD-Verifierad<\/strong>: Nej<\/p>\n<\/li>\n<li class=\"\" data-start=\"2068\" data-end=\"2086\">\n<p class=\"\" data-start=\"2070\" data-end=\"2086\"><strong data-start=\"2070\" data-end=\"2079\">FINFO<\/strong>: Nej<\/p>\n<\/li>\n<li class=\"\" data-start=\"2087\" data-end=\"2121\">\n<p class=\"\" data-start=\"2089\" data-end=\"2121\"><strong data-start=\"2089\" data-end=\"2110\">F\u00e4rg\/Ytbehandling<\/strong>: Rostfri<\/p>\n<\/li>\n<li class=\"\" data-start=\"2122\" data-end=\"2149\">\n<p class=\"\" data-start=\"2124\" data-end=\"2149\"><strong data-start=\"2124\" data-end=\"2140\">H\u00f6jd produkt<\/strong>: 90 mm<\/p>\n<\/li>\n<li class=\"\" data-start=\"2150\" data-end=\"2174\">\n<p class=\"\" data-start=\"2152\" data-end=\"2174\"><strong data-start=\"2152\" data-end=\"2167\">Kolvkontakt<\/strong>: Nej<\/p>\n<\/li>\n<li class=\"\" data-start=\"2175\" data-end=\"2226\">\n<p class=\"\" data-start=\"2177\" data-end=\"2226\"><strong data-start=\"2177\" data-end=\"2196\">R\u00e4ttv\u00e4nd\/Omv\u00e4nd<\/strong>: Omst\u00e4llbar R\u00e4ttv\u00e4nd\/Omv\u00e4nd<\/p>\n<\/li>\n<li class=\"\" data-start=\"2227\" data-end=\"2253\">\n<p class=\"\" data-start=\"2229\" data-end=\"2253\"><strong data-start=\"2229\" data-end=\"2247\">Sp\u00e4nning AC\/DC<\/strong>: DC<\/p>\n<\/li>\n<li class=\"\" data-start=\"2254\" data-end=\"2282\">\n<p class=\"\" data-start=\"2256\" data-end=\"2282\"><strong data-start=\"2256\" data-end=\"2272\">Sp\u00e4nning max<\/strong>: 13,8 V<\/p>\n<\/li>\n<li class=\"\" data-start=\"2283\" data-end=\"2311\">\n<p class=\"\" data-start=\"2285\" data-end=\"2311\"><strong data-start=\"2285\" data-end=\"2301\">Sp\u00e4nning min<\/strong>: 10,8 V<\/p>\n<\/li>\n<li class=\"\" data-start=\"2312\" data-end=\"2338\">\n<p class=\"\" data-start=\"2314\" data-end=\"2338\"><strong data-start=\"2314\" data-end=\"2332\">SundaHusbed\u00f6md<\/strong>: Ja<\/p>\n<\/li>\n<\/ul>","protected":false},"excerpt":{"rendered":"<p>H\u00e4r kan se vilka stolpar och modeller som passar ihop fr\u00e5n STEP sortimentet av Elslutbleck.<\/p>\n<h5><strong><a href=\"https:\/\/steplock.com\/sv\/stolpguide\/#!?lang=sv&amp;blog_id=1&amp;paged=1&amp;number=50\" target=\"_blank\" rel=\"noopener\">STEP Stolpguide\u00a0<\/a><\/strong><\/h5>\n<h5><strong><a href=\"https:\/\/steplock.com\/sv\/projekteringsguide\/#!?lang=sv&amp;blog_id=1&amp;paged=1&amp;number=999\" target=\"_blank\" rel=\"noopener\">STEP projekteringsguide<\/a><\/strong><\/h5>","protected":false},"featured_media":82099,"template":"","meta":{"_acf_changed":false},"product_brand":[],"product_cat":[2313],"product_tag":[3422,3426],"class_list":{"0":"post-61233","1":"product","2":"type-product","3":"status-publish","4":"has-post-thumbnail","6":"product_cat-step-elslutbleck","7":"product_tag-12v","8":"product_tag-omstallbar-rattvand-omvand","9":"product_shipping_class-tunga-paket","10":"pa_brands-step","11":"tm-no-options","13":"first","14":"onbackorder","15":"sale","16":"taxable","17":"shipping-taxable","18":"product-type-simple"},"acf":[],"_links":{"self":[{"href":"https:\/\/stonehouse.se\/en\/wp-json\/wp\/v2\/product\/61233","targetHints":{"allow":["GET"]}}],"collection":[{"href":"https:\/\/stonehouse.se\/en\/wp-json\/wp\/v2\/product"}],"about":[{"href":"https:\/\/stonehouse.se\/en\/wp-json\/wp\/v2\/types\/product"}],"wp:featuredmedia":[{"embeddable":true,"href":"https:\/\/stonehouse.se\/en\/wp-json\/wp\/v2\/media\/82099"}],"wp:attachment":[{"href":"https:\/\/stonehouse.se\/en\/wp-json\/wp\/v2\/media?parent=61233"}],"wp:term":[{"taxonomy":"product_brand","embeddable":true,"href":"https:\/\/stonehouse.se\/en\/wp-json\/wp\/v2\/product_brand?post=61233"},{"taxonomy":"product_cat","embeddable":true,"href":"https:\/\/stonehouse.se\/en\/wp-json\/wp\/v2\/product_cat?post=61233"},{"taxonomy":"product_tag","embeddable":true,"href":"https:\/\/stonehouse.se\/en\/wp-json\/wp\/v2\/product_tag?post=61233"}],"curies":[{"name":"wp","href":"https:\/\/api.w.org\/{rel}","templated":true}]}}