
{"id":61239,"date":"2023-09-26T13:07:44","date_gmt":"2023-09-26T11:07:44","guid":{"rendered":"https:\/\/stonehouse.se\/produkt\/elslutbleck-step-90-omstallbar-12v-kolvkontakt\/"},"modified":"2026-04-08T16:12:45","modified_gmt":"2026-04-08T14:12:45","slug":"elslutbleck-step-90-omstallbar-12v-kolvkontakt","status":"publish","type":"product","link":"https:\/\/stonehouse.se\/en\/product\/elslutbleck-step-90-omstallbar-12v-kolvkontakt\/","title":{"rendered":"Elslutbleck STEP 90 Omst\u00e4llbar 12V Kolvkontakt"},"content":{"rendered":"<h1>Elslutbleck STEP 90 Omst\u00e4llbar 12V Kolvkontakt<\/h1>\n<p>STEP 90 Preload 12V \u00e4r ett kompakt, brandgodk\u00e4nt elslutbleck med omst\u00e4llbar funktion och kolvkontakt.H\u00f6g s\u00e4kerhet och drifts\u00e4kerhet med st\u00f6d f\u00f6r enkel och dubbelfall\u00e5s.<\/p>\n<p class=\"\" data-start=\"254\" data-end=\"600\">Elslutbleck STEP 90 Preload HPR med omst\u00e4llbar funktion erbjuder en flexibel l\u00f6sning f\u00f6r d\u00f6rrmilj\u00f6er med h\u00f6ga krav p\u00e5 s\u00e4kerhet och tillf\u00f6rlitlighet.<\/p>\n<p class=\"\" data-start=\"254\" data-end=\"600\">Med m\u00f6jlighet att st\u00e4llas in som r\u00e4ttv\u00e4nd eller omv\u00e4nd kan det anpassas till olika applikationer, d\u00e4r det antingen ska vara l\u00e5st eller ol\u00e5st vid str\u00f6mbortfall.<\/p>\n<p class=\"\" data-start=\"602\" data-end=\"875\">STEP 90 tillh\u00f6r Preload-serien och \u00e4r utrustat med den patenterade HPR\u00ae-listtryckstekniken som s\u00e4kerst\u00e4ller \u00f6ppning \u00e4ven om d\u00f6rren uts\u00e4tts f\u00f6r upp till 250 kg listtryck.<\/p>\n<p class=\"\" data-start=\"602\" data-end=\"875\">Detta g\u00f6r blecket idealiskt f\u00f6r h\u00f6gfrekvent anv\u00e4ndning eller milj\u00f6er d\u00e4r d\u00f6rren ofta uts\u00e4tts f\u00f6r tryck.<\/p>\n<p class=\"\" data-start=\"877\" data-end=\"1114\">Med kolvkontakt f\u00e5r du p\u00e5litlig indikering om d\u00f6rrens status \u2013 perfekt f\u00f6r koppling till larm eller passersystem.<\/p>\n<p class=\"\" data-start=\"877\" data-end=\"1114\">STEP 90 \u00e4r dessutom brandgodk\u00e4nd upp till klass E\/EI120 enligt SS-EN 14846:2008 och har en h\u00f6g bryth\u00e5llfasthet p\u00e5 1 200 kg.<\/p>\n<p class=\"\" data-start=\"1116\" data-end=\"1320\">Den v\u00e4ndbara konstruktionen g\u00f6r den kompatibel med b\u00e5de h\u00f6ger- och v\u00e4nsterd\u00f6rrar, samt l\u00e5shus i Connect-, Modul- och Smalprofil-serien.<\/p>\n<p class=\"\" data-start=\"1116\" data-end=\"1320\">En kompakt och effektiv l\u00f6sning f\u00f6r moderna s\u00e4kerhetsinstallationer.<\/p>\n<p class=\"\" data-start=\"1322\" data-end=\"1350\"><strong data-start=\"1322\" data-end=\"1348\">Egenskaper &amp; F\u00f6rdelar:<\/strong><\/p>\n<ul data-start=\"1351\" data-end=\"1653\">\n<li class=\"\" data-start=\"1351\" data-end=\"1397\">\n<p class=\"\" data-start=\"1353\" data-end=\"1397\">Omst\u00e4llbar funktion: r\u00e4ttv\u00e4nd eller omv\u00e4nd<\/p>\n<\/li>\n<li class=\"\" data-start=\"1398\" data-end=\"1433\">\n<p class=\"\" data-start=\"1400\" data-end=\"1433\">Kolvkontakt f\u00f6r statusavk\u00e4nning<\/p>\n<\/li>\n<li class=\"\" data-start=\"1434\" data-end=\"1458\">\n<p class=\"\" data-start=\"1436\" data-end=\"1458\">Brandgodk\u00e4nd E\/EI120<\/p>\n<\/li>\n<li class=\"\" data-start=\"1459\" data-end=\"1501\">\n<p class=\"\" data-start=\"1461\" data-end=\"1501\">\u00d6ppnar trots listtryck upp till 250 kg<\/p>\n<\/li>\n<li class=\"\" data-start=\"1502\" data-end=\"1535\">\n<p class=\"\" data-start=\"1504\" data-end=\"1535\">H\u00f6g bryth\u00e5llfasthet: 1 200 kg<\/p>\n<\/li>\n<li class=\"\" data-start=\"1536\" data-end=\"1567\">\n<p class=\"\" data-start=\"1538\" data-end=\"1567\">Skyddsdiod och knacks\u00e4kring<\/p>\n<\/li>\n<li class=\"\" data-start=\"1568\" data-end=\"1602\">\n<p class=\"\" data-start=\"1570\" data-end=\"1602\">Passar enkel- och dubbelfall\u00e5s<\/p>\n<\/li>\n<li class=\"\" data-start=\"1603\" data-end=\"1653\">\n<p class=\"\" data-start=\"1605\" data-end=\"1653\">Kompakt, v\u00e4ndbar design f\u00f6r enkel installation<\/p>\n<\/li>\n<\/ul>","protected":false},"excerpt":{"rendered":"<p>H\u00e4r kan se vilka stolpar och modeller som passar ihop fr\u00e5n STEP sortimentet av Elslutbleck.<\/p>\n<h5><strong><a href=\"https:\/\/steplock.com\/sv\/stolpguide\/#!?lang=sv&amp;blog_id=1&amp;paged=1&amp;number=50\" target=\"_blank\" rel=\"noopener\">STEP Stolpguide\u00a0<\/a><\/strong><\/h5>\n<h5><strong><a href=\"https:\/\/steplock.com\/sv\/projekteringsguide\/#!?lang=sv&amp;blog_id=1&amp;paged=1&amp;number=999\" target=\"_blank\" rel=\"noopener\">STEP projekteringsguide<\/a><\/strong><\/h5>","protected":false},"featured_media":82239,"template":"","meta":{"_acf_changed":false},"product_brand":[],"product_cat":[2313],"product_tag":[3422,3426],"class_list":{"0":"post-61239","1":"product","2":"type-product","3":"status-publish","4":"has-post-thumbnail","6":"product_cat-step-elslutbleck","7":"product_tag-12v","8":"product_tag-omstallbar-rattvand-omvand","9":"product_shipping_class-tunga-paket","10":"pa_brands-step","11":"tm-no-options","13":"first","14":"onbackorder","15":"sale","16":"taxable","17":"shipping-taxable","18":"product-type-simple"},"acf":[],"_links":{"self":[{"href":"https:\/\/stonehouse.se\/en\/wp-json\/wp\/v2\/product\/61239","targetHints":{"allow":["GET"]}}],"collection":[{"href":"https:\/\/stonehouse.se\/en\/wp-json\/wp\/v2\/product"}],"about":[{"href":"https:\/\/stonehouse.se\/en\/wp-json\/wp\/v2\/types\/product"}],"wp:featuredmedia":[{"embeddable":true,"href":"https:\/\/stonehouse.se\/en\/wp-json\/wp\/v2\/media\/82239"}],"wp:attachment":[{"href":"https:\/\/stonehouse.se\/en\/wp-json\/wp\/v2\/media?parent=61239"}],"wp:term":[{"taxonomy":"product_brand","embeddable":true,"href":"https:\/\/stonehouse.se\/en\/wp-json\/wp\/v2\/product_brand?post=61239"},{"taxonomy":"product_cat","embeddable":true,"href":"https:\/\/stonehouse.se\/en\/wp-json\/wp\/v2\/product_cat?post=61239"},{"taxonomy":"product_tag","embeddable":true,"href":"https:\/\/stonehouse.se\/en\/wp-json\/wp\/v2\/product_tag?post=61239"}],"curies":[{"name":"wp","href":"https:\/\/api.w.org\/{rel}","templated":true}]}}