
{"id":61245,"date":"2023-09-26T13:06:30","date_gmt":"2023-09-26T11:06:30","guid":{"rendered":"https:\/\/stonehouse.se\/produkt\/elslutbleck-step-48-omstallbar-12v-kolvkontakt\/"},"modified":"2026-04-01T16:32:54","modified_gmt":"2026-04-01T14:32:54","slug":"elslutbleck-step-48-omstallbar-12v-kolvkontakt","status":"publish","type":"product","link":"https:\/\/stonehouse.se\/en\/product\/elslutbleck-step-48-omstallbar-12v-kolvkontakt\/","title":{"rendered":"Elslutbleck STEP 48 Omst\u00e4llbar 12V Kolvkontakt"},"content":{"rendered":"<h1>Elslutbleck STEP 48 Omst\u00e4llbar 12V Kolvkontakt<\/h1>\n<p>Elslutbleck STEP 48 Preload erbjuder h\u00f6g s\u00e4kerhet med p\u00e5litlig \u00f6ppning \u00e4ven under listtryck p\u00e5 upp till 40 kg.Med omst\u00e4llbar funktion och kolvkontakt \u00e4r det perfekt f\u00f6r b\u00e5de nya och \u00e4ldre d\u00f6rrsystem.<\/p>\n<p class=\"\" data-start=\"386\" data-end=\"915\">Elslutbleck STEP 48 Preload \u00e4r den idealiska l\u00f6sningen f\u00f6r d\u00f6rrsystem som kr\u00e4ver h\u00f6g s\u00e4kerhet och p\u00e5litlighet.<\/p>\n<p class=\"\" data-start=\"386\" data-end=\"915\">Designat f\u00f6r utrymmen som ska l\u00e5sas med vred eller nyckel, erbjuder detta elslutbleck en flexibel installation och p\u00e5litlig funktion \u00e4ven under p\u00e5frestningar.<\/p>\n<p class=\"\" data-start=\"386\" data-end=\"915\">Den patenterade listtryckstekniken g\u00f6r att d\u00f6rren alltid kan \u00f6ppnas \u00e4ven om den uts\u00e4tts f\u00f6r tryck p\u00e5 upp till 40 kg.<\/p>\n<p class=\"\" data-start=\"386\" data-end=\"915\">STEP 48 \u00e4r en del av STEPs Preload-serie och erbjuder den senaste teknologin f\u00f6r h\u00f6ga krav p\u00e5 s\u00e4kerhet och h\u00e5llbarhet.<\/p>\n<p class=\"\" data-start=\"917\" data-end=\"1326\">Med en bryth\u00e5llfasthet p\u00e5 9 kN (ca 900 kg), och m\u00f6jligheten att installera regelindikeringen ST4880, kan detta elslutbleck ge extra s\u00e4kerhet genom att blockera d\u00f6rrens passersystem eller kodl\u00e5s n\u00e4r hakregeln eller den raka regeln \u00e4r mekaniskt utl\u00e5st.<\/p>\n<p class=\"\" data-start=\"917\" data-end=\"1326\">Det \u00e4r ocks\u00e5 knacks\u00e4kert och v\u00e4ndbart f\u00f6r att passa b\u00e5de h\u00f6ger- och v\u00e4nsterd\u00f6rrar, vilket g\u00f6r det till en flexibel l\u00f6sning f\u00f6r m\u00e5nga olika installationsbehov.<\/p>\n<p class=\"\" data-start=\"1328\" data-end=\"1343\"><strong data-start=\"1328\" data-end=\"1343\">Egenskaper:<\/strong><\/p>\n<ul data-start=\"1344\" data-end=\"1778\">\n<li class=\"\" data-start=\"1344\" data-end=\"1421\">\n<p class=\"\" data-start=\"1346\" data-end=\"1421\">Omst\u00e4llbar r\u00e4ttv\u00e4nd och omv\u00e4nd funktion (l\u00e5st eller ol\u00e5st i str\u00f6ml\u00f6st l\u00e4ge)<\/p>\n<\/li>\n<li class=\"\" data-start=\"1422\" data-end=\"1488\">\n<p class=\"\" data-start=\"1424\" data-end=\"1488\">Kolvkontakt. Indikering f\u00f6r avk\u00e4nning att d\u00f6rren \u00e4r st\u00e4ngd\/\u00f6ppen<\/p>\n<\/li>\n<li class=\"\" data-start=\"1489\" data-end=\"1527\">\n<p class=\"\" data-start=\"1491\" data-end=\"1527\">Skyddsdiod inbyggd f\u00f6r \u00f6kad s\u00e4kerhet<\/p>\n<\/li>\n<li class=\"\" data-start=\"1528\" data-end=\"1565\">\n<p class=\"\" data-start=\"1530\" data-end=\"1565\">Bryth\u00e5llfasthet p\u00e5 9 kN (ca 900 kg)<\/p>\n<\/li>\n<li class=\"\" data-start=\"1566\" data-end=\"1668\">\n<p class=\"\" data-start=\"1568\" data-end=\"1668\">Garanterar \u00f6ppning trots listtryck p\u00e5 upp till 0,4 kN (ca 40 kg) i b\u00e5de r\u00e4ttv\u00e4nd och omv\u00e4nd funktion<\/p>\n<\/li>\n<li class=\"\" data-start=\"1669\" data-end=\"1682\">\n<p class=\"\" data-start=\"1671\" data-end=\"1682\">Knacks\u00e4krad<\/p>\n<\/li>\n<li class=\"\" data-start=\"1683\" data-end=\"1731\">\n<p class=\"\" data-start=\"1685\" data-end=\"1731\">V\u00e4ndbar f\u00f6r att passa h\u00f6ger- och v\u00e4nsterd\u00f6rrar<\/p>\n<\/li>\n<li class=\"\" data-start=\"1732\" data-end=\"1778\">\n<p class=\"\" data-start=\"1734\" data-end=\"1778\">Klarar utl\u00e5sning av hakregel eller rak regel<\/p>\n<\/li>\n<\/ul>\n<p class=\"\" data-start=\"1780\" data-end=\"1809\"><strong data-start=\"1780\" data-end=\"1809\">Tekniska specifikationer:<\/strong><\/p>\n<ul data-start=\"1810\" data-end=\"2300\">\n<li class=\"\" data-start=\"1810\" data-end=\"1839\">\n<p class=\"\" data-start=\"1812\" data-end=\"1839\">Bryth\u00e5llfasthet max: 900 kg<\/p>\n<\/li>\n<li class=\"\" data-start=\"1840\" data-end=\"1870\">\n<p class=\"\" data-start=\"1842\" data-end=\"1870\">D\u00f6rrh\u00e4ngning: H\u00f6ger, V\u00e4nster<\/p>\n<\/li>\n<li class=\"\" data-start=\"1871\" data-end=\"1889\">\n<p class=\"\" data-start=\"1873\" data-end=\"1889\">Kabel ing\u00e5r: Nej<\/p>\n<\/li>\n<li class=\"\" data-start=\"1890\" data-end=\"1908\">\n<p class=\"\" data-start=\"1892\" data-end=\"1908\">Listtryck: 40 kg<\/p>\n<\/li>\n<li class=\"\" data-start=\"1909\" data-end=\"1944\">\n<p class=\"\" data-start=\"1911\" data-end=\"1944\">L\u00e5styp: Enkelfall\u00e5s, Dubbelfall\u00e5s<\/p>\n<\/li>\n<li class=\"\" data-start=\"1945\" data-end=\"1967\">\n<p class=\"\" data-start=\"1947\" data-end=\"1967\">Bredd produkt: 25 mm<\/p>\n<\/li>\n<li class=\"\" data-start=\"1968\" data-end=\"1988\">\n<p class=\"\" data-start=\"1970\" data-end=\"1988\">Byggvarubed\u00f6md: Ja<\/p>\n<\/li>\n<li class=\"\" data-start=\"1989\" data-end=\"2010\">\n<p class=\"\" data-start=\"1991\" data-end=\"2010\">Djup produkt: 35 mm<\/p>\n<\/li>\n<li class=\"\" data-start=\"2011\" data-end=\"2039\">\n<p class=\"\" data-start=\"2013\" data-end=\"2039\">Driftsp\u00e4nning 12V\/24V: 12V<\/p>\n<\/li>\n<li class=\"\" data-start=\"2040\" data-end=\"2062\">\n<p class=\"\" data-start=\"2042\" data-end=\"2062\">Dubbel vridfall: Nej<\/p>\n<\/li>\n<li class=\"\" data-start=\"2063\" data-end=\"2084\">\n<p class=\"\" data-start=\"2065\" data-end=\"2084\">EPD-Verifierad: Nej<\/p>\n<\/li>\n<li class=\"\" data-start=\"2085\" data-end=\"2097\">\n<p class=\"\" data-start=\"2087\" data-end=\"2097\">FINFO: Nej<\/p>\n<\/li>\n<li class=\"\" data-start=\"2098\" data-end=\"2126\">\n<p class=\"\" data-start=\"2100\" data-end=\"2126\">F\u00e4rg\/Ytbehandling: Rostfri<\/p>\n<\/li>\n<li class=\"\" data-start=\"2127\" data-end=\"2148\">\n<p class=\"\" data-start=\"2129\" data-end=\"2148\">H\u00f6jd produkt: 90 mm<\/p>\n<\/li>\n<li class=\"\" data-start=\"2149\" data-end=\"2166\">\n<p class=\"\" data-start=\"2151\" data-end=\"2166\">Kolvkontakt: Ja<\/p>\n<\/li>\n<li class=\"\" data-start=\"2167\" data-end=\"2212\">\n<p class=\"\" data-start=\"2169\" data-end=\"2212\">R\u00e4ttv\u00e4nd\/Omv\u00e4nd: Omst\u00e4llbar R\u00e4ttv\u00e4nd\/Omv\u00e4nd<\/p>\n<\/li>\n<li class=\"\" data-start=\"2213\" data-end=\"2233\">\n<p class=\"\" data-start=\"2215\" data-end=\"2233\">Sp\u00e4nning AC\/DC: DC<\/p>\n<\/li>\n<li class=\"\" data-start=\"2234\" data-end=\"2256\">\n<p class=\"\" data-start=\"2236\" data-end=\"2256\">Sp\u00e4nning max: 27,6 V<\/p>\n<\/li>\n<li class=\"\" data-start=\"2257\" data-end=\"2279\">\n<p class=\"\" data-start=\"2259\" data-end=\"2279\">Sp\u00e4nning min: 21,6 V<\/p>\n<\/li>\n<li class=\"\" data-start=\"2280\" data-end=\"2300\">\n<p class=\"\" data-start=\"2282\" data-end=\"2300\">SundaHusbed\u00f6md: Ja<\/p>\n<\/li>\n<\/ul>","protected":false},"excerpt":{"rendered":"<p>H\u00e4r kan se vilka stolpar och modeller som passar ihop fr\u00e5n STEP sortimentet av Elslutbleck.<\/p>\n<h5><strong><a href=\"https:\/\/steplock.com\/sv\/stolpguide\/#!?lang=sv&amp;blog_id=1&amp;paged=1&amp;number=50\" target=\"_blank\" rel=\"noopener\">STEP Stolpguide\u00a0<\/a><\/strong><\/h5>\n<h5><strong><a href=\"https:\/\/steplock.com\/sv\/projekteringsguide\/#!?lang=sv&amp;blog_id=1&amp;paged=1&amp;number=999\" target=\"_blank\" rel=\"noopener\">STEP projekteringsguide<\/a><\/strong><\/h5>","protected":false},"featured_media":82350,"template":"","meta":{"_acf_changed":false},"product_brand":[],"product_cat":[2313],"product_tag":[3422,3426],"class_list":{"0":"post-61245","1":"product","2":"type-product","3":"status-publish","4":"has-post-thumbnail","6":"product_cat-step-elslutbleck","7":"product_tag-12v","8":"product_tag-omstallbar-rattvand-omvand","9":"product_shipping_class-tunga-paket","10":"pa_brands-step","11":"tm-no-options","13":"first","14":"onbackorder","15":"sale","16":"taxable","17":"shipping-taxable","18":"product-type-simple"},"acf":[],"_links":{"self":[{"href":"https:\/\/stonehouse.se\/en\/wp-json\/wp\/v2\/product\/61245","targetHints":{"allow":["GET"]}}],"collection":[{"href":"https:\/\/stonehouse.se\/en\/wp-json\/wp\/v2\/product"}],"about":[{"href":"https:\/\/stonehouse.se\/en\/wp-json\/wp\/v2\/types\/product"}],"wp:featuredmedia":[{"embeddable":true,"href":"https:\/\/stonehouse.se\/en\/wp-json\/wp\/v2\/media\/82350"}],"wp:attachment":[{"href":"https:\/\/stonehouse.se\/en\/wp-json\/wp\/v2\/media?parent=61245"}],"wp:term":[{"taxonomy":"product_brand","embeddable":true,"href":"https:\/\/stonehouse.se\/en\/wp-json\/wp\/v2\/product_brand?post=61245"},{"taxonomy":"product_cat","embeddable":true,"href":"https:\/\/stonehouse.se\/en\/wp-json\/wp\/v2\/product_cat?post=61245"},{"taxonomy":"product_tag","embeddable":true,"href":"https:\/\/stonehouse.se\/en\/wp-json\/wp\/v2\/product_tag?post=61245"}],"curies":[{"name":"wp","href":"https:\/\/api.w.org\/{rel}","templated":true}]}}