
{"id":61246,"date":"2023-09-26T13:07:46","date_gmt":"2023-09-26T11:07:46","guid":{"rendered":"https:\/\/stonehouse.se\/produkt\/elslutbleck-step-90-rattvand-12v-kolvkontakt\/"},"modified":"2026-04-08T16:11:44","modified_gmt":"2026-04-08T14:11:44","slug":"elslutbleck-step-90-rattvand-12v-kolvkontakt","status":"publish","type":"product","link":"https:\/\/stonehouse.se\/en\/product\/elslutbleck-step-90-rattvand-12v-kolvkontakt\/","title":{"rendered":"Elslutbleck STEP 90 R\u00e4ttv\u00e4nd 12V Kolvkontakt"},"content":{"rendered":"<h1>Elslutbleck STEP 90 R\u00e4ttv\u00e4nd 12V Kolvkontakt<\/h1>\n<p>STEP 90 Preload HPR \u00e4r ett kompakt, r\u00e4ttv\u00e4nd elslutbleck med kolvkontakt och h\u00f6g drifts\u00e4kerhet. Brandgodk\u00e4nd upp till E\/EI120 och \u00f6ppnar trots listtryck p\u00e5 250 kg.<\/p>\n<p class=\"\" data-start=\"246\" data-end=\"576\">Elslutbleck STEP 90 Preload HPR \u00e4r utvecklat f\u00f6r milj\u00f6er med h\u00f6ga krav p\u00e5 s\u00e4kerhet, drifts\u00e4kerhet och kompakt installation.<\/p>\n<p class=\"\" data-start=\"246\" data-end=\"576\">Med r\u00e4ttv\u00e4nd funktion (l\u00e5st i str\u00f6ml\u00f6st l\u00e4ge) och kolvkontakt ger den tydlig statusindikering av d\u00f6rrens position \u2013 idealiskt f\u00f6r koppling till passersystem eller larm.<\/p>\n<p class=\"\" data-start=\"578\" data-end=\"837\">STEP 90 tillh\u00f6r STEPs Preload-serie och \u00e4r utrustat med den patenterade HPR\u00ae-listtryckstekniken, som garanterar uppl\u00e5sning \u00e4ven om d\u00f6rren uts\u00e4tts f\u00f6r tryck p\u00e5 upp till 250 kg.<\/p>\n<p class=\"\" data-start=\"578\" data-end=\"837\">Detta g\u00f6r den till ett mycket p\u00e5litligt val i d\u00f6rrmilj\u00f6er med h\u00f6g \u00f6ppningsfrekvens.<\/p>\n<p class=\"\" data-start=\"839\" data-end=\"1177\">Den \u00e4r brandklassad enligt E\/EI120 och har en h\u00f6g bryth\u00e5llfasthet p\u00e5 1 200 kg. Konstruktionen \u00e4r robust och knacks\u00e4krad, samtidigt som m\u00e5tten \u00e4r s\u00e5 pass sm\u00e5 att blecket enkelt kan installeras \u00e4ven i tr\u00e5nga utrymmen.<\/p>\n<p class=\"\" data-start=\"839\" data-end=\"1177\">Produkten \u00e4r v\u00e4ndbar f\u00f6r b\u00e5de h\u00f6ger- och v\u00e4nsterh\u00e4ngda d\u00f6rrar, och passar l\u00e5shus i Connect-, Modul- och Smalprofil-serien.<\/p>\n<p class=\"\" data-start=\"1179\" data-end=\"1207\"><strong data-start=\"1179\" data-end=\"1205\">Egenskaper &amp; F\u00f6rdelar:<\/strong><\/p>\n<ul data-start=\"1208\" data-end=\"1512\">\n<li class=\"\" data-start=\"1208\" data-end=\"1247\">\n<p class=\"\" data-start=\"1210\" data-end=\"1247\">R\u00e4ttv\u00e4nd funktion (l\u00e5st utan str\u00f6m)<\/p>\n<\/li>\n<li class=\"\" data-start=\"1248\" data-end=\"1291\">\n<p class=\"\" data-start=\"1250\" data-end=\"1291\">Kolvkontakt f\u00f6r avk\u00e4nning av d\u00f6rrstatus<\/p>\n<\/li>\n<li class=\"\" data-start=\"1292\" data-end=\"1325\">\n<p class=\"\" data-start=\"1294\" data-end=\"1325\">Brandgodk\u00e4nd upp till E\/EI120<\/p>\n<\/li>\n<li class=\"\" data-start=\"1326\" data-end=\"1373\">\n<p class=\"\" data-start=\"1328\" data-end=\"1373\">HPR\u00ae-teknik \u2013 \u00f6ppnar trots 250 kg listtryck<\/p>\n<\/li>\n<li class=\"\" data-start=\"1374\" data-end=\"1402\">\n<p class=\"\" data-start=\"1376\" data-end=\"1402\">Bryth\u00e5llfasthet 1 200 kg<\/p>\n<\/li>\n<li class=\"\" data-start=\"1403\" data-end=\"1433\">\n<p class=\"\" data-start=\"1405\" data-end=\"1433\">Kompakt och v\u00e4ndbar design<\/p>\n<\/li>\n<li class=\"\" data-start=\"1434\" data-end=\"1477\">\n<p class=\"\" data-start=\"1436\" data-end=\"1477\">Knacks\u00e4krad och utrustad med skyddsdiod<\/p>\n<\/li>\n<li class=\"\" data-start=\"1478\" data-end=\"1512\">\n<p class=\"\" data-start=\"1480\" data-end=\"1512\">Passar enkel- och dubbelfall\u00e5s<\/p>\n<\/li>\n<\/ul>","protected":false},"excerpt":{"rendered":"<p>H\u00e4r kan se vilka stolpar och modeller som passar ihop fr\u00e5n STEP sortimentet av Elslutbleck.<\/p>\n<h5><strong><a href=\"https:\/\/steplock.com\/sv\/stolpguide\/#!?lang=sv&amp;blog_id=1&amp;paged=1&amp;number=50\" target=\"_blank\" rel=\"noopener\">STEP Stolpguide\u00a0<\/a><\/strong><\/h5>\n<h5><strong><a href=\"https:\/\/steplock.com\/sv\/projekteringsguide\/#!?lang=sv&amp;blog_id=1&amp;paged=1&amp;number=999\" target=\"_blank\" rel=\"noopener\">STEP projekteringsguide<\/a><\/strong><\/h5>","protected":false},"featured_media":81916,"template":"","meta":{"_acf_changed":false},"product_brand":[],"product_cat":[2313],"product_tag":[3420,3424],"class_list":{"0":"post-61246","1":"product","2":"type-product","3":"status-publish","4":"has-post-thumbnail","6":"product_cat-step-elslutbleck","7":"product_tag-12-24v","8":"product_tag-rattvand","9":"product_shipping_class-tunga-paket","10":"pa_brands-step","11":"tm-no-options","13":"first","14":"onbackorder","15":"sale","16":"taxable","17":"shipping-taxable","18":"product-type-simple"},"acf":[],"_links":{"self":[{"href":"https:\/\/stonehouse.se\/en\/wp-json\/wp\/v2\/product\/61246","targetHints":{"allow":["GET"]}}],"collection":[{"href":"https:\/\/stonehouse.se\/en\/wp-json\/wp\/v2\/product"}],"about":[{"href":"https:\/\/stonehouse.se\/en\/wp-json\/wp\/v2\/types\/product"}],"wp:featuredmedia":[{"embeddable":true,"href":"https:\/\/stonehouse.se\/en\/wp-json\/wp\/v2\/media\/81916"}],"wp:attachment":[{"href":"https:\/\/stonehouse.se\/en\/wp-json\/wp\/v2\/media?parent=61246"}],"wp:term":[{"taxonomy":"product_brand","embeddable":true,"href":"https:\/\/stonehouse.se\/en\/wp-json\/wp\/v2\/product_brand?post=61246"},{"taxonomy":"product_cat","embeddable":true,"href":"https:\/\/stonehouse.se\/en\/wp-json\/wp\/v2\/product_cat?post=61246"},{"taxonomy":"product_tag","embeddable":true,"href":"https:\/\/stonehouse.se\/en\/wp-json\/wp\/v2\/product_tag?post=61246"}],"curies":[{"name":"wp","href":"https:\/\/api.w.org\/{rel}","templated":true}]}}