
{"id":61252,"date":"2023-09-26T13:07:47","date_gmt":"2023-09-26T11:07:47","guid":{"rendered":"https:\/\/stonehouse.se\/produkt\/elslutbleck-step-40-omstallbar-12v-kolvkontakt\/"},"modified":"2026-04-08T16:11:09","modified_gmt":"2026-04-08T14:11:09","slug":"elslutbleck-step-40-omstallbar-12v-kolvkontakt","status":"publish","type":"product","link":"https:\/\/stonehouse.se\/en\/product\/elslutbleck-step-40-omstallbar-12v-kolvkontakt\/","title":{"rendered":"Elslutbleck STEP 40 Omst\u00e4llbar 12V Kolvkontakt"},"content":{"rendered":"<h1>Elslutbleck STEP 40 Omst\u00e4llbar 12V Kolvkontakt<\/h1>\n<p>STEP 40 Preload HPR \u2013 kompakt elslutbleck med omst\u00e4llbar funktion (r\u00e4ttv\u00e4nd\/omv\u00e4nd), kolvkontakt och h\u00f6g drifts\u00e4kerhet. T\u00e5l upp till 250 kg listtryck.<\/p>\n<p class=\"\" data-start=\"234\" data-end=\"603\">Elslutbleck STEP 40 Preload HPR \u00e4r ett m\u00e5ngsidigt och kraftfullt elslutbleck anpassat f\u00f6r moderna d\u00f6rrmilj\u00f6er med h\u00f6ga krav p\u00e5 b\u00e5de funktion och s\u00e4kerhet.<\/p>\n<p class=\"\" data-start=\"234\" data-end=\"603\">Tack vare sin omst\u00e4llbara funktion kan det enkelt konfigureras som r\u00e4ttv\u00e4nd (l\u00e5st utan str\u00f6m) eller omv\u00e4nd (ol\u00e5st utan str\u00f6m), vilket ger maximal flexibilitet vid installation.<\/p>\n<p class=\"\" data-start=\"605\" data-end=\"889\">Med STEP:s patenterade HPR\u00ae-listtrycksteknik \u00f6ppnar d\u00f6rren \u00e4ven n\u00e4r den uts\u00e4tts f\u00f6r ett tryck p\u00e5 upp till 250 kg, vilket g\u00f6r elslutblecket till ett p\u00e5litligt val \u00e4ven i h\u00f6gt belastade milj\u00f6er.<\/p>\n<p class=\"\" data-start=\"605\" data-end=\"889\">Blecket \u00e4r testat f\u00f6r \u00f6ver 1,5 miljoner cykler och har en bryth\u00e5llfasthet p\u00e5 hela 1 200 kg.<\/p>\n<p class=\"\" data-start=\"891\" data-end=\"1166\">Inbyggd kolvkontakt ger en s\u00e4ker indikering av om d\u00f6rren \u00e4r st\u00e4ngd eller \u00f6ppen, och kan enkelt integreras med passersystem eller larmanl\u00e4ggningar.<\/p>\n<p class=\"\" data-start=\"891\" data-end=\"1166\">STEP 40 \u00e4r v\u00e4ndbart f\u00f6r h\u00f6ger- och v\u00e4nsterd\u00f6rrar och har en kompakt design som passar i tr\u00e5nga utrymmen eller \u00e4ldre d\u00f6rrmilj\u00f6er.<\/p>\n<p class=\"\" data-start=\"1168\" data-end=\"1194\"><strong data-start=\"1168\" data-end=\"1194\">Egenskaper &amp; F\u00f6rdelar:<\/strong><\/p>\n<ul data-start=\"1195\" data-end=\"1540\">\n<li class=\"\" data-start=\"1195\" data-end=\"1242\">\n<p class=\"\" data-start=\"1197\" data-end=\"1242\">Omst\u00e4llbar funktion \u2013 r\u00e4ttv\u00e4nd eller omv\u00e4nd<\/p>\n<\/li>\n<li class=\"\" data-start=\"1243\" data-end=\"1279\">\n<p class=\"\" data-start=\"1245\" data-end=\"1279\">Kolvkontakt med statusindikering<\/p>\n<\/li>\n<li class=\"\" data-start=\"1280\" data-end=\"1327\">\n<p class=\"\" data-start=\"1282\" data-end=\"1327\">HPR\u00ae-teknik \u2013 \u00f6ppnar trots 250 kg listtryck<\/p>\n<\/li>\n<li class=\"\" data-start=\"1328\" data-end=\"1356\">\n<p class=\"\" data-start=\"1330\" data-end=\"1356\">Bryth\u00e5llfasthet 1 200 kg<\/p>\n<\/li>\n<li class=\"\" data-start=\"1357\" data-end=\"1390\">\n<p class=\"\" data-start=\"1359\" data-end=\"1390\">F\u00f6r enkel- eller dubbelfall\u00e5s<\/p>\n<\/li>\n<li class=\"\" data-start=\"1391\" data-end=\"1420\">\n<p class=\"\" data-start=\"1393\" data-end=\"1420\">Skyddsdiod och knackskydd<\/p>\n<\/li>\n<li class=\"\" data-start=\"1421\" data-end=\"1471\">\n<p class=\"\" data-start=\"1423\" data-end=\"1471\">V\u00e4ndbar \u2013 passar b\u00e5de h\u00f6ger- och v\u00e4nsterd\u00f6rrar<\/p>\n<\/li>\n<li class=\"\" data-start=\"1472\" data-end=\"1507\">\n<p class=\"\" data-start=\"1474\" data-end=\"1507\">Testad till 1,5 miljoner cykler<\/p>\n<\/li>\n<li class=\"\" data-start=\"1508\" data-end=\"1540\">\n<p class=\"\" data-start=\"1510\" data-end=\"1540\">Kompatibel med 12V DC-system<\/p>\n<\/li>\n<\/ul>","protected":false},"excerpt":{"rendered":"<p>H\u00e4r kan se vilka stolpar och modeller som passar ihop fr\u00e5n STEP sortimentet av Elslutbleck.<\/p>\n<h5><strong><a href=\"https:\/\/steplock.com\/sv\/stolpguide\/#!?lang=sv&amp;blog_id=1&amp;paged=1&amp;number=50\" target=\"_blank\" rel=\"noopener\">STEP Stolpguide\u00a0<\/a><\/strong><\/h5>\n<h5><strong><a href=\"https:\/\/steplock.com\/sv\/projekteringsguide\/#!?lang=sv&amp;blog_id=1&amp;paged=1&amp;number=999\" target=\"_blank\" rel=\"noopener\">STEP projekteringsguide<\/a><\/strong><\/h5>","protected":false},"featured_media":82063,"template":"","meta":{"_acf_changed":false},"product_brand":[],"product_cat":[2313],"product_tag":[3422,3426],"class_list":{"0":"post-61252","1":"product","2":"type-product","3":"status-publish","4":"has-post-thumbnail","6":"product_cat-step-elslutbleck","7":"product_tag-12v","8":"product_tag-omstallbar-rattvand-omvand","9":"product_shipping_class-tunga-paket","10":"pa_brands-step","11":"tm-no-options","13":"first","14":"onbackorder","15":"sale","16":"taxable","17":"shipping-taxable","18":"product-type-simple"},"acf":[],"_links":{"self":[{"href":"https:\/\/stonehouse.se\/en\/wp-json\/wp\/v2\/product\/61252","targetHints":{"allow":["GET"]}}],"collection":[{"href":"https:\/\/stonehouse.se\/en\/wp-json\/wp\/v2\/product"}],"about":[{"href":"https:\/\/stonehouse.se\/en\/wp-json\/wp\/v2\/types\/product"}],"wp:featuredmedia":[{"embeddable":true,"href":"https:\/\/stonehouse.se\/en\/wp-json\/wp\/v2\/media\/82063"}],"wp:attachment":[{"href":"https:\/\/stonehouse.se\/en\/wp-json\/wp\/v2\/media?parent=61252"}],"wp:term":[{"taxonomy":"product_brand","embeddable":true,"href":"https:\/\/stonehouse.se\/en\/wp-json\/wp\/v2\/product_brand?post=61252"},{"taxonomy":"product_cat","embeddable":true,"href":"https:\/\/stonehouse.se\/en\/wp-json\/wp\/v2\/product_cat?post=61252"},{"taxonomy":"product_tag","embeddable":true,"href":"https:\/\/stonehouse.se\/en\/wp-json\/wp\/v2\/product_tag?post=61252"}],"curies":[{"name":"wp","href":"https:\/\/api.w.org\/{rel}","templated":true}]}}