
{"id":61263,"date":"2023-09-26T13:06:34","date_gmt":"2023-09-26T11:06:34","guid":{"rendered":"https:\/\/stonehouse.se\/produkt\/elslutbleck-step-30-omstallbar-12v\/"},"modified":"2026-04-08T16:29:40","modified_gmt":"2026-04-08T14:29:40","slug":"elslutbleck-step-30-omstallbar-12v","status":"publish","type":"product","link":"https:\/\/stonehouse.se\/en\/product\/elslutbleck-step-30-omstallbar-12v\/","title":{"rendered":"Elslutbleck STEP 30 Omst\u00e4llbar 12V"},"content":{"rendered":"<h1>Elslutbleck STEP 30 Omst\u00e4llbar 12V<\/h1>\n<p>Elslutbleck STEP 30 Preload \u00e4r ett minimalt elslutbleck som s\u00e4kerst\u00e4ller p\u00e5litlig d\u00f6rrfunktion i b\u00e5de \u00e4ldre och nya d\u00f6rrsystem.Utrustat med listtrycksteknik och bryth\u00e5llfasthet p\u00e5 upp till 500 kg, det \u00f6ppnar \u00e4ven vid tryck upp till 40 kg.<\/p>\n<p class=\"\" data-start=\"401\" data-end=\"752\">Elslutbleck STEP 30 Preload \u00e4r det optimala valet f\u00f6r att ers\u00e4tta befintliga enkla elslutbleck och skapa en drifts\u00e4ker d\u00f6rrmilj\u00f6, \u00e4ven i \u00e4ldre d\u00f6rrpartier och urtag.<\/p>\n<p class=\"\" data-start=\"401\" data-end=\"752\">Med en kompakt design och STEPs patenterade listtrycksteknik, s\u00e4kerst\u00e4ller STEP 30 att d\u00f6rren alltid kan \u00f6ppnas, \u00e4ven om den uts\u00e4tts f\u00f6r tryck p\u00e5 upp till 40 kg.<\/p>\n<p class=\"\" data-start=\"754\" data-end=\"1074\">Detta elslutbleck har en bryth\u00e5llfasthet p\u00e5 5 kN (ca 500 kg) och \u00e4r en del av STEPs Preload-serie, vilket g\u00f6r den perfekt f\u00f6r utrymmen som kr\u00e4ver h\u00f6g \u00f6ppningsfrekvens och drifts\u00e4kerhet.<\/p>\n<p class=\"\" data-start=\"754\" data-end=\"1074\">STEP 30 kan enkelt installeras i b\u00e5de r\u00e4ttv\u00e4nd och omv\u00e4nd funktion och \u00e4r designat f\u00f6r att passa b\u00e5de h\u00f6ger- och v\u00e4nsterh\u00e4ngda d\u00f6rrar.<\/p>\n<p class=\"\" data-start=\"1076\" data-end=\"1091\"><strong data-start=\"1076\" data-end=\"1091\">Egenskaper:<\/strong><\/p>\n<ul data-start=\"1092\" data-end=\"1430\">\n<li class=\"\" data-start=\"1092\" data-end=\"1171\">\n<p class=\"\" data-start=\"1094\" data-end=\"1171\">Omst\u00e4llbar r\u00e4ttv\u00e4nd eller omv\u00e4nd funktion (l\u00e5st eller ol\u00e5st i str\u00f6ml\u00f6st l\u00e4ge)<\/p>\n<\/li>\n<li class=\"\" data-start=\"1172\" data-end=\"1190\">\n<p class=\"\" data-start=\"1174\" data-end=\"1190\">Kolvkontakt: Nej<\/p>\n<\/li>\n<li class=\"\" data-start=\"1191\" data-end=\"1229\">\n<p class=\"\" data-start=\"1193\" data-end=\"1229\">Skyddsdiod inbyggd f\u00f6r \u00f6kad s\u00e4kerhet<\/p>\n<\/li>\n<li class=\"\" data-start=\"1230\" data-end=\"1267\">\n<p class=\"\" data-start=\"1232\" data-end=\"1267\">Bryth\u00e5llfasthet p\u00e5 5 kN (ca 500 kg)<\/p>\n<\/li>\n<li class=\"\" data-start=\"1268\" data-end=\"1370\">\n<p class=\"\" data-start=\"1270\" data-end=\"1370\">Garanterar \u00f6ppning trots listtryck p\u00e5 upp till 0,4 kN (ca 40 kg) i b\u00e5de r\u00e4ttv\u00e4nd och omv\u00e4nd funktion<\/p>\n<\/li>\n<li class=\"\" data-start=\"1371\" data-end=\"1430\">\n<p class=\"\" data-start=\"1373\" data-end=\"1430\">Knacks\u00e4krad och v\u00e4ndbar f\u00f6r b\u00e5de h\u00f6ger- och v\u00e4nsterd\u00f6rrar<\/p>\n<\/li>\n<\/ul>\n<p class=\"\" data-start=\"1432\" data-end=\"1461\"><strong data-start=\"1432\" data-end=\"1461\">Tekniska specifikationer:<\/strong><\/p>\n<ul data-start=\"1462\" data-end=\"1955\">\n<li class=\"\" data-start=\"1462\" data-end=\"1491\">\n<p class=\"\" data-start=\"1464\" data-end=\"1491\">Bryth\u00e5llfasthet max: 500 kg<\/p>\n<\/li>\n<li class=\"\" data-start=\"1492\" data-end=\"1522\">\n<p class=\"\" data-start=\"1494\" data-end=\"1522\">D\u00f6rrh\u00e4ngning: H\u00f6ger, V\u00e4nster<\/p>\n<\/li>\n<li class=\"\" data-start=\"1523\" data-end=\"1541\">\n<p class=\"\" data-start=\"1525\" data-end=\"1541\">Kabel ing\u00e5r: Nej<\/p>\n<\/li>\n<li class=\"\" data-start=\"1542\" data-end=\"1560\">\n<p class=\"\" data-start=\"1544\" data-end=\"1560\">Listtryck: 40 kg<\/p>\n<\/li>\n<li class=\"\" data-start=\"1561\" data-end=\"1596\">\n<p class=\"\" data-start=\"1563\" data-end=\"1596\">L\u00e5styp: Enkelfall\u00e5s, Dubbelfall\u00e5s<\/p>\n<\/li>\n<li class=\"\" data-start=\"1597\" data-end=\"1621\">\n<p class=\"\" data-start=\"1599\" data-end=\"1621\">Bredd produkt: 20,5 mm<\/p>\n<\/li>\n<li class=\"\" data-start=\"1622\" data-end=\"1642\">\n<p class=\"\" data-start=\"1624\" data-end=\"1642\">Byggvarubed\u00f6md: Ja<\/p>\n<\/li>\n<li class=\"\" data-start=\"1643\" data-end=\"1664\">\n<p class=\"\" data-start=\"1645\" data-end=\"1664\">Djup produkt: 28 mm<\/p>\n<\/li>\n<li class=\"\" data-start=\"1665\" data-end=\"1693\">\n<p class=\"\" data-start=\"1667\" data-end=\"1693\">Driftsp\u00e4nning 12V\/24V: 12V<\/p>\n<\/li>\n<li class=\"\" data-start=\"1694\" data-end=\"1716\">\n<p class=\"\" data-start=\"1696\" data-end=\"1716\">Dubbel vridfall: Nej<\/p>\n<\/li>\n<li class=\"\" data-start=\"1717\" data-end=\"1738\">\n<p class=\"\" data-start=\"1719\" data-end=\"1738\">EPD-Verifierad: Nej<\/p>\n<\/li>\n<li class=\"\" data-start=\"1739\" data-end=\"1751\">\n<p class=\"\" data-start=\"1741\" data-end=\"1751\">FINFO: Nej<\/p>\n<\/li>\n<li class=\"\" data-start=\"1752\" data-end=\"1780\">\n<p class=\"\" data-start=\"1754\" data-end=\"1780\">F\u00e4rg\/Ytbehandling: Rostfri<\/p>\n<\/li>\n<li class=\"\" data-start=\"1781\" data-end=\"1802\">\n<p class=\"\" data-start=\"1783\" data-end=\"1802\">H\u00f6jd produkt: 99 mm<\/p>\n<\/li>\n<li class=\"\" data-start=\"1803\" data-end=\"1821\">\n<p class=\"\" data-start=\"1805\" data-end=\"1821\">Kolvkontakt: Nej<\/p>\n<\/li>\n<li class=\"\" data-start=\"1822\" data-end=\"1867\">\n<p class=\"\" data-start=\"1824\" data-end=\"1867\">R\u00e4ttv\u00e4nd\/Omv\u00e4nd: Omst\u00e4llbar R\u00e4ttv\u00e4nd\/Omv\u00e4nd<\/p>\n<\/li>\n<li class=\"\" data-start=\"1868\" data-end=\"1888\">\n<p class=\"\" data-start=\"1870\" data-end=\"1888\">Sp\u00e4nning AC\/DC: DC<\/p>\n<\/li>\n<li class=\"\" data-start=\"1889\" data-end=\"1911\">\n<p class=\"\" data-start=\"1891\" data-end=\"1911\">Sp\u00e4nning max: 13,8 V<\/p>\n<\/li>\n<li class=\"\" data-start=\"1912\" data-end=\"1934\">\n<p class=\"\" data-start=\"1914\" data-end=\"1934\">Sp\u00e4nning min: 10,8 V<\/p>\n<\/li>\n<li class=\"\" data-start=\"1935\" data-end=\"1955\">\n<p class=\"\" data-start=\"1937\" data-end=\"1955\">SundaHusbed\u00f6md: Ja<\/p>\n<\/li>\n<\/ul>\n<div>&nbsp;<\/div>","protected":false},"excerpt":{"rendered":"<p>H\u00e4r kan se vilka stolpar och modeller som passar ihop fr\u00e5n STEP sortimentet av Elslutbleck.<\/p>\n<h5><strong><a href=\"https:\/\/steplock.com\/sv\/stolpguide\/#!?lang=sv&amp;blog_id=1&amp;paged=1&amp;number=50\" target=\"_blank\" rel=\"noopener\">STEP Stolpguide\u00a0<\/a><\/strong><\/h5>\n<h5><strong><a href=\"https:\/\/steplock.com\/sv\/projekteringsguide\/#!?lang=sv&amp;blog_id=1&amp;paged=1&amp;number=999\" target=\"_blank\" rel=\"noopener\">STEP projekteringsguide<\/a><\/strong><\/h5>","protected":false},"featured_media":81812,"template":"","meta":{"_acf_changed":false},"product_brand":[],"product_cat":[2313],"product_tag":[3422,3426],"class_list":{"0":"post-61263","1":"product","2":"type-product","3":"status-publish","4":"has-post-thumbnail","6":"product_cat-step-elslutbleck","7":"product_tag-12v","8":"product_tag-omstallbar-rattvand-omvand","9":"product_shipping_class-tunga-paket","10":"pa_brands-step","11":"tm-no-options","13":"first","14":"onbackorder","15":"sale","16":"taxable","17":"shipping-taxable","18":"product-type-simple"},"acf":[],"_links":{"self":[{"href":"https:\/\/stonehouse.se\/en\/wp-json\/wp\/v2\/product\/61263","targetHints":{"allow":["GET"]}}],"collection":[{"href":"https:\/\/stonehouse.se\/en\/wp-json\/wp\/v2\/product"}],"about":[{"href":"https:\/\/stonehouse.se\/en\/wp-json\/wp\/v2\/types\/product"}],"wp:featuredmedia":[{"embeddable":true,"href":"https:\/\/stonehouse.se\/en\/wp-json\/wp\/v2\/media\/81812"}],"wp:attachment":[{"href":"https:\/\/stonehouse.se\/en\/wp-json\/wp\/v2\/media?parent=61263"}],"wp:term":[{"taxonomy":"product_brand","embeddable":true,"href":"https:\/\/stonehouse.se\/en\/wp-json\/wp\/v2\/product_brand?post=61263"},{"taxonomy":"product_cat","embeddable":true,"href":"https:\/\/stonehouse.se\/en\/wp-json\/wp\/v2\/product_cat?post=61263"},{"taxonomy":"product_tag","embeddable":true,"href":"https:\/\/stonehouse.se\/en\/wp-json\/wp\/v2\/product_tag?post=61263"}],"curies":[{"name":"wp","href":"https:\/\/api.w.org\/{rel}","templated":true}]}}