
{"id":61264,"date":"2023-09-26T13:06:36","date_gmt":"2023-09-26T11:06:36","guid":{"rendered":"https:\/\/stonehouse.se\/produkt\/elslutbleck-step-48-omvand-12v-kolvkontakt\/"},"modified":"2026-04-08T16:46:06","modified_gmt":"2026-04-08T14:46:06","slug":"elslutbleck-step-48-omvand-12v-kolvkontakt","status":"publish","type":"product","link":"https:\/\/stonehouse.se\/en\/product\/elslutbleck-step-48-omvand-12v-kolvkontakt\/","title":{"rendered":"Elslutbleck STEP 48 Omv\u00e4nd 12V Kolvkontakt"},"content":{"rendered":"<h1>Elslutbleck STEP 48 Omv\u00e4nd 12V Kolvkontakt<\/h1>\n<p>Elslutbleck STEP 48 Preload \u00e4r designat f\u00f6r h\u00f6g s\u00e4kerhet och p\u00e5litlig \u00f6ppning, \u00e4ven vid listtryck p\u00e5 upp till 40 kg.Utrustat med kolvkontakt och skyddsdiod f\u00f6r extra s\u00e4kerhet.<\/p>\n<p class=\"\" data-start=\"353\" data-end=\"702\">Elslutbleck STEP 48 Preload passar utm\u00e4rkt f\u00f6r utrymmen som ska l\u00e5sas med vred eller nyckel.<\/p>\n<p class=\"\" data-start=\"353\" data-end=\"702\">Det kan \u00e4ven installeras med en regelindikering (ST4880), vilket g\u00f6r det m\u00f6jligt att blockera d\u00f6rrens passersystem eller kodl\u00e5s n\u00e4r l\u00e5shusets hakregel eller raka regel mekaniskt har l\u00e5sts ut.<\/p>\n<p class=\"\" data-start=\"353\" data-end=\"702\">Detta ger extra s\u00e4kerhet i d\u00f6rrsystemet.<\/p>\n<p class=\"\" data-start=\"704\" data-end=\"1084\">Med STEPs patenterade listtrycksteknik s\u00e4kerst\u00e4lls att d\u00f6rren kan \u00f6ppnas \u00e4ven n\u00e4r den uts\u00e4tts f\u00f6r tryck p\u00e5 upp till 40 kg, vilket g\u00f6r det till ett robust alternativ f\u00f6r d\u00f6rrar som uts\u00e4tts f\u00f6r ofta \u00f6ppning.<\/p>\n<p class=\"\" data-start=\"704\" data-end=\"1084\">Med en bryth\u00e5llfasthet p\u00e5 9 kN (ca 900 kg), och m\u00f6jligheten att \u00f6ppna \u00e4ven vid listtryck, ger STEP 48 en l\u00e5ngvarig och p\u00e5litlig l\u00f6sning f\u00f6r b\u00e5de r\u00e4ttv\u00e4nd och omv\u00e4nd funktion.<\/p>\n<p class=\"\" data-start=\"1086\" data-end=\"1101\"><strong data-start=\"1086\" data-end=\"1101\">Egenskaper:<\/strong><\/p>\n<ul data-start=\"1102\" data-end=\"1487\">\n<li class=\"\" data-start=\"1102\" data-end=\"1144\">\n<p class=\"\" data-start=\"1104\" data-end=\"1144\">Omv\u00e4nd funktion (ol\u00e5st i str\u00f6ml\u00f6st l\u00e4ge)<\/p>\n<\/li>\n<li class=\"\" data-start=\"1145\" data-end=\"1200\">\n<p class=\"\" data-start=\"1147\" data-end=\"1200\">Kolvkontakt: Indikering f\u00f6r d\u00f6rrstatus (st\u00e4ngd\/\u00f6ppen)<\/p>\n<\/li>\n<li class=\"\" data-start=\"1201\" data-end=\"1239\">\n<p class=\"\" data-start=\"1203\" data-end=\"1239\">Skyddsdiod inbyggd f\u00f6r \u00f6kad s\u00e4kerhet<\/p>\n<\/li>\n<li class=\"\" data-start=\"1240\" data-end=\"1277\">\n<p class=\"\" data-start=\"1242\" data-end=\"1277\">Bryth\u00e5llfasthet p\u00e5 9 kN (ca 900 kg)<\/p>\n<\/li>\n<li class=\"\" data-start=\"1278\" data-end=\"1380\">\n<p class=\"\" data-start=\"1280\" data-end=\"1380\">Garanterar \u00f6ppning trots listtryck p\u00e5 upp till 0,4 kN (ca 40 kg) i b\u00e5de r\u00e4ttv\u00e4nd och omv\u00e4nd funktion<\/p>\n<\/li>\n<li class=\"\" data-start=\"1381\" data-end=\"1440\">\n<p class=\"\" data-start=\"1383\" data-end=\"1440\">Knacks\u00e4krad och v\u00e4ndbar f\u00f6r b\u00e5de h\u00f6ger- och v\u00e4nsterd\u00f6rrar<\/p>\n<\/li>\n<li class=\"\" data-start=\"1441\" data-end=\"1487\">\n<p class=\"\" data-start=\"1443\" data-end=\"1487\">Klarar utl\u00e5sning av hakregel eller rak regel<\/p>\n<\/li>\n<\/ul>\n<p class=\"\" data-start=\"1489\" data-end=\"1518\"><strong data-start=\"1489\" data-end=\"1518\">Tekniska specifikationer:<\/strong><\/p>\n<ul data-start=\"1519\" data-end=\"2236\">\n<li class=\"\" data-start=\"1519\" data-end=\"1548\">\n<p class=\"\" data-start=\"1521\" data-end=\"1548\">Bryth\u00e5llfasthet max: 900 kg<\/p>\n<\/li>\n<li class=\"\" data-start=\"1549\" data-end=\"1579\">\n<p class=\"\" data-start=\"1551\" data-end=\"1579\">D\u00f6rrh\u00e4ngning: H\u00f6ger, V\u00e4nster<\/p>\n<\/li>\n<li class=\"\" data-start=\"1580\" data-end=\"1598\">\n<p class=\"\" data-start=\"1582\" data-end=\"1598\">Kabel ing\u00e5r: Nej<\/p>\n<\/li>\n<li class=\"\" data-start=\"1599\" data-end=\"1617\">\n<p class=\"\" data-start=\"1601\" data-end=\"1617\">Listtryck: 40 kg<\/p>\n<\/li>\n<li class=\"\" data-start=\"1618\" data-end=\"1653\">\n<p class=\"\" data-start=\"1620\" data-end=\"1653\">L\u00e5styp: Enkelfall\u00e5s, Dubbelfall\u00e5s<\/p>\n<\/li>\n<li class=\"\" data-start=\"1654\" data-end=\"1676\">\n<p class=\"\" data-start=\"1656\" data-end=\"1676\">Bredd produkt: 25 mm<\/p>\n<\/li>\n<li class=\"\" data-start=\"1677\" data-end=\"1697\">\n<p class=\"\" data-start=\"1679\" data-end=\"1697\">Byggvarubed\u00f6md: Ja<\/p>\n<\/li>\n<li class=\"\" data-start=\"1698\" data-end=\"1719\">\n<p class=\"\" data-start=\"1700\" data-end=\"1719\">Djup produkt: 35 mm<\/p>\n<\/li>\n<li class=\"\" data-start=\"1720\" data-end=\"1748\">\n<p class=\"\" data-start=\"1722\" data-end=\"1748\">Driftsp\u00e4nning 12V\/24V: 12V<\/p>\n<\/li>\n<li class=\"\" data-start=\"1749\" data-end=\"1771\">\n<p class=\"\" data-start=\"1751\" data-end=\"1771\">Dubbel vridfall: Nej<\/p>\n<\/li>\n<li class=\"\" data-start=\"1772\" data-end=\"1793\">\n<p class=\"\" data-start=\"1774\" data-end=\"1793\">EPD-Verifierad: Nej<\/p>\n<\/li>\n<li class=\"\" data-start=\"1794\" data-end=\"1806\">\n<p class=\"\" data-start=\"1796\" data-end=\"1806\">FINFO: Nej<\/p>\n<\/li>\n<li class=\"\" data-start=\"1807\" data-end=\"1835\">\n<p class=\"\" data-start=\"1809\" data-end=\"1835\">F\u00e4rg\/Ytbehandling: Rostfri<\/p>\n<\/li>\n<li class=\"\" data-start=\"1836\" data-end=\"1857\">\n<p class=\"\" data-start=\"1838\" data-end=\"1857\">H\u00f6jd produkt: 90 mm<\/p>\n<\/li>\n<li class=\"\" data-start=\"1858\" data-end=\"1875\">\n<p class=\"\" data-start=\"1860\" data-end=\"1875\">Kolvkontakt: Ja<\/p>\n<\/li>\n<li class=\"\" data-start=\"1876\" data-end=\"1901\">\n<p class=\"\" data-start=\"1878\" data-end=\"1901\">R\u00e4ttv\u00e4nd\/Omv\u00e4nd: Omv\u00e4nd<\/p>\n<\/li>\n<li class=\"\" data-start=\"1902\" data-end=\"1922\">\n<p class=\"\" data-start=\"1904\" data-end=\"1922\">Sp\u00e4nning AC\/DC: DC<\/p>\n<\/li>\n<li class=\"\" data-start=\"1923\" data-end=\"1945\">\n<p class=\"\" data-start=\"1925\" data-end=\"1945\">Sp\u00e4nning max: 27,6 V<\/p>\n<\/li>\n<li class=\"\" data-start=\"1946\" data-end=\"1968\">\n<p class=\"\" data-start=\"1948\" data-end=\"1968\">Sp\u00e4nning min: 21,6 V<\/p>\n<\/li>\n<li class=\"\" data-start=\"1969\" data-end=\"1989\">\n<p class=\"\" data-start=\"1971\" data-end=\"1989\">SundaHusbed\u00f6md: Ja<\/p>\n<\/li>\n<li class=\"\" data-start=\"1990\" data-end=\"2053\">\n<p class=\"\" data-start=\"1992\" data-end=\"2053\">Kolvkontakt: Mikrobrytare enpoligt v\u00e4xlande, max. 30 V DC, 1A<\/p>\n<\/li>\n<li class=\"\" data-start=\"2054\" data-end=\"2094\">\n<p class=\"\" data-start=\"2056\" data-end=\"2094\">Durability: Grade X enligt SS-EN 14846<\/p>\n<\/li>\n<li class=\"\" data-start=\"2095\" data-end=\"2134\">\n<p class=\"\" data-start=\"2097\" data-end=\"2134\">Corrosion: Grade M enligt SS-EN 14846<\/p>\n<\/li>\n<li class=\"\" data-start=\"2135\" data-end=\"2173\">\n<p class=\"\" data-start=\"2137\" data-end=\"2173\">Security: Grade 3 enligt SS-EN 14846<\/p>\n<\/li>\n<li class=\"\" data-start=\"2174\" data-end=\"2236\">\n<p class=\"\" data-start=\"2176\" data-end=\"2236\">Security electrical manipulation: Grade 1 enligt SS-EN 14846<\/p>\n<\/li>\n<\/ul>","protected":false},"excerpt":{"rendered":"<p>H\u00e4r kan se vilka stolpar och modeller som passar ihop fr\u00e5n STEP sortimentet av Elslutbleck.<\/p>\n<h5><strong><a href=\"https:\/\/steplock.com\/sv\/stolpguide\/#!?lang=sv&amp;blog_id=1&amp;paged=1&amp;number=50\" target=\"_blank\" rel=\"noopener\">STEP Stolpguide\u00a0<\/a><\/strong><\/h5>\n<h5><strong><a href=\"https:\/\/steplock.com\/sv\/projekteringsguide\/#!?lang=sv&amp;blog_id=1&amp;paged=1&amp;number=999\" target=\"_blank\" rel=\"noopener\">STEP projekteringsguide<\/a><\/strong><\/h5>","protected":false},"featured_media":82340,"template":"","meta":{"_acf_changed":false},"product_brand":[],"product_cat":[2313],"product_tag":[3422,3425],"class_list":{"0":"post-61264","1":"product","2":"type-product","3":"status-publish","4":"has-post-thumbnail","6":"product_cat-step-elslutbleck","7":"product_tag-12v","8":"product_tag-omvand","9":"product_shipping_class-tunga-paket","10":"pa_brands-step","11":"tm-no-options","13":"first","14":"onbackorder","15":"sale","16":"taxable","17":"shipping-taxable","18":"product-type-simple"},"acf":[],"_links":{"self":[{"href":"https:\/\/stonehouse.se\/en\/wp-json\/wp\/v2\/product\/61264","targetHints":{"allow":["GET"]}}],"collection":[{"href":"https:\/\/stonehouse.se\/en\/wp-json\/wp\/v2\/product"}],"about":[{"href":"https:\/\/stonehouse.se\/en\/wp-json\/wp\/v2\/types\/product"}],"wp:featuredmedia":[{"embeddable":true,"href":"https:\/\/stonehouse.se\/en\/wp-json\/wp\/v2\/media\/82340"}],"wp:attachment":[{"href":"https:\/\/stonehouse.se\/en\/wp-json\/wp\/v2\/media?parent=61264"}],"wp:term":[{"taxonomy":"product_brand","embeddable":true,"href":"https:\/\/stonehouse.se\/en\/wp-json\/wp\/v2\/product_brand?post=61264"},{"taxonomy":"product_cat","embeddable":true,"href":"https:\/\/stonehouse.se\/en\/wp-json\/wp\/v2\/product_cat?post=61264"},{"taxonomy":"product_tag","embeddable":true,"href":"https:\/\/stonehouse.se\/en\/wp-json\/wp\/v2\/product_tag?post=61264"}],"curies":[{"name":"wp","href":"https:\/\/api.w.org\/{rel}","templated":true}]}}