
{"id":61267,"date":"2023-09-26T13:06:37","date_gmt":"2023-09-26T11:06:37","guid":{"rendered":"https:\/\/stonehouse.se\/produkt\/elslutbleck-step-48-rattvand-12v\/"},"modified":"2026-04-08T16:35:08","modified_gmt":"2026-04-08T14:35:08","slug":"elslutbleck-step-48-rattvand-12v","status":"publish","type":"product","link":"https:\/\/stonehouse.se\/en\/product\/elslutbleck-step-48-rattvand-12v\/","title":{"rendered":"Elslutbleck STEP 48 R\u00e4ttv\u00e4nd 12V"},"content":{"rendered":"<h1>Elslutbleck STEP 48 R\u00e4ttv\u00e4nd 12V<\/h1>\n<p>Elslutbleck STEP 48 Preload erbjuder h\u00f6g s\u00e4kerhet f\u00f6r d\u00f6rrar som ska l\u00e5sas med vred eller nyckel.Utrustad med listtrycksteknik och bryth\u00e5llfasthet p\u00e5 900 kg, det garanterar \u00f6ppning \u00e4ven vid tryck p\u00e5 upp till 40 kg.<\/p>\n<p class=\"\" data-start=\"371\" data-end=\"784\">Elslutbleck STEP 48 Preload \u00e4r designat f\u00f6r utrymmen som ska l\u00e5sas med vred eller nyckel, och erbjuder m\u00f6jligheten att installera en regelindikering (ST4880), vilket g\u00f6r det m\u00f6jligt att blockera d\u00f6rrens passersystem eller kodl\u00e5s n\u00e4r l\u00e5shusets hakregel eller raka regel mekaniskt har l\u00e5sts ut.<\/p>\n<p class=\"\" data-start=\"371\" data-end=\"784\">Detta g\u00f6r det till ett p\u00e5litligt val f\u00f6r b\u00e5de nya och \u00e4ldre d\u00f6rrsystem d\u00e4r extra s\u00e4kerhet kr\u00e4vs.<\/p>\n<p class=\"\" data-start=\"786\" data-end=\"1075\">Med STEPs patenterade listtrycksteknik s\u00e4kerst\u00e4lls att d\u00f6rren kan \u00f6ppnas \u00e4ven om den uts\u00e4tts f\u00f6r tryck p\u00e5 upp till 40 kg.<\/p>\n<p class=\"\" data-start=\"786\" data-end=\"1075\">STEP 48 har en bryth\u00e5llfasthet p\u00e5 9 kN (ca 900 kg) och klarar b\u00e5de r\u00e4ttv\u00e4nd och omv\u00e4nd funktion, vilket g\u00f6r det till en s\u00e4ker l\u00f6sning f\u00f6r installation i olika milj\u00f6er.<\/p>\n<p class=\"\" data-start=\"1077\" data-end=\"1092\"><strong data-start=\"1077\" data-end=\"1092\">Egenskaper:<\/strong><\/p>\n<ul data-start=\"1093\" data-end=\"1500\">\n<li class=\"\" data-start=\"1093\" data-end=\"1136\">\n<p class=\"\" data-start=\"1095\" data-end=\"1136\">R\u00e4ttv\u00e4nd funktion (l\u00e5st i str\u00f6ml\u00f6st l\u00e4ge)<\/p>\n<\/li>\n<li class=\"\" data-start=\"1137\" data-end=\"1175\">\n<p class=\"\" data-start=\"1139\" data-end=\"1175\">Skyddsdiod inbyggd f\u00f6r \u00f6kad s\u00e4kerhet<\/p>\n<\/li>\n<li class=\"\" data-start=\"1176\" data-end=\"1257\">\n<p class=\"\" data-start=\"1178\" data-end=\"1257\">Indikering f\u00f6r d\u00f6rrstatus (st\u00e4ngd\/\u00f6ppen) (g\u00e4ller f\u00f6r produkter med kolvkontakt)<\/p>\n<\/li>\n<li class=\"\" data-start=\"1258\" data-end=\"1295\">\n<p class=\"\" data-start=\"1260\" data-end=\"1295\">Bryth\u00e5llfasthet p\u00e5 9 kN (ca 900 kg)<\/p>\n<\/li>\n<li class=\"\" data-start=\"1296\" data-end=\"1393\">\n<p class=\"\" data-start=\"1298\" data-end=\"1393\">Garanterar \u00f6ppning trots listtryck p\u00e5 upp till 0,4 kN (ca 40 kg) i r\u00e4ttv\u00e4nd och omv\u00e4nd funktion<\/p>\n<\/li>\n<li class=\"\" data-start=\"1394\" data-end=\"1453\">\n<p class=\"\" data-start=\"1396\" data-end=\"1453\">Knacks\u00e4krad och v\u00e4ndbar f\u00f6r b\u00e5de h\u00f6ger- och v\u00e4nsterd\u00f6rrar<\/p>\n<\/li>\n<li class=\"\" data-start=\"1454\" data-end=\"1500\">\n<p class=\"\" data-start=\"1456\" data-end=\"1500\">Klarar utl\u00e5sning av hakregel eller rak regel<\/p>\n<\/li>\n<\/ul>\n<p class=\"\" data-start=\"1502\" data-end=\"1531\"><strong data-start=\"1502\" data-end=\"1531\">Tekniska specifikationer:<\/strong><\/p>\n<ul data-start=\"1532\" data-end=\"2005\">\n<li class=\"\" data-start=\"1532\" data-end=\"1561\">\n<p class=\"\" data-start=\"1534\" data-end=\"1561\">Bryth\u00e5llfasthet max: 900 kg<\/p>\n<\/li>\n<li class=\"\" data-start=\"1562\" data-end=\"1592\">\n<p class=\"\" data-start=\"1564\" data-end=\"1592\">D\u00f6rrh\u00e4ngning: H\u00f6ger, V\u00e4nster<\/p>\n<\/li>\n<li class=\"\" data-start=\"1593\" data-end=\"1611\">\n<p class=\"\" data-start=\"1595\" data-end=\"1611\">Kabel ing\u00e5r: Nej<\/p>\n<\/li>\n<li class=\"\" data-start=\"1612\" data-end=\"1630\">\n<p class=\"\" data-start=\"1614\" data-end=\"1630\">Listtryck: 40 kg<\/p>\n<\/li>\n<li class=\"\" data-start=\"1631\" data-end=\"1666\">\n<p class=\"\" data-start=\"1633\" data-end=\"1666\">L\u00e5styp: Enkelfall\u00e5s, Dubbelfall\u00e5s<\/p>\n<\/li>\n<li class=\"\" data-start=\"1667\" data-end=\"1689\">\n<p class=\"\" data-start=\"1669\" data-end=\"1689\">Bredd produkt: 25 mm<\/p>\n<\/li>\n<li class=\"\" data-start=\"1690\" data-end=\"1710\">\n<p class=\"\" data-start=\"1692\" data-end=\"1710\">Byggvarubed\u00f6md: Ja<\/p>\n<\/li>\n<li class=\"\" data-start=\"1711\" data-end=\"1732\">\n<p class=\"\" data-start=\"1713\" data-end=\"1732\">Djup produkt: 35 mm<\/p>\n<\/li>\n<li class=\"\" data-start=\"1733\" data-end=\"1761\">\n<p class=\"\" data-start=\"1735\" data-end=\"1761\">Driftsp\u00e4nning 12V\/24V: 12V<\/p>\n<\/li>\n<li class=\"\" data-start=\"1762\" data-end=\"1784\">\n<p class=\"\" data-start=\"1764\" data-end=\"1784\">Dubbel vridfall: Nej<\/p>\n<\/li>\n<li class=\"\" data-start=\"1785\" data-end=\"1806\">\n<p class=\"\" data-start=\"1787\" data-end=\"1806\">EPD-Verifierad: Nej<\/p>\n<\/li>\n<li class=\"\" data-start=\"1807\" data-end=\"1819\">\n<p class=\"\" data-start=\"1809\" data-end=\"1819\">FINFO: Nej<\/p>\n<\/li>\n<li class=\"\" data-start=\"1820\" data-end=\"1848\">\n<p class=\"\" data-start=\"1822\" data-end=\"1848\">F\u00e4rg\/Ytbehandling: Rostfri<\/p>\n<\/li>\n<li class=\"\" data-start=\"1849\" data-end=\"1870\">\n<p class=\"\" data-start=\"1851\" data-end=\"1870\">H\u00f6jd produkt: 90 mm<\/p>\n<\/li>\n<li class=\"\" data-start=\"1871\" data-end=\"1889\">\n<p class=\"\" data-start=\"1873\" data-end=\"1889\">Kolvkontakt: Nej<\/p>\n<\/li>\n<li class=\"\" data-start=\"1890\" data-end=\"1917\">\n<p class=\"\" data-start=\"1892\" data-end=\"1917\">R\u00e4ttv\u00e4nd\/Omv\u00e4nd: R\u00e4ttv\u00e4nd<\/p>\n<\/li>\n<li class=\"\" data-start=\"1918\" data-end=\"1938\">\n<p class=\"\" data-start=\"1920\" data-end=\"1938\">Sp\u00e4nning AC\/DC: DC<\/p>\n<\/li>\n<li class=\"\" data-start=\"1939\" data-end=\"1961\">\n<p class=\"\" data-start=\"1941\" data-end=\"1961\">Sp\u00e4nning max: 27,6 V<\/p>\n<\/li>\n<li class=\"\" data-start=\"1962\" data-end=\"1984\">\n<p class=\"\" data-start=\"1964\" data-end=\"1984\">Sp\u00e4nning min: 21,6 V<\/p>\n<\/li>\n<li class=\"\" data-start=\"1985\" data-end=\"2005\">\n<p class=\"\" data-start=\"1987\" data-end=\"2005\">SundaHusbed\u00f6md: Ja<\/p>\n<\/li>\n<\/ul>","protected":false},"excerpt":{"rendered":"<p>H\u00e4r kan se vilka stolpar och modeller som passar ihop fr\u00e5n STEP sortimentet av Elslutbleck.<\/p>\n<h5><strong><a href=\"https:\/\/steplock.com\/sv\/stolpguide\/#!?lang=sv&amp;blog_id=1&amp;paged=1&amp;number=50\" target=\"_blank\" rel=\"noopener\">STEP Stolpguide\u00a0<\/a><\/strong><\/h5>\n<h5><strong><a href=\"https:\/\/steplock.com\/sv\/projekteringsguide\/#!?lang=sv&amp;blog_id=1&amp;paged=1&amp;number=999\" target=\"_blank\" rel=\"noopener\">STEP projekteringsguide<\/a><\/strong><\/h5>","protected":false},"featured_media":81889,"template":"","meta":{"_acf_changed":false},"product_brand":[],"product_cat":[2313],"product_tag":[3422,3424],"class_list":{"0":"post-61267","1":"product","2":"type-product","3":"status-publish","4":"has-post-thumbnail","6":"product_cat-step-elslutbleck","7":"product_tag-12v","8":"product_tag-rattvand","9":"product_shipping_class-tunga-paket","10":"pa_brands-step","11":"tm-no-options","13":"first","14":"onbackorder","15":"sale","16":"taxable","17":"shipping-taxable","18":"product-type-simple"},"acf":[],"_links":{"self":[{"href":"https:\/\/stonehouse.se\/en\/wp-json\/wp\/v2\/product\/61267","targetHints":{"allow":["GET"]}}],"collection":[{"href":"https:\/\/stonehouse.se\/en\/wp-json\/wp\/v2\/product"}],"about":[{"href":"https:\/\/stonehouse.se\/en\/wp-json\/wp\/v2\/types\/product"}],"wp:featuredmedia":[{"embeddable":true,"href":"https:\/\/stonehouse.se\/en\/wp-json\/wp\/v2\/media\/81889"}],"wp:attachment":[{"href":"https:\/\/stonehouse.se\/en\/wp-json\/wp\/v2\/media?parent=61267"}],"wp:term":[{"taxonomy":"product_brand","embeddable":true,"href":"https:\/\/stonehouse.se\/en\/wp-json\/wp\/v2\/product_brand?post=61267"},{"taxonomy":"product_cat","embeddable":true,"href":"https:\/\/stonehouse.se\/en\/wp-json\/wp\/v2\/product_cat?post=61267"},{"taxonomy":"product_tag","embeddable":true,"href":"https:\/\/stonehouse.se\/en\/wp-json\/wp\/v2\/product_tag?post=61267"}],"curies":[{"name":"wp","href":"https:\/\/api.w.org\/{rel}","templated":true}]}}