
{"id":61280,"date":"2023-09-26T13:06:42","date_gmt":"2023-09-26T11:06:42","guid":{"rendered":"https:\/\/stonehouse.se\/produkt\/elslutbleck-step-30-omvand-12v\/"},"modified":"2026-04-08T16:25:01","modified_gmt":"2026-04-08T14:25:01","slug":"elslutbleck-step-30-omvand-12v","status":"publish","type":"product","link":"https:\/\/stonehouse.se\/en\/product\/elslutbleck-step-30-omvand-12v\/","title":{"rendered":"Elslutbleck STEP 30 Omv\u00e4nd 12V"},"content":{"rendered":"<h1>Elslutbleck STEP 30 Omv\u00e4nd 12V<\/h1>\n<p>Elslutbleck STEP 30 Preload \u00e4r ett kompakt elslutbleck designat f\u00f6r att ers\u00e4tta \u00e4ldre modeller och s\u00e4kerst\u00e4lla en drifts\u00e4ker d\u00f6rrmilj\u00f6.Utrustat med omv\u00e4nd funktion och bryth\u00e5llfasthet p\u00e5 500 kg.<\/p>\n<p class=\"\" data-start=\"352\" data-end=\"780\">Elslutbleck STEP 30 Preload \u00e4r en p\u00e5litlig l\u00f6sning f\u00f6r att ers\u00e4tta \u00e4ldre eller enklare elslutbleck och skapa en s\u00e4ker d\u00f6rrmilj\u00f6, \u00e4ven i \u00e4ldre d\u00f6rrpartier och urtag.<\/p>\n<p class=\"\" data-start=\"352\" data-end=\"780\">En del av STEPs Preload-serie, STEP 30 kombinerar minimala m\u00e5tt med h\u00f6g kvalitet och flexibilitet.<\/p>\n<p class=\"\" data-start=\"352\" data-end=\"780\">Utrustat med STEPs patenterade listtrycksteknik, s\u00e4kerst\u00e4ller detta elslutbleck att d\u00f6rren alltid kan \u00f6ppnas, \u00e4ven om den uts\u00e4tts f\u00f6r tryck.<\/p>\n<p class=\"\" data-start=\"782\" data-end=\"1280\">Den omv\u00e4nda funktionen inneb\u00e4r att d\u00f6rren \u00e4r ol\u00e5st i str\u00f6ml\u00f6st l\u00e4ge, vilket g\u00f6r det m\u00f6jligt att \u00f6ppna d\u00f6rren snabbt vid behov.<\/p>\n<p class=\"\" data-start=\"782\" data-end=\"1280\">Utan kolvkontakt \u00e4r detta elslutbleck idealiskt f\u00f6r installationer d\u00e4r kolvkontakt inte beh\u00f6vs.<\/p>\n<p class=\"\" data-start=\"782\" data-end=\"1280\">Den inbyggda skyddsdioden \u00f6kar s\u00e4kerheten och g\u00f6r det till en p\u00e5litlig l\u00f6sning f\u00f6r b\u00e5de nya och \u00e4ldre d\u00f6rrsystem.<\/p>\n<p class=\"\" data-start=\"782\" data-end=\"1280\">Med en bryth\u00e5llfasthet p\u00e5 5 kN (ca 500 kg) och f\u00f6rm\u00e5gan att \u00f6ppna trots listtryck p\u00e5 upp till 40 kg, erbjuder STEP 30 Preload b\u00e5de s\u00e4kerhet och tillf\u00f6rlitlighet.<\/p>\n<p class=\"\" data-start=\"1282\" data-end=\"1297\"><strong data-start=\"1282\" data-end=\"1297\">Egenskaper:<\/strong><\/p>\n<ul data-start=\"1298\" data-end=\"1659\">\n<li class=\"\" data-start=\"1298\" data-end=\"1339\">\n<p class=\"\" data-start=\"1300\" data-end=\"1339\">Omv\u00e4nd funktion (l\u00e5st i str\u00f6ml\u00f6st l\u00e4ge)<\/p>\n<\/li>\n<li class=\"\" data-start=\"1340\" data-end=\"1359\">\n<p class=\"\" data-start=\"1342\" data-end=\"1359\">Ingen kolvkontakt<\/p>\n<\/li>\n<li class=\"\" data-start=\"1360\" data-end=\"1398\">\n<p class=\"\" data-start=\"1362\" data-end=\"1398\">Skyddsdiod inbyggd f\u00f6r \u00f6kad s\u00e4kerhet<\/p>\n<\/li>\n<li class=\"\" data-start=\"1399\" data-end=\"1436\">\n<p class=\"\" data-start=\"1401\" data-end=\"1436\">Bryth\u00e5llfasthet p\u00e5 5 kN (ca 500 kg)<\/p>\n<\/li>\n<li class=\"\" data-start=\"1437\" data-end=\"1539\">\n<p class=\"\" data-start=\"1439\" data-end=\"1539\">Garanterar \u00f6ppning trots listtryck p\u00e5 upp till 0,4 kN (ca 40 kg) i b\u00e5de r\u00e4ttv\u00e4nd och omv\u00e4nd funktion<\/p>\n<\/li>\n<li class=\"\" data-start=\"1540\" data-end=\"1599\">\n<p class=\"\" data-start=\"1542\" data-end=\"1599\">Knacks\u00e4krad och v\u00e4ndbar f\u00f6r b\u00e5de h\u00f6ger- och v\u00e4nsterd\u00f6rrar<\/p>\n<\/li>\n<li class=\"\" data-start=\"1600\" data-end=\"1642\">\n<p class=\"\" data-start=\"1602\" data-end=\"1642\">Passar till enkelfall\u00e5s och dubbelfall\u00e5s<\/p>\n<\/li>\n<li class=\"\" data-start=\"1643\" data-end=\"1659\">\n<p class=\"\" data-start=\"1645\" data-end=\"1659\">Kabel ing\u00e5r ej<\/p>\n<\/li>\n<\/ul>\n<p class=\"\" data-start=\"1661\" data-end=\"1690\"><strong data-start=\"1661\" data-end=\"1690\">Tekniska specifikationer:<\/strong><\/p>\n<ul data-start=\"1691\" data-end=\"2278\">\n<li class=\"\" data-start=\"1691\" data-end=\"1798\">\n<p class=\"\" data-start=\"1693\" data-end=\"1798\">Sp\u00e4nningsmatning: 24 V DC (+15% -10%) 110 mAh \/ max 300 mA eller 12 V DC (+15% -10%) 220 mAh \/ max 600 mA<\/p>\n<\/li>\n<li class=\"\" data-start=\"1799\" data-end=\"1839\">\n<p class=\"\" data-start=\"1801\" data-end=\"1839\">Durability: Grade X enligt SS-EN 14846<\/p>\n<\/li>\n<li class=\"\" data-start=\"1840\" data-end=\"1879\">\n<p class=\"\" data-start=\"1842\" data-end=\"1879\">Corrosion: Grade M enligt SS-EN 14846<\/p>\n<\/li>\n<li class=\"\" data-start=\"1880\" data-end=\"1918\">\n<p class=\"\" data-start=\"1882\" data-end=\"1918\">Security: Grade 3 enligt SS-EN 14846<\/p>\n<\/li>\n<li class=\"\" data-start=\"1919\" data-end=\"1944\">\n<p class=\"\" data-start=\"1921\" data-end=\"1944\">Bryth\u00e5llfasthet: 500 kg<\/p>\n<\/li>\n<li class=\"\" data-start=\"1945\" data-end=\"1975\">\n<p class=\"\" data-start=\"1947\" data-end=\"1975\">D\u00f6rrh\u00e4ngning: H\u00f6ger, V\u00e4nster<\/p>\n<\/li>\n<li class=\"\" data-start=\"1976\" data-end=\"1994\">\n<p class=\"\" data-start=\"1978\" data-end=\"1994\">Listtryck: 40 kg<\/p>\n<\/li>\n<li class=\"\" data-start=\"1995\" data-end=\"2030\">\n<p class=\"\" data-start=\"1997\" data-end=\"2030\">L\u00e5styp: Enkelfall\u00e5s, Dubbelfall\u00e5s<\/p>\n<\/li>\n<li class=\"\" data-start=\"2031\" data-end=\"2086\">\n<p class=\"\" data-start=\"2033\" data-end=\"2086\">Produktm\u00e5tt: Bredd: 20,5 mm, Djup: 28 mm, H\u00f6jd: 99 mm<\/p>\n<\/li>\n<li class=\"\" data-start=\"2087\" data-end=\"2105\">\n<p class=\"\" data-start=\"2089\" data-end=\"2105\">Kolvkontakt: Nej<\/p>\n<\/li>\n<li class=\"\" data-start=\"2106\" data-end=\"2126\">\n<p class=\"\" data-start=\"2108\" data-end=\"2126\">Sp\u00e4nning AC\/DC: DC<\/p>\n<\/li>\n<li class=\"\" data-start=\"2127\" data-end=\"2149\">\n<p class=\"\" data-start=\"2129\" data-end=\"2149\">Sp\u00e4nning max: 13,8 V<\/p>\n<\/li>\n<li class=\"\" data-start=\"2150\" data-end=\"2172\">\n<p class=\"\" data-start=\"2152\" data-end=\"2172\">Sp\u00e4nning min: 10,8 V<\/p>\n<\/li>\n<li class=\"\" data-start=\"2173\" data-end=\"2201\">\n<p class=\"\" data-start=\"2175\" data-end=\"2201\">F\u00e4rg\/Ytbehandling: Rostfri<\/p>\n<\/li>\n<li class=\"\" data-start=\"2202\" data-end=\"2222\">\n<p class=\"\" data-start=\"2204\" data-end=\"2222\">Byggvarubed\u00f6md: Ja<\/p>\n<\/li>\n<li class=\"\" data-start=\"2223\" data-end=\"2244\">\n<p class=\"\" data-start=\"2225\" data-end=\"2244\">EPD-Verifierad: Nej<\/p>\n<\/li>\n<li class=\"\" data-start=\"2245\" data-end=\"2257\">\n<p class=\"\" data-start=\"2247\" data-end=\"2257\">FINFO: Nej<\/p>\n<\/li>\n<li class=\"\" data-start=\"2258\" data-end=\"2278\">\n<p class=\"\" data-start=\"2260\" data-end=\"2278\">SundaHusbed\u00f6md: Ja<\/p>\n<\/li>\n<\/ul>","protected":false},"excerpt":{"rendered":"<p>H\u00e4r kan se vilka stolpar och modeller som passar ihop fr\u00e5n STEP sortimentet av Elslutbleck.<\/p>\n<h5><strong><a href=\"https:\/\/steplock.com\/sv\/stolpguide\/#!?lang=sv&amp;blog_id=1&amp;paged=1&amp;number=50\" target=\"_blank\" rel=\"noopener\">STEP Stolpguide\u00a0<\/a><\/strong><\/h5>\n<h5><strong><a href=\"https:\/\/steplock.com\/sv\/projekteringsguide\/#!?lang=sv&amp;blog_id=1&amp;paged=1&amp;number=999\" target=\"_blank\" rel=\"noopener\">STEP projekteringsguide<\/a><\/strong><\/h5>","protected":false},"featured_media":81803,"template":"","meta":{"_acf_changed":false},"product_brand":[],"product_cat":[2313],"product_tag":[3422,3425],"class_list":{"0":"post-61280","1":"product","2":"type-product","3":"status-publish","4":"has-post-thumbnail","6":"product_cat-step-elslutbleck","7":"product_tag-12v","8":"product_tag-omvand","9":"product_shipping_class-tunga-paket","10":"pa_brands-step","11":"tm-no-options","13":"first","14":"onbackorder","15":"sale","16":"taxable","17":"shipping-taxable","18":"product-type-simple"},"acf":[],"_links":{"self":[{"href":"https:\/\/stonehouse.se\/en\/wp-json\/wp\/v2\/product\/61280","targetHints":{"allow":["GET"]}}],"collection":[{"href":"https:\/\/stonehouse.se\/en\/wp-json\/wp\/v2\/product"}],"about":[{"href":"https:\/\/stonehouse.se\/en\/wp-json\/wp\/v2\/types\/product"}],"wp:featuredmedia":[{"embeddable":true,"href":"https:\/\/stonehouse.se\/en\/wp-json\/wp\/v2\/media\/81803"}],"wp:attachment":[{"href":"https:\/\/stonehouse.se\/en\/wp-json\/wp\/v2\/media?parent=61280"}],"wp:term":[{"taxonomy":"product_brand","embeddable":true,"href":"https:\/\/stonehouse.se\/en\/wp-json\/wp\/v2\/product_brand?post=61280"},{"taxonomy":"product_cat","embeddable":true,"href":"https:\/\/stonehouse.se\/en\/wp-json\/wp\/v2\/product_cat?post=61280"},{"taxonomy":"product_tag","embeddable":true,"href":"https:\/\/stonehouse.se\/en\/wp-json\/wp\/v2\/product_tag?post=61280"}],"curies":[{"name":"wp","href":"https:\/\/api.w.org\/{rel}","templated":true}]}}