
{"id":61290,"date":"2023-09-26T13:08:21","date_gmt":"2023-09-26T11:08:21","guid":{"rendered":"https:\/\/stonehouse.se\/produkt\/elslutbleck-step-18-vanster-rattvand-24v-7mm-regel-connect\/"},"modified":"2026-04-08T16:17:55","modified_gmt":"2026-04-08T14:17:55","slug":"elslutbleck-step-18-vanster-rattvand-24v-7mm-regel-connect","status":"publish","type":"product","link":"https:\/\/stonehouse.se\/en\/product\/elslutbleck-step-18-vanster-rattvand-24v-7mm-regel-connect\/","title":{"rendered":"Elslutbleck STEP 18 V\u00e4nster R\u00e4ttv\u00e4nd 24V 7mm Regel Connect"},"content":{"rendered":"<h1>Elslutbleck STEP 18 V\u00e4nster R\u00e4ttv\u00e4nd 24V 7mm Regel Connect<\/h1>\n<p>STEP 18 Secure \u00e4r ett h\u00f6gs\u00e4kerhetselslutbleck f\u00f6r v\u00e4nsterh\u00e4ngda d\u00f6rrar med 7 mm Connect-regel. R\u00e4ttv\u00e4nd funktion, brandklass E\/EI60, kolvkontakt och 5 m kabel. Klarar 1500 kg bryth\u00e5llfasthet.Elslutbleck STEP 18 Secure fr\u00e5n STEPs Secure-serie erbjuder marknadens h\u00f6gsta s\u00e4kerhet i d\u00f6rrmilj\u00f6er med intensiva in- och utpasseringar.Denna variant \u00e4r anpassad f\u00f6r v\u00e4nsterh\u00e4ngda d\u00f6rrar med 7 mm kolv i Connect-serien och levererar enast\u00e5ende intr\u00e5ngss\u00e4kerhet i kombination med snabb och tillf\u00f6rlitlig funktion.<\/p>\n<p class=\"\" data-start=\"852\" data-end=\"1134\">Med r\u00e4ttv\u00e4nd funktion (l\u00e5st i str\u00f6ml\u00f6st l\u00e4ge) passar elslutblecket utm\u00e4rkt f\u00f6r s\u00e4kerhetsklassade d\u00f6rrar d\u00e4r passage endast till\u00e5ts under str\u00f6msatt drift.<\/p>\n<p class=\"\" data-start=\"852\" data-end=\"1134\">Produkten \u00e4r brandgodk\u00e4nd upp till E\/EI60 enligt SS-EN 14846 och godk\u00e4nd f\u00f6r l\u00e5sning av d\u00f6rrar i RC4-s\u00e4kerhetsklass.<\/p>\n<p class=\"\" data-start=\"1136\" data-end=\"1504\">STEP 18 \u00e4r utrustad med b\u00e5de kolvkontakt och sp\u00e4rrkontakt, vilket ger tydlig statusindikation (\u00f6ppen\/st\u00e4ngd, l\u00e5st\/ol\u00e5st) och m\u00f6jligg\u00f6r s\u00f6ml\u00f6s integration med passersystem och larml\u00f6sningar.<\/p>\n<p class=\"\" data-start=\"1136\" data-end=\"1504\">Den klarar listtryck upp till 5 kN (500 kg) och har en bryth\u00e5llfasthet p\u00e5 15 kN (1500 kg), vilket g\u00f6r den idealisk f\u00f6r milj\u00f6er d\u00e4r b\u00e5de robusthet och prestanda kr\u00e4vs.<\/p>\n<p class=\"\" data-start=\"1506\" data-end=\"1640\">Levereras komplett med 5 meter halogenfri kabel, inbyggd skyddsdiod, och \u00e4r knacks\u00e4krad f\u00f6r att motst\u00e5 yttre manipulation.<\/p>\n<p class=\"\" data-start=\"1642\" data-end=\"1668\"><strong data-start=\"1642\" data-end=\"1668\">Egenskaper &amp; F\u00f6rdelar:<\/strong><\/p>\n<ul data-start=\"1669\" data-end=\"1952\">\n<li class=\"\" data-start=\"1669\" data-end=\"1702\">\n<p class=\"\" data-start=\"1671\" data-end=\"1702\">F\u00f6r 7 mm regel i Connect-serien<\/p>\n<\/li>\n<li class=\"\" data-start=\"1703\" data-end=\"1747\">\n<p class=\"\" data-start=\"1705\" data-end=\"1747\">R\u00e4ttv\u00e4nd funktion \u2013 l\u00e5st vid str\u00f6mbortfall<\/p>\n<\/li>\n<li class=\"\" data-start=\"1748\" data-end=\"1767\">\n<p class=\"\" data-start=\"1750\" data-end=\"1767\">V\u00e4nsterh\u00e4ngd d\u00f6rr<\/p>\n<\/li>\n<li class=\"\" data-start=\"1768\" data-end=\"1807\">\n<p class=\"\" data-start=\"1770\" data-end=\"1807\">Brandklass E\/EI60 \u2013 testad 60 minuter<\/p>\n<\/li>\n<li class=\"\" data-start=\"1808\" data-end=\"1838\">\n<p class=\"\" data-start=\"1810\" data-end=\"1838\">Kolvkontakt och sp\u00e4rrkontakt<\/p>\n<\/li>\n<li class=\"\" data-start=\"1839\" data-end=\"1889\">\n<p class=\"\" data-start=\"1841\" data-end=\"1889\">Klarar 500 kg listtryck, 1500 kg bryth\u00e5llfasthet<\/p>\n<\/li>\n<li class=\"\" data-start=\"1890\" data-end=\"1919\">\n<p class=\"\" data-start=\"1892\" data-end=\"1919\">Skyddsdiod och knacks\u00e4kring<\/p>\n<\/li>\n<li class=\"\" data-start=\"1920\" data-end=\"1952\">\n<p class=\"\" data-start=\"1922\" data-end=\"1952\">5 meter halogenfri kabel ing\u00e5r<\/p>\n<\/li>\n<\/ul>\n<p class=\"\" data-start=\"1954\" data-end=\"2110\"><strong data-start=\"1954\" data-end=\"1977\">Areas of use:<\/strong><br data-start=\"1977\" data-end=\"1980\" \/>L\u00e4mplig f\u00f6r s\u00e4kerhetsd\u00f6rrar i myndigheter, f\u00e4ngelser, banker och andra d\u00f6rrmilj\u00f6er d\u00e4r h\u00f6g s\u00e4kerhet och daglig belastning \u00e4r norm.<\/p>\n<p class=\"\" data-start=\"2112\" data-end=\"2141\"><strong data-start=\"2112\" data-end=\"2141\">Tekniska Specifikationer:<\/strong><\/p>\n<ul data-start=\"2142\" data-end=\"2488\">\n<li class=\"\" data-start=\"2142\" data-end=\"2180\">\n<p class=\"\" data-start=\"2144\" data-end=\"2180\">Driftsp\u00e4nning: 24 V DC (21,6\u201327,6 V)<\/p>\n<\/li>\n<li class=\"\" data-start=\"2181\" data-end=\"2213\">\n<p class=\"\" data-start=\"2183\" data-end=\"2213\">Str\u00f6mf\u00f6rbrukning: 313 mA ol\u00e5st<\/p>\n<\/li>\n<li class=\"\" data-start=\"2214\" data-end=\"2237\">\n<p class=\"\" data-start=\"2216\" data-end=\"2237\">D\u00f6rrh\u00e4ngning: V\u00e4nster<\/p>\n<\/li>\n<li class=\"\" data-start=\"2238\" data-end=\"2259\">\n<p class=\"\" data-start=\"2240\" data-end=\"2259\">Kabell\u00e4ngd: 5 meter<\/p>\n<\/li>\n<li class=\"\" data-start=\"2260\" data-end=\"2286\">\n<p class=\"\" data-start=\"2262\" data-end=\"2286\">Bryth\u00e5llfasthet: 1500 kg<\/p>\n<\/li>\n<li class=\"\" data-start=\"2287\" data-end=\"2306\">\n<p class=\"\" data-start=\"2289\" data-end=\"2306\">Listtryck: 500 kg<\/p>\n<\/li>\n<li class=\"\" data-start=\"2307\" data-end=\"2339\">\n<p class=\"\" data-start=\"2309\" data-end=\"2339\">M\u00e5tt (BxDxH): 35 x 40 x 230 mm<\/p>\n<\/li>\n<li class=\"\" data-start=\"2340\" data-end=\"2371\">\n<p class=\"\" data-start=\"2342\" data-end=\"2371\">L\u00e5styp: Hakregell\u00e5s, Regell\u00e5s<\/p>\n<\/li>\n<li class=\"\" data-start=\"2372\" data-end=\"2419\">\n<p class=\"\" data-start=\"2374\" data-end=\"2419\">Kolvkontakt: Mikrobrytare, max. 30 V DC \/ 1 A<\/p>\n<\/li>\n<li class=\"\" data-start=\"2420\" data-end=\"2448\">\n<p class=\"\" data-start=\"2422\" data-end=\"2448\">F\u00e4rg\/Ytbehandling: Rostfri<\/p>\n<\/li>\n<li class=\"\" data-start=\"2449\" data-end=\"2488\">\n<p class=\"\" data-start=\"2451\" data-end=\"2488\">Bed\u00f6mningar: SundaHus, Byggvarubed\u00f6md<\/p>\n<\/li>\n<\/ul>","protected":false},"excerpt":{"rendered":"<p>H\u00e4r kan se vilka stolpar och modeller som passar ihop fr\u00e5n STEP sortimentet av Elslutbleck.<\/p>\n<h5><strong><a href=\"https:\/\/steplock.com\/sv\/stolpguide\/#!?lang=sv&amp;blog_id=1&amp;paged=1&amp;number=50\" target=\"_blank\" rel=\"noopener\">STEP Stolpguide\u00a0<\/a><\/strong><\/h5>\n<h5><strong><a href=\"https:\/\/steplock.com\/sv\/projekteringsguide\/#!?lang=sv&amp;blog_id=1&amp;paged=1&amp;number=999\" target=\"_blank\" rel=\"noopener\">STEP projekteringsguide<\/a><\/strong><\/h5>","protected":false},"featured_media":81792,"template":"","meta":{"_acf_changed":false},"product_brand":[],"product_cat":[2313],"product_tag":[3421,3424],"class_list":{"0":"post-61290","1":"product","2":"type-product","3":"status-publish","4":"has-post-thumbnail","6":"product_cat-step-elslutbleck","7":"product_tag-24v","8":"product_tag-rattvand","9":"product_shipping_class-tunga-paket","10":"pa_brands-step","11":"tm-no-options","13":"first","14":"onbackorder","15":"sale","16":"taxable","17":"shipping-taxable","18":"product-type-simple"},"acf":[],"_links":{"self":[{"href":"https:\/\/stonehouse.se\/en\/wp-json\/wp\/v2\/product\/61290","targetHints":{"allow":["GET"]}}],"collection":[{"href":"https:\/\/stonehouse.se\/en\/wp-json\/wp\/v2\/product"}],"about":[{"href":"https:\/\/stonehouse.se\/en\/wp-json\/wp\/v2\/types\/product"}],"wp:featuredmedia":[{"embeddable":true,"href":"https:\/\/stonehouse.se\/en\/wp-json\/wp\/v2\/media\/81792"}],"wp:attachment":[{"href":"https:\/\/stonehouse.se\/en\/wp-json\/wp\/v2\/media?parent=61290"}],"wp:term":[{"taxonomy":"product_brand","embeddable":true,"href":"https:\/\/stonehouse.se\/en\/wp-json\/wp\/v2\/product_brand?post=61290"},{"taxonomy":"product_cat","embeddable":true,"href":"https:\/\/stonehouse.se\/en\/wp-json\/wp\/v2\/product_cat?post=61290"},{"taxonomy":"product_tag","embeddable":true,"href":"https:\/\/stonehouse.se\/en\/wp-json\/wp\/v2\/product_tag?post=61290"}],"curies":[{"name":"wp","href":"https:\/\/api.w.org\/{rel}","templated":true}]}}