
{"id":61297,"date":"2023-09-26T13:06:46","date_gmt":"2023-09-26T11:06:46","guid":{"rendered":"https:\/\/stonehouse.se\/produkt\/elslutbleck-step-30-omstallbar-12v-kolvkontakt\/"},"modified":"2026-04-08T16:42:48","modified_gmt":"2026-04-08T14:42:48","slug":"elslutbleck-step-30-omstallbar-12v-kolvkontakt","status":"publish","type":"product","link":"https:\/\/stonehouse.se\/en\/product\/elslutbleck-step-30-omstallbar-12v-kolvkontakt\/","title":{"rendered":"Elslutbleck STEP 30 Omst\u00e4llbar 12V Kolvkontakt"},"content":{"rendered":"<h1>Elslutbleck STEP 30 Omst\u00e4llbar 12V Kolvkontakt<\/h1>\n<p>Elslutbleck STEP 30 Preload \u00e4r ett kompakt elslutbleck designat f\u00f6r att ers\u00e4tta \u00e4ldre modeller och s\u00e4kerst\u00e4lla en drifts\u00e4ker d\u00f6rrmilj\u00f6.Utrustat med omst\u00e4llbar funktion och bryth\u00e5llfasthet p\u00e5 500 kg.<\/p>\n<p class=\"\" data-start=\"388\" data-end=\"825\">Elslutbleck STEP 30 Preload erbjuder en h\u00f6gkvalitativ l\u00f6sning f\u00f6r att ers\u00e4tta befintliga enkla elslutbleck och s\u00e4kerst\u00e4lla en s\u00e4ker d\u00f6rrmilj\u00f6 \u00e4ven i \u00e4ldre d\u00f6rrpartier och urtag.<\/p>\n<p class=\"\" data-start=\"388\" data-end=\"825\">En del av STEPs Preload-serie, STEP 30 kombinerar minimala m\u00e5tt med h\u00f6g kvalitet och flexibilitet. Elslutblecket \u00e4r utrustat med STEPs patenterade listtrycksteknik, vilket g\u00f6r att d\u00f6rren alltid kan \u00f6ppnas \u00e4ven om den uts\u00e4tts f\u00f6r tryck.<\/p>\n<p class=\"\" data-start=\"827\" data-end=\"1262\">Den omst\u00e4llbara funktionen inneb\u00e4r att d\u00f6rren kan vara l\u00e5st eller ol\u00e5st i str\u00f6ml\u00f6st l\u00e4ge, vilket g\u00f6r det m\u00f6jligt att \u00f6ppna d\u00f6rren snabbt vid behov.<\/p>\n<p class=\"\" data-start=\"827\" data-end=\"1262\">Kolvkontakten ger en indikering f\u00f6r d\u00f6rrens status (st\u00e4ngd\/\u00f6ppen) och g\u00f6r det l\u00e4tt att integrera med passersystem och larmanl\u00e4ggningar.<\/p>\n<p class=\"\" data-start=\"827\" data-end=\"1262\">Med en bryth\u00e5llfasthet p\u00e5 5 kN (ca 500 kg) och f\u00f6rm\u00e5gan att \u00f6ppna trots listtryck p\u00e5 upp till 40 kg, ger STEP 30 Preload b\u00e5de s\u00e4kerhet och p\u00e5litlighet.<\/p>\n<p class=\"\" data-start=\"1264\" data-end=\"1279\"><strong data-start=\"1264\" data-end=\"1279\">Egenskaper:<\/strong><\/p>\n<ul data-start=\"1280\" data-end=\"1715\">\n<li class=\"\" data-start=\"1280\" data-end=\"1359\">\n<p class=\"\" data-start=\"1282\" data-end=\"1359\">Omst\u00e4llbar r\u00e4ttv\u00e4nd eller omv\u00e4nd funktion (l\u00e5st eller ol\u00e5st i str\u00f6ml\u00f6st l\u00e4ge)<\/p>\n<\/li>\n<li class=\"\" data-start=\"1360\" data-end=\"1415\">\n<p class=\"\" data-start=\"1362\" data-end=\"1415\">Kolvkontakt. Indikering f\u00f6r d\u00f6rrstatus (st\u00e4ngd\/\u00f6ppen)<\/p>\n<\/li>\n<li class=\"\" data-start=\"1416\" data-end=\"1454\">\n<p class=\"\" data-start=\"1418\" data-end=\"1454\">Skyddsdiod inbyggd f\u00f6r \u00f6kad s\u00e4kerhet<\/p>\n<\/li>\n<li class=\"\" data-start=\"1455\" data-end=\"1492\">\n<p class=\"\" data-start=\"1457\" data-end=\"1492\">Bryth\u00e5llfasthet p\u00e5 5 kN (ca 500 kg)<\/p>\n<\/li>\n<li class=\"\" data-start=\"1493\" data-end=\"1595\">\n<p class=\"\" data-start=\"1495\" data-end=\"1595\">Garanterar \u00f6ppning trots listtryck p\u00e5 upp till 0,4 kN (ca 40 kg) i b\u00e5de r\u00e4ttv\u00e4nd och omv\u00e4nd funktion<\/p>\n<\/li>\n<li class=\"\" data-start=\"1596\" data-end=\"1655\">\n<p class=\"\" data-start=\"1598\" data-end=\"1655\">Knacks\u00e4krad och v\u00e4ndbar f\u00f6r b\u00e5de h\u00f6ger- och v\u00e4nsterd\u00f6rrar<\/p>\n<\/li>\n<li class=\"\" data-start=\"1656\" data-end=\"1698\">\n<p class=\"\" data-start=\"1658\" data-end=\"1698\">Passar till enkelfall\u00e5s och dubbelfall\u00e5s<\/p>\n<\/li>\n<li class=\"\" data-start=\"1699\" data-end=\"1715\">\n<p class=\"\" data-start=\"1701\" data-end=\"1715\">Kabel ing\u00e5r ej<\/p>\n<\/li>\n<\/ul>\n<p class=\"\" data-start=\"1717\" data-end=\"1746\"><strong data-start=\"1717\" data-end=\"1746\">Tekniska specifikationer:<\/strong><\/p>\n<ul data-start=\"1747\" data-end=\"2397\">\n<li class=\"\" data-start=\"1747\" data-end=\"1854\">\n<p class=\"\" data-start=\"1749\" data-end=\"1854\">Sp\u00e4nningsmatning: 24 V DC (+15% -10%) 110 mAh \/ max 300 mA eller 12 V DC (+15% -10%) 220 mAh \/ max 600 mA<\/p>\n<\/li>\n<li class=\"\" data-start=\"1855\" data-end=\"1918\">\n<p class=\"\" data-start=\"1857\" data-end=\"1918\">Kolvkontakt: Mikrobrytare enpoligt v\u00e4xlande, max. 30 V DC, 1A<\/p>\n<\/li>\n<li class=\"\" data-start=\"1919\" data-end=\"1959\">\n<p class=\"\" data-start=\"1921\" data-end=\"1959\">Durability: Grade X enligt SS-EN 14846<\/p>\n<\/li>\n<li class=\"\" data-start=\"1960\" data-end=\"1999\">\n<p class=\"\" data-start=\"1962\" data-end=\"1999\">Corrosion: Grade M enligt SS-EN 14846<\/p>\n<\/li>\n<li class=\"\" data-start=\"2000\" data-end=\"2038\">\n<p class=\"\" data-start=\"2002\" data-end=\"2038\">Security: Grade 3 enligt SS-EN 14846<\/p>\n<\/li>\n<li class=\"\" data-start=\"2039\" data-end=\"2064\">\n<p class=\"\" data-start=\"2041\" data-end=\"2064\">Bryth\u00e5llfasthet: 500 kg<\/p>\n<\/li>\n<li class=\"\" data-start=\"2065\" data-end=\"2095\">\n<p class=\"\" data-start=\"2067\" data-end=\"2095\">D\u00f6rrh\u00e4ngning: H\u00f6ger, V\u00e4nster<\/p>\n<\/li>\n<li class=\"\" data-start=\"2096\" data-end=\"2114\">\n<p class=\"\" data-start=\"2098\" data-end=\"2114\">Listtryck: 40 kg<\/p>\n<\/li>\n<li class=\"\" data-start=\"2115\" data-end=\"2150\">\n<p class=\"\" data-start=\"2117\" data-end=\"2150\">L\u00e5styp: Enkelfall\u00e5s, Dubbelfall\u00e5s<\/p>\n<\/li>\n<li class=\"\" data-start=\"2151\" data-end=\"2206\">\n<p class=\"\" data-start=\"2153\" data-end=\"2206\">Produktm\u00e5tt: Bredd: 20,5 mm, Djup: 28 mm, H\u00f6jd: 99 mm<\/p>\n<\/li>\n<li class=\"\" data-start=\"2207\" data-end=\"2224\">\n<p class=\"\" data-start=\"2209\" data-end=\"2224\">Kolvkontakt: Ja<\/p>\n<\/li>\n<li class=\"\" data-start=\"2225\" data-end=\"2245\">\n<p class=\"\" data-start=\"2227\" data-end=\"2245\">Sp\u00e4nning AC\/DC: DC<\/p>\n<\/li>\n<li class=\"\" data-start=\"2246\" data-end=\"2268\">\n<p class=\"\" data-start=\"2248\" data-end=\"2268\">Sp\u00e4nning max: 13,8 V<\/p>\n<\/li>\n<li class=\"\" data-start=\"2269\" data-end=\"2291\">\n<p class=\"\" data-start=\"2271\" data-end=\"2291\">Sp\u00e4nning min: 10,8 V<\/p>\n<\/li>\n<li class=\"\" data-start=\"2292\" data-end=\"2320\">\n<p class=\"\" data-start=\"2294\" data-end=\"2320\">F\u00e4rg\/Ytbehandling: Rostfri<\/p>\n<\/li>\n<li class=\"\" data-start=\"2321\" data-end=\"2341\">\n<p class=\"\" data-start=\"2323\" data-end=\"2341\">Byggvarubed\u00f6md: Ja<\/p>\n<\/li>\n<li class=\"\" data-start=\"2342\" data-end=\"2363\">\n<p class=\"\" data-start=\"2344\" data-end=\"2363\">EPD-Verifierad: Nej<\/p>\n<\/li>\n<li class=\"\" data-start=\"2364\" data-end=\"2376\">\n<p class=\"\" data-start=\"2366\" data-end=\"2376\">FINFO: Nej<\/p>\n<\/li>\n<li class=\"\" data-start=\"2377\" data-end=\"2397\">\n<p class=\"\" data-start=\"2379\" data-end=\"2397\">SundaHusbed\u00f6md: Ja<\/p>\n<\/li>\n<\/ul>","protected":false},"excerpt":{"rendered":"<p>H\u00e4r kan se vilka stolpar och modeller som passar ihop fr\u00e5n STEP sortimentet av Elslutbleck.<\/p>\n<h5><strong><a href=\"https:\/\/steplock.com\/sv\/stolpguide\/#!?lang=sv&amp;blog_id=1&amp;paged=1&amp;number=50\" target=\"_blank\" rel=\"noopener\">STEP Stolpguide\u00a0<\/a><\/strong><\/h5>\n<h5><strong><a href=\"https:\/\/steplock.com\/sv\/projekteringsguide\/#!?lang=sv&amp;blog_id=1&amp;paged=1&amp;number=999\" target=\"_blank\" rel=\"noopener\">STEP projekteringsguide<\/a><\/strong><\/h5>","protected":false},"featured_media":81974,"template":"","meta":{"_acf_changed":false},"product_brand":[],"product_cat":[2313],"product_tag":[3422,3426],"class_list":{"0":"post-61297","1":"product","2":"type-product","3":"status-publish","4":"has-post-thumbnail","6":"product_cat-step-elslutbleck","7":"product_tag-12v","8":"product_tag-omstallbar-rattvand-omvand","9":"product_shipping_class-tunga-paket","10":"pa_brands-step","11":"tm-no-options","13":"first","14":"onbackorder","15":"sale","16":"taxable","17":"shipping-taxable","18":"product-type-simple"},"acf":[],"_links":{"self":[{"href":"https:\/\/stonehouse.se\/en\/wp-json\/wp\/v2\/product\/61297","targetHints":{"allow":["GET"]}}],"collection":[{"href":"https:\/\/stonehouse.se\/en\/wp-json\/wp\/v2\/product"}],"about":[{"href":"https:\/\/stonehouse.se\/en\/wp-json\/wp\/v2\/types\/product"}],"wp:featuredmedia":[{"embeddable":true,"href":"https:\/\/stonehouse.se\/en\/wp-json\/wp\/v2\/media\/81974"}],"wp:attachment":[{"href":"https:\/\/stonehouse.se\/en\/wp-json\/wp\/v2\/media?parent=61297"}],"wp:term":[{"taxonomy":"product_brand","embeddable":true,"href":"https:\/\/stonehouse.se\/en\/wp-json\/wp\/v2\/product_brand?post=61297"},{"taxonomy":"product_cat","embeddable":true,"href":"https:\/\/stonehouse.se\/en\/wp-json\/wp\/v2\/product_cat?post=61297"},{"taxonomy":"product_tag","embeddable":true,"href":"https:\/\/stonehouse.se\/en\/wp-json\/wp\/v2\/product_tag?post=61297"}],"curies":[{"name":"wp","href":"https:\/\/api.w.org\/{rel}","templated":true}]}}