
{"id":61299,"date":"2023-09-26T13:08:27","date_gmt":"2023-09-26T11:08:27","guid":{"rendered":"https:\/\/stonehouse.se\/produkt\/elslutbleck-step-60-omvand-12v-kolvkontakt-5m-kabel\/"},"modified":"2026-04-08T16:16:17","modified_gmt":"2026-04-08T14:16:17","slug":"elslutbleck-step-60-omvand-12v-kolvkontakt-5m-kabel","status":"publish","type":"product","link":"https:\/\/stonehouse.se\/en\/product\/elslutbleck-step-60-omvand-12v-kolvkontakt-5m-kabel\/","title":{"rendered":"Elslutbleck STEP 60 Omv\u00e4nd 12V Kolvkontakt 5m Kabel"},"content":{"rendered":"<h1>Elslutbleck STEP 60 Omv\u00e4nd 12V Kolvkontakt 5m Kabel<\/h1>\n<p>STEP 60 Silent \u00e4r ett tystg\u00e5ende och robust elslutbleck med omv\u00e4nd funktion, kolvkontakt och 5 m kabel. Passar d\u00f6rrar med h\u00f6g anv\u00e4ndningsfrekvens d\u00e4r l\u00e5g ljudniv\u00e5 och h\u00f6g s\u00e4kerhet kr\u00e4vs. 12V drift och brandklass E\/EI120.Elslutbleck STEP 60 Silent fr\u00e5n STEPs v\u00e4lk\u00e4nda Silent-serie erbjuder en unik kombination av n\u00e4stintill ljudl\u00f6s g\u00e5ng och kraftig konstruktion.Det g\u00f6r detta elslutbleck s\u00e4rskilt l\u00e4mpat f\u00f6r milj\u00f6er med h\u00f6ga krav p\u00e5 b\u00e5de komfort och s\u00e4kerhet, som exempelvis sjukhus, skolor, kontor och flerbostadsentr\u00e9er.<\/p>\n<p class=\"\" data-start=\"866\" data-end=\"1249\">Med omv\u00e4nd funktion \u2013 ol\u00e5st vid str\u00f6mbortfall \u2013 \u00e4r STEP 60 idealiskt f\u00f6r utrymningsv\u00e4gar och passaged\u00f6rrar d\u00e4r tillg\u00e4nglighet alltid m\u00e5ste s\u00e4kerst\u00e4llas.<\/p>\n<p class=\"\" data-start=\"866\" data-end=\"1249\">Elslutblecket \u00e4r brandklassat upp till E\/EI120 enligt SS-EN 14846:2008 och testat f\u00f6r att klara listtryck upp till 100 kg. Med en bryth\u00e5llfasthet p\u00e5 16 kN (1600 kg) uppfyller det h\u00f6gt st\u00e4llda krav p\u00e5 intr\u00e5ngsskydd.<\/p>\n<p class=\"\" data-start=\"1251\" data-end=\"1569\">Den inbyggda kolvkontakten ger indikering om d\u00f6rrens status (\u00f6ppen\/st\u00e4ngd), och tillsammans med sp\u00e4rrkontakt kan elslutblecket kopplas till larm- eller passersystem.<\/p>\n<p class=\"\" data-start=\"1251\" data-end=\"1569\">Det \u00e4r dessutom knacks\u00e4krat, har inbyggd skyddsdiod, och levereras med 5 meter halogenfri kabel f\u00f6r enkel och flexibel installation.<\/p>\n<p class=\"\" data-start=\"1571\" data-end=\"1597\"><strong data-start=\"1571\" data-end=\"1597\">Egenskaper &amp; F\u00f6rdelar:<\/strong><\/p>\n<ul data-start=\"1598\" data-end=\"1952\">\n<li class=\"\" data-start=\"1598\" data-end=\"1640\">\n<p class=\"\" data-start=\"1600\" data-end=\"1640\">Omv\u00e4nd funktion \u2013 ol\u00e5st i str\u00f6ml\u00f6st l\u00e4ge<\/p>\n<\/li>\n<li class=\"\" data-start=\"1641\" data-end=\"1689\">\n<p class=\"\" data-start=\"1643\" data-end=\"1689\">Silent-teknik \u2013 extremt tyst \u00f6ppning\/st\u00e4ngning<\/p>\n<\/li>\n<li class=\"\" data-start=\"1690\" data-end=\"1712\">\n<p class=\"\" data-start=\"1692\" data-end=\"1712\">Brandklassad E\/EI120<\/p>\n<\/li>\n<li class=\"\" data-start=\"1713\" data-end=\"1743\">\n<p class=\"\" data-start=\"1715\" data-end=\"1743\">Kolvkontakt och sp\u00e4rrkontakt<\/p>\n<\/li>\n<li class=\"\" data-start=\"1744\" data-end=\"1777\">\n<p class=\"\" data-start=\"1746\" data-end=\"1777\">Bryth\u00e5llfasthet 16 kN (1600 kg)<\/p>\n<\/li>\n<li class=\"\" data-start=\"1778\" data-end=\"1812\">\n<p class=\"\" data-start=\"1780\" data-end=\"1812\">Klarar listtryck upp till 100 kg<\/p>\n<\/li>\n<li class=\"\" data-start=\"1813\" data-end=\"1836\">\n<p class=\"\" data-start=\"1815\" data-end=\"1836\">Driftsp\u00e4nning: 12V DC<\/p>\n<\/li>\n<li class=\"\" data-start=\"1837\" data-end=\"1865\">\n<p class=\"\" data-start=\"1839\" data-end=\"1865\">Knacks\u00e4krad med skyddsdiod<\/p>\n<\/li>\n<li class=\"\" data-start=\"1866\" data-end=\"1906\">\n<p class=\"\" data-start=\"1868\" data-end=\"1906\">Levereras med 5 meter halogenfri kabel<\/p>\n<\/li>\n<li class=\"\" data-start=\"1907\" data-end=\"1952\">\n<p class=\"\" data-start=\"1909\" data-end=\"1952\">Passar b\u00e5de h\u00f6ger- och v\u00e4nsterh\u00e4ngda d\u00f6rrar<\/p>\n<\/li>\n<\/ul>\n<p class=\"\" data-start=\"1954\" data-end=\"2140\"><strong data-start=\"1954\" data-end=\"1977\">Areas of use:<\/strong><br data-start=\"1977\" data-end=\"1980\" \/>Passar perfekt f\u00f6r inomhusmilj\u00f6er d\u00e4r l\u00e5g ljudniv\u00e5, tillf\u00f6rlitlighet och s\u00e4kerhet \u00e4r viktigt \u2013 t.ex. entr\u00e9er, offentliga byggnader, v\u00e5rdinr\u00e4ttningar och kontor.<\/p>\n<p class=\"\" data-start=\"2142\" data-end=\"2171\"><strong data-start=\"2142\" data-end=\"2171\">Tekniska Specifikationer:<\/strong><\/p>\n<ul data-start=\"2172\" data-end=\"2550\">\n<li class=\"\" data-start=\"2172\" data-end=\"2210\">\n<p class=\"\" data-start=\"2174\" data-end=\"2210\">Driftsp\u00e4nning: 12 V DC (10,8\u201313,8 V)<\/p>\n<\/li>\n<li class=\"\" data-start=\"2211\" data-end=\"2255\">\n<p class=\"\" data-start=\"2213\" data-end=\"2255\">Str\u00f6mf\u00f6rbrukning: 242 mA ol\u00e5st, max 500 mA<\/p>\n<\/li>\n<li class=\"\" data-start=\"2256\" data-end=\"2295\">\n<p class=\"\" data-start=\"2258\" data-end=\"2295\">D\u00f6rrh\u00e4ngning: H\u00f6ger\/V\u00e4nster (v\u00e4ndbar)<\/p>\n<\/li>\n<li class=\"\" data-start=\"2296\" data-end=\"2317\">\n<p class=\"\" data-start=\"2298\" data-end=\"2317\">Kabell\u00e4ngd: 5 meter<\/p>\n<\/li>\n<li class=\"\" data-start=\"2318\" data-end=\"2344\">\n<p class=\"\" data-start=\"2320\" data-end=\"2344\">Bryth\u00e5llfasthet: 1600 kg<\/p>\n<\/li>\n<li class=\"\" data-start=\"2345\" data-end=\"2364\">\n<p class=\"\" data-start=\"2347\" data-end=\"2364\">Listtryck: 100 kg<\/p>\n<\/li>\n<li class=\"\" data-start=\"2365\" data-end=\"2399\">\n<p class=\"\" data-start=\"2367\" data-end=\"2399\">M\u00e5tt (BxDxH): 28 x 34 x 149,5 mm<\/p>\n<\/li>\n<li class=\"\" data-start=\"2400\" data-end=\"2433\">\n<p class=\"\" data-start=\"2402\" data-end=\"2433\">L\u00e5styp: Enkel- och dubbelfall\u00e5s<\/p>\n<\/li>\n<li class=\"\" data-start=\"2434\" data-end=\"2481\">\n<p class=\"\" data-start=\"2436\" data-end=\"2481\">Kolvkontakt: Mikrobrytare, max. 30 V DC \/ 1 A<\/p>\n<\/li>\n<li class=\"\" data-start=\"2482\" data-end=\"2510\">\n<p class=\"\" data-start=\"2484\" data-end=\"2510\">F\u00e4rg\/Ytbehandling: Rostfri<\/p>\n<\/li>\n<li class=\"\" data-start=\"2511\" data-end=\"2550\">\n<p class=\"\" data-start=\"2513\" data-end=\"2550\">Bed\u00f6mningar: SundaHus, Byggvarubed\u00f6md<\/p>\n<\/li>\n<\/ul>","protected":false},"excerpt":{"rendered":"<p>H\u00e4r kan se vilka stolpar och modeller som passar ihop fr\u00e5n STEP sortimentet av Elslutbleck.<\/p>\n<h5><strong><a href=\"https:\/\/steplock.com\/sv\/stolpguide\/#!?lang=sv&amp;blog_id=1&amp;paged=1&amp;number=50\" target=\"_blank\" rel=\"noopener\">STEP Stolpguide\u00a0<\/a><\/strong><\/h5>\n<h5><strong><a href=\"https:\/\/steplock.com\/sv\/projekteringsguide\/#!?lang=sv&amp;blog_id=1&amp;paged=1&amp;number=999\" target=\"_blank\" rel=\"noopener\">STEP projekteringsguide<\/a><\/strong><\/h5>","protected":false},"featured_media":81897,"template":"","meta":{"_acf_changed":false},"product_brand":[],"product_cat":[2313],"product_tag":[3422,3425],"class_list":{"0":"post-61299","1":"product","2":"type-product","3":"status-publish","4":"has-post-thumbnail","6":"product_cat-step-elslutbleck","7":"product_tag-12v","8":"product_tag-omvand","9":"product_shipping_class-tunga-paket","10":"pa_brands-step","11":"tm-no-options","13":"first","14":"onbackorder","15":"sale","16":"taxable","17":"shipping-taxable","18":"product-type-simple"},"acf":[],"_links":{"self":[{"href":"https:\/\/stonehouse.se\/en\/wp-json\/wp\/v2\/product\/61299","targetHints":{"allow":["GET"]}}],"collection":[{"href":"https:\/\/stonehouse.se\/en\/wp-json\/wp\/v2\/product"}],"about":[{"href":"https:\/\/stonehouse.se\/en\/wp-json\/wp\/v2\/types\/product"}],"wp:featuredmedia":[{"embeddable":true,"href":"https:\/\/stonehouse.se\/en\/wp-json\/wp\/v2\/media\/81897"}],"wp:attachment":[{"href":"https:\/\/stonehouse.se\/en\/wp-json\/wp\/v2\/media?parent=61299"}],"wp:term":[{"taxonomy":"product_brand","embeddable":true,"href":"https:\/\/stonehouse.se\/en\/wp-json\/wp\/v2\/product_brand?post=61299"},{"taxonomy":"product_cat","embeddable":true,"href":"https:\/\/stonehouse.se\/en\/wp-json\/wp\/v2\/product_cat?post=61299"},{"taxonomy":"product_tag","embeddable":true,"href":"https:\/\/stonehouse.se\/en\/wp-json\/wp\/v2\/product_tag?post=61299"}],"curies":[{"name":"wp","href":"https:\/\/api.w.org\/{rel}","templated":true}]}}