
{"id":61300,"date":"2023-09-26T13:06:48","date_gmt":"2023-09-26T11:06:48","guid":{"rendered":"https:\/\/stonehouse.se\/produkt\/elslutbleck-step-30-rattvand-12v\/"},"modified":"2026-04-08T16:31:49","modified_gmt":"2026-04-08T14:31:49","slug":"elslutbleck-step-30-rattvand-12v","status":"publish","type":"product","link":"https:\/\/stonehouse.se\/en\/product\/elslutbleck-step-30-rattvand-12v\/","title":{"rendered":"Elslutbleck STEP 30 R\u00e4ttv\u00e4nd 12V"},"content":{"rendered":"<h1>Elslutbleck STEP 30 R\u00e4ttv\u00e4nd 12V<\/h1>\n<p>Elslutbleck STEP 30 Preload \u00e4r ett kompakt elslutbleck designat f\u00f6r att ers\u00e4tta \u00e4ldre modeller och skapa en drifts\u00e4ker d\u00f6rrmilj\u00f6, \u00e4ven i \u00e4ldre d\u00f6rrpartier.Utrustat med HPR\u00ae-teknik och bryth\u00e5llfasthet p\u00e5 500 kg.<\/p>\n<p class=\"\" data-start=\"372\" data-end=\"812\">Elslutbleck STEP 30 Preload erbjuder en p\u00e5litlig l\u00f6sning f\u00f6r att ers\u00e4tta befintliga enkla elslutbleck och s\u00e4kerst\u00e4lla en s\u00e4ker d\u00f6rrmilj\u00f6, \u00e4ven i \u00e4ldre d\u00f6rrpartier och urtag.<\/p>\n<p class=\"\" data-start=\"372\" data-end=\"812\">Detta elslutbleck \u00e4r en del av STEPs Preload-serie, som kombinerar minimala m\u00e5tt med h\u00f6g kvalitet och flexibilitet.<\/p>\n<p class=\"\" data-start=\"372\" data-end=\"812\">Utrustat med STEPs patenterade listtrycksteknik, s\u00e4kerst\u00e4ller det att d\u00f6rren alltid kan \u00f6ppnas, \u00e4ven om den uts\u00e4tts f\u00f6r tryck.<\/p>\n<p class=\"\" data-start=\"814\" data-end=\"1314\">Den r\u00e4ttv\u00e4nda funktionen inneb\u00e4r att d\u00f6rren \u00e4r ol\u00e5st i str\u00f6ml\u00f6st l\u00e4ge, vilket g\u00f6r det m\u00f6jligt att \u00f6ppna d\u00f6rren snabbt vid behov.<\/p>\n<p class=\"\" data-start=\"814\" data-end=\"1314\">Utan kolvkontakt, \u00e4r detta elslutbleck idealiskt f\u00f6r installationer d\u00e4r kolvkontakt inte beh\u00f6vs.<\/p>\n<p class=\"\" data-start=\"814\" data-end=\"1314\">Den inbyggda skyddsdioden \u00f6kar s\u00e4kerheten och g\u00f6r det till en p\u00e5litlig l\u00f6sning f\u00f6r b\u00e5de nya och \u00e4ldre d\u00f6rrsystem.<\/p>\n<p class=\"\" data-start=\"814\" data-end=\"1314\">Med en bryth\u00e5llfasthet p\u00e5 5 kN (ca 500 kg) och f\u00f6rm\u00e5ga att \u00f6ppna trots listtryck p\u00e5 upp till 40 kg, erbjuder STEP 30 Preload b\u00e5de s\u00e4kerhet och tillf\u00f6rlitlighet.<\/p>\n<p class=\"\" data-start=\"1316\" data-end=\"1331\"><strong data-start=\"1316\" data-end=\"1331\">Egenskaper:<\/strong><\/p>\n<ul data-start=\"1332\" data-end=\"1696\">\n<li class=\"\" data-start=\"1332\" data-end=\"1376\">\n<p class=\"\" data-start=\"1334\" data-end=\"1376\">R\u00e4ttv\u00e4nd funktion (ol\u00e5st i str\u00f6ml\u00f6st l\u00e4ge)<\/p>\n<\/li>\n<li class=\"\" data-start=\"1377\" data-end=\"1396\">\n<p class=\"\" data-start=\"1379\" data-end=\"1396\">Ingen kolvkontakt<\/p>\n<\/li>\n<li class=\"\" data-start=\"1397\" data-end=\"1435\">\n<p class=\"\" data-start=\"1399\" data-end=\"1435\">Skyddsdiod inbyggd f\u00f6r \u00f6kad s\u00e4kerhet<\/p>\n<\/li>\n<li class=\"\" data-start=\"1436\" data-end=\"1473\">\n<p class=\"\" data-start=\"1438\" data-end=\"1473\">Bryth\u00e5llfasthet p\u00e5 5 kN (ca 500 kg)<\/p>\n<\/li>\n<li class=\"\" data-start=\"1474\" data-end=\"1576\">\n<p class=\"\" data-start=\"1476\" data-end=\"1576\">Garanterar \u00f6ppning trots listtryck p\u00e5 upp till 0,4 kN (ca 40 kg) i b\u00e5de r\u00e4ttv\u00e4nd och omv\u00e4nd funktion<\/p>\n<\/li>\n<li class=\"\" data-start=\"1577\" data-end=\"1636\">\n<p class=\"\" data-start=\"1579\" data-end=\"1636\">Knacks\u00e4krad och v\u00e4ndbar f\u00f6r b\u00e5de h\u00f6ger- och v\u00e4nsterd\u00f6rrar<\/p>\n<\/li>\n<li class=\"\" data-start=\"1637\" data-end=\"1679\">\n<p class=\"\" data-start=\"1639\" data-end=\"1679\">Passar till enkelfall\u00e5s och dubbelfall\u00e5s<\/p>\n<\/li>\n<li class=\"\" data-start=\"1680\" data-end=\"1696\">\n<p class=\"\" data-start=\"1682\" data-end=\"1696\">Kabel ing\u00e5r ej<\/p>\n<\/li>\n<\/ul>\n<p class=\"\" data-start=\"1698\" data-end=\"1727\"><strong data-start=\"1698\" data-end=\"1727\">Tekniska specifikationer:<\/strong><\/p>\n<ul data-start=\"1728\" data-end=\"2315\">\n<li class=\"\" data-start=\"1728\" data-end=\"1835\">\n<p class=\"\" data-start=\"1730\" data-end=\"1835\">Sp\u00e4nningsmatning: 24 V DC (+15% -10%) 110 mAh \/ max 300 mA eller 12 V DC (+15% -10%) 220 mAh \/ max 600 mA<\/p>\n<\/li>\n<li class=\"\" data-start=\"1836\" data-end=\"1876\">\n<p class=\"\" data-start=\"1838\" data-end=\"1876\">Durability: Grade X enligt SS-EN 14846<\/p>\n<\/li>\n<li class=\"\" data-start=\"1877\" data-end=\"1916\">\n<p class=\"\" data-start=\"1879\" data-end=\"1916\">Corrosion: Grade M enligt SS-EN 14846<\/p>\n<\/li>\n<li class=\"\" data-start=\"1917\" data-end=\"1955\">\n<p class=\"\" data-start=\"1919\" data-end=\"1955\">Security: Grade 3 enligt SS-EN 14846<\/p>\n<\/li>\n<li class=\"\" data-start=\"1956\" data-end=\"1981\">\n<p class=\"\" data-start=\"1958\" data-end=\"1981\">Bryth\u00e5llfasthet: 500 kg<\/p>\n<\/li>\n<li class=\"\" data-start=\"1982\" data-end=\"2012\">\n<p class=\"\" data-start=\"1984\" data-end=\"2012\">D\u00f6rrh\u00e4ngning: H\u00f6ger, V\u00e4nster<\/p>\n<\/li>\n<li class=\"\" data-start=\"2013\" data-end=\"2031\">\n<p class=\"\" data-start=\"2015\" data-end=\"2031\">Listtryck: 40 kg<\/p>\n<\/li>\n<li class=\"\" data-start=\"2032\" data-end=\"2067\">\n<p class=\"\" data-start=\"2034\" data-end=\"2067\">L\u00e5styp: Enkelfall\u00e5s, Dubbelfall\u00e5s<\/p>\n<\/li>\n<li class=\"\" data-start=\"2068\" data-end=\"2123\">\n<p class=\"\" data-start=\"2070\" data-end=\"2123\">Produktm\u00e5tt: Bredd: 20,5 mm, Djup: 28 mm, H\u00f6jd: 99 mm<\/p>\n<\/li>\n<li class=\"\" data-start=\"2124\" data-end=\"2142\">\n<p class=\"\" data-start=\"2126\" data-end=\"2142\">Kolvkontakt: Nej<\/p>\n<\/li>\n<li class=\"\" data-start=\"2143\" data-end=\"2163\">\n<p class=\"\" data-start=\"2145\" data-end=\"2163\">Sp\u00e4nning AC\/DC: DC<\/p>\n<\/li>\n<li class=\"\" data-start=\"2164\" data-end=\"2186\">\n<p class=\"\" data-start=\"2166\" data-end=\"2186\">Sp\u00e4nning max: 13,8 V<\/p>\n<\/li>\n<li class=\"\" data-start=\"2187\" data-end=\"2209\">\n<p class=\"\" data-start=\"2189\" data-end=\"2209\">Sp\u00e4nning min: 10,8 V<\/p>\n<\/li>\n<li class=\"\" data-start=\"2210\" data-end=\"2238\">\n<p class=\"\" data-start=\"2212\" data-end=\"2238\">F\u00e4rg\/Ytbehandling: Rostfri<\/p>\n<\/li>\n<li class=\"\" data-start=\"2239\" data-end=\"2259\">\n<p class=\"\" data-start=\"2241\" data-end=\"2259\">Byggvarubed\u00f6md: Ja<\/p>\n<\/li>\n<li class=\"\" data-start=\"2260\" data-end=\"2281\">\n<p class=\"\" data-start=\"2262\" data-end=\"2281\">EPD-Verifierad: Nej<\/p>\n<\/li>\n<li class=\"\" data-start=\"2282\" data-end=\"2294\">\n<p class=\"\" data-start=\"2284\" data-end=\"2294\">FINFO: Nej<\/p>\n<\/li>\n<li class=\"\" data-start=\"2295\" data-end=\"2315\">\n<p class=\"\" data-start=\"2297\" data-end=\"2315\">SundaHusbed\u00f6md: Ja<\/p>\n<\/li>\n<\/ul>","protected":false},"excerpt":{"rendered":"<p>H\u00e4r kan se vilka stolpar och modeller som passar ihop fr\u00e5n STEP sortimentet av Elslutbleck.<\/p>\n<h5><strong><a href=\"https:\/\/steplock.com\/sv\/stolpguide\/#!?lang=sv&amp;blog_id=1&amp;paged=1&amp;number=50\" target=\"_blank\" rel=\"noopener\">STEP Stolpguide\u00a0<\/a><\/strong><\/h5>\n<h5><strong><a href=\"https:\/\/steplock.com\/sv\/projekteringsguide\/#!?lang=sv&amp;blog_id=1&amp;paged=1&amp;number=999\" target=\"_blank\" rel=\"noopener\">STEP projekteringsguide<\/a><\/strong><\/h5>","protected":false},"featured_media":81881,"template":"","meta":{"_acf_changed":false},"product_brand":[],"product_cat":[2313],"product_tag":[3422,3424],"class_list":{"0":"post-61300","1":"product","2":"type-product","3":"status-publish","4":"has-post-thumbnail","6":"product_cat-step-elslutbleck","7":"product_tag-12v","8":"product_tag-rattvand","9":"product_shipping_class-tunga-paket","10":"pa_brands-step","11":"tm-no-options","13":"first","14":"onbackorder","15":"sale","16":"taxable","17":"shipping-taxable","18":"product-type-simple"},"acf":[],"_links":{"self":[{"href":"https:\/\/stonehouse.se\/en\/wp-json\/wp\/v2\/product\/61300","targetHints":{"allow":["GET"]}}],"collection":[{"href":"https:\/\/stonehouse.se\/en\/wp-json\/wp\/v2\/product"}],"about":[{"href":"https:\/\/stonehouse.se\/en\/wp-json\/wp\/v2\/types\/product"}],"wp:featuredmedia":[{"embeddable":true,"href":"https:\/\/stonehouse.se\/en\/wp-json\/wp\/v2\/media\/81881"}],"wp:attachment":[{"href":"https:\/\/stonehouse.se\/en\/wp-json\/wp\/v2\/media?parent=61300"}],"wp:term":[{"taxonomy":"product_brand","embeddable":true,"href":"https:\/\/stonehouse.se\/en\/wp-json\/wp\/v2\/product_brand?post=61300"},{"taxonomy":"product_cat","embeddable":true,"href":"https:\/\/stonehouse.se\/en\/wp-json\/wp\/v2\/product_cat?post=61300"},{"taxonomy":"product_tag","embeddable":true,"href":"https:\/\/stonehouse.se\/en\/wp-json\/wp\/v2\/product_tag?post=61300"}],"curies":[{"name":"wp","href":"https:\/\/api.w.org\/{rel}","templated":true}]}}