
{"id":61309,"date":"2023-09-26T13:06:51","date_gmt":"2023-09-26T11:06:51","guid":{"rendered":"https:\/\/stonehouse.se\/produkt\/elslutbleck-step-30-omvand-12v-kolvkontakt\/"},"modified":"2026-04-08T16:20:45","modified_gmt":"2026-04-08T14:20:45","slug":"elslutbleck-step-30-omvand-12v-kolvkontakt","status":"publish","type":"product","link":"https:\/\/stonehouse.se\/en\/product\/elslutbleck-step-30-omvand-12v-kolvkontakt\/","title":{"rendered":"Elslutbleck STEP 30 Omv\u00e4nd 12V Kolvkontakt"},"content":{"rendered":"<h1>Elslutbleck STEP 30 Omv\u00e4nd 12V Kolvkontakt<\/h1>\n<p>Elslutbleck STEP 30 Preload \u00e4r ett kompakt elslutbleck designat f\u00f6r att ers\u00e4tta \u00e4ldre enkla elslutbleck och skapa en drifts\u00e4ker d\u00f6rrmilj\u00f6, \u00e4ven i \u00e4ldre d\u00f6rrpartier.Utrustat med HPR\u00ae-teknik och bryth\u00e5llfasthet p\u00e5 500 kg.<\/p>\n<p class=\"\" data-start=\"401\" data-end=\"896\">Elslutbleck STEP 30 Preload \u00e4r det optimala valet f\u00f6r att ers\u00e4tta befintliga enkla elslutbleck och s\u00e4kerst\u00e4lla en drifts\u00e4ker d\u00f6rrmilj\u00f6, \u00e4ven i \u00e4ldre d\u00f6rrpartier och urtag.<\/p>\n<p class=\"\" data-start=\"401\" data-end=\"896\">STEP 30 \u00e4r en del av STEPs Preload-serie, som kombinerar minimala m\u00e5tt med h\u00f6g kvalitet och flexibilitet.<\/p>\n<p class=\"\" data-start=\"401\" data-end=\"896\">Detta elslutbleck \u00e4r utformat f\u00f6r att t\u00e5la en h\u00f6g \u00f6ppningsfrekvens och \u00e4r utrustat med STEPs patenterade listtrycksteknik, vilket g\u00f6r att d\u00f6rren alltid kan \u00f6ppnas \u00e4ven om den uts\u00e4tts f\u00f6r tryck.<\/p>\n<p class=\"\" data-start=\"898\" data-end=\"1302\">Den omv\u00e4nda funktionen g\u00f6r att d\u00f6rren \u00e4r ol\u00e5st i str\u00f6ml\u00f6st l\u00e4ge, vilket m\u00f6jligg\u00f6r snabb och enkel \u00f6ppning.<\/p>\n<p class=\"\" data-start=\"898\" data-end=\"1302\">Kolvkontakten ger en indikering f\u00f6r d\u00f6rrens status (st\u00e4ngd\/\u00f6ppen), vilket g\u00f6r det enkelt att integrera med passersystem och larmanl\u00e4ggningar.<\/p>\n<p class=\"\" data-start=\"898\" data-end=\"1302\">Med en bryth\u00e5llfasthet p\u00e5 5 kN (ca 500 kg) och f\u00f6rm\u00e5ga att \u00f6ppna trots listtryck p\u00e5 upp till 40 kg, erbjuder STEP 30 Preload b\u00e5de s\u00e4kerhet och p\u00e5litlighet.<\/p>\n<p class=\"\" data-start=\"1304\" data-end=\"1319\"><strong data-start=\"1304\" data-end=\"1319\">Egenskaper:<\/strong><\/p>\n<ul data-start=\"1320\" data-end=\"1717\">\n<li class=\"\" data-start=\"1320\" data-end=\"1361\">\n<p class=\"\" data-start=\"1322\" data-end=\"1361\">Omv\u00e4nd funktion (l\u00e5st i str\u00f6ml\u00f6st l\u00e4ge)<\/p>\n<\/li>\n<li class=\"\" data-start=\"1362\" data-end=\"1417\">\n<p class=\"\" data-start=\"1364\" data-end=\"1417\">Kolvkontakt. Indikering f\u00f6r d\u00f6rrstatus (st\u00e4ngd\/\u00f6ppen)<\/p>\n<\/li>\n<li class=\"\" data-start=\"1418\" data-end=\"1456\">\n<p class=\"\" data-start=\"1420\" data-end=\"1456\">Skyddsdiod inbyggd f\u00f6r \u00f6kad s\u00e4kerhet<\/p>\n<\/li>\n<li class=\"\" data-start=\"1457\" data-end=\"1494\">\n<p class=\"\" data-start=\"1459\" data-end=\"1494\">Bryth\u00e5llfasthet p\u00e5 5 kN (ca 500 kg)<\/p>\n<\/li>\n<li class=\"\" data-start=\"1495\" data-end=\"1597\">\n<p class=\"\" data-start=\"1497\" data-end=\"1597\">Garanterar \u00f6ppning trots listtryck p\u00e5 upp till 0,4 kN (ca 40 kg) i b\u00e5de r\u00e4ttv\u00e4nd och omv\u00e4nd funktion<\/p>\n<\/li>\n<li class=\"\" data-start=\"1598\" data-end=\"1657\">\n<p class=\"\" data-start=\"1600\" data-end=\"1657\">Knacks\u00e4krad och v\u00e4ndbar f\u00f6r b\u00e5de h\u00f6ger- och v\u00e4nsterd\u00f6rrar<\/p>\n<\/li>\n<li class=\"\" data-start=\"1658\" data-end=\"1700\">\n<p class=\"\" data-start=\"1660\" data-end=\"1700\">Passar till enkelfall\u00e5s och dubbelfall\u00e5s<\/p>\n<\/li>\n<li class=\"\" data-start=\"1701\" data-end=\"1717\">\n<p class=\"\" data-start=\"1703\" data-end=\"1717\">Kabel ing\u00e5r ej<\/p>\n<\/li>\n<\/ul>\n<p class=\"\" data-start=\"1719\" data-end=\"1748\"><strong data-start=\"1719\" data-end=\"1748\">Tekniska specifikationer:<\/strong><\/p>\n<ul data-start=\"1749\" data-end=\"2399\">\n<li class=\"\" data-start=\"1749\" data-end=\"1856\">\n<p class=\"\" data-start=\"1751\" data-end=\"1856\">Sp\u00e4nningsmatning: 24 V DC (+15% -10%) 110 mAh \/ max 300 mA eller 12 V DC (+15% -10%) 220 mAh \/ max 600 mA<\/p>\n<\/li>\n<li class=\"\" data-start=\"1857\" data-end=\"1920\">\n<p class=\"\" data-start=\"1859\" data-end=\"1920\">Kolvkontakt: Mikrobrytare enpoligt v\u00e4xlande, max. 30 V DC, 1A<\/p>\n<\/li>\n<li class=\"\" data-start=\"1921\" data-end=\"1961\">\n<p class=\"\" data-start=\"1923\" data-end=\"1961\">Durability: Grade X enligt SS-EN 14846<\/p>\n<\/li>\n<li class=\"\" data-start=\"1962\" data-end=\"2001\">\n<p class=\"\" data-start=\"1964\" data-end=\"2001\">Corrosion: Grade M enligt SS-EN 14846<\/p>\n<\/li>\n<li class=\"\" data-start=\"2002\" data-end=\"2040\">\n<p class=\"\" data-start=\"2004\" data-end=\"2040\">Security: Grade 3 enligt SS-EN 14846<\/p>\n<\/li>\n<li class=\"\" data-start=\"2041\" data-end=\"2066\">\n<p class=\"\" data-start=\"2043\" data-end=\"2066\">Bryth\u00e5llfasthet: 500 kg<\/p>\n<\/li>\n<li class=\"\" data-start=\"2067\" data-end=\"2097\">\n<p class=\"\" data-start=\"2069\" data-end=\"2097\">D\u00f6rrh\u00e4ngning: H\u00f6ger, V\u00e4nster<\/p>\n<\/li>\n<li class=\"\" data-start=\"2098\" data-end=\"2116\">\n<p class=\"\" data-start=\"2100\" data-end=\"2116\">Listtryck: 40 kg<\/p>\n<\/li>\n<li class=\"\" data-start=\"2117\" data-end=\"2152\">\n<p class=\"\" data-start=\"2119\" data-end=\"2152\">L\u00e5styp: Enkelfall\u00e5s, Dubbelfall\u00e5s<\/p>\n<\/li>\n<li class=\"\" data-start=\"2153\" data-end=\"2208\">\n<p class=\"\" data-start=\"2155\" data-end=\"2208\">Produktm\u00e5tt: Bredd: 20,5 mm, Djup: 28 mm, H\u00f6jd: 99 mm<\/p>\n<\/li>\n<li class=\"\" data-start=\"2209\" data-end=\"2226\">\n<p class=\"\" data-start=\"2211\" data-end=\"2226\">Kolvkontakt: Ja<\/p>\n<\/li>\n<li class=\"\" data-start=\"2227\" data-end=\"2247\">\n<p class=\"\" data-start=\"2229\" data-end=\"2247\">Sp\u00e4nning AC\/DC: DC<\/p>\n<\/li>\n<li class=\"\" data-start=\"2248\" data-end=\"2270\">\n<p class=\"\" data-start=\"2250\" data-end=\"2270\">Sp\u00e4nning max: 13,8 V<\/p>\n<\/li>\n<li class=\"\" data-start=\"2271\" data-end=\"2293\">\n<p class=\"\" data-start=\"2273\" data-end=\"2293\">Sp\u00e4nning min: 10,8 V<\/p>\n<\/li>\n<li class=\"\" data-start=\"2294\" data-end=\"2322\">\n<p class=\"\" data-start=\"2296\" data-end=\"2322\">F\u00e4rg\/Ytbehandling: Rostfri<\/p>\n<\/li>\n<li class=\"\" data-start=\"2323\" data-end=\"2343\">\n<p class=\"\" data-start=\"2325\" data-end=\"2343\">Byggvarubed\u00f6md: Ja<\/p>\n<\/li>\n<li class=\"\" data-start=\"2344\" data-end=\"2365\">\n<p class=\"\" data-start=\"2346\" data-end=\"2365\">EPD-Verifierad: Nej<\/p>\n<\/li>\n<li class=\"\" data-start=\"2366\" data-end=\"2378\">\n<p class=\"\" data-start=\"2368\" data-end=\"2378\">FINFO: Nej<\/p>\n<\/li>\n<li class=\"\" data-start=\"2379\" data-end=\"2399\">\n<p class=\"\" data-start=\"2381\" data-end=\"2399\">SundaHusbed\u00f6md: Ja<\/p>\n<\/li>\n<\/ul>","protected":false},"excerpt":{"rendered":"<p>H\u00e4r kan se vilka stolpar och modeller som passar ihop fr\u00e5n STEP sortimentet av Elslutbleck.<\/p>\n<h5><strong><a href=\"https:\/\/steplock.com\/sv\/stolpguide\/#!?lang=sv&amp;blog_id=1&amp;paged=1&amp;number=50\" target=\"_blank\" rel=\"noopener\">STEP Stolpguide\u00a0<\/a><\/strong><\/h5>\n<h5><strong><a href=\"https:\/\/steplock.com\/sv\/projekteringsguide\/#!?lang=sv&amp;blog_id=1&amp;paged=1&amp;number=999\" target=\"_blank\" rel=\"noopener\">STEP projekteringsguide<\/a><\/strong><\/h5>","protected":false},"featured_media":82327,"template":"","meta":{"_acf_changed":false},"product_brand":[],"product_cat":[2313],"product_tag":[3422,3425],"class_list":{"0":"post-61309","1":"product","2":"type-product","3":"status-publish","4":"has-post-thumbnail","6":"product_cat-step-elslutbleck","7":"product_tag-12v","8":"product_tag-omvand","9":"product_shipping_class-tunga-paket","10":"pa_brands-step","11":"tm-no-options","13":"first","14":"onbackorder","15":"sale","16":"taxable","17":"shipping-taxable","18":"product-type-simple"},"acf":[],"_links":{"self":[{"href":"https:\/\/stonehouse.se\/en\/wp-json\/wp\/v2\/product\/61309","targetHints":{"allow":["GET"]}}],"collection":[{"href":"https:\/\/stonehouse.se\/en\/wp-json\/wp\/v2\/product"}],"about":[{"href":"https:\/\/stonehouse.se\/en\/wp-json\/wp\/v2\/types\/product"}],"wp:featuredmedia":[{"embeddable":true,"href":"https:\/\/stonehouse.se\/en\/wp-json\/wp\/v2\/media\/82327"}],"wp:attachment":[{"href":"https:\/\/stonehouse.se\/en\/wp-json\/wp\/v2\/media?parent=61309"}],"wp:term":[{"taxonomy":"product_brand","embeddable":true,"href":"https:\/\/stonehouse.se\/en\/wp-json\/wp\/v2\/product_brand?post=61309"},{"taxonomy":"product_cat","embeddable":true,"href":"https:\/\/stonehouse.se\/en\/wp-json\/wp\/v2\/product_cat?post=61309"},{"taxonomy":"product_tag","embeddable":true,"href":"https:\/\/stonehouse.se\/en\/wp-json\/wp\/v2\/product_tag?post=61309"}],"curies":[{"name":"wp","href":"https:\/\/api.w.org\/{rel}","templated":true}]}}