
{"id":61312,"date":"2023-09-26T13:08:31","date_gmt":"2023-09-26T11:08:31","guid":{"rendered":"https:\/\/stonehouse.se\/produkt\/elslutbleck-step-18-hoger-omvand-24v-9mm-regel-connect\/"},"modified":"2026-04-08T16:13:57","modified_gmt":"2026-04-08T14:13:57","slug":"elslutbleck-step-18-hoger-omvand-24v-9mm-regel-connect","status":"publish","type":"product","link":"https:\/\/stonehouse.se\/en\/product\/elslutbleck-step-18-hoger-omvand-24v-9mm-regel-connect\/","title":{"rendered":"Elslutbleck STEP 18 H\u00f6ger Omv\u00e4nd 24V 9mm Regel Connect"},"content":{"rendered":"<h1>Elslutbleck STEP 18 H\u00f6ger Omv\u00e4nd 24V 9mm Regel Connect<\/h1>\n<p>Secure \u00e4r ett h\u00f6gs\u00e4kerhetselslutbleck med omv\u00e4nd funktion f\u00f6r h\u00f6gerh\u00e4ngda d\u00f6rrar med 9 mm regel. Brandklass E\/EI60, kolvkontakt och 5 m halogenfri kabel ing\u00e5r. Klarar 500 kg listtryck.Elslutbleck STEP 18 Secure \u00e4r ett avancerat elslutbleck som tillh\u00f6r STEPs Secure-serie \u2013 utvecklad f\u00f6r d\u00f6rrmilj\u00f6er med mycket h\u00f6ga krav p\u00e5 s\u00e4kerhet och p\u00e5litlig funktion.Denna modell \u00e4r anpassad f\u00f6r h\u00f6gerh\u00e4ngda d\u00f6rrar med regell\u00e5s i Connect-serien (9 mm kolv).<\/p>\n<p class=\"\" data-start=\"820\" data-end=\"1169\">Med omv\u00e4nd funktion \u00e4r elslutblecket ol\u00e5st i str\u00f6ml\u00f6st l\u00e4ge, vilket g\u00f6r det s\u00e4rskilt l\u00e4mpat f\u00f6r d\u00f6rrar med utrymningskrav och i milj\u00f6er d\u00e4r kontinuerlig passage kr\u00e4vs \u2013 till exempel inom bank, myndighet, f\u00e4ngelse och s\u00e4kerhetsklassade fastigheter.<\/p>\n<p class=\"\" data-start=\"820\" data-end=\"1169\">STEP 18 \u00e4r brandklassad upp till E\/EI60 och godk\u00e4nd f\u00f6r s\u00e4kerhetsd\u00f6rrar upp till RC4.<\/p>\n<p class=\"\" data-start=\"1171\" data-end=\"1565\">Elslutblecket \u00e4r utrustat med b\u00e5de kolvkontakt och sp\u00e4rrkontakt, vilket ger exakt indikering av d\u00f6rrens status (\u00f6ppen\/st\u00e4ngd, l\u00e5st\/ol\u00e5st) f\u00f6r integrering med larm- och passersystem.<\/p>\n<p class=\"\" data-start=\"1171\" data-end=\"1565\">Det \u00e4r knacks\u00e4krat, har inbyggd skyddsdiod och \u00f6ppnar \u00e4ven vid listtryck upp till 5 kN (ca 500 kg). Med en bryth\u00e5llfasthet p\u00e5 15 kN \u00e4r STEP 18 ett av de mest robusta alternativen p\u00e5 marknaden.<\/p>\n<p class=\"\" data-start=\"1567\" data-end=\"1593\"><strong data-start=\"1567\" data-end=\"1593\">Egenskaper &amp; F\u00f6rdelar:<\/strong><\/p>\n<ul data-start=\"1594\" data-end=\"1923\">\n<li class=\"\" data-start=\"1594\" data-end=\"1636\">\n<p class=\"\" data-start=\"1596\" data-end=\"1636\">Omv\u00e4nd funktion \u2013 ol\u00e5st i str\u00f6ml\u00f6st l\u00e4ge<\/p>\n<\/li>\n<li class=\"\" data-start=\"1637\" data-end=\"1679\">\n<p class=\"\" data-start=\"1639\" data-end=\"1679\">Anpassad f\u00f6r 9 mm regel i Connect-serien<\/p>\n<\/li>\n<li class=\"\" data-start=\"1680\" data-end=\"1704\">\n<p class=\"\" data-start=\"1682\" data-end=\"1704\">F\u00f6r h\u00f6gerh\u00e4ngda d\u00f6rrar<\/p>\n<\/li>\n<li class=\"\" data-start=\"1705\" data-end=\"1751\">\n<p class=\"\" data-start=\"1707\" data-end=\"1751\">Kolv- och sp\u00e4rrkontakt f\u00f6r status\u00f6vervakning<\/p>\n<\/li>\n<li class=\"\" data-start=\"1752\" data-end=\"1787\">\n<p class=\"\" data-start=\"1754\" data-end=\"1787\">Brandklass E\/EI60 och RC4-godk\u00e4nd<\/p>\n<\/li>\n<li class=\"\" data-start=\"1788\" data-end=\"1821\">\n<p class=\"\" data-start=\"1790\" data-end=\"1821\">Bryth\u00e5llfasthet 15 kN (1500 kg)<\/p>\n<\/li>\n<li class=\"\" data-start=\"1822\" data-end=\"1856\">\n<p class=\"\" data-start=\"1824\" data-end=\"1856\">Klarar listtryck upp till 500 kg<\/p>\n<\/li>\n<li class=\"\" data-start=\"1857\" data-end=\"1886\">\n<p class=\"\" data-start=\"1859\" data-end=\"1886\">Skyddsdiod och knacks\u00e4kring<\/p>\n<\/li>\n<li class=\"\" data-start=\"1887\" data-end=\"1923\">\n<p class=\"\" data-start=\"1889\" data-end=\"1923\">Levereras med 5 m halogenfri kabel<\/p>\n<\/li>\n<\/ul>\n<p class=\"\" data-start=\"1925\" data-end=\"2113\"><strong data-start=\"1925\" data-end=\"1948\">Areas of use:<\/strong><br data-start=\"1948\" data-end=\"1951\" \/>Rekommenderas f\u00f6r d\u00f6rrmilj\u00f6er i s\u00e4kerhetsklassade byggnader, utrymningsv\u00e4gar och installationer med h\u00f6g genomfart och krav p\u00e5 elektrisk l\u00e5sning med h\u00f6g prestanda.<\/p>\n<p class=\"\" data-start=\"2115\" data-end=\"2144\"><strong data-start=\"2115\" data-end=\"2144\">Tekniska Specifikationer:<\/strong><\/p>\n<ul data-start=\"2145\" data-end=\"2489\">\n<li class=\"\" data-start=\"2145\" data-end=\"2183\">\n<p class=\"\" data-start=\"2147\" data-end=\"2183\">Driftsp\u00e4nning: 24 V DC (21,6\u201327,6 V)<\/p>\n<\/li>\n<li class=\"\" data-start=\"2184\" data-end=\"2216\">\n<p class=\"\" data-start=\"2186\" data-end=\"2216\">Str\u00f6mf\u00f6rbrukning: 313 mA ol\u00e5st<\/p>\n<\/li>\n<li class=\"\" data-start=\"2217\" data-end=\"2238\">\n<p class=\"\" data-start=\"2219\" data-end=\"2238\">D\u00f6rrh\u00e4ngning: H\u00f6ger<\/p>\n<\/li>\n<li class=\"\" data-start=\"2239\" data-end=\"2260\">\n<p class=\"\" data-start=\"2241\" data-end=\"2260\">Kabell\u00e4ngd: 5 meter<\/p>\n<\/li>\n<li class=\"\" data-start=\"2261\" data-end=\"2287\">\n<p class=\"\" data-start=\"2263\" data-end=\"2287\">Bryth\u00e5llfasthet: 1500 kg<\/p>\n<\/li>\n<li class=\"\" data-start=\"2288\" data-end=\"2307\">\n<p class=\"\" data-start=\"2290\" data-end=\"2307\">Listtryck: 500 kg<\/p>\n<\/li>\n<li class=\"\" data-start=\"2308\" data-end=\"2340\">\n<p class=\"\" data-start=\"2310\" data-end=\"2340\">M\u00e5tt (BxDxH): 35 x 40 x 230 mm<\/p>\n<\/li>\n<li class=\"\" data-start=\"2341\" data-end=\"2372\">\n<p class=\"\" data-start=\"2343\" data-end=\"2372\">L\u00e5styp: Hakregell\u00e5s, Regell\u00e5s<\/p>\n<\/li>\n<li class=\"\" data-start=\"2373\" data-end=\"2420\">\n<p class=\"\" data-start=\"2375\" data-end=\"2420\">Kolvkontakt: Mikrobrytare, max. 30 V DC \/ 1 A<\/p>\n<\/li>\n<li class=\"\" data-start=\"2421\" data-end=\"2449\">\n<p class=\"\" data-start=\"2423\" data-end=\"2449\">F\u00e4rg\/Ytbehandling: Rostfri<\/p>\n<\/li>\n<li class=\"\" data-start=\"2450\" data-end=\"2489\">\n<p class=\"\" data-start=\"2452\" data-end=\"2489\">Bed\u00f6mningar: SundaHus, Byggvarubed\u00f6md<\/p>\n<\/li>\n<\/ul>","protected":false},"excerpt":{"rendered":"<p>H\u00e4r kan se vilka stolpar och modeller som passar ihop fr\u00e5n STEP sortimentet av Elslutbleck.<\/p>\n<h5><strong><a href=\"https:\/\/steplock.com\/sv\/stolpguide\/#!?lang=sv&amp;blog_id=1&amp;paged=1&amp;number=50\" target=\"_blank\" rel=\"noopener\">STEP Stolpguide\u00a0<\/a><\/strong><\/h5>\n<h5><strong><a href=\"https:\/\/steplock.com\/sv\/projekteringsguide\/#!?lang=sv&amp;blog_id=1&amp;paged=1&amp;number=999\" target=\"_blank\" rel=\"noopener\">STEP projekteringsguide<\/a><\/strong><\/h5>","protected":false},"featured_media":81883,"template":"","meta":{"_acf_changed":false},"product_brand":[],"product_cat":[2313],"product_tag":[3421,3425],"class_list":{"0":"post-61312","1":"product","2":"type-product","3":"status-publish","4":"has-post-thumbnail","6":"product_cat-step-elslutbleck","7":"product_tag-24v","8":"product_tag-omvand","9":"product_shipping_class-tunga-paket","10":"pa_brands-step","11":"tm-no-options","13":"first","14":"instock","15":"sale","16":"taxable","17":"shipping-taxable","18":"product-type-simple"},"acf":[],"_links":{"self":[{"href":"https:\/\/stonehouse.se\/en\/wp-json\/wp\/v2\/product\/61312","targetHints":{"allow":["GET"]}}],"collection":[{"href":"https:\/\/stonehouse.se\/en\/wp-json\/wp\/v2\/product"}],"about":[{"href":"https:\/\/stonehouse.se\/en\/wp-json\/wp\/v2\/types\/product"}],"wp:featuredmedia":[{"embeddable":true,"href":"https:\/\/stonehouse.se\/en\/wp-json\/wp\/v2\/media\/81883"}],"wp:attachment":[{"href":"https:\/\/stonehouse.se\/en\/wp-json\/wp\/v2\/media?parent=61312"}],"wp:term":[{"taxonomy":"product_brand","embeddable":true,"href":"https:\/\/stonehouse.se\/en\/wp-json\/wp\/v2\/product_brand?post=61312"},{"taxonomy":"product_cat","embeddable":true,"href":"https:\/\/stonehouse.se\/en\/wp-json\/wp\/v2\/product_cat?post=61312"},{"taxonomy":"product_tag","embeddable":true,"href":"https:\/\/stonehouse.se\/en\/wp-json\/wp\/v2\/product_tag?post=61312"}],"curies":[{"name":"wp","href":"https:\/\/api.w.org\/{rel}","templated":true}]}}