
{"id":61313,"date":"2023-09-26T13:06:52","date_gmt":"2023-09-26T11:06:52","guid":{"rendered":"https:\/\/stonehouse.se\/produkt\/elslutbleck-step-18-hoger-omvand-24v-10mm-regel\/"},"modified":"2026-04-08T16:22:57","modified_gmt":"2026-04-08T14:22:57","slug":"elslutbleck-step-18-hoger-omvand-24v-10mm-regel","status":"publish","type":"product","link":"https:\/\/stonehouse.se\/en\/product\/elslutbleck-step-18-hoger-omvand-24v-10mm-regel\/","title":{"rendered":"Elslutbleck STEP 18 H\u00f6ger Omv\u00e4nd 24V 10mm Regel"},"content":{"rendered":"<h1>Elslutbleck STEP 18 H\u00f6ger Omv\u00e4nd 24V 10mm Regel<\/h1>\n<p>Elslutbleck STEP 18 Secure \u00e4r ett brandgodk\u00e4nt elslutbleck f\u00f6r regell\u00e5s med 10 mm kolv i Modul-serien, designat f\u00f6r d\u00f6rrar med h\u00f6g intr\u00e5ngss\u00e4kerhet och snabb l\u00e5sning.<\/p>\n<p class=\"\" data-start=\"357\" data-end=\"700\">Elslutbleck STEP 18 Secure \u00e4r en del av STEPs Secure-serie och erbjuder h\u00f6gsta s\u00e4kerhet f\u00f6r d\u00f6rrar som kr\u00e4ver snabb och slitstark l\u00e5sning och uppl\u00e5sning, vilket g\u00f6r det perfekt f\u00f6r d\u00f6rrar med h\u00f6gt antal in- och utpasseringar.<\/p>\n<p class=\"\" data-start=\"357\" data-end=\"700\">Det \u00e4r godk\u00e4nt f\u00f6r l\u00e5sning av s\u00e4kerhetsd\u00f6rrar upp till RC4 och brandgodk\u00e4nt upp till E\/EI 60.<\/p>\n<p class=\"\" data-start=\"702\" data-end=\"1186\">Med en bryth\u00e5llfasthet p\u00e5 15 kN (ca 1500 kg) och f\u00f6rm\u00e5ga att \u00f6ppna trots listtryck p\u00e5 5 kN (ca 500 kg) i b\u00e5de r\u00e4ttv\u00e4nd och omv\u00e4nd funktion, erbjuder STEP 18 Secure b\u00e5de p\u00e5litlighet och s\u00e4kerhet.<\/p>\n<p class=\"\" data-start=\"702\" data-end=\"1186\">Den omv\u00e4nda funktionen inneb\u00e4r att d\u00f6rren \u00e4r ol\u00e5st i str\u00f6ml\u00f6st l\u00e4ge, vilket g\u00f6r det m\u00f6jligt att \u00f6ppna d\u00f6rren snabbt vid behov.<\/p>\n<p class=\"\" data-start=\"702\" data-end=\"1186\">Inbyggd kolvkontakt ger indikation p\u00e5 d\u00f6rrens st\u00e4ngda\/\u00f6ppna status och l\u00e5sstatus (l\u00e5st\/ol\u00e5st), vilket g\u00f6r integration med passersystem och larmanl\u00e4ggningar enkel.<\/p>\n<p class=\"\" data-start=\"1188\" data-end=\"1328\">STEP 18 Secure \u00e4r \u00e4ven knacks\u00e4krad f\u00f6r att motst\u00e5 yttre p\u00e5verkan och har en 5 meter l\u00e5ng halogenfri anslutningskabel f\u00f6r enkel installation.<\/p>\n<p class=\"\" data-start=\"1330\" data-end=\"1345\"><strong data-start=\"1330\" data-end=\"1345\">Egenskaper:<\/strong><\/p>\n<ul data-start=\"1346\" data-end=\"1879\">\n<li class=\"\" data-start=\"1346\" data-end=\"1390\">\n<p class=\"\" data-start=\"1348\" data-end=\"1390\">F\u00f6r regell\u00e5s med 10 mm kolv i Modul-serien<\/p>\n<\/li>\n<li class=\"\" data-start=\"1391\" data-end=\"1433\">\n<p class=\"\" data-start=\"1393\" data-end=\"1433\">Omv\u00e4nd funktion (ol\u00e5st i str\u00f6ml\u00f6st l\u00e4ge)<\/p>\n<\/li>\n<li class=\"\" data-start=\"1434\" data-end=\"1458\">\n<p class=\"\" data-start=\"1436\" data-end=\"1458\">F\u00f6r h\u00f6gerh\u00e4ngda d\u00f6rrar<\/p>\n<\/li>\n<li class=\"\" data-start=\"1459\" data-end=\"1490\">\n<p class=\"\" data-start=\"1461\" data-end=\"1490\">Brandgodk\u00e4nd upp till E\/EI 60<\/p>\n<\/li>\n<li class=\"\" data-start=\"1491\" data-end=\"1568\">\n<p class=\"\" data-start=\"1493\" data-end=\"1568\">Inbyggd indikering f\u00f6r d\u00f6rrstatus (st\u00e4ngd\/\u00f6ppen) och l\u00e5sstatus (l\u00e5st\/ol\u00e5st)<\/p>\n<\/li>\n<li class=\"\" data-start=\"1569\" data-end=\"1607\">\n<p class=\"\" data-start=\"1571\" data-end=\"1607\">Skyddsdiod inbyggd f\u00f6r \u00f6kad s\u00e4kerhet<\/p>\n<\/li>\n<li class=\"\" data-start=\"1608\" data-end=\"1647\">\n<p class=\"\" data-start=\"1610\" data-end=\"1647\">Bryth\u00e5llfasthet p\u00e5 15 kN (ca 1500 kg)<\/p>\n<\/li>\n<li class=\"\" data-start=\"1648\" data-end=\"1728\">\n<p class=\"\" data-start=\"1650\" data-end=\"1728\">\u00d6ppnar trots listtryck p\u00e5 5 kN (ca 500 kg) i b\u00e5de r\u00e4ttv\u00e4nd och omv\u00e4nd funktion<\/p>\n<\/li>\n<li class=\"\" data-start=\"1729\" data-end=\"1788\">\n<p class=\"\" data-start=\"1731\" data-end=\"1788\">Knacks\u00e4krad och v\u00e4ndbar f\u00f6r b\u00e5de h\u00f6ger- och v\u00e4nsterd\u00f6rrar<\/p>\n<\/li>\n<li class=\"\" data-start=\"1789\" data-end=\"1835\">\n<p class=\"\" data-start=\"1791\" data-end=\"1835\">Klarar utl\u00e5sning av hakregel eller rak regel<\/p>\n<\/li>\n<li class=\"\" data-start=\"1836\" data-end=\"1879\">\n<p class=\"\" data-start=\"1838\" data-end=\"1879\">5 meter halogenfri anslutningskabel ing\u00e5r<\/p>\n<\/li>\n<\/ul>\n<p class=\"\" data-start=\"1881\" data-end=\"1910\"><strong data-start=\"1881\" data-end=\"1910\">Tekniska specifikationer:<\/strong><\/p>\n<ul data-start=\"1911\" data-end=\"2702\">\n<li class=\"\" data-start=\"1911\" data-end=\"2002\">\n<p class=\"\" data-start=\"1913\" data-end=\"2002\">Sp\u00e4nningsmatning: 12 V DC (+15% -10%) 639 mA ol\u00e5st eller 24 V DC (+15% -10%) 313 mA ol\u00e5st<\/p>\n<\/li>\n<li class=\"\" data-start=\"2003\" data-end=\"2067\">\n<p class=\"\" data-start=\"2005\" data-end=\"2067\">Kolvkontakt: Mikrobrytare enpoligt v\u00e4xlande, max. 30 V DC, 1 A<\/p>\n<\/li>\n<li class=\"\" data-start=\"2068\" data-end=\"2108\">\n<p class=\"\" data-start=\"2070\" data-end=\"2108\">Durability: Grade Y enligt SS-EN 14846<\/p>\n<\/li>\n<li class=\"\" data-start=\"2109\" data-end=\"2148\">\n<p class=\"\" data-start=\"2111\" data-end=\"2148\">Corrosion: Grade M enligt SS-EN 14846<\/p>\n<\/li>\n<li class=\"\" data-start=\"2149\" data-end=\"2187\">\n<p class=\"\" data-start=\"2151\" data-end=\"2187\">Security: Grade 7 enligt SS-EN 14846<\/p>\n<\/li>\n<li class=\"\" data-start=\"2188\" data-end=\"2278\">\n<p class=\"\" data-start=\"2190\" data-end=\"2278\">Security electrical manipulation: Grade 3 (r\u00e4ttv\u00e4nd) Grade 1 (omv\u00e4nd) enligt SS-EN 14846<\/p>\n<\/li>\n<li class=\"\" data-start=\"2279\" data-end=\"2300\">\n<p class=\"\" data-start=\"2281\" data-end=\"2300\">Brandtestad: 60 min<\/p>\n<\/li>\n<li class=\"\" data-start=\"2301\" data-end=\"2327\">\n<p class=\"\" data-start=\"2303\" data-end=\"2327\">Bryth\u00e5llfasthet: 1500 kg<\/p>\n<\/li>\n<li class=\"\" data-start=\"2328\" data-end=\"2349\">\n<p class=\"\" data-start=\"2330\" data-end=\"2349\">D\u00f6rrh\u00e4ngning: H\u00f6ger<\/p>\n<\/li>\n<li class=\"\" data-start=\"2350\" data-end=\"2404\">\n<p class=\"\" data-start=\"2352\" data-end=\"2404\">Kabel ing\u00e5r: Ja, 5 meter halogenfri anslutningskabel<\/p>\n<\/li>\n<li class=\"\" data-start=\"2405\" data-end=\"2424\">\n<p class=\"\" data-start=\"2407\" data-end=\"2424\">Listtryck: 500 kg<\/p>\n<\/li>\n<li class=\"\" data-start=\"2425\" data-end=\"2456\">\n<p class=\"\" data-start=\"2427\" data-end=\"2456\">L\u00e5styp: Hakregell\u00e5s, Regell\u00e5s<\/p>\n<\/li>\n<li class=\"\" data-start=\"2457\" data-end=\"2511\">\n<p class=\"\" data-start=\"2459\" data-end=\"2511\">Produktm\u00e5tt: Bredd: 35 mm, Djup: 40 mm, H\u00f6jd: 230 mm<\/p>\n<\/li>\n<li class=\"\" data-start=\"2512\" data-end=\"2529\">\n<p class=\"\" data-start=\"2514\" data-end=\"2529\">Kolvkontakt: Ja<\/p>\n<\/li>\n<li class=\"\" data-start=\"2530\" data-end=\"2550\">\n<p class=\"\" data-start=\"2532\" data-end=\"2550\">Sp\u00e4nning AC\/DC: DC<\/p>\n<\/li>\n<li class=\"\" data-start=\"2551\" data-end=\"2573\">\n<p class=\"\" data-start=\"2553\" data-end=\"2573\">Sp\u00e4nning max: 27,6 V<\/p>\n<\/li>\n<li class=\"\" data-start=\"2574\" data-end=\"2596\">\n<p class=\"\" data-start=\"2576\" data-end=\"2596\">Sp\u00e4nning min: 21,6 V<\/p>\n<\/li>\n<li class=\"\" data-start=\"2597\" data-end=\"2625\">\n<p class=\"\" data-start=\"2599\" data-end=\"2625\">F\u00e4rg\/Ytbehandling: Rostfri<\/p>\n<\/li>\n<li class=\"\" data-start=\"2626\" data-end=\"2646\">\n<p class=\"\" data-start=\"2628\" data-end=\"2646\">Byggvarubed\u00f6md: Ja<\/p>\n<\/li>\n<li class=\"\" data-start=\"2647\" data-end=\"2668\">\n<p class=\"\" data-start=\"2649\" data-end=\"2668\">EPD-Verifierad: Nej<\/p>\n<\/li>\n<li class=\"\" data-start=\"2669\" data-end=\"2681\">\n<p class=\"\" data-start=\"2671\" data-end=\"2681\">FINFO: Nej<\/p>\n<\/li>\n<li class=\"\" data-start=\"2682\" data-end=\"2702\">\n<p class=\"\" data-start=\"2684\" data-end=\"2702\">SundaHusbed\u00f6md: Ja<\/p>\n<\/li>\n<\/ul>","protected":false},"excerpt":{"rendered":"<p>H\u00e4r kan se vilka stolpar och modeller som passar ihop fr\u00e5n STEP sortimentet av Elslutbleck.<\/p>\n<h5><strong><a href=\"https:\/\/steplock.com\/sv\/stolpguide\/#!?lang=sv&amp;blog_id=1&amp;paged=1&amp;number=50\" target=\"_blank\" rel=\"noopener\">STEP Stolpguide\u00a0<\/a><\/strong><\/h5>\n<h5><strong><a href=\"https:\/\/steplock.com\/sv\/projekteringsguide\/#!?lang=sv&amp;blog_id=1&amp;paged=1&amp;number=999\" target=\"_blank\" rel=\"noopener\">STEP projekteringsguide<\/a><\/strong><\/h5>","protected":false},"featured_media":82089,"template":"","meta":{"_acf_changed":false},"product_brand":[],"product_cat":[2313],"product_tag":[3421,3425],"class_list":{"0":"post-61313","1":"product","2":"type-product","3":"status-publish","4":"has-post-thumbnail","6":"product_cat-step-elslutbleck","7":"product_tag-24v","8":"product_tag-omvand","9":"product_shipping_class-tunga-paket","10":"pa_brands-step","11":"tm-no-options","13":"first","14":"onbackorder","15":"sale","16":"taxable","17":"shipping-taxable","18":"product-type-simple"},"acf":[],"_links":{"self":[{"href":"https:\/\/stonehouse.se\/en\/wp-json\/wp\/v2\/product\/61313","targetHints":{"allow":["GET"]}}],"collection":[{"href":"https:\/\/stonehouse.se\/en\/wp-json\/wp\/v2\/product"}],"about":[{"href":"https:\/\/stonehouse.se\/en\/wp-json\/wp\/v2\/types\/product"}],"wp:featuredmedia":[{"embeddable":true,"href":"https:\/\/stonehouse.se\/en\/wp-json\/wp\/v2\/media\/82089"}],"wp:attachment":[{"href":"https:\/\/stonehouse.se\/en\/wp-json\/wp\/v2\/media?parent=61313"}],"wp:term":[{"taxonomy":"product_brand","embeddable":true,"href":"https:\/\/stonehouse.se\/en\/wp-json\/wp\/v2\/product_brand?post=61313"},{"taxonomy":"product_cat","embeddable":true,"href":"https:\/\/stonehouse.se\/en\/wp-json\/wp\/v2\/product_cat?post=61313"},{"taxonomy":"product_tag","embeddable":true,"href":"https:\/\/stonehouse.se\/en\/wp-json\/wp\/v2\/product_tag?post=61313"}],"curies":[{"name":"wp","href":"https:\/\/api.w.org\/{rel}","templated":true}]}}