
{"id":61323,"date":"2023-09-26T13:08:34","date_gmt":"2023-09-26T11:08:34","guid":{"rendered":"https:\/\/stonehouse.se\/produkt\/elslutbleck-step-60-rattvand-12v-kolvkontakt-5m-kabel\/"},"modified":"2026-04-08T16:07:44","modified_gmt":"2026-04-08T14:07:44","slug":"elslutbleck-step-60-rattvand-12v-kolvkontakt-5m-kabel","status":"publish","type":"product","link":"https:\/\/stonehouse.se\/en\/product\/elslutbleck-step-60-rattvand-12v-kolvkontakt-5m-kabel\/","title":{"rendered":"Elslutbleck STEP 60 R\u00e4ttv\u00e4nd 12V Kolvkontakt 5m Kabel"},"content":{"rendered":"<h1>Elslutbleck STEP 60 R\u00e4ttv\u00e4nd 12V Kolvkontakt 5m Kabel<\/h1>\n<p>STEP 60 Silent \u00e4r ett tystg\u00e5ende elslutbleck med r\u00e4ttv\u00e4nd funktion, 12V drift, kolvkontakt och 5 m halogenfri kabel. Idealisk f\u00f6r d\u00f6rrar med h\u00f6g anv\u00e4ndningsfrekvens d\u00e4r ljudd\u00e4mpning och s\u00e4kerhet \u00e4r avg\u00f6rande.Elslutbleck STEP 60 Silent kombinerar robust konstruktion med mjuk, ljudl\u00f6s g\u00e5ng \u2013 perfekt f\u00f6r milj\u00f6er d\u00e4r b\u00e5de s\u00e4kerhet och komfort \u00e4r avg\u00f6rande.Elslutblecket \u00e4r en del av STEPs Silent-serie, som k\u00e4nnetecknas av patenterad teknik f\u00f6r n\u00e4stintill ljudl\u00f6s \u00f6ppning och st\u00e4ngning.<\/p>\n<p class=\"\" data-start=\"840\" data-end=\"1274\">Med r\u00e4ttv\u00e4nd funktion \u2013 l\u00e5st i str\u00f6ml\u00f6st l\u00e4ge \u2013 och driftsp\u00e4nning p\u00e5 12V DC, l\u00e4mpar sig STEP 60 s\u00e4rskilt v\u00e4l f\u00f6r d\u00f6rrar d\u00e4r s\u00e4ker st\u00e4ngning \u00e4ven vid str\u00f6mavbrott \u00e4r kritisk.<\/p>\n<p class=\"\" data-start=\"840\" data-end=\"1274\">Den \u00e4r brandklassad upp till E\/EI120 enligt SS-EN 14846:2008 och klarar \u00f6ppning trots listtryck upp till 100 kg. Med en bryth\u00e5llfasthet p\u00e5 16 kN (1600 kg) \u00e4r elslutblecket konstruerat f\u00f6r milj\u00f6er med h\u00f6g s\u00e4kerhetsniv\u00e5 och daglig anv\u00e4ndning.<\/p>\n<p class=\"\" data-start=\"1276\" data-end=\"1541\">Produkten har inbyggd kolv- och sp\u00e4rrkontakt som ger full status\u00f6vervakning (\u00f6ppen\/st\u00e4ngd, l\u00e5st\/ol\u00e5st) \u2013 idealiskt f\u00f6r integration med larm och passersystem.<\/p>\n<p class=\"\" data-start=\"1276\" data-end=\"1541\">Den \u00e4r \u00e4ven knacks\u00e4krad, har inbyggd skyddsdiod och levereras med 5 meter halogenfri kabel.<\/p>\n<p class=\"\" data-start=\"1543\" data-end=\"1569\"><strong data-start=\"1543\" data-end=\"1569\">Egenskaper &amp; F\u00f6rdelar:<\/strong><\/p>\n<ul data-start=\"1570\" data-end=\"1879\">\n<li class=\"\" data-start=\"1570\" data-end=\"1607\">\n<p class=\"\" data-start=\"1572\" data-end=\"1607\">R\u00e4ttv\u00e4nd funktion \u2013 l\u00e5st utan str\u00f6m<\/p>\n<\/li>\n<li class=\"\" data-start=\"1608\" data-end=\"1646\">\n<p class=\"\" data-start=\"1610\" data-end=\"1646\">Tyst och mjuk g\u00e5ng med Silent-teknik<\/p>\n<\/li>\n<li class=\"\" data-start=\"1647\" data-end=\"1661\">\n<p class=\"\" data-start=\"1649\" data-end=\"1661\">12V DC drift<\/p>\n<\/li>\n<li class=\"\" data-start=\"1662\" data-end=\"1708\">\n<p class=\"\" data-start=\"1664\" data-end=\"1708\">Kolv- och sp\u00e4rrkontakt f\u00f6r status\u00f6vervakning<\/p>\n<\/li>\n<li class=\"\" data-start=\"1709\" data-end=\"1734\">\n<p class=\"\" data-start=\"1711\" data-end=\"1734\">Klarar 100 kg listtryck<\/p>\n<\/li>\n<li class=\"\" data-start=\"1735\" data-end=\"1758\">\n<p class=\"\" data-start=\"1737\" data-end=\"1758\">Bryth\u00e5llfasthet 16 kN<\/p>\n<\/li>\n<li class=\"\" data-start=\"1759\" data-end=\"1781\">\n<p class=\"\" data-start=\"1761\" data-end=\"1781\">Brandklassad E\/EI120<\/p>\n<\/li>\n<li class=\"\" data-start=\"1782\" data-end=\"1811\">\n<p class=\"\" data-start=\"1784\" data-end=\"1811\">Skyddsdiod och knacks\u00e4kring<\/p>\n<\/li>\n<li class=\"\" data-start=\"1812\" data-end=\"1840\">\n<p class=\"\" data-start=\"1814\" data-end=\"1840\">5 m halogenfri kabel ing\u00e5r<\/p>\n<\/li>\n<li class=\"\" data-start=\"1841\" data-end=\"1879\">\n<p class=\"\" data-start=\"1843\" data-end=\"1879\">Passar b\u00e5de h\u00f6ger- och v\u00e4nsterd\u00f6rrar<\/p>\n<\/li>\n<\/ul>\n<p class=\"\" data-start=\"1881\" data-end=\"2038\"><strong data-start=\"1881\" data-end=\"1904\">Areas of use:<\/strong><br data-start=\"1904\" data-end=\"1907\" \/>L\u00e4mplig f\u00f6r offentliga milj\u00f6er, kontor, sjukhus, skolor och flerbostadsentr\u00e9er d\u00e4r b\u00e5de l\u00e5g ljudniv\u00e5 och s\u00e4ker funktion \u00e4r viktiga.<\/p>\n<p class=\"\" data-start=\"2040\" data-end=\"2069\"><strong data-start=\"2040\" data-end=\"2069\">Tekniska Specifikationer:<\/strong><\/p>\n<ul data-start=\"2070\" data-end=\"2443\">\n<li class=\"\" data-start=\"2070\" data-end=\"2108\">\n<p class=\"\" data-start=\"2072\" data-end=\"2108\">Driftsp\u00e4nning: 12 V DC (10,8\u201313,8 V)<\/p>\n<\/li>\n<li class=\"\" data-start=\"2109\" data-end=\"2153\">\n<p class=\"\" data-start=\"2111\" data-end=\"2153\">Str\u00f6mf\u00f6rbrukning: 242 mA ol\u00e5st, max 500 mA<\/p>\n<\/li>\n<li class=\"\" data-start=\"2154\" data-end=\"2193\">\n<p class=\"\" data-start=\"2156\" data-end=\"2193\">D\u00f6rrh\u00e4ngning: H\u00f6ger\/V\u00e4nster (v\u00e4ndbar)<\/p>\n<\/li>\n<li class=\"\" data-start=\"2194\" data-end=\"2215\">\n<p class=\"\" data-start=\"2196\" data-end=\"2215\">Kabell\u00e4ngd: 5 meter<\/p>\n<\/li>\n<li class=\"\" data-start=\"2216\" data-end=\"2242\">\n<p class=\"\" data-start=\"2218\" data-end=\"2242\">Bryth\u00e5llfasthet: 1600 kg<\/p>\n<\/li>\n<li class=\"\" data-start=\"2243\" data-end=\"2262\">\n<p class=\"\" data-start=\"2245\" data-end=\"2262\">Listtryck: 100 kg<\/p>\n<\/li>\n<li class=\"\" data-start=\"2263\" data-end=\"2297\">\n<p class=\"\" data-start=\"2265\" data-end=\"2297\">M\u00e5tt (BxDxH): 28 x 34 x 149,5 mm<\/p>\n<\/li>\n<li class=\"\" data-start=\"2298\" data-end=\"2340\">\n<p class=\"\" data-start=\"2300\" data-end=\"2340\">Kolvkontakt: Mikrobrytare, 30 V DC \/ 1 A<\/p>\n<\/li>\n<li class=\"\" data-start=\"2341\" data-end=\"2374\">\n<p class=\"\" data-start=\"2343\" data-end=\"2374\">L\u00e5styp: Enkel- och dubbelfall\u00e5s<\/p>\n<\/li>\n<li class=\"\" data-start=\"2375\" data-end=\"2403\">\n<p class=\"\" data-start=\"2377\" data-end=\"2403\">F\u00e4rg\/Ytbehandling: Rostfri<\/p>\n<\/li>\n<li class=\"\" data-start=\"2404\" data-end=\"2443\">\n<p class=\"\" data-start=\"2406\" data-end=\"2443\">Bed\u00f6mningar: SundaHus, Byggvarubed\u00f6md<\/p>\n<\/li>\n<\/ul>","protected":false},"excerpt":{"rendered":"<p>H\u00e4r kan se vilka stolpar och modeller som passar ihop fr\u00e5n STEP sortimentet av Elslutbleck.<\/p>\n<h5><strong><a href=\"https:\/\/steplock.com\/sv\/stolpguide\/#!?lang=sv&amp;blog_id=1&amp;paged=1&amp;number=50\" target=\"_blank\" rel=\"noopener\">STEP Stolpguide\u00a0<\/a><\/strong><\/h5>\n<h5><strong><a href=\"https:\/\/steplock.com\/sv\/projekteringsguide\/#!?lang=sv&amp;blog_id=1&amp;paged=1&amp;number=999\" target=\"_blank\" rel=\"noopener\">STEP projekteringsguide<\/a><\/strong><\/h5>","protected":false},"featured_media":82028,"template":"","meta":{"_acf_changed":false},"product_brand":[],"product_cat":[2313],"product_tag":[3422,3424],"class_list":{"0":"post-61323","1":"product","2":"type-product","3":"status-publish","4":"has-post-thumbnail","6":"product_cat-step-elslutbleck","7":"product_tag-12v","8":"product_tag-rattvand","9":"product_shipping_class-tunga-paket","10":"pa_brands-step","11":"tm-no-options","13":"first","14":"instock","15":"sale","16":"taxable","17":"shipping-taxable","18":"product-type-simple"},"acf":[],"_links":{"self":[{"href":"https:\/\/stonehouse.se\/en\/wp-json\/wp\/v2\/product\/61323","targetHints":{"allow":["GET"]}}],"collection":[{"href":"https:\/\/stonehouse.se\/en\/wp-json\/wp\/v2\/product"}],"about":[{"href":"https:\/\/stonehouse.se\/en\/wp-json\/wp\/v2\/types\/product"}],"wp:featuredmedia":[{"embeddable":true,"href":"https:\/\/stonehouse.se\/en\/wp-json\/wp\/v2\/media\/82028"}],"wp:attachment":[{"href":"https:\/\/stonehouse.se\/en\/wp-json\/wp\/v2\/media?parent=61323"}],"wp:term":[{"taxonomy":"product_brand","embeddable":true,"href":"https:\/\/stonehouse.se\/en\/wp-json\/wp\/v2\/product_brand?post=61323"},{"taxonomy":"product_cat","embeddable":true,"href":"https:\/\/stonehouse.se\/en\/wp-json\/wp\/v2\/product_cat?post=61323"},{"taxonomy":"product_tag","embeddable":true,"href":"https:\/\/stonehouse.se\/en\/wp-json\/wp\/v2\/product_tag?post=61323"}],"curies":[{"name":"wp","href":"https:\/\/api.w.org\/{rel}","templated":true}]}}