
{"id":61329,"date":"2023-09-26T13:06:56","date_gmt":"2023-09-26T11:06:56","guid":{"rendered":"https:\/\/stonehouse.se\/produkt\/elslutbleck-step-18-hoger-omvand-24v-12mm-regel\/"},"modified":"2026-04-08T16:19:54","modified_gmt":"2026-04-08T14:19:54","slug":"elslutbleck-step-18-hoger-omvand-24v-12mm-regel","status":"publish","type":"product","link":"https:\/\/stonehouse.se\/en\/product\/elslutbleck-step-18-hoger-omvand-24v-12mm-regel\/","title":{"rendered":"Elslutbleck STEP 18 H\u00f6ger Omv\u00e4nd 24V 12mm Regel"},"content":{"rendered":"<h1>Elslutbleck STEP 18 H\u00f6ger Omv\u00e4nd 24V 12mm Regel<\/h1>\n<p>STEP 18 Secure \u00e4r ett brandgodk\u00e4nt h\u00f6gs\u00e4kerhets elslutbleck f\u00f6r regell\u00e5s med 12 mm kolv i Modul-serien, designat f\u00f6r d\u00f6rrar med h\u00f6g intr\u00e5ngss\u00e4kerhet och snabb l\u00e5sning.<\/p>\n<p class=\"\" data-start=\"370\" data-end=\"730\">Elslutbleck STEP 18 Secure \u00e4r en del av STEPs Secure-serie och erbjuder h\u00f6gsta s\u00e4kerhet f\u00f6r d\u00f6rrar som uts\u00e4tts f\u00f6r h\u00f6g trafik och strikta s\u00e4kerhetskrav.<\/p>\n<p class=\"\" data-start=\"370\" data-end=\"730\">Godk\u00e4nt f\u00f6r l\u00e5sning av s\u00e4kerhetsd\u00f6rrar upp till RC4 och brandgodk\u00e4nt upp till E\/EI 60, det ger h\u00f6g s\u00e4kerhet f\u00f6r kritiska milj\u00f6er som f\u00e4ngelser, banker och andra s\u00e4kerhetsanl\u00e4ggningar.<\/p>\n<p class=\"\" data-start=\"732\" data-end=\"1216\">Med en bryth\u00e5llfasthet p\u00e5 15 kN (ca 1500 kg) och f\u00f6rm\u00e5ga att \u00f6ppna trots listtryck p\u00e5 5 kN (ca 500 kg) i b\u00e5de r\u00e4ttv\u00e4nd och omv\u00e4nd funktion, erbjuder STEP 18 Secure b\u00e5de p\u00e5litlighet och s\u00e4kerhet.<\/p>\n<p class=\"\" data-start=\"732\" data-end=\"1216\">Den omv\u00e4nda funktionen inneb\u00e4r att d\u00f6rren \u00e4r ol\u00e5st i str\u00f6ml\u00f6st l\u00e4ge, vilket g\u00f6r det m\u00f6jligt att \u00f6ppna d\u00f6rren snabbt vid behov.<\/p>\n<p class=\"\" data-start=\"732\" data-end=\"1216\">Inbyggd kolvkontakt ger indikation p\u00e5 d\u00f6rrens st\u00e4ngda\/\u00f6ppna status och l\u00e5sstatus (l\u00e5st\/ol\u00e5st), vilket g\u00f6r integration med passersystem och larmanl\u00e4ggningar enkel.<\/p>\n<p class=\"\" data-start=\"1218\" data-end=\"1358\">STEP 18 Secure \u00e4r \u00e4ven knacks\u00e4krad f\u00f6r att motst\u00e5 yttre p\u00e5verkan och har en 5 meter l\u00e5ng halogenfri anslutningskabel f\u00f6r enkel installation.<\/p>\n<p class=\"\" data-start=\"1360\" data-end=\"1375\"><strong data-start=\"1360\" data-end=\"1375\">Egenskaper:<\/strong><\/p>\n<ul data-start=\"1376\" data-end=\"1909\">\n<li class=\"\" data-start=\"1376\" data-end=\"1420\">\n<p class=\"\" data-start=\"1378\" data-end=\"1420\">F\u00f6r regell\u00e5s med 12 mm kolv i Modul-serien<\/p>\n<\/li>\n<li class=\"\" data-start=\"1421\" data-end=\"1463\">\n<p class=\"\" data-start=\"1423\" data-end=\"1463\">Omv\u00e4nd funktion (ol\u00e5st i str\u00f6ml\u00f6st l\u00e4ge)<\/p>\n<\/li>\n<li class=\"\" data-start=\"1464\" data-end=\"1488\">\n<p class=\"\" data-start=\"1466\" data-end=\"1488\">F\u00f6r h\u00f6gerh\u00e4ngda d\u00f6rrar<\/p>\n<\/li>\n<li class=\"\" data-start=\"1489\" data-end=\"1520\">\n<p class=\"\" data-start=\"1491\" data-end=\"1520\">Brandgodk\u00e4nd upp till E\/EI 60<\/p>\n<\/li>\n<li class=\"\" data-start=\"1521\" data-end=\"1598\">\n<p class=\"\" data-start=\"1523\" data-end=\"1598\">Inbyggd indikering f\u00f6r d\u00f6rrstatus (st\u00e4ngd\/\u00f6ppen) och l\u00e5sstatus (l\u00e5st\/ol\u00e5st)<\/p>\n<\/li>\n<li class=\"\" data-start=\"1599\" data-end=\"1637\">\n<p class=\"\" data-start=\"1601\" data-end=\"1637\">Skyddsdiod inbyggd f\u00f6r \u00f6kad s\u00e4kerhet<\/p>\n<\/li>\n<li class=\"\" data-start=\"1638\" data-end=\"1677\">\n<p class=\"\" data-start=\"1640\" data-end=\"1677\">Bryth\u00e5llfasthet p\u00e5 15 kN (ca 1500 kg)<\/p>\n<\/li>\n<li class=\"\" data-start=\"1678\" data-end=\"1758\">\n<p class=\"\" data-start=\"1680\" data-end=\"1758\">\u00d6ppnar trots listtryck p\u00e5 5 kN (ca 500 kg) i b\u00e5de r\u00e4ttv\u00e4nd och omv\u00e4nd funktion<\/p>\n<\/li>\n<li class=\"\" data-start=\"1759\" data-end=\"1818\">\n<p class=\"\" data-start=\"1761\" data-end=\"1818\">Knacks\u00e4krad och v\u00e4ndbar f\u00f6r b\u00e5de h\u00f6ger- och v\u00e4nsterd\u00f6rrar<\/p>\n<\/li>\n<li class=\"\" data-start=\"1819\" data-end=\"1865\">\n<p class=\"\" data-start=\"1821\" data-end=\"1865\">Klarar utl\u00e5sning av hakregel eller rak regel<\/p>\n<\/li>\n<li class=\"\" data-start=\"1866\" data-end=\"1909\">\n<p class=\"\" data-start=\"1868\" data-end=\"1909\">5 meter halogenfri anslutningskabel ing\u00e5r<\/p>\n<\/li>\n<\/ul>\n<p class=\"\" data-start=\"1911\" data-end=\"1940\"><strong data-start=\"1911\" data-end=\"1940\">Tekniska specifikationer:<\/strong><\/p>\n<ul data-start=\"1941\" data-end=\"2755\">\n<li class=\"\" data-start=\"1941\" data-end=\"2032\">\n<p class=\"\" data-start=\"1943\" data-end=\"2032\">Sp\u00e4nningsmatning: 12 V DC (+15% -10%) 639 mA ol\u00e5st eller 24 V DC (+15% -10%) 313 mA ol\u00e5st<\/p>\n<\/li>\n<li class=\"\" data-start=\"2033\" data-end=\"2097\">\n<p class=\"\" data-start=\"2035\" data-end=\"2097\">Kolvkontakt: Mikrobrytare enpoligt v\u00e4xlande, max. 30 V DC, 1 A<\/p>\n<\/li>\n<li class=\"\" data-start=\"2098\" data-end=\"2138\">\n<p class=\"\" data-start=\"2100\" data-end=\"2138\">Durability: Grade Y enligt SS-EN 14846<\/p>\n<\/li>\n<li class=\"\" data-start=\"2139\" data-end=\"2178\">\n<p class=\"\" data-start=\"2141\" data-end=\"2178\">Corrosion: Grade M enligt SS-EN 14846<\/p>\n<\/li>\n<li class=\"\" data-start=\"2179\" data-end=\"2217\">\n<p class=\"\" data-start=\"2181\" data-end=\"2217\">Security: Grade 7 enligt SS-EN 14846<\/p>\n<\/li>\n<li class=\"\" data-start=\"2218\" data-end=\"2308\">\n<p class=\"\" data-start=\"2220\" data-end=\"2308\">Security electrical manipulation: Grade 3 (r\u00e4ttv\u00e4nd) Grade 1 (omv\u00e4nd) enligt SS-EN 14846<\/p>\n<\/li>\n<li class=\"\" data-start=\"2309\" data-end=\"2330\">\n<p class=\"\" data-start=\"2311\" data-end=\"2330\">Brandtestad: 60 min<\/p>\n<\/li>\n<li class=\"\" data-start=\"2331\" data-end=\"2357\">\n<p class=\"\" data-start=\"2333\" data-end=\"2357\">Bryth\u00e5llfasthet: 1500 kg<\/p>\n<\/li>\n<li class=\"\" data-start=\"2358\" data-end=\"2379\">\n<p class=\"\" data-start=\"2360\" data-end=\"2379\">D\u00f6rrh\u00e4ngning: H\u00f6ger<\/p>\n<\/li>\n<li class=\"\" data-start=\"2380\" data-end=\"2434\">\n<p class=\"\" data-start=\"2382\" data-end=\"2434\">Kabel ing\u00e5r: Ja, 5 meter halogenfri anslutningskabel<\/p>\n<\/li>\n<li class=\"\" data-start=\"2435\" data-end=\"2454\">\n<p class=\"\" data-start=\"2437\" data-end=\"2454\">Listtryck: 500 kg<\/p>\n<\/li>\n<li class=\"\" data-start=\"2455\" data-end=\"2486\">\n<p class=\"\" data-start=\"2457\" data-end=\"2486\">L\u00e5styp: Hakregell\u00e5s, Regell\u00e5s<\/p>\n<\/li>\n<li class=\"\" data-start=\"2487\" data-end=\"2541\">\n<p class=\"\" data-start=\"2489\" data-end=\"2541\">Produktm\u00e5tt: Bredd: 35 mm, Djup: 40 mm, H\u00f6jd: 230 mm<\/p>\n<\/li>\n<li class=\"\" data-start=\"2542\" data-end=\"2559\">\n<p class=\"\" data-start=\"2544\" data-end=\"2559\">Kolvkontakt: Ja<\/p>\n<\/li>\n<li class=\"\" data-start=\"2560\" data-end=\"2580\">\n<p class=\"\" data-start=\"2562\" data-end=\"2580\">Sp\u00e4nning AC\/DC: DC<\/p>\n<\/li>\n<li class=\"\" data-start=\"2581\" data-end=\"2603\">\n<p class=\"\" data-start=\"2583\" data-end=\"2603\">Sp\u00e4nning max: 27,6 V<\/p>\n<\/li>\n<li class=\"\" data-start=\"2604\" data-end=\"2626\">\n<p class=\"\" data-start=\"2606\" data-end=\"2626\">Sp\u00e4nning min: 21,6 V<\/p>\n<\/li>\n<li class=\"\" data-start=\"2627\" data-end=\"2649\">\n<p class=\"\" data-start=\"2629\" data-end=\"2649\">Dubbel vridfall: Nej<\/p>\n<\/li>\n<li class=\"\" data-start=\"2650\" data-end=\"2678\">\n<p class=\"\" data-start=\"2652\" data-end=\"2678\">F\u00e4rg\/Ytbehandling: Rostfri<\/p>\n<\/li>\n<li class=\"\" data-start=\"2679\" data-end=\"2699\">\n<p class=\"\" data-start=\"2681\" data-end=\"2699\">Byggvarubed\u00f6md: Ja<\/p>\n<\/li>\n<li class=\"\" data-start=\"2700\" data-end=\"2721\">\n<p class=\"\" data-start=\"2702\" data-end=\"2721\">EPD-Verifierad: Nej<\/p>\n<\/li>\n<li class=\"\" data-start=\"2722\" data-end=\"2734\">\n<p class=\"\" data-start=\"2724\" data-end=\"2734\">FINFO: Nej<\/p>\n<\/li>\n<li class=\"\" data-start=\"2735\" data-end=\"2755\">\n<p class=\"\" data-start=\"2737\" data-end=\"2755\">SundaHusbed\u00f6md: Ja<\/p>\n<\/li>\n<\/ul>","protected":false},"excerpt":{"rendered":"<p>H\u00e4r kan se vilka stolpar och modeller som passar ihop fr\u00e5n STEP sortimentet av Elslutbleck.<\/p>\n<h5><strong><a href=\"https:\/\/steplock.com\/sv\/stolpguide\/#!?lang=sv&amp;blog_id=1&amp;paged=1&amp;number=50\" target=\"_blank\" rel=\"noopener\">STEP Stolpguide\u00a0<\/a><\/strong><\/h5>\n<h5><strong><a href=\"https:\/\/steplock.com\/sv\/projekteringsguide\/#!?lang=sv&amp;blog_id=1&amp;paged=1&amp;number=999\" target=\"_blank\" rel=\"noopener\">STEP projekteringsguide<\/a><\/strong><\/h5>","protected":false},"featured_media":82313,"template":"","meta":{"_acf_changed":false},"product_brand":[],"product_cat":[2313],"product_tag":[3421,3425],"class_list":{"0":"post-61329","1":"product","2":"type-product","3":"status-publish","4":"has-post-thumbnail","6":"product_cat-step-elslutbleck","7":"product_tag-24v","8":"product_tag-omvand","9":"product_shipping_class-tunga-paket","10":"pa_brands-step","11":"tm-no-options","13":"first","14":"onbackorder","15":"sale","16":"taxable","17":"shipping-taxable","18":"product-type-simple"},"acf":[],"_links":{"self":[{"href":"https:\/\/stonehouse.se\/en\/wp-json\/wp\/v2\/product\/61329","targetHints":{"allow":["GET"]}}],"collection":[{"href":"https:\/\/stonehouse.se\/en\/wp-json\/wp\/v2\/product"}],"about":[{"href":"https:\/\/stonehouse.se\/en\/wp-json\/wp\/v2\/types\/product"}],"wp:featuredmedia":[{"embeddable":true,"href":"https:\/\/stonehouse.se\/en\/wp-json\/wp\/v2\/media\/82313"}],"wp:attachment":[{"href":"https:\/\/stonehouse.se\/en\/wp-json\/wp\/v2\/media?parent=61329"}],"wp:term":[{"taxonomy":"product_brand","embeddable":true,"href":"https:\/\/stonehouse.se\/en\/wp-json\/wp\/v2\/product_brand?post=61329"},{"taxonomy":"product_cat","embeddable":true,"href":"https:\/\/stonehouse.se\/en\/wp-json\/wp\/v2\/product_cat?post=61329"},{"taxonomy":"product_tag","embeddable":true,"href":"https:\/\/stonehouse.se\/en\/wp-json\/wp\/v2\/product_tag?post=61329"}],"curies":[{"name":"wp","href":"https:\/\/api.w.org\/{rel}","templated":true}]}}