
{"id":61335,"date":"2023-09-26T13:08:37","date_gmt":"2023-09-26T11:08:37","guid":{"rendered":"https:\/\/stonehouse.se\/produkt\/elslutbleck-step-40-rattvand-12v-kolvkontakt\/"},"modified":"2026-04-08T16:11:09","modified_gmt":"2026-04-08T14:11:09","slug":"elslutbleck-step-40-rattvand-12v-kolvkontakt","status":"publish","type":"product","link":"https:\/\/stonehouse.se\/en\/product\/elslutbleck-step-40-rattvand-12v-kolvkontakt\/","title":{"rendered":"Elslutbleck STEP 40 R\u00e4ttv\u00e4nd 12V Kolvkontakt"},"content":{"rendered":"<h1>Elslutbleck STEP 40 R\u00e4ttv\u00e4nd 12V Kolvkontakt<\/h1>\n<p>STEP 40 Preload \u00e4r ett kompakt elslutbleck med r\u00e4ttv\u00e4nd funktion, kolvkontakt och 12V drift. Med HPR-teknik, h\u00f6g bryth\u00e5llfasthet och 1,5 miljoner cykler \u00e4r det ett p\u00e5litligt val f\u00f6r dagl\u00e5sning.Elslutbleck STEP 40 Preload \u00e4r ett elslutbleck i STEPs Preload-serie som kombinerar kompakt design med exceptionell drifts\u00e4kerhet och l\u00e5ng livsl\u00e4ngd.Med r\u00e4ttv\u00e4nd funktion (l\u00e5st i str\u00f6ml\u00f6st l\u00e4ge) l\u00e4mpar sig STEP 40 f\u00f6r milj\u00f6er d\u00e4r s\u00e4ker dagl\u00e5sning \u00e4r viktig, till exempel kontorsd\u00f6rrar, entr\u00e9er och passaged\u00f6rrar.<\/p>\n<p class=\"\" data-start=\"835\" data-end=\"1162\">Tack vare STEPs patenterade HPR\u00ae-teknik garanteras \u00f6ppning \u00e4ven om d\u00f6rren uts\u00e4tts f\u00f6r listtryck upp till 250 kg, vilket ger enast\u00e5ende funktion i vardagligt bruk.<\/p>\n<p class=\"\" data-start=\"835\" data-end=\"1162\">Den h\u00f6ga bryth\u00e5llfastheten p\u00e5 1 200 kg och testningen upp till 1 500 000 cykler s\u00e4kerst\u00e4ller att STEP 40 klarar h\u00f6g \u00f6ppningsfrekvens under l\u00e5ng tid.<\/p>\n<p class=\"\" data-start=\"1164\" data-end=\"1459\">Med inbyggd kolvkontakt f\u00e5r du en tydlig indikering om d\u00f6rren \u00e4r \u00f6ppen eller st\u00e4ngd \u2013 idealiskt f\u00f6r integration i passersystem.<\/p>\n<p class=\"\" data-start=\"1164\" data-end=\"1459\">Elslutblecket \u00e4r \u00e4ven knacks\u00e4krat, har inbyggd skyddsdiod och \u00e4r v\u00e4ndbart f\u00f6r b\u00e5de h\u00f6ger- och v\u00e4nsterh\u00e4ngda d\u00f6rrar. Passar f\u00f6r enkel- och dubbelfall\u00e5s.<\/p>\n<p class=\"\" data-start=\"1461\" data-end=\"1487\"><strong data-start=\"1461\" data-end=\"1487\">Egenskaper &amp; F\u00f6rdelar:<\/strong><\/p>\n<ul data-start=\"1488\" data-end=\"1786\">\n<li class=\"\" data-start=\"1488\" data-end=\"1525\">\n<p class=\"\" data-start=\"1490\" data-end=\"1525\">R\u00e4ttv\u00e4nd funktion \u2013 l\u00e5st utan str\u00f6m<\/p>\n<\/li>\n<li class=\"\" data-start=\"1526\" data-end=\"1549\">\n<p class=\"\" data-start=\"1528\" data-end=\"1549\">Driftsp\u00e4nning: 12V DC<\/p>\n<\/li>\n<li class=\"\" data-start=\"1550\" data-end=\"1584\">\n<p class=\"\" data-start=\"1552\" data-end=\"1584\">Kolvkontakt f\u00f6r statusindikering<\/p>\n<\/li>\n<li class=\"\" data-start=\"1585\" data-end=\"1630\">\n<p class=\"\" data-start=\"1587\" data-end=\"1630\">HPR\u00ae-teknik \u2013 \u00f6ppnar trots 250 kg listtryck<\/p>\n<\/li>\n<li class=\"\" data-start=\"1631\" data-end=\"1658\">\n<p class=\"\" data-start=\"1633\" data-end=\"1658\">Bryth\u00e5llfasthet: 1 200 kg<\/p>\n<\/li>\n<li class=\"\" data-start=\"1659\" data-end=\"1688\">\n<p class=\"\" data-start=\"1661\" data-end=\"1688\">Testad f\u00f6r 1 500 000 cykler<\/p>\n<\/li>\n<li class=\"\" data-start=\"1689\" data-end=\"1723\">\n<p class=\"\" data-start=\"1691\" data-end=\"1723\">V\u00e4ndbar f\u00f6r h\u00f6ger-\/v\u00e4nsterd\u00f6rrar<\/p>\n<\/li>\n<li class=\"\" data-start=\"1724\" data-end=\"1753\">\n<p class=\"\" data-start=\"1726\" data-end=\"1753\">Skyddsdiod och knacks\u00e4kring<\/p>\n<\/li>\n<li class=\"\" data-start=\"1754\" data-end=\"1786\">\n<p class=\"\" data-start=\"1756\" data-end=\"1786\">Passar enkel- och dubbelfall\u00e5s<\/p>\n<\/li>\n<\/ul>\n<p class=\"\" data-start=\"1788\" data-end=\"1935\"><strong data-start=\"1788\" data-end=\"1811\">Areas of use:<\/strong><br data-start=\"1811\" data-end=\"1814\" \/>Perfekt f\u00f6r d\u00f6rrar med krav p\u00e5 tyst och drifts\u00e4ker dagl\u00e5sning, t.ex. i kontor, offentliga lokaler och flerbostadsentr\u00e9er.<\/p>\n<p class=\"\" data-start=\"1937\" data-end=\"1966\"><strong data-start=\"1937\" data-end=\"1966\">Tekniska Specifikationer:<\/strong><\/p>\n<ul data-start=\"1967\" data-end=\"2339\">\n<li class=\"\" data-start=\"1967\" data-end=\"2005\">\n<p class=\"\" data-start=\"1969\" data-end=\"2005\">Driftsp\u00e4nning: 12 V DC (10,8\u201313,8 V)<\/p>\n<\/li>\n<li class=\"\" data-start=\"2006\" data-end=\"2050\">\n<p class=\"\" data-start=\"2008\" data-end=\"2050\">Str\u00f6mf\u00f6rbrukning: 220 mA ol\u00e5st, max 600 mA<\/p>\n<\/li>\n<li class=\"\" data-start=\"2051\" data-end=\"2098\">\n<p class=\"\" data-start=\"2053\" data-end=\"2098\">Kolvkontakt: Mikrobrytare, max. 30 V DC \/ 1 A<\/p>\n<\/li>\n<li class=\"\" data-start=\"2099\" data-end=\"2138\">\n<p class=\"\" data-start=\"2101\" data-end=\"2138\">D\u00f6rrh\u00e4ngning: H\u00f6ger\/V\u00e4nster (v\u00e4ndbar)<\/p>\n<\/li>\n<li class=\"\" data-start=\"2139\" data-end=\"2170\">\n<p class=\"\" data-start=\"2141\" data-end=\"2170\">M\u00e5tt (BxDxH): 25 x 28 x 90 mm<\/p>\n<\/li>\n<li class=\"\" data-start=\"2171\" data-end=\"2198\">\n<p class=\"\" data-start=\"2173\" data-end=\"2198\">Bryth\u00e5llfasthet: 1 200 kg<\/p>\n<\/li>\n<li class=\"\" data-start=\"2199\" data-end=\"2218\">\n<p class=\"\" data-start=\"2201\" data-end=\"2218\">Listtryck: 250 kg<\/p>\n<\/li>\n<li class=\"\" data-start=\"2219\" data-end=\"2236\">\n<p class=\"\" data-start=\"2221\" data-end=\"2236\">Kabel: Ing\u00e5r ej<\/p>\n<\/li>\n<li class=\"\" data-start=\"2237\" data-end=\"2270\">\n<p class=\"\" data-start=\"2239\" data-end=\"2270\">L\u00e5styp: Enkel- och dubbelfall\u00e5s<\/p>\n<\/li>\n<li class=\"\" data-start=\"2271\" data-end=\"2299\">\n<p class=\"\" data-start=\"2273\" data-end=\"2299\">F\u00e4rg\/Ytbehandling: Rostfri<\/p>\n<\/li>\n<li class=\"\" data-start=\"2300\" data-end=\"2339\">\n<p class=\"\" data-start=\"2302\" data-end=\"2339\">Bed\u00f6mningar: SundaHus, Byggvarubed\u00f6md<\/p>\n<\/li>\n<\/ul>","protected":false},"excerpt":{"rendered":"<p>H\u00e4r kan se vilka stolpar och modeller som passar ihop fr\u00e5n STEP sortimentet av Elslutbleck.<\/p>\n<h5><strong><a href=\"https:\/\/steplock.com\/sv\/stolpguide\/#!?lang=sv&amp;blog_id=1&amp;paged=1&amp;number=50\" target=\"_blank\" rel=\"noopener\">STEP Stolpguide\u00a0<\/a><\/strong><\/h5>\n<h5><strong><a href=\"https:\/\/steplock.com\/sv\/projekteringsguide\/#!?lang=sv&amp;blog_id=1&amp;paged=1&amp;number=999\" target=\"_blank\" rel=\"noopener\">STEP projekteringsguide<\/a><\/strong><\/h5>","protected":false},"featured_media":81785,"template":"","meta":{"_acf_changed":false},"product_brand":[],"product_cat":[2313],"product_tag":[3422,3424],"class_list":{"0":"post-61335","1":"product","2":"type-product","3":"status-publish","4":"has-post-thumbnail","6":"product_cat-step-elslutbleck","7":"product_tag-12v","8":"product_tag-rattvand","9":"product_shipping_class-tunga-paket","10":"pa_brands-step","11":"tm-no-options","13":"first","14":"onbackorder","15":"sale","16":"taxable","17":"shipping-taxable","18":"product-type-simple"},"acf":[],"_links":{"self":[{"href":"https:\/\/stonehouse.se\/en\/wp-json\/wp\/v2\/product\/61335","targetHints":{"allow":["GET"]}}],"collection":[{"href":"https:\/\/stonehouse.se\/en\/wp-json\/wp\/v2\/product"}],"about":[{"href":"https:\/\/stonehouse.se\/en\/wp-json\/wp\/v2\/types\/product"}],"wp:featuredmedia":[{"embeddable":true,"href":"https:\/\/stonehouse.se\/en\/wp-json\/wp\/v2\/media\/81785"}],"wp:attachment":[{"href":"https:\/\/stonehouse.se\/en\/wp-json\/wp\/v2\/media?parent=61335"}],"wp:term":[{"taxonomy":"product_brand","embeddable":true,"href":"https:\/\/stonehouse.se\/en\/wp-json\/wp\/v2\/product_brand?post=61335"},{"taxonomy":"product_cat","embeddable":true,"href":"https:\/\/stonehouse.se\/en\/wp-json\/wp\/v2\/product_cat?post=61335"},{"taxonomy":"product_tag","embeddable":true,"href":"https:\/\/stonehouse.se\/en\/wp-json\/wp\/v2\/product_tag?post=61335"}],"curies":[{"name":"wp","href":"https:\/\/api.w.org\/{rel}","templated":true}]}}