
{"id":61349,"date":"2023-09-26T13:07:01","date_gmt":"2023-09-26T11:07:01","guid":{"rendered":"https:\/\/stonehouse.se\/produkt\/elslutbleck-step-18-vanster-omvand-24v-12mm-regel\/"},"modified":"2026-04-08T16:39:02","modified_gmt":"2026-04-08T14:39:02","slug":"elslutbleck-step-18-vanster-omvand-24v-12mm-regel","status":"publish","type":"product","link":"https:\/\/stonehouse.se\/en\/product\/elslutbleck-step-18-vanster-omvand-24v-12mm-regel\/","title":{"rendered":"Elslutbleck STEP 18 V\u00e4nster Omv\u00e4nd 24V 12mm Regel"},"content":{"rendered":"<h1>Elslutbleck STEP 18 V\u00e4nster Omv\u00e4nd 24V 12mm Regel<\/h1>\n<p>STEP 18 Secure \u00e4r ett brandgodk\u00e4nt h\u00f6gs\u00e4kerhets elslutbleck f\u00f6r regell\u00e5s med 12 mm kolv i Modul-serien, designat f\u00f6r s\u00e4kerhetsd\u00f6rrar med h\u00f6ga krav p\u00e5 intr\u00e5ngsskydd och snabb l\u00e5sning.<\/p>\n<p class=\"\" data-start=\"389\" data-end=\"786\">Elslutbleck STEP 18 Secure erbjuder h\u00f6gsta s\u00e4kerhet f\u00f6r d\u00f6rrar som kr\u00e4ver snabb och slitstark l\u00e5sning och uppl\u00e5sning, vilket g\u00f6r det perfekt f\u00f6r d\u00f6rrar med h\u00f6gt antal in- och utpasseringar.<\/p>\n<p class=\"\" data-start=\"389\" data-end=\"786\">Godk\u00e4nt f\u00f6r l\u00e5sning av s\u00e4kerhetsd\u00f6rrar upp till RC4 och brandgodk\u00e4nt upp till E\/EI 60, det ger h\u00f6g s\u00e4kerhet f\u00f6r kritiska milj\u00f6er som f\u00e4ngelser, banker och andra s\u00e4kerhetsanl\u00e4ggningar.<\/p>\n<p class=\"\" data-start=\"788\" data-end=\"1129\">Med en bryth\u00e5llfasthet p\u00e5 15 kN (ca 1500 kg) och f\u00f6rm\u00e5ga att \u00f6ppna trots listtryck p\u00e5 5 kN (ca 500 kg) i b\u00e5de r\u00e4ttv\u00e4nd och omv\u00e4nd funktion, erbjuder STEP 18 Secure b\u00e5de p\u00e5litlighet och s\u00e4kerhet.<\/p>\n<p class=\"\" data-start=\"788\" data-end=\"1129\">Den omv\u00e4nda funktionen g\u00f6r att d\u00f6rren \u00e4r ol\u00e5st i str\u00f6ml\u00f6st l\u00e4ge, vilket g\u00f6r det idealiskt f\u00f6r applikationer d\u00e4r d\u00f6rren m\u00e5ste kunna \u00f6ppnas snabbt.<\/p>\n<p class=\"\" data-start=\"1131\" data-end=\"1368\">Elslutblecket \u00e4r utrustat med en inbyggd kolvkontakt f\u00f6r att indikera d\u00f6rrens st\u00e4ngda\/\u00f6ppna status, vilket g\u00f6r integration med passersystem och larmanl\u00e4ggningar enkel. 5 meter halogenfri anslutningskabel ing\u00e5r f\u00f6r en smidig installation.<\/p>\n<p class=\"\" data-start=\"1370\" data-end=\"1385\"><strong data-start=\"1370\" data-end=\"1385\">Egenskaper:<\/strong><\/p>\n<ul data-start=\"1386\" data-end=\"1954\">\n<li class=\"\" data-start=\"1386\" data-end=\"1430\">\n<p class=\"\" data-start=\"1388\" data-end=\"1430\">F\u00f6r regell\u00e5s med 12 mm kolv i Modul-serien<\/p>\n<\/li>\n<li class=\"\" data-start=\"1431\" data-end=\"1473\">\n<p class=\"\" data-start=\"1433\" data-end=\"1473\">Omv\u00e4nd funktion (ol\u00e5st i str\u00f6ml\u00f6st l\u00e4ge)<\/p>\n<\/li>\n<li class=\"\" data-start=\"1474\" data-end=\"1500\">\n<p class=\"\" data-start=\"1476\" data-end=\"1500\">F\u00f6r v\u00e4nsterh\u00e4ngda d\u00f6rrar<\/p>\n<\/li>\n<li class=\"\" data-start=\"1501\" data-end=\"1532\">\n<p class=\"\" data-start=\"1503\" data-end=\"1532\">Brandgodk\u00e4nd upp till E\/EI 60<\/p>\n<\/li>\n<li class=\"\" data-start=\"1533\" data-end=\"1643\">\n<p class=\"\" data-start=\"1535\" data-end=\"1643\">Inbyggd indikering f\u00f6r d\u00f6rrstatus (st\u00e4ngd\/\u00f6ppen) och l\u00e5sstatus (l\u00e5st\/ol\u00e5st) via kolvkontakt och sp\u00e4rrkontakt<\/p>\n<\/li>\n<li class=\"\" data-start=\"1644\" data-end=\"1682\">\n<p class=\"\" data-start=\"1646\" data-end=\"1682\">Skyddsdiod inbyggd f\u00f6r \u00f6kad s\u00e4kerhet<\/p>\n<\/li>\n<li class=\"\" data-start=\"1683\" data-end=\"1722\">\n<p class=\"\" data-start=\"1685\" data-end=\"1722\">Bryth\u00e5llfasthet p\u00e5 15 kN (ca 1500 kg)<\/p>\n<\/li>\n<li class=\"\" data-start=\"1723\" data-end=\"1803\">\n<p class=\"\" data-start=\"1725\" data-end=\"1803\">\u00d6ppnar trots listtryck p\u00e5 5 kN (ca 500 kg) i b\u00e5de r\u00e4ttv\u00e4nd och omv\u00e4nd funktion<\/p>\n<\/li>\n<li class=\"\" data-start=\"1804\" data-end=\"1863\">\n<p class=\"\" data-start=\"1806\" data-end=\"1863\">Knacks\u00e4krad och v\u00e4ndbar f\u00f6r b\u00e5de h\u00f6ger- och v\u00e4nsterd\u00f6rrar<\/p>\n<\/li>\n<li class=\"\" data-start=\"1864\" data-end=\"1910\">\n<p class=\"\" data-start=\"1866\" data-end=\"1910\">Klarar utl\u00e5sning av hakregel eller rak regel<\/p>\n<\/li>\n<li class=\"\" data-start=\"1911\" data-end=\"1954\">\n<p class=\"\" data-start=\"1913\" data-end=\"1954\">5 meter halogenfri anslutningskabel ing\u00e5r<\/p>\n<\/li>\n<\/ul>\n<p class=\"\" data-start=\"1956\" data-end=\"1985\"><strong data-start=\"1956\" data-end=\"1985\">Tekniska specifikationer:<\/strong><\/p>\n<ul data-start=\"1986\" data-end=\"2627\">\n<li class=\"\" data-start=\"1986\" data-end=\"2077\">\n<p class=\"\" data-start=\"1988\" data-end=\"2077\">Sp\u00e4nningsmatning: 12 V DC (+15% -10%) 639 mA ol\u00e5st eller 24 V DC (+15% -10%) 313 mA ol\u00e5st<\/p>\n<\/li>\n<li class=\"\" data-start=\"2078\" data-end=\"2142\">\n<p class=\"\" data-start=\"2080\" data-end=\"2142\">Kolvkontakt: Mikrobrytare enpoligt v\u00e4xlande, max. 30 V DC, 1 A<\/p>\n<\/li>\n<li class=\"\" data-start=\"2143\" data-end=\"2183\">\n<p class=\"\" data-start=\"2145\" data-end=\"2183\">Durability: Grade Y enligt SS-EN 14846<\/p>\n<\/li>\n<li class=\"\" data-start=\"2184\" data-end=\"2223\">\n<p class=\"\" data-start=\"2186\" data-end=\"2223\">Corrosion: Grade M enligt SS-EN 14846<\/p>\n<\/li>\n<li class=\"\" data-start=\"2224\" data-end=\"2262\">\n<p class=\"\" data-start=\"2226\" data-end=\"2262\">Security: Grade 7 enligt SS-EN 14846<\/p>\n<\/li>\n<li class=\"\" data-start=\"2263\" data-end=\"2353\">\n<p class=\"\" data-start=\"2265\" data-end=\"2353\">Security electrical manipulation: Grade 3 (r\u00e4ttv\u00e4nd) Grade 1 (omv\u00e4nd) enligt SS-EN 14846<\/p>\n<\/li>\n<li class=\"\" data-start=\"2354\" data-end=\"2375\">\n<p class=\"\" data-start=\"2356\" data-end=\"2375\">Brandtestad: 60 min<\/p>\n<\/li>\n<li class=\"\" data-start=\"2376\" data-end=\"2402\">\n<p class=\"\" data-start=\"2378\" data-end=\"2402\">Bryth\u00e5llfasthet: 1500 kg<\/p>\n<\/li>\n<li class=\"\" data-start=\"2403\" data-end=\"2426\">\n<p class=\"\" data-start=\"2405\" data-end=\"2426\">D\u00f6rrh\u00e4ngning: V\u00e4nster<\/p>\n<\/li>\n<li class=\"\" data-start=\"2427\" data-end=\"2481\">\n<p class=\"\" data-start=\"2429\" data-end=\"2481\">Kabel ing\u00e5r: Ja, 5 meter halogenfri anslutningskabel<\/p>\n<\/li>\n<li class=\"\" data-start=\"2482\" data-end=\"2501\">\n<p class=\"\" data-start=\"2484\" data-end=\"2501\">Listtryck: 500 kg<\/p>\n<\/li>\n<li class=\"\" data-start=\"2502\" data-end=\"2533\">\n<p class=\"\" data-start=\"2504\" data-end=\"2533\">L\u00e5styp: Hakregell\u00e5s, Regell\u00e5s<\/p>\n<\/li>\n<li class=\"\" data-start=\"2534\" data-end=\"2588\">\n<p class=\"\" data-start=\"2536\" data-end=\"2588\">Produktm\u00e5tt: Bredd: 35 mm, Djup: 40 mm, H\u00f6jd: 230 mm<\/p>\n<\/li>\n<li class=\"\" data-start=\"2589\" data-end=\"2606\">\n<p class=\"\" data-start=\"2591\" data-end=\"2606\">Kolvkontakt: Ja<\/p>\n<\/li>\n<li class=\"\" data-start=\"2607\" data-end=\"2627\">\n<p class=\"\" data-start=\"2609\" data-end=\"2627\">Sp\u00e4nning AC\/DC: DC<\/p>\n<\/li>\n<\/ul>","protected":false},"excerpt":{"rendered":"<p>H\u00e4r kan se vilka stolpar och modeller som passar ihop fr\u00e5n STEP sortimentet av Elslutbleck.<\/p>\n<h5><strong><a href=\"https:\/\/steplock.com\/sv\/stolpguide\/#!?lang=sv&amp;blog_id=1&amp;paged=1&amp;number=50\" target=\"_blank\" rel=\"noopener\">STEP Stolpguide\u00a0<\/a><\/strong><\/h5>\n<h5><strong><a href=\"https:\/\/steplock.com\/sv\/projekteringsguide\/#!?lang=sv&amp;blog_id=1&amp;paged=1&amp;number=999\" target=\"_blank\" rel=\"noopener\">STEP projekteringsguide<\/a><\/strong><\/h5>","protected":false},"featured_media":81876,"template":"","meta":{"_acf_changed":false},"product_brand":[],"product_cat":[2313],"product_tag":[3421,3425],"class_list":{"0":"post-61349","1":"product","2":"type-product","3":"status-publish","4":"has-post-thumbnail","6":"product_cat-step-elslutbleck","7":"product_tag-24v","8":"product_tag-omvand","9":"product_shipping_class-tunga-paket","10":"pa_brands-step","11":"tm-no-options","13":"first","14":"onbackorder","15":"sale","16":"taxable","17":"shipping-taxable","18":"product-type-simple"},"acf":[],"_links":{"self":[{"href":"https:\/\/stonehouse.se\/en\/wp-json\/wp\/v2\/product\/61349","targetHints":{"allow":["GET"]}}],"collection":[{"href":"https:\/\/stonehouse.se\/en\/wp-json\/wp\/v2\/product"}],"about":[{"href":"https:\/\/stonehouse.se\/en\/wp-json\/wp\/v2\/types\/product"}],"wp:featuredmedia":[{"embeddable":true,"href":"https:\/\/stonehouse.se\/en\/wp-json\/wp\/v2\/media\/81876"}],"wp:attachment":[{"href":"https:\/\/stonehouse.se\/en\/wp-json\/wp\/v2\/media?parent=61349"}],"wp:term":[{"taxonomy":"product_brand","embeddable":true,"href":"https:\/\/stonehouse.se\/en\/wp-json\/wp\/v2\/product_brand?post=61349"},{"taxonomy":"product_cat","embeddable":true,"href":"https:\/\/stonehouse.se\/en\/wp-json\/wp\/v2\/product_cat?post=61349"},{"taxonomy":"product_tag","embeddable":true,"href":"https:\/\/stonehouse.se\/en\/wp-json\/wp\/v2\/product_tag?post=61349"}],"curies":[{"name":"wp","href":"https:\/\/api.w.org\/{rel}","templated":true}]}}