
{"id":61358,"date":"2023-09-26T13:07:04","date_gmt":"2023-09-26T11:07:04","guid":{"rendered":"https:\/\/stonehouse.se\/produkt\/elslutbleck-step-98-omstallbar-24v\/"},"modified":"2026-04-08T16:28:28","modified_gmt":"2026-04-08T14:28:28","slug":"elslutbleck-step-98-omstallbar-24v","status":"publish","type":"product","link":"https:\/\/stonehouse.se\/en\/product\/elslutbleck-step-98-omstallbar-24v\/","title":{"rendered":"Elslutbleck STEP 98 Omst\u00e4llbar 24V"},"content":{"rendered":"<p>Elslutbleck STEP 98 Omst\u00e4llbar 24VSTEP 98 Preload \u00e4r ett brandgodk\u00e4nt elslutbleck med omst\u00e4llbar funktion, designat f\u00f6r s\u00e4kerhetsd\u00f6rrar som l\u00e5ses med vred eller nyckel.Elslutbleck STEP 98 Utrustad med HPR\u00ae-teknik, skyddsdiod och h\u00f6g bryth\u00e5llfasthet.<\/p>\n<p class=\"\" data-start=\"345\" data-end=\"805\">Preload \u00e4r ett h\u00f6gs\u00e4kerhets elslutbleck som erbjuder b\u00e5de p\u00e5litlig s\u00e4kerhet och funktionalitet f\u00f6r d\u00f6rrar som l\u00e5ses med vred eller nyckel.<\/p>\n<p class=\"\" data-start=\"345\" data-end=\"805\">Certifierad f\u00f6r brandmotst\u00e5nd upp till E\/EI 120 enligt SS-EN 14846:2008, detta elslutbleck s\u00e4kerst\u00e4ller att d\u00f6rren f\u00f6rblir l\u00e5st under extrema f\u00f6rh\u00e5llanden.<\/p>\n<p class=\"\" data-start=\"345\" data-end=\"805\">STEP 98 \u00e4r utrustad med STEPs patenterade listtrycksteknik som g\u00f6r att d\u00f6rren kan l\u00e5sas upp \u00e4ven vid ett listtryck p\u00e5 upp till 40 kg.<\/p>\n<p class=\"\" data-start=\"807\" data-end=\"1111\">Den omst\u00e4llbara funktionen (r\u00e4ttv\u00e4nd eller omv\u00e4nd) g\u00f6r att STEP 98 kan anpassas efter installationsbehov, vilket ger \u00f6kad flexibilitet f\u00f6r olika d\u00f6rrsystem.<\/p>\n<p class=\"\" data-start=\"807\" data-end=\"1111\">Det \u00e4r \u00e4ven utrustat med en kolvkontakt som ger indikation p\u00e5 d\u00f6rrens status (st\u00e4ngd\/\u00f6ppen) f\u00f6r integration med passersystem och larmanl\u00e4ggningar.<\/p>\n<p class=\"\" data-start=\"1113\" data-end=\"1305\">Med en bryth\u00e5llfasthet p\u00e5 9 kN (ca 900 kg), knacks\u00e4ker design, och f\u00f6rm\u00e5ga att \u00f6ppna trots listtryck p\u00e5 upp till 40 kg, erbjuder STEP 98 p\u00e5litlig prestanda i b\u00e5de r\u00e4ttv\u00e4nd och omv\u00e4nd funktion.<\/p>\n<p class=\"\" data-start=\"1307\" data-end=\"1322\"><strong data-start=\"1307\" data-end=\"1322\">Egenskaper:<\/strong><\/p>\n<ul data-start=\"1323\" data-end=\"1863\">\n<li class=\"\" data-start=\"1323\" data-end=\"1402\">\n<p class=\"\" data-start=\"1325\" data-end=\"1402\">Omst\u00e4llbar r\u00e4ttv\u00e4nd eller omv\u00e4nd funktion (l\u00e5st eller ol\u00e5st i str\u00f6ml\u00f6st l\u00e4ge)<\/p>\n<\/li>\n<li class=\"\" data-start=\"1403\" data-end=\"1459\">\n<p class=\"\" data-start=\"1405\" data-end=\"1459\">Brandgodk\u00e4nd upp till E\/EI 120 enligt SS-EN 14846:2008<\/p>\n<\/li>\n<li class=\"\" data-start=\"1460\" data-end=\"1508\">\n<p class=\"\" data-start=\"1462\" data-end=\"1508\">Skyddsdiod inbyggd f\u00f6r \u00f6kad elektrisk s\u00e4kerhet<\/p>\n<\/li>\n<li class=\"\" data-start=\"1509\" data-end=\"1567\">\n<p class=\"\" data-start=\"1511\" data-end=\"1567\">Indikering f\u00f6r d\u00f6rrstatus (st\u00e4ngd\/\u00f6ppen) via kolvkontakt<\/p>\n<\/li>\n<li class=\"\" data-start=\"1568\" data-end=\"1605\">\n<p class=\"\" data-start=\"1570\" data-end=\"1605\">Bryth\u00e5llfasthet p\u00e5 9 kN (ca 900 kg)<\/p>\n<\/li>\n<li class=\"\" data-start=\"1606\" data-end=\"1705\">\n<p class=\"\" data-start=\"1608\" data-end=\"1705\">Garanterar \u00f6ppning trots listtryck p\u00e5 upp till 40 kg (0,4 kN) i b\u00e5de r\u00e4ttv\u00e4nd och omv\u00e4nd funktion<\/p>\n<\/li>\n<li class=\"\" data-start=\"1706\" data-end=\"1765\">\n<p class=\"\" data-start=\"1708\" data-end=\"1765\">Knacks\u00e4krad och v\u00e4ndbar f\u00f6r b\u00e5de h\u00f6ger- och v\u00e4nsterd\u00f6rrar<\/p>\n<\/li>\n<li class=\"\" data-start=\"1766\" data-end=\"1812\">\n<p class=\"\" data-start=\"1768\" data-end=\"1812\">Klarar utl\u00e5sning av hakregel eller rak regel<\/p>\n<\/li>\n<li class=\"\" data-start=\"1813\" data-end=\"1863\">\n<p class=\"\" data-start=\"1815\" data-end=\"1863\">Mikrobrytare enpoligt v\u00e4xlande, max. 30 V DC, 1A<\/p>\n<\/li>\n<\/ul>\n<p class=\"\" data-start=\"1865\" data-end=\"1894\"><strong data-start=\"1865\" data-end=\"1894\">Tekniska specifikationer:<\/strong><\/p>\n<ul data-start=\"1895\" data-end=\"2433\">\n<li class=\"\" data-start=\"1895\" data-end=\"2002\">\n<p class=\"\" data-start=\"1897\" data-end=\"2002\">Sp\u00e4nningsmatning: 12 V DC (+15% -10%) 220 mAh \/ max 600 mA eller 24 V DC (+15% -10%) 110 mAh \/ max 300 mA<\/p>\n<\/li>\n<li class=\"\" data-start=\"2003\" data-end=\"2043\">\n<p class=\"\" data-start=\"2005\" data-end=\"2043\">Durability: Grade X enligt SS-EN 14846<\/p>\n<\/li>\n<li class=\"\" data-start=\"2044\" data-end=\"2083\">\n<p class=\"\" data-start=\"2046\" data-end=\"2083\">Corrosion: Grade M enligt SS-EN 14846<\/p>\n<\/li>\n<li class=\"\" data-start=\"2084\" data-end=\"2122\">\n<p class=\"\" data-start=\"2086\" data-end=\"2122\">Security: Grade 3 enligt SS-EN 14846<\/p>\n<\/li>\n<li class=\"\" data-start=\"2123\" data-end=\"2185\">\n<p class=\"\" data-start=\"2125\" data-end=\"2185\">Security electrical manipulation: Grade 1 enligt SS-EN 14846<\/p>\n<\/li>\n<li class=\"\" data-start=\"2186\" data-end=\"2208\">\n<p class=\"\" data-start=\"2188\" data-end=\"2208\">Brandtestad: 120 min<\/p>\n<\/li>\n<li class=\"\" data-start=\"2209\" data-end=\"2234\">\n<p class=\"\" data-start=\"2211\" data-end=\"2234\">Bryth\u00e5llfasthet: 900 kg<\/p>\n<\/li>\n<li class=\"\" data-start=\"2235\" data-end=\"2265\">\n<p class=\"\" data-start=\"2237\" data-end=\"2265\">D\u00f6rrh\u00e4ngning: H\u00f6ger, V\u00e4nster<\/p>\n<\/li>\n<li class=\"\" data-start=\"2266\" data-end=\"2284\">\n<p class=\"\" data-start=\"2268\" data-end=\"2284\">Kabel ing\u00e5r: Nej<\/p>\n<\/li>\n<li class=\"\" data-start=\"2285\" data-end=\"2303\">\n<p class=\"\" data-start=\"2287\" data-end=\"2303\">Listtryck: 40 kg<\/p>\n<\/li>\n<li class=\"\" data-start=\"2304\" data-end=\"2339\">\n<p class=\"\" data-start=\"2306\" data-end=\"2339\">L\u00e5styp: Enkelfall\u00e5s, Dubbelfall\u00e5s<\/p>\n<\/li>\n<li class=\"\" data-start=\"2340\" data-end=\"2393\">\n<p class=\"\" data-start=\"2342\" data-end=\"2393\">Produktm\u00e5tt: Bredd: 25 mm, Djup: 35 mm, H\u00f6jd: 90 mm<\/p>\n<\/li>\n<li class=\"\" data-start=\"2394\" data-end=\"2412\">\n<p class=\"\" data-start=\"2396\" data-end=\"2412\">Kolvkontakt: Nej<\/p>\n<\/li>\n<li class=\"\" data-start=\"2413\" data-end=\"2433\">\n<p class=\"\" data-start=\"2415\" data-end=\"2433\">Sp\u00e4nning AC\/DC: DC<\/p>\n<\/li>\n<\/ul>","protected":false},"excerpt":{"rendered":"<p>H\u00e4r kan se vilka stolpar och modeller som passar ihop fr\u00e5n STEP sortimentet av Elslutbleck.<\/p>\n<h5><strong><a href=\"https:\/\/steplock.com\/sv\/stolpguide\/#!?lang=sv&amp;blog_id=1&amp;paged=1&amp;number=50\" target=\"_blank\" rel=\"noopener\">STEP Stolpguide\u00a0<\/a><\/strong><\/h5>\n<h5><strong><a href=\"https:\/\/steplock.com\/sv\/projekteringsguide\/#!?lang=sv&amp;blog_id=1&amp;paged=1&amp;number=999\" target=\"_blank\" rel=\"noopener\">STEP projekteringsguide<\/a><\/strong><\/h5>","protected":false},"featured_media":82086,"template":"","meta":{"_acf_changed":false},"product_brand":[],"product_cat":[2313],"product_tag":[3421,3426],"class_list":{"0":"post-61358","1":"product","2":"type-product","3":"status-publish","4":"has-post-thumbnail","6":"product_cat-step-elslutbleck","7":"product_tag-24v","8":"product_tag-omstallbar-rattvand-omvand","9":"product_shipping_class-tunga-paket","10":"pa_brands-step","11":"tm-no-options","13":"first","14":"outofstock","15":"sale","16":"taxable","17":"shipping-taxable","18":"product-type-simple"},"acf":[],"_links":{"self":[{"href":"https:\/\/stonehouse.se\/en\/wp-json\/wp\/v2\/product\/61358","targetHints":{"allow":["GET"]}}],"collection":[{"href":"https:\/\/stonehouse.se\/en\/wp-json\/wp\/v2\/product"}],"about":[{"href":"https:\/\/stonehouse.se\/en\/wp-json\/wp\/v2\/types\/product"}],"wp:featuredmedia":[{"embeddable":true,"href":"https:\/\/stonehouse.se\/en\/wp-json\/wp\/v2\/media\/82086"}],"wp:attachment":[{"href":"https:\/\/stonehouse.se\/en\/wp-json\/wp\/v2\/media?parent=61358"}],"wp:term":[{"taxonomy":"product_brand","embeddable":true,"href":"https:\/\/stonehouse.se\/en\/wp-json\/wp\/v2\/product_brand?post=61358"},{"taxonomy":"product_cat","embeddable":true,"href":"https:\/\/stonehouse.se\/en\/wp-json\/wp\/v2\/product_cat?post=61358"},{"taxonomy":"product_tag","embeddable":true,"href":"https:\/\/stonehouse.se\/en\/wp-json\/wp\/v2\/product_tag?post=61358"}],"curies":[{"name":"wp","href":"https:\/\/api.w.org\/{rel}","templated":true}]}}