
{"id":61364,"date":"2023-09-26T13:07:07","date_gmt":"2023-09-26T11:07:07","guid":{"rendered":"https:\/\/stonehouse.se\/produkt\/elslutbleck-step-98-omstallbar-24v-kolvkontakt\/"},"modified":"2026-04-08T16:37:49","modified_gmt":"2026-04-08T14:37:49","slug":"elslutbleck-step-98-omstallbar-24v-kolvkontakt","status":"publish","type":"product","link":"https:\/\/stonehouse.se\/en\/product\/elslutbleck-step-98-omstallbar-24v-kolvkontakt\/","title":{"rendered":"Elslutbleck STEP 98 Omst\u00e4llbar 24V Kolvkontakt"},"content":{"rendered":"<h1>Elslutbleck STEP 98 Omst\u00e4llbar 24V Kolvkontakt<\/h1>\n<p>Elslutbleck STEP 98 Omst\u00e4llbar 24V KolvkontaktSTEP 98 Preload \u00e4r ett brandgodk\u00e4nt elslutbleck med omst\u00e4llbar funktion, perfekt f\u00f6r d\u00f6rrar som l\u00e5ses med vred eller nyckel.Utrustad med kolvkontakt och HPR\u00ae-teknik f\u00f6r h\u00f6g s\u00e4kerhet och tillf\u00f6rlitlighet.Elslutbleck STEP 98 Preload \u00e4r ett h\u00f6gkvalitativt elslutbleck designat f\u00f6r s\u00e4kerhetsd\u00f6rrar och utrymmen som kr\u00e4ver l\u00e5sning med vred eller nyckel.Det \u00e4r s\u00e4rskilt bra f\u00f6r installationer d\u00e4r b\u00e5de brandmotst\u00e5nd och s\u00e4kerhet \u00e4r viktiga, s\u00e5som i byggnader med strikta brandkrav.STEP 98 \u00e4r brandgodk\u00e4nt upp till E\/EI 120 enligt SS-EN 14846:2008 och klarar d\u00e4rf\u00f6r av att st\u00e5 emot brand i upp till 120 minuter.<\/p>\n<p class=\"\" data-start=\"787\" data-end=\"1157\">En av de unika funktionerna hos STEP 98 \u00e4r m\u00f6jligheten att installera en regelindikering (ST4880) som g\u00f6r det m\u00f6jligt att blockera d\u00f6rrens passersystem eller d\u00f6rrautomatik n\u00e4r l\u00e5shusets hakregel eller raka regel \u00e4r mekaniskt l\u00e5st ut.<\/p>\n<p class=\"\" data-start=\"787\" data-end=\"1157\">STEP 98 \u00e4r utrustat med STEPs patenterade listtrycksteknik, vilket inneb\u00e4r att d\u00f6rren kan \u00f6ppnas trots ett listtryck p\u00e5 upp till 40 kg.<\/p>\n<p class=\"\" data-start=\"1159\" data-end=\"1406\">Den omst\u00e4llbara funktionen (r\u00e4ttv\u00e4nd eller omv\u00e4nd) ger flexibilitet, och den inbyggda kolvkontakten g\u00f6r det m\u00f6jligt att indikera d\u00f6rrens st\u00e4ngda\/\u00f6ppna status.<\/p>\n<p class=\"\" data-start=\"1159\" data-end=\"1406\">STEP 98 har en bryth\u00e5llfasthet p\u00e5 9 kN (ca 900 kg) och \u00e4r knacks\u00e4krad f\u00f6r \u00f6kad s\u00e4kerhet.<\/p>\n<p class=\"\" data-start=\"1408\" data-end=\"1423\"><strong data-start=\"1408\" data-end=\"1423\">Egenskaper:<\/strong><\/p>\n<ul data-start=\"1424\" data-end=\"1957\">\n<li class=\"\" data-start=\"1424\" data-end=\"1503\">\n<p class=\"\" data-start=\"1426\" data-end=\"1503\">Omst\u00e4llbar r\u00e4ttv\u00e4nd eller omv\u00e4nd funktion (l\u00e5st eller ol\u00e5st i str\u00f6ml\u00f6st l\u00e4ge)<\/p>\n<\/li>\n<li class=\"\" data-start=\"1504\" data-end=\"1562\">\n<p class=\"\" data-start=\"1506\" data-end=\"1562\">Kolvkontakt med indikering f\u00f6r d\u00f6rrstatus (st\u00e4ngd\/\u00f6ppen)<\/p>\n<\/li>\n<li class=\"\" data-start=\"1563\" data-end=\"1619\">\n<p class=\"\" data-start=\"1565\" data-end=\"1619\">Brandgodk\u00e4nd upp till E\/EI 120 enligt SS-EN 14846:2008<\/p>\n<\/li>\n<li class=\"\" data-start=\"1620\" data-end=\"1668\">\n<p class=\"\" data-start=\"1622\" data-end=\"1668\">Skyddsdiod inbyggd f\u00f6r \u00f6kad elektrisk s\u00e4kerhet<\/p>\n<\/li>\n<li class=\"\" data-start=\"1669\" data-end=\"1706\">\n<p class=\"\" data-start=\"1671\" data-end=\"1706\">Bryth\u00e5llfasthet p\u00e5 9 kN (ca 900 kg)<\/p>\n<\/li>\n<li class=\"\" data-start=\"1707\" data-end=\"1806\">\n<p class=\"\" data-start=\"1709\" data-end=\"1806\">Garanterar \u00f6ppning trots listtryck p\u00e5 upp till 40 kg (0,4 kN) i b\u00e5de r\u00e4ttv\u00e4nd och omv\u00e4nd funktion<\/p>\n<\/li>\n<li class=\"\" data-start=\"1807\" data-end=\"1866\">\n<p class=\"\" data-start=\"1809\" data-end=\"1866\">Knacks\u00e4krad och v\u00e4ndbar f\u00f6r b\u00e5de h\u00f6ger- och v\u00e4nsterd\u00f6rrar<\/p>\n<\/li>\n<li class=\"\" data-start=\"1867\" data-end=\"1913\">\n<p class=\"\" data-start=\"1869\" data-end=\"1913\">Klarar utl\u00e5sning av hakregel eller rak regel<\/p>\n<\/li>\n<li class=\"\" data-start=\"1914\" data-end=\"1957\">\n<p class=\"\" data-start=\"1916\" data-end=\"1957\">5 meter halogenfri anslutningskabel ing\u00e5r<\/p>\n<\/li>\n<\/ul>\n<p class=\"\" data-start=\"1959\" data-end=\"1988\"><strong data-start=\"1959\" data-end=\"1988\">Technical specifications:<\/strong><\/p>\n<ul data-start=\"1989\" data-end=\"2626\">\n<li class=\"\" data-start=\"1989\" data-end=\"2096\">\n<p class=\"\" data-start=\"1991\" data-end=\"2096\">Sp\u00e4nningsmatning: 12 V DC (+15% -10%) 220 mAh \/ max 600 mA eller 24 V DC (+15% -10%) 110 mAh \/ max 300 mA<\/p>\n<\/li>\n<li class=\"\" data-start=\"2097\" data-end=\"2160\">\n<p class=\"\" data-start=\"2099\" data-end=\"2160\">Kolvkontakt: Mikrobrytare enpoligt v\u00e4xlande, max. 30 V DC, 1A<\/p>\n<\/li>\n<li class=\"\" data-start=\"2161\" data-end=\"2201\">\n<p class=\"\" data-start=\"2163\" data-end=\"2201\">Durability: Grade X enligt SS-EN 14846<\/p>\n<\/li>\n<li class=\"\" data-start=\"2202\" data-end=\"2241\">\n<p class=\"\" data-start=\"2204\" data-end=\"2241\">Corrosion: Grade M enligt SS-EN 14846<\/p>\n<\/li>\n<li class=\"\" data-start=\"2242\" data-end=\"2280\">\n<p class=\"\" data-start=\"2244\" data-end=\"2280\">Security: Grade 3 enligt SS-EN 14846<\/p>\n<\/li>\n<li class=\"\" data-start=\"2281\" data-end=\"2343\">\n<p class=\"\" data-start=\"2283\" data-end=\"2343\">Security electrical manipulation: Grade 1 enligt SS-EN 14846<\/p>\n<\/li>\n<li class=\"\" data-start=\"2344\" data-end=\"2366\">\n<p class=\"\" data-start=\"2346\" data-end=\"2366\">Brandtestad: 120 min<\/p>\n<\/li>\n<li class=\"\" data-start=\"2367\" data-end=\"2392\">\n<p class=\"\" data-start=\"2369\" data-end=\"2392\">Bryth\u00e5llfasthet: 900 kg<\/p>\n<\/li>\n<li class=\"\" data-start=\"2393\" data-end=\"2423\">\n<p class=\"\" data-start=\"2395\" data-end=\"2423\">D\u00f6rrh\u00e4ngning: H\u00f6ger, V\u00e4nster<\/p>\n<\/li>\n<li class=\"\" data-start=\"2424\" data-end=\"2478\">\n<p class=\"\" data-start=\"2426\" data-end=\"2478\">Kabel ing\u00e5r: Ja, 5 meter halogenfri anslutningskabel<\/p>\n<\/li>\n<li class=\"\" data-start=\"2479\" data-end=\"2497\">\n<p class=\"\" data-start=\"2481\" data-end=\"2497\">Listtryck: 40 kg<\/p>\n<\/li>\n<li class=\"\" data-start=\"2498\" data-end=\"2533\">\n<p class=\"\" data-start=\"2500\" data-end=\"2533\">L\u00e5styp: Enkelfall\u00e5s, Dubbelfall\u00e5s<\/p>\n<\/li>\n<li class=\"\" data-start=\"2534\" data-end=\"2587\">\n<p class=\"\" data-start=\"2536\" data-end=\"2587\">Produktm\u00e5tt: Bredd: 25 mm, Djup: 35 mm, H\u00f6jd: 90 mm<\/p>\n<\/li>\n<li class=\"\" data-start=\"2588\" data-end=\"2605\">\n<p class=\"\" data-start=\"2590\" data-end=\"2605\">Kolvkontakt: Ja<\/p>\n<\/li>\n<li class=\"\" data-start=\"2606\" data-end=\"2626\">\n<p class=\"\" data-start=\"2608\" data-end=\"2626\">Sp\u00e4nning AC\/DC: DC<\/p>\n<\/li>\n<\/ul>","protected":false},"excerpt":{"rendered":"<p>H\u00e4r kan se vilka stolpar och modeller som passar ihop fr\u00e5n STEP sortimentet av Elslutbleck.<\/p>\n<h5><strong><a href=\"https:\/\/steplock.com\/sv\/stolpguide\/#!?lang=sv&amp;blog_id=1&amp;paged=1&amp;number=50\" target=\"_blank\" rel=\"noopener\">STEP Stolpguide\u00a0<\/a><\/strong><\/h5>\n<h5><strong><a href=\"https:\/\/steplock.com\/sv\/projekteringsguide\/#!?lang=sv&amp;blog_id=1&amp;paged=1&amp;number=999\" target=\"_blank\" rel=\"noopener\">STEP projekteringsguide<\/a><\/strong><\/h5>","protected":false},"featured_media":81788,"template":"","meta":{"_acf_changed":false},"product_brand":[],"product_cat":[2313],"product_tag":[3421,3426],"class_list":{"0":"post-61364","1":"product","2":"type-product","3":"status-publish","4":"has-post-thumbnail","6":"product_cat-step-elslutbleck","7":"product_tag-24v","8":"product_tag-omstallbar-rattvand-omvand","9":"product_shipping_class-tunga-paket","10":"pa_brands-step","11":"tm-no-options","13":"first","14":"onbackorder","15":"sale","16":"taxable","17":"shipping-taxable","18":"product-type-simple"},"acf":[],"_links":{"self":[{"href":"https:\/\/stonehouse.se\/en\/wp-json\/wp\/v2\/product\/61364","targetHints":{"allow":["GET"]}}],"collection":[{"href":"https:\/\/stonehouse.se\/en\/wp-json\/wp\/v2\/product"}],"about":[{"href":"https:\/\/stonehouse.se\/en\/wp-json\/wp\/v2\/types\/product"}],"wp:featuredmedia":[{"embeddable":true,"href":"https:\/\/stonehouse.se\/en\/wp-json\/wp\/v2\/media\/81788"}],"wp:attachment":[{"href":"https:\/\/stonehouse.se\/en\/wp-json\/wp\/v2\/media?parent=61364"}],"wp:term":[{"taxonomy":"product_brand","embeddable":true,"href":"https:\/\/stonehouse.se\/en\/wp-json\/wp\/v2\/product_brand?post=61364"},{"taxonomy":"product_cat","embeddable":true,"href":"https:\/\/stonehouse.se\/en\/wp-json\/wp\/v2\/product_cat?post=61364"},{"taxonomy":"product_tag","embeddable":true,"href":"https:\/\/stonehouse.se\/en\/wp-json\/wp\/v2\/product_tag?post=61364"}],"curies":[{"name":"wp","href":"https:\/\/api.w.org\/{rel}","templated":true}]}}