
{"id":61368,"date":"2023-09-26T13:07:10","date_gmt":"2023-09-26T11:07:10","guid":{"rendered":"https:\/\/stonehouse.se\/produkt\/elslutbleck-step-18-hoger-rattvand-12v-7mm-regel-connect\/"},"modified":"2026-04-08T16:22:56","modified_gmt":"2026-04-08T14:22:56","slug":"elslutbleck-step-18-hoger-rattvand-12v-7mm-regel-connect","status":"publish","type":"product","link":"https:\/\/stonehouse.se\/en\/product\/elslutbleck-step-18-hoger-rattvand-12v-7mm-regel-connect\/","title":{"rendered":"Elslutbleck STEP 18 H\u00f6ger R\u00e4ttv\u00e4nd 12V 7mm Regel Connect"},"content":{"rendered":"<h1>Elslutbleck STEP 18 H\u00f6ger R\u00e4ttv\u00e4nd 12V 7mm Regel Connect<\/h1>\n<p>STEP 18 Secure \u00e4r ett h\u00f6gs\u00e4kerhets elslutbleck f\u00f6r regell\u00e5s med 7mm kolv i Connect-serien.Brandgodk\u00e4nt upp till E\/EI 60 och med bryth\u00e5llfasthet p\u00e5 1500 kg, designat f\u00f6r d\u00f6rrar med h\u00f6ga s\u00e4kerhetskrav.<\/p>\n<p class=\"\" data-start=\"381\" data-end=\"737\">Elslutbleck STEP 18 Secure \u00e4r ett elektriskt h\u00f6gs\u00e4kerhetsl\u00e5s som erbjuder en kombination av snabb och slitstark l\u00e5sning och uppl\u00e5sning, idealiskt f\u00f6r d\u00f6rrar som hanterar h\u00f6g trafik.<\/p>\n<p class=\"\" data-start=\"381\" data-end=\"737\">Med sin 7 mm kolv och design f\u00f6r Connect-serien, passar det perfekt f\u00f6r s\u00e4kerhetsd\u00f6rrar som anv\u00e4nds i milj\u00f6er med strikta s\u00e4kerhetskrav, som f\u00e4ngelser och banker.<\/p>\n<p class=\"\" data-start=\"739\" data-end=\"1140\">Det \u00e4r godk\u00e4nt f\u00f6r l\u00e5sning av d\u00f6rrar upp till s\u00e4kerhetsklass RC4 och brandgodk\u00e4nt upp till E\/EI 60.<\/p>\n<p class=\"\" data-start=\"739\" data-end=\"1140\">STEP 18 Secure passar utm\u00e4rkt f\u00f6r anv\u00e4ndning i d\u00f6rrar med utrymningskrav eller i milj\u00f6er som kr\u00e4ver att d\u00f6rrarna \u00f6ppnas snabbt och ofta.<\/p>\n<p class=\"\" data-start=\"739\" data-end=\"1140\">Med en bryth\u00e5llfasthet p\u00e5 15 kN (ca 1500 kg) och f\u00f6rm\u00e5gan att \u00f6ppna trots listtryck p\u00e5 5 kN (ca 500 kg), garanterar STEP 18 b\u00e5de h\u00f6g s\u00e4kerhet och tillf\u00f6rlitlighet.<\/p>\n<p class=\"\" data-start=\"1142\" data-end=\"1387\">Den inbyggda kolvkontakten ger indikation p\u00e5 d\u00f6rrens status (st\u00e4ngd\/\u00f6ppen) samt l\u00e5sstatus (l\u00e5st\/ol\u00e5st), vilket g\u00f6r det l\u00e4tt att integrera med passersystem och larmanl\u00e4ggningar.<\/p>\n<p class=\"\" data-start=\"1142\" data-end=\"1387\">En 5 meter halogenfri anslutningskabel ing\u00e5r f\u00f6r enkel installation.<\/p>\n<p class=\"\" data-start=\"1389\" data-end=\"1404\"><strong data-start=\"1389\" data-end=\"1404\">Egenskaper:<\/strong><\/p>\n<ul data-start=\"1405\" data-end=\"1930\">\n<li class=\"\" data-start=\"1405\" data-end=\"1449\">\n<p class=\"\" data-start=\"1407\" data-end=\"1449\">F\u00f6r regell\u00e5s med 7mm kolv i Connect-serien<\/p>\n<\/li>\n<li class=\"\" data-start=\"1450\" data-end=\"1493\">\n<p class=\"\" data-start=\"1452\" data-end=\"1493\">R\u00e4ttv\u00e4nd funktion (l\u00e5st i str\u00f6ml\u00f6st l\u00e4ge)<\/p>\n<\/li>\n<li class=\"\" data-start=\"1494\" data-end=\"1518\">\n<p class=\"\" data-start=\"1496\" data-end=\"1518\">F\u00f6r h\u00f6gerh\u00e4ngda d\u00f6rrar<\/p>\n<\/li>\n<li class=\"\" data-start=\"1519\" data-end=\"1550\">\n<p class=\"\" data-start=\"1521\" data-end=\"1550\">Brandgodk\u00e4nd upp till E\/EI 60<\/p>\n<\/li>\n<li class=\"\" data-start=\"1551\" data-end=\"1602\">\n<p class=\"\" data-start=\"1553\" data-end=\"1602\">Mikrobrytare enpoligt v\u00e4xlande, max. 30 V DC, 1 A<\/p>\n<\/li>\n<li class=\"\" data-start=\"1603\" data-end=\"1705\">\n<p class=\"\" data-start=\"1605\" data-end=\"1705\">Indikering f\u00f6r d\u00f6rrstatus (st\u00e4ngd\/\u00f6ppen) och l\u00e5sstatus (l\u00e5st\/ol\u00e5st) via kolvkontakt och sp\u00e4rrkontakt<\/p>\n<\/li>\n<li class=\"\" data-start=\"1706\" data-end=\"1744\">\n<p class=\"\" data-start=\"1708\" data-end=\"1744\">Skyddsdiod inbyggd f\u00f6r \u00f6kad s\u00e4kerhet<\/p>\n<\/li>\n<li class=\"\" data-start=\"1745\" data-end=\"1784\">\n<p class=\"\" data-start=\"1747\" data-end=\"1784\">Bryth\u00e5llfasthet p\u00e5 15 kN (ca 1500 kg)<\/p>\n<\/li>\n<li class=\"\" data-start=\"1785\" data-end=\"1865\">\n<p class=\"\" data-start=\"1787\" data-end=\"1865\">\u00d6ppnar trots listtryck p\u00e5 5 kN (ca 500 kg) i b\u00e5de r\u00e4ttv\u00e4nd och omv\u00e4nd funktion<\/p>\n<\/li>\n<li class=\"\" data-start=\"1866\" data-end=\"1930\">\n<p class=\"\" data-start=\"1868\" data-end=\"1930\">Knacks\u00e4krad och inkluderar 5 meter halogenfri anslutningskabel<\/p>\n<\/li>\n<\/ul>\n<p class=\"\" data-start=\"1932\" data-end=\"1961\"><strong data-start=\"1932\" data-end=\"1961\">Tekniska specifikationer:<\/strong><\/p>\n<ul data-start=\"1962\" data-end=\"2601\">\n<li class=\"\" data-start=\"1962\" data-end=\"2053\">\n<p class=\"\" data-start=\"1964\" data-end=\"2053\">Sp\u00e4nningsmatning: 12 V DC (+15% -10%) 639 mA ol\u00e5st eller 24 V DC (+15% -10%) 313 mA ol\u00e5st<\/p>\n<\/li>\n<li class=\"\" data-start=\"2054\" data-end=\"2118\">\n<p class=\"\" data-start=\"2056\" data-end=\"2118\">Kolvkontakt: Mikrobrytare enpoligt v\u00e4xlande, max. 30 V DC, 1 A<\/p>\n<\/li>\n<li class=\"\" data-start=\"2119\" data-end=\"2159\">\n<p class=\"\" data-start=\"2121\" data-end=\"2159\">Durability: Grade Y enligt SS-EN 14846<\/p>\n<\/li>\n<li class=\"\" data-start=\"2160\" data-end=\"2199\">\n<p class=\"\" data-start=\"2162\" data-end=\"2199\">Corrosion: Grade M enligt SS-EN 14846<\/p>\n<\/li>\n<li class=\"\" data-start=\"2200\" data-end=\"2238\">\n<p class=\"\" data-start=\"2202\" data-end=\"2238\">Security: Grade 7 enligt SS-EN 14846<\/p>\n<\/li>\n<li class=\"\" data-start=\"2239\" data-end=\"2329\">\n<p class=\"\" data-start=\"2241\" data-end=\"2329\">Security electrical manipulation: Grade 3 (r\u00e4ttv\u00e4nd) Grade 1 (omv\u00e4nd) enligt SS-EN 14846<\/p>\n<\/li>\n<li class=\"\" data-start=\"2330\" data-end=\"2351\">\n<p class=\"\" data-start=\"2332\" data-end=\"2351\">Brandtestad: 60 min<\/p>\n<\/li>\n<li class=\"\" data-start=\"2352\" data-end=\"2378\">\n<p class=\"\" data-start=\"2354\" data-end=\"2378\">Bryth\u00e5llfasthet: 1500 kg<\/p>\n<\/li>\n<li class=\"\" data-start=\"2379\" data-end=\"2400\">\n<p class=\"\" data-start=\"2381\" data-end=\"2400\">D\u00f6rrh\u00e4ngning: H\u00f6ger<\/p>\n<\/li>\n<li class=\"\" data-start=\"2401\" data-end=\"2455\">\n<p class=\"\" data-start=\"2403\" data-end=\"2455\">Kabel ing\u00e5r: Ja, 5 meter halogenfri anslutningskabel<\/p>\n<\/li>\n<li class=\"\" data-start=\"2456\" data-end=\"2475\">\n<p class=\"\" data-start=\"2458\" data-end=\"2475\">Listtryck: 500 kg<\/p>\n<\/li>\n<li class=\"\" data-start=\"2476\" data-end=\"2507\">\n<p class=\"\" data-start=\"2478\" data-end=\"2507\">L\u00e5styp: Hakregell\u00e5s, Regell\u00e5s<\/p>\n<\/li>\n<li class=\"\" data-start=\"2508\" data-end=\"2562\">\n<p class=\"\" data-start=\"2510\" data-end=\"2562\">Produktm\u00e5tt: Bredd: 35 mm, Djup: 40 mm, H\u00f6jd: 230 mm<\/p>\n<\/li>\n<li class=\"\" data-start=\"2563\" data-end=\"2580\">\n<p class=\"\" data-start=\"2565\" data-end=\"2580\">Kolvkontakt: Ja<\/p>\n<\/li>\n<li class=\"\" data-start=\"2581\" data-end=\"2601\">\n<p class=\"\" data-start=\"2583\" data-end=\"2601\">Sp\u00e4nning AC\/DC: DC<\/p>\n<\/li>\n<\/ul>","protected":false},"excerpt":{"rendered":"<p>H\u00e4r kan se vilka stolpar och modeller som passar ihop fr\u00e5n STEP sortimentet av Elslutbleck.<\/p>\n<h5><strong><a href=\"https:\/\/steplock.com\/sv\/stolpguide\/#!?lang=sv&amp;blog_id=1&amp;paged=1&amp;number=50\" target=\"_blank\" rel=\"noopener\">STEP Stolpguide\u00a0<\/a><\/strong><\/h5>\n<h5><strong><a href=\"https:\/\/steplock.com\/sv\/projekteringsguide\/#!?lang=sv&amp;blog_id=1&amp;paged=1&amp;number=999\" target=\"_blank\" rel=\"noopener\">STEP projekteringsguide<\/a><\/strong><\/h5>","protected":false},"featured_media":82294,"template":"","meta":{"_acf_changed":false},"product_brand":[],"product_cat":[2313],"product_tag":[3422,3424],"class_list":{"0":"post-61368","1":"product","2":"type-product","3":"status-publish","4":"has-post-thumbnail","6":"product_cat-step-elslutbleck","7":"product_tag-12v","8":"product_tag-rattvand","9":"product_shipping_class-tunga-paket","10":"pa_brands-step","11":"tm-no-options","13":"first","14":"onbackorder","15":"sale","16":"taxable","17":"shipping-taxable","18":"product-type-simple"},"acf":[],"_links":{"self":[{"href":"https:\/\/stonehouse.se\/en\/wp-json\/wp\/v2\/product\/61368","targetHints":{"allow":["GET"]}}],"collection":[{"href":"https:\/\/stonehouse.se\/en\/wp-json\/wp\/v2\/product"}],"about":[{"href":"https:\/\/stonehouse.se\/en\/wp-json\/wp\/v2\/types\/product"}],"wp:featuredmedia":[{"embeddable":true,"href":"https:\/\/stonehouse.se\/en\/wp-json\/wp\/v2\/media\/82294"}],"wp:attachment":[{"href":"https:\/\/stonehouse.se\/en\/wp-json\/wp\/v2\/media?parent=61368"}],"wp:term":[{"taxonomy":"product_brand","embeddable":true,"href":"https:\/\/stonehouse.se\/en\/wp-json\/wp\/v2\/product_brand?post=61368"},{"taxonomy":"product_cat","embeddable":true,"href":"https:\/\/stonehouse.se\/en\/wp-json\/wp\/v2\/product_cat?post=61368"},{"taxonomy":"product_tag","embeddable":true,"href":"https:\/\/stonehouse.se\/en\/wp-json\/wp\/v2\/product_tag?post=61368"}],"curies":[{"name":"wp","href":"https:\/\/api.w.org\/{rel}","templated":true}]}}