
{"id":61369,"date":"2023-09-26T13:07:11","date_gmt":"2023-09-26T11:07:11","guid":{"rendered":"https:\/\/stonehouse.se\/produkt\/elslutbleck-step-28e-hoger-rattvand-12v-12mm-regel\/"},"modified":"2026-04-08T16:32:00","modified_gmt":"2026-04-08T14:32:00","slug":"elslutbleck-step-28e-hoger-rattvand-12v-12mm-regel","status":"publish","type":"product","link":"https:\/\/stonehouse.se\/en\/product\/elslutbleck-step-28e-hoger-rattvand-12v-12mm-regel\/","title":{"rendered":"Elslutbleck STEP 28E H\u00f6ger R\u00e4ttv\u00e4nd 12V 12mm Regel"},"content":{"rendered":"<h1>Elslutbleck STEP 28E H\u00f6ger R\u00e4ttv\u00e4nd 12V 12mm Regel<\/h1>\n<p>STEP 28E Secure \u00e4r ett brandgodk\u00e4nt elslutbleck med h\u00f6g intr\u00e5ngss\u00e4kerhet och en d\u00f6rrigenh\u00e5llande funktion.Perfekt f\u00f6r s\u00e4kerhetsd\u00f6rrar med h\u00f6ga krav p\u00e5 brandmotst\u00e5nd och utrymning.<\/p>\n<p class=\"\" data-start=\"349\" data-end=\"786\">Elslutbleck STEP 28E Secure \u00e4r en p\u00e5litlig l\u00f6sning f\u00f6r d\u00f6rrar som kr\u00e4ver b\u00e5de s\u00e4kerhet och brandmotst\u00e5nd, s\u00e4rskilt n\u00e4r utrymning och d\u00f6rrautomatik ska kombineras.<\/p>\n<p class=\"\" data-start=\"349\" data-end=\"786\">Det \u00e4r designat f\u00f6r att anv\u00e4ndas med regell\u00e5s med 12 mm kolv i Modul-serien och passar perfekt f\u00f6r h\u00f6gerh\u00e4ngda d\u00f6rrar.<\/p>\n<p class=\"\" data-start=\"349\" data-end=\"786\">STEP 28E Secure uppfyller brandkrav upp till E\/EI 60, vilket g\u00f6r det till ett utm\u00e4rkt val f\u00f6r d\u00f6rrar som beh\u00f6ver t\u00e5la brand i minst 60 minuter.<\/p>\n<p class=\"\" data-start=\"788\" data-end=\"1182\">Med sin inbyggda kolvkontakt kan d\u00f6rrstatus (st\u00e4ngd\/\u00f6ppen) och l\u00e5sstatus (l\u00e5st\/ol\u00e5st) enkelt integreras i passersystem och larmanl\u00e4ggningar.<\/p>\n<p class=\"\" data-start=\"788\" data-end=\"1182\">STEP 28E Secure har en bryth\u00e5llfasthet p\u00e5 \u00f6ver 15 kN (ca 1500 kg) och s\u00e4kerst\u00e4ller d\u00f6rrens \u00f6ppning trots ett listtryck p\u00e5 5 kN (ca 500 kg) i b\u00e5de r\u00e4ttv\u00e4nd och omv\u00e4nd funktion.<\/p>\n<p class=\"\" data-start=\"788\" data-end=\"1182\">Dessutom ing\u00e5r en 5 meter halogenfri anslutningskabel f\u00f6r enkel installation.<\/p>\n<p class=\"\" data-start=\"1184\" data-end=\"1199\"><strong data-start=\"1184\" data-end=\"1199\">Egenskaper:<\/strong><\/p>\n<ul data-start=\"1200\" data-end=\"1682\">\n<li class=\"\" data-start=\"1200\" data-end=\"1243\">\n<p class=\"\" data-start=\"1202\" data-end=\"1243\">F\u00f6r regell\u00e5s med 12mm kolv i Modul-serien<\/p>\n<\/li>\n<li class=\"\" data-start=\"1244\" data-end=\"1287\">\n<p class=\"\" data-start=\"1246\" data-end=\"1287\">R\u00e4ttv\u00e4nd funktion (l\u00e5st i str\u00f6ml\u00f6st l\u00e4ge)<\/p>\n<\/li>\n<li class=\"\" data-start=\"1288\" data-end=\"1312\">\n<p class=\"\" data-start=\"1290\" data-end=\"1312\">F\u00f6r h\u00f6gerh\u00e4ngda d\u00f6rrar<\/p>\n<\/li>\n<li class=\"\" data-start=\"1313\" data-end=\"1344\">\n<p class=\"\" data-start=\"1315\" data-end=\"1344\">Brandgodk\u00e4nd upp till E\/EI 60<\/p>\n<\/li>\n<li class=\"\" data-start=\"1345\" data-end=\"1396\">\n<p class=\"\" data-start=\"1347\" data-end=\"1396\">Mikrobrytare enpoligt v\u00e4xlande, max. 30 V DC, 1 A<\/p>\n<\/li>\n<li class=\"\" data-start=\"1397\" data-end=\"1499\">\n<p class=\"\" data-start=\"1399\" data-end=\"1499\">Indikering f\u00f6r d\u00f6rrstatus (st\u00e4ngd\/\u00f6ppen) och l\u00e5sstatus (l\u00e5st\/ol\u00e5st) via kolvkontakt och sp\u00e4rrkontakt<\/p>\n<\/li>\n<li class=\"\" data-start=\"1500\" data-end=\"1541\">\n<p class=\"\" data-start=\"1502\" data-end=\"1541\">Bryth\u00e5llfasthet \u00f6ver 15 kN (ca 1500 kg)<\/p>\n<\/li>\n<li class=\"\" data-start=\"1542\" data-end=\"1617\">\n<p class=\"\" data-start=\"1544\" data-end=\"1617\">\u00d6ppnar trots listtryck p\u00e5 5 kN (ca 500 kg) i r\u00e4ttv\u00e4nd och omv\u00e4nd funktion<\/p>\n<\/li>\n<li class=\"\" data-start=\"1618\" data-end=\"1682\">\n<p class=\"\" data-start=\"1620\" data-end=\"1682\">Knacks\u00e4krad och inkluderar 5 meter halogenfri anslutningskabel<\/p>\n<\/li>\n<\/ul>\n<p class=\"\" data-start=\"1684\" data-end=\"1713\"><strong data-start=\"1684\" data-end=\"1713\">Tekniska specifikationer:<\/strong><\/p>\n<ul data-start=\"1714\" data-end=\"2289\">\n<li class=\"\" data-start=\"1714\" data-end=\"1806\">\n<p class=\"\" data-start=\"1716\" data-end=\"1806\">Sp\u00e4nningsmatning: 12 V DC (+15% -10%) 1000 mA ol\u00e5st eller 24 V DC (+15% -10%) 500 mA ol\u00e5st<\/p>\n<\/li>\n<li class=\"\" data-start=\"1807\" data-end=\"1847\">\n<p class=\"\" data-start=\"1809\" data-end=\"1847\">Durability: Grade Y enligt SS-EN 14846<\/p>\n<\/li>\n<li class=\"\" data-start=\"1848\" data-end=\"1887\">\n<p class=\"\" data-start=\"1850\" data-end=\"1887\">Corrosion: Grade M enligt SS-EN 14846<\/p>\n<\/li>\n<li class=\"\" data-start=\"1888\" data-end=\"1926\">\n<p class=\"\" data-start=\"1890\" data-end=\"1926\">Security: Grade 7 enligt SS-EN 14846<\/p>\n<\/li>\n<li class=\"\" data-start=\"1927\" data-end=\"2017\">\n<p class=\"\" data-start=\"1929\" data-end=\"2017\">Security electrical manipulation: Grade 3 (r\u00e4ttv\u00e4nd) Grade 1 (omv\u00e4nd) enligt SS-EN 14846<\/p>\n<\/li>\n<li class=\"\" data-start=\"2018\" data-end=\"2039\">\n<p class=\"\" data-start=\"2020\" data-end=\"2039\">Brandtestad: 60 min<\/p>\n<\/li>\n<li class=\"\" data-start=\"2040\" data-end=\"2066\">\n<p class=\"\" data-start=\"2042\" data-end=\"2066\">Bryth\u00e5llfasthet: 1500 kg<\/p>\n<\/li>\n<li class=\"\" data-start=\"2067\" data-end=\"2088\">\n<p class=\"\" data-start=\"2069\" data-end=\"2088\">D\u00f6rrh\u00e4ngning: H\u00f6ger<\/p>\n<\/li>\n<li class=\"\" data-start=\"2089\" data-end=\"2143\">\n<p class=\"\" data-start=\"2091\" data-end=\"2143\">Kabel ing\u00e5r: Ja, 5 meter halogenfri anslutningskabel<\/p>\n<\/li>\n<li class=\"\" data-start=\"2144\" data-end=\"2163\">\n<p class=\"\" data-start=\"2146\" data-end=\"2163\">Listtryck: 500 kg<\/p>\n<\/li>\n<li class=\"\" data-start=\"2164\" data-end=\"2195\">\n<p class=\"\" data-start=\"2166\" data-end=\"2195\">L\u00e5styp: Hakregell\u00e5s, Regell\u00e5s<\/p>\n<\/li>\n<li class=\"\" data-start=\"2196\" data-end=\"2250\">\n<p class=\"\" data-start=\"2198\" data-end=\"2250\">Produktm\u00e5tt: Bredd: 35 mm, Djup: 40 mm, H\u00f6jd: 230 mm<\/p>\n<\/li>\n<li class=\"\" data-start=\"2251\" data-end=\"2268\">\n<p class=\"\" data-start=\"2253\" data-end=\"2268\">Kolvkontakt: Ja<\/p>\n<\/li>\n<li class=\"\" data-start=\"2269\" data-end=\"2289\">\n<p class=\"\" data-start=\"2271\" data-end=\"2289\">Sp\u00e4nning AC\/DC: DC<\/p>\n<\/li>\n<\/ul>","protected":false},"excerpt":{"rendered":"<p>H\u00e4r kan se vilka stolpar och modeller som passar ihop fr\u00e5n STEP sortimentet av Elslutbleck.<\/p>\n<h5><strong><a href=\"https:\/\/steplock.com\/sv\/stolpguide\/#!?lang=sv&amp;blog_id=1&amp;paged=1&amp;number=50\" target=\"_blank\" rel=\"noopener\">STEP Stolpguide\u00a0<\/a><\/strong><\/h5>\n<h5><strong><a href=\"https:\/\/steplock.com\/sv\/projekteringsguide\/#!?lang=sv&amp;blog_id=1&amp;paged=1&amp;number=999\" target=\"_blank\" rel=\"noopener\">STEP projekteringsguide<\/a><\/strong><\/h5>","protected":false},"featured_media":81954,"template":"","meta":{"_acf_changed":false},"product_brand":[],"product_cat":[2313],"product_tag":[3422,3424],"class_list":{"0":"post-61369","1":"product","2":"type-product","3":"status-publish","4":"has-post-thumbnail","6":"product_cat-step-elslutbleck","7":"product_tag-12v","8":"product_tag-rattvand","9":"product_shipping_class-tunga-paket","10":"pa_brands-step","11":"tm-no-options","13":"first","14":"onbackorder","15":"sale","16":"taxable","17":"shipping-taxable","18":"product-type-simple"},"acf":[],"_links":{"self":[{"href":"https:\/\/stonehouse.se\/en\/wp-json\/wp\/v2\/product\/61369","targetHints":{"allow":["GET"]}}],"collection":[{"href":"https:\/\/stonehouse.se\/en\/wp-json\/wp\/v2\/product"}],"about":[{"href":"https:\/\/stonehouse.se\/en\/wp-json\/wp\/v2\/types\/product"}],"wp:featuredmedia":[{"embeddable":true,"href":"https:\/\/stonehouse.se\/en\/wp-json\/wp\/v2\/media\/81954"}],"wp:attachment":[{"href":"https:\/\/stonehouse.se\/en\/wp-json\/wp\/v2\/media?parent=61369"}],"wp:term":[{"taxonomy":"product_brand","embeddable":true,"href":"https:\/\/stonehouse.se\/en\/wp-json\/wp\/v2\/product_brand?post=61369"},{"taxonomy":"product_cat","embeddable":true,"href":"https:\/\/stonehouse.se\/en\/wp-json\/wp\/v2\/product_cat?post=61369"},{"taxonomy":"product_tag","embeddable":true,"href":"https:\/\/stonehouse.se\/en\/wp-json\/wp\/v2\/product_tag?post=61369"}],"curies":[{"name":"wp","href":"https:\/\/api.w.org\/{rel}","templated":true}]}}