
{"id":61392,"date":"2023-09-26T13:07:22","date_gmt":"2023-09-26T11:07:22","guid":{"rendered":"https:\/\/stonehouse.se\/produkt\/elslutbleck-step-28e-vanster-omvand-12v-7mm-regel\/"},"modified":"2026-04-08T16:28:57","modified_gmt":"2026-04-08T14:28:57","slug":"elslutbleck-step-28e-vanster-omvand-12v-7mm-regel","status":"publish","type":"product","link":"https:\/\/stonehouse.se\/en\/product\/elslutbleck-step-28e-vanster-omvand-12v-7mm-regel\/","title":{"rendered":"Elslutbleck STEP 28E V\u00e4nster Omv\u00e4nd 12V 7mm Regel"},"content":{"rendered":"<h1>Elslutbleck STEP 28E V\u00e4nster Omv\u00e4nd 12V 7mm Regel<\/h1>\n<p>STEP 28E Secure \u00e4r ett omv\u00e4nt elslutbleck f\u00f6r v\u00e4nsterh\u00e4ngda d\u00f6rrar, brandklassat upp till E\/EI 60. Passar 7 mm regell\u00e5s i Connect-serien och inkluderar 5 m halogenfri kabel. H\u00f6g s\u00e4kerhet, knacks\u00e4krad och kompatibel med passersystem.<\/p>\n<p class=\"\" data-start=\"398\" data-end=\"880\">Elslutbleck STEP 28E Secure \u00e4r ett avancerat elslutbleck som kombinerar h\u00f6g s\u00e4kerhet, brandkrav och m\u00f6jlighet till d\u00f6rrautomatik \u2013 perfekt f\u00f6r anv\u00e4ndning i utrymningsv\u00e4gar.<\/p>\n<p class=\"\" data-start=\"398\" data-end=\"880\">Med sin omv\u00e4nda funktion (l\u00e5st i str\u00f6ml\u00f6st l\u00e4ge) \u00e4r detta bleck s\u00e4rskilt l\u00e4mpligt d\u00e4r s\u00e4kerheten kr\u00e4ver att d\u00f6rren f\u00f6rblir l\u00e5st vid str\u00f6mavbrott.<\/p>\n<p class=\"\" data-start=\"398\" data-end=\"880\">Det \u00e4r utvecklat f\u00f6r v\u00e4nsterh\u00e4ngda d\u00f6rrar och anv\u00e4nds med regell\u00e5s eller fallhakregell\u00e5s med 7 mm kolv, vilket ger utm\u00e4rkt intr\u00e5ngsskydd.<\/p>\n<p class=\"\" data-start=\"882\" data-end=\"1283\">STEP 28E \u00e4r brandklassat upp till E\/EI 60 och \u00e4r ofta en del av installationer med n\u00f6dutrymningsl\u00e5s enligt SS-EN 179.<\/p>\n<p class=\"\" data-start=\"882\" data-end=\"1283\">Produkten har en inbyggd mikrobrytare och indikering som m\u00f6jligg\u00f6r koppling till passersystem, larm eller \u00f6vervakning f\u00f6r att kontrollera om d\u00f6rren \u00e4r st\u00e4ngd och l\u00e5st.<\/p>\n<p class=\"\" data-start=\"882\" data-end=\"1283\">Med en bryth\u00e5llfasthet \u00f6ver 15 kN och motst\u00e5nd mot listtryck p\u00e5 upp till 5 kN fungerar den \u00e4ven i kr\u00e4vande milj\u00f6er.<\/p>\n<p class=\"\" data-start=\"1285\" data-end=\"1513\">Blecket levereras med en 5 meter halogenfri anslutningskabel, \u00e4r knacks\u00e4krat, samt \u00e4r byggvarubed\u00f6mt och SundaHusbed\u00f6mt.<\/p>\n<p class=\"\" data-start=\"1285\" data-end=\"1513\">Den robusta rostfria konstruktionen s\u00e4kerst\u00e4ller h\u00e5llbarhet i b\u00e5de fysiskt och elektriskt kr\u00e4vande milj\u00f6er.<\/p>","protected":false},"excerpt":{"rendered":"<p>H\u00e4r kan se vilka stolpar och modeller som passar ihop fr\u00e5n STEP sortimentet av Elslutbleck.<\/p>\n<h5><strong><a href=\"https:\/\/steplock.com\/sv\/stolpguide\/#!?lang=sv&amp;blog_id=1&amp;paged=1&amp;number=50\" target=\"_blank\" rel=\"noopener\">STEP Stolpguide\u00a0<\/a><\/strong><\/h5>\n<h5><strong><a href=\"https:\/\/steplock.com\/sv\/projekteringsguide\/#!?lang=sv&amp;blog_id=1&amp;paged=1&amp;number=999\" target=\"_blank\" rel=\"noopener\">STEP projekteringsguide<\/a><\/strong><\/h5>","protected":false},"featured_media":82073,"template":"","meta":{"_acf_changed":false},"product_brand":[],"product_cat":[2313],"product_tag":[3422,3425],"class_list":{"0":"post-61392","1":"product","2":"type-product","3":"status-publish","4":"has-post-thumbnail","6":"product_cat-step-elslutbleck","7":"product_tag-12v","8":"product_tag-omvand","9":"product_shipping_class-tunga-paket","10":"pa_brands-step","11":"tm-no-options","13":"first","14":"onbackorder","15":"sale","16":"taxable","17":"shipping-taxable","18":"product-type-simple"},"acf":[],"_links":{"self":[{"href":"https:\/\/stonehouse.se\/en\/wp-json\/wp\/v2\/product\/61392","targetHints":{"allow":["GET"]}}],"collection":[{"href":"https:\/\/stonehouse.se\/en\/wp-json\/wp\/v2\/product"}],"about":[{"href":"https:\/\/stonehouse.se\/en\/wp-json\/wp\/v2\/types\/product"}],"wp:featuredmedia":[{"embeddable":true,"href":"https:\/\/stonehouse.se\/en\/wp-json\/wp\/v2\/media\/82073"}],"wp:attachment":[{"href":"https:\/\/stonehouse.se\/en\/wp-json\/wp\/v2\/media?parent=61392"}],"wp:term":[{"taxonomy":"product_brand","embeddable":true,"href":"https:\/\/stonehouse.se\/en\/wp-json\/wp\/v2\/product_brand?post=61392"},{"taxonomy":"product_cat","embeddable":true,"href":"https:\/\/stonehouse.se\/en\/wp-json\/wp\/v2\/product_cat?post=61392"},{"taxonomy":"product_tag","embeddable":true,"href":"https:\/\/stonehouse.se\/en\/wp-json\/wp\/v2\/product_tag?post=61392"}],"curies":[{"name":"wp","href":"https:\/\/api.w.org\/{rel}","templated":true}]}}